{"id":881,"date":"2021-06-18T14:18:00","date_gmt":"2021-06-18T17:18:00","guid":{"rendered":"https:\/\/avenidatintas.com\/?post_type=product&#038;p=881"},"modified":"2022-10-26T16:44:14","modified_gmt":"2022-10-26T19:44:14","slug":"diluente-weg-clean-30","status":"publish","type":"product","link":"https:\/\/avenidatintas.com\/ube\/produto\/diluente-weg-clean-30\/","title":{"rendered":"Diluente WEG Clean 30"},"content":{"rendered":"<p><strong>DESCRI\u00c7\u00c3O DO PRODUTO:<\/strong><\/p>\n<p>Diluente Composto de hidrocarbonetos alif\u00e1ticos, cetonas, \u00e1lcoois, \u00e9steres, de alto ponto de ebuli\u00e7\u00e3o e alto ponto de fulgor.<\/p>\n<p><strong>PROPRIEDADES:<\/strong><\/p>\n<p>-Baixo teor de arom\u00e1ticos baixa agressividade e odor baixo;<\/p>\n<p>-N\u00e3o agride a pintura e o verniz de impregna\u00e7\u00e3o;<\/p>\n<p>-Possui alto poder de solv\u00eancia, sem causar condensa\u00e7\u00e3o da umidade presente no ar;<\/p>\n<p>-Possui baixa toxidade e n\u00e3o \u00e9 condutivo;<\/p>\n<p>-Oferece menor perda por evapora\u00e7\u00e3o;<\/p>\n<p>-Apresenta baixa inflamabilidade, gerando um menor risco de acidentes.<\/p>\n<p><strong>SISTEMA DE APLICA\u00c7\u00c3O:<\/strong><\/p>\n<p>Imers\u00e3o, pincel e pistola.<\/p>\n<p>Aspecto Cor: L\u00edquido transparente, com odor caracter\u00edstico<\/p>\n<p>Faixa de Destila\u00e7\u00e3o: 55 \u00b0 C -143\u00baC<\/p>\n<p>Ficha de emerg\u00eancia: ONU 1263<\/p>\n<p><strong>RECOMENDA\u00c7\u00d5ES:<\/strong> -Conservar em fresco local; Manter a embalagem fechado ap\u00f3s o uso parcial; O tanque de aplica\u00e7\u00e3o deve ser mantido fechado ap\u00f3s o seu uso; Utilizar em locais com boas condi\u00e7\u00f5es.<\/p>\n","protected":false},"excerpt":{"rendered":"<p><strong>INDICA\u00c7\u00c3O DE USO:<\/strong><\/p>\n<p>Diluente de limpeza para pe\u00e7as em geral, na remo\u00e7\u00e3o de \u00f3leo, graxa, poeira, umidade durante o processo de manuten\u00e7\u00e3o.<\/p>\n","protected":false},"featured_media":882,"template":"","meta":{"_et_pb_use_builder":"","_et_pb_old_content":"","_et_gb_content_width":""},"product_brand":[],"product_cat":[39],"product_tag":[46,44,45],"class_list":{"0":"post-881","1":"product","2":"type-product","3":"status-publish","4":"has-post-thumbnail","6":"product_cat-diluentes","7":"product_tag-clean-30","8":"product_tag-diluente","9":"product_tag-weg","11":"first","12":"instock","13":"featured","14":"shipping-taxable","15":"purchasable","16":"product-type-variable"},"yoast_head":"<!-- This site is optimized with the Yoast SEO plugin v27.3 - https:\/\/yoast.com\/product\/yoast-seo-wordpress\/ -->\n<title>Diluente WEG Clean 30 - Avenida Tintas<\/title>\n<meta name=\"robots\" content=\"index, follow, max-snippet:-1, max-image-preview:large, max-video-preview:-1\" \/>\n<link rel=\"canonical\" href=\"https:\/\/avenidatintas.com\/ube\/produto\/diluente-weg-clean-30\/\" \/>\n<meta property=\"og:locale\" content=\"pt_BR\" \/>\n<meta property=\"og:type\" content=\"article\" \/>\n<meta property=\"og:title\" content=\"Diluente WEG Clean 30 - Avenida Tintas\" \/>\n<meta property=\"og:description\" content=\"INDICA\u00c7\u00c3O DE USO:  Diluente de limpeza para pe\u00e7as em geral, na remo\u00e7\u00e3o de \u00f3leo, graxa, poeira, umidade durante o processo de manuten\u00e7\u00e3o.\" \/>\n<meta property=\"og:url\" content=\"https:\/\/avenidatintas.com\/ube\/produto\/diluente-weg-clean-30\/\" \/>\n<meta property=\"og:site_name\" content=\"Avenida Tintas\" \/>\n<meta property=\"article:publisher\" content=\"https:\/\/www.facebook.com\/Avenida-Distribuidora-de-Tintas-Revenda-autorizada-WEG-100369271992882\" \/>\n<meta property=\"article:modified_time\" content=\"2022-10-26T19:44:14+00:00\" \/>\n<meta property=\"og:image\" content=\"https:\/\/avenidatintas.com\/ube\/wp-content\/uploads\/2021\/06\/diluentes.jpg\" \/>\n\t<meta property=\"og:image:width\" content=\"600\" \/>\n\t<meta property=\"og:image:height\" content=\"600\" \/>\n\t<meta property=\"og:image:type\" content=\"image\/jpeg\" \/>\n<meta name=\"twitter:label1\" content=\"Est. tempo de leitura\" \/>\n\t<meta name=\"twitter:data1\" content=\"1 minuto\" \/>\n<script type=\"application\/ld+json\" class=\"yoast-schema-graph\">{\"@context\":\"https:\\\/\\\/schema.org\",\"@graph\":[{\"@type\":\"WebPage\",\"@id\":\"https:\\\/\\\/avenidatintas.com\\\/ube\\\/produto\\\/diluente-weg-clean-30\\\/\",\"url\":\"https:\\\/\\\/avenidatintas.com\\\/ube\\\/produto\\\/diluente-weg-clean-30\\\/\",\"name\":\"Diluente WEG Clean 30 - Avenida Tintas\",\"isPartOf\":{\"@id\":\"https:\\\/\\\/avenidatintas.com\\\/ube\\\/#website\"},\"primaryImageOfPage\":{\"@id\":\"https:\\\/\\\/avenidatintas.com\\\/ube\\\/produto\\\/diluente-weg-clean-30\\\/#primaryimage\"},\"image\":{\"@id\":\"https:\\\/\\\/avenidatintas.com\\\/ube\\\/produto\\\/diluente-weg-clean-30\\\/#primaryimage\"},\"thumbnailUrl\":\"https:\\\/\\\/avenidatintas.com\\\/ube\\\/wp-content\\\/uploads\\\/2021\\\/06\\\/diluentes.jpg\",\"datePublished\":\"2021-06-18T17:18:00+00:00\",\"dateModified\":\"2022-10-26T19:44:14+00:00\",\"breadcrumb\":{\"@id\":\"https:\\\/\\\/avenidatintas.com\\\/ube\\\/produto\\\/diluente-weg-clean-30\\\/#breadcrumb\"},\"inLanguage\":\"pt-BR\",\"potentialAction\":[{\"@type\":\"ReadAction\",\"target\":[\"https:\\\/\\\/avenidatintas.com\\\/ube\\\/produto\\\/diluente-weg-clean-30\\\/\"]}]},{\"@type\":\"ImageObject\",\"inLanguage\":\"pt-BR\",\"@id\":\"https:\\\/\\\/avenidatintas.com\\\/ube\\\/produto\\\/diluente-weg-clean-30\\\/#primaryimage\",\"url\":\"https:\\\/\\\/avenidatintas.com\\\/ube\\\/wp-content\\\/uploads\\\/2021\\\/06\\\/diluentes.jpg\",\"contentUrl\":\"https:\\\/\\\/avenidatintas.com\\\/ube\\\/wp-content\\\/uploads\\\/2021\\\/06\\\/diluentes.jpg\",\"width\":600,\"height\":600},{\"@type\":\"BreadcrumbList\",\"@id\":\"https:\\\/\\\/avenidatintas.com\\\/ube\\\/produto\\\/diluente-weg-clean-30\\\/#breadcrumb\",\"itemListElement\":[{\"@type\":\"ListItem\",\"position\":1,\"name\":\"In\u00edcio\",\"item\":\"https:\\\/\\\/avenidatintas.com\\\/ube\\\/\"},{\"@type\":\"ListItem\",\"position\":2,\"name\":\"Produtos\",\"item\":\"https:\\\/\\\/avenidatintas.com\\\/ube\\\/loja\\\/\"},{\"@type\":\"ListItem\",\"position\":3,\"name\":\"Diluente WEG Clean 30\"}]},{\"@type\":\"WebSite\",\"@id\":\"https:\\\/\\\/avenidatintas.com\\\/ube\\\/#website\",\"url\":\"https:\\\/\\\/avenidatintas.com\\\/ube\\\/\",\"name\":\"Avenida Tintas\",\"description\":\"Tintas para manuten\u00e7\u00e3o Industrial e Mar\u00edtima WEG; laborat\u00f3rio de prepara\u00e7\u00e3o de tintas\",\"potentialAction\":[{\"@type\":\"SearchAction\",\"target\":{\"@type\":\"EntryPoint\",\"urlTemplate\":\"https:\\\/\\\/avenidatintas.com\\\/ube\\\/?s={search_term_string}\"},\"query-input\":{\"@type\":\"PropertyValueSpecification\",\"valueRequired\":true,\"valueName\":\"search_term_string\"}}],\"inLanguage\":\"pt-BR\"}]}<\/script>\n<!-- \/ Yoast SEO plugin. -->","yoast_head_json":{"title":"Diluente WEG Clean 30 - Avenida Tintas","robots":{"index":"index","follow":"follow","max-snippet":"max-snippet:-1","max-image-preview":"max-image-preview:large","max-video-preview":"max-video-preview:-1"},"canonical":"https:\/\/avenidatintas.com\/ube\/produto\/diluente-weg-clean-30\/","og_locale":"pt_BR","og_type":"article","og_title":"Diluente WEG Clean 30 - Avenida Tintas","og_description":"INDICA\u00c7\u00c3O DE USO:  Diluente de limpeza para pe\u00e7as em geral, na remo\u00e7\u00e3o de \u00f3leo, graxa, poeira, umidade durante o processo de manuten\u00e7\u00e3o.","og_url":"https:\/\/avenidatintas.com\/ube\/produto\/diluente-weg-clean-30\/","og_site_name":"Avenida Tintas","article_publisher":"https:\/\/www.facebook.com\/Avenida-Distribuidora-de-Tintas-Revenda-autorizada-WEG-100369271992882","article_modified_time":"2022-10-26T19:44:14+00:00","og_image":[{"width":600,"height":600,"url":"https:\/\/avenidatintas.com\/ube\/wp-content\/uploads\/2021\/06\/diluentes.jpg","type":"image\/jpeg"}],"twitter_misc":{"Est. tempo de leitura":"1 minuto"},"schema":{"@context":"https:\/\/schema.org","@graph":[{"@type":"WebPage","@id":"https:\/\/avenidatintas.com\/ube\/produto\/diluente-weg-clean-30\/","url":"https:\/\/avenidatintas.com\/ube\/produto\/diluente-weg-clean-30\/","name":"Diluente WEG Clean 30 - Avenida Tintas","isPartOf":{"@id":"https:\/\/avenidatintas.com\/ube\/#website"},"primaryImageOfPage":{"@id":"https:\/\/avenidatintas.com\/ube\/produto\/diluente-weg-clean-30\/#primaryimage"},"image":{"@id":"https:\/\/avenidatintas.com\/ube\/produto\/diluente-weg-clean-30\/#primaryimage"},"thumbnailUrl":"https:\/\/avenidatintas.com\/ube\/wp-content\/uploads\/2021\/06\/diluentes.jpg","datePublished":"2021-06-18T17:18:00+00:00","dateModified":"2022-10-26T19:44:14+00:00","breadcrumb":{"@id":"https:\/\/avenidatintas.com\/ube\/produto\/diluente-weg-clean-30\/#breadcrumb"},"inLanguage":"pt-BR","potentialAction":[{"@type":"ReadAction","target":["https:\/\/avenidatintas.com\/ube\/produto\/diluente-weg-clean-30\/"]}]},{"@type":"ImageObject","inLanguage":"pt-BR","@id":"https:\/\/avenidatintas.com\/ube\/produto\/diluente-weg-clean-30\/#primaryimage","url":"https:\/\/avenidatintas.com\/ube\/wp-content\/uploads\/2021\/06\/diluentes.jpg","contentUrl":"https:\/\/avenidatintas.com\/ube\/wp-content\/uploads\/2021\/06\/diluentes.jpg","width":600,"height":600},{"@type":"BreadcrumbList","@id":"https:\/\/avenidatintas.com\/ube\/produto\/diluente-weg-clean-30\/#breadcrumb","itemListElement":[{"@type":"ListItem","position":1,"name":"In\u00edcio","item":"https:\/\/avenidatintas.com\/ube\/"},{"@type":"ListItem","position":2,"name":"Produtos","item":"https:\/\/avenidatintas.com\/ube\/loja\/"},{"@type":"ListItem","position":3,"name":"Diluente WEG Clean 30"}]},{"@type":"WebSite","@id":"https:\/\/avenidatintas.com\/ube\/#website","url":"https:\/\/avenidatintas.com\/ube\/","name":"Avenida Tintas","description":"Tintas para manuten\u00e7\u00e3o Industrial e Mar\u00edtima WEG; laborat\u00f3rio de prepara\u00e7\u00e3o de tintas","potentialAction":[{"@type":"SearchAction","target":{"@type":"EntryPoint","urlTemplate":"https:\/\/avenidatintas.com\/ube\/?s={search_term_string}"},"query-input":{"@type":"PropertyValueSpecification","valueRequired":true,"valueName":"search_term_string"}}],"inLanguage":"pt-BR"}]}},"_links":{"self":[{"href":"https:\/\/avenidatintas.com\/ube\/wp-json\/wp\/v2\/product\/881","targetHints":{"allow":["GET"]}}],"collection":[{"href":"https:\/\/avenidatintas.com\/ube\/wp-json\/wp\/v2\/product"}],"about":[{"href":"https:\/\/avenidatintas.com\/ube\/wp-json\/wp\/v2\/types\/product"}],"wp:featuredmedia":[{"embeddable":true,"href":"https:\/\/avenidatintas.com\/ube\/wp-json\/wp\/v2\/media\/882"}],"wp:attachment":[{"href":"https:\/\/avenidatintas.com\/ube\/wp-json\/wp\/v2\/media?parent=881"}],"wp:term":[{"taxonomy":"product_brand","embeddable":true,"href":"https:\/\/avenidatintas.com\/ube\/wp-json\/wp\/v2\/product_brand?post=881"},{"taxonomy":"product_cat","embeddable":true,"href":"https:\/\/avenidatintas.com\/ube\/wp-json\/wp\/v2\/product_cat?post=881"},{"taxonomy":"product_tag","embeddable":true,"href":"https:\/\/avenidatintas.com\/ube\/wp-json\/wp\/v2\/product_tag?post=881"}],"curies":[{"name":"wp","href":"https:\/\/api.w.org\/{rel}","templated":true}]}}