{"id":2182,"date":"2022-10-28T09:41:31","date_gmt":"2022-10-28T12:41:31","guid":{"rendered":"https:\/\/avenidatintas.com\/?post_type=product&#038;p=2182"},"modified":"2022-11-05T10:31:51","modified_gmt":"2022-11-05T13:31:51","slug":"pisos","status":"publish","type":"product","link":"https:\/\/avenidatintas.com\/ube\/produto\/pisos\/","title":{"rendered":"Pisos"},"content":{"rendered":"<p>Solu\u00e7\u00f5es completas para pintura de pisos industriais e constru\u00e7\u00e3o civil, aliando produtividade e est\u00e9tica.<\/p>\n","protected":false},"excerpt":{"rendered":"<p>Conhe\u00e7a nossa linha completa de produtos que ir\u00e3o te impressionar!<\/p>\n","protected":false},"featured_media":2183,"template":"","meta":{"_et_pb_use_builder":"off","_et_pb_old_content":"","_et_gb_content_width":""},"product_brand":[],"product_cat":[391],"product_tag":[],"class_list":{"0":"post-2182","1":"product","2":"type-product","3":"status-publish","4":"has-post-thumbnail","6":"product_cat-pisos","8":"first","9":"instock","10":"shipping-taxable","11":"purchasable","12":"product-type-variable"},"yoast_head":"<!-- This site is optimized with the Yoast SEO plugin v27.3 - https:\/\/yoast.com\/product\/yoast-seo-wordpress\/ -->\n<title>Pisos - Avenida Tintas<\/title>\n<meta name=\"robots\" content=\"index, follow, max-snippet:-1, max-image-preview:large, max-video-preview:-1\" \/>\n<link rel=\"canonical\" href=\"https:\/\/avenidatintas.com\/ube\/produto\/pisos\/\" \/>\n<meta property=\"og:locale\" content=\"pt_BR\" \/>\n<meta property=\"og:type\" content=\"article\" \/>\n<meta property=\"og:title\" content=\"Pisos - Avenida Tintas\" \/>\n<meta property=\"og:description\" content=\"Conhe\u00e7a nossa linha completa de produtos que ir\u00e3o te impressionar!\" \/>\n<meta property=\"og:url\" content=\"https:\/\/avenidatintas.com\/ube\/produto\/pisos\/\" \/>\n<meta property=\"og:site_name\" content=\"Avenida Tintas\" \/>\n<meta property=\"article:publisher\" content=\"https:\/\/www.facebook.com\/Avenida-Distribuidora-de-Tintas-Revenda-autorizada-WEG-100369271992882\" \/>\n<meta property=\"article:modified_time\" content=\"2022-11-05T13:31:51+00:00\" \/>\n<meta property=\"og:image\" content=\"https:\/\/avenidatintas.com\/ube\/wp-content\/uploads\/2022\/10\/produtos-teste.jpg\" \/>\n\t<meta property=\"og:image:width\" content=\"680\" \/>\n\t<meta property=\"og:image:height\" content=\"680\" \/>\n\t<meta property=\"og:image:type\" content=\"image\/jpeg\" \/>\n<meta name=\"twitter:label1\" content=\"Est. tempo de leitura\" \/>\n\t<meta name=\"twitter:data1\" content=\"1 minuto\" \/>\n<script type=\"application\/ld+json\" class=\"yoast-schema-graph\">{\"@context\":\"https:\\\/\\\/schema.org\",\"@graph\":[{\"@type\":\"WebPage\",\"@id\":\"https:\\\/\\\/avenidatintas.com\\\/ube\\\/produto\\\/pisos\\\/\",\"url\":\"https:\\\/\\\/avenidatintas.com\\\/ube\\\/produto\\\/pisos\\\/\",\"name\":\"Pisos - Avenida Tintas\",\"isPartOf\":{\"@id\":\"https:\\\/\\\/avenidatintas.com\\\/ube\\\/#website\"},\"primaryImageOfPage\":{\"@id\":\"https:\\\/\\\/avenidatintas.com\\\/ube\\\/produto\\\/pisos\\\/#primaryimage\"},\"image\":{\"@id\":\"https:\\\/\\\/avenidatintas.com\\\/ube\\\/produto\\\/pisos\\\/#primaryimage\"},\"thumbnailUrl\":\"https:\\\/\\\/avenidatintas.com\\\/ube\\\/wp-content\\\/uploads\\\/2022\\\/10\\\/produtos-teste.jpg\",\"datePublished\":\"2022-10-28T12:41:31+00:00\",\"dateModified\":\"2022-11-05T13:31:51+00:00\",\"breadcrumb\":{\"@id\":\"https:\\\/\\\/avenidatintas.com\\\/ube\\\/produto\\\/pisos\\\/#breadcrumb\"},\"inLanguage\":\"pt-BR\",\"potentialAction\":[{\"@type\":\"ReadAction\",\"target\":[\"https:\\\/\\\/avenidatintas.com\\\/ube\\\/produto\\\/pisos\\\/\"]}]},{\"@type\":\"ImageObject\",\"inLanguage\":\"pt-BR\",\"@id\":\"https:\\\/\\\/avenidatintas.com\\\/ube\\\/produto\\\/pisos\\\/#primaryimage\",\"url\":\"https:\\\/\\\/avenidatintas.com\\\/ube\\\/wp-content\\\/uploads\\\/2022\\\/10\\\/produtos-teste.jpg\",\"contentUrl\":\"https:\\\/\\\/avenidatintas.com\\\/ube\\\/wp-content\\\/uploads\\\/2022\\\/10\\\/produtos-teste.jpg\",\"width\":680,\"height\":680},{\"@type\":\"BreadcrumbList\",\"@id\":\"https:\\\/\\\/avenidatintas.com\\\/ube\\\/produto\\\/pisos\\\/#breadcrumb\",\"itemListElement\":[{\"@type\":\"ListItem\",\"position\":1,\"name\":\"In\u00edcio\",\"item\":\"https:\\\/\\\/avenidatintas.com\\\/ube\\\/\"},{\"@type\":\"ListItem\",\"position\":2,\"name\":\"Produtos\",\"item\":\"https:\\\/\\\/avenidatintas.com\\\/ube\\\/loja\\\/\"},{\"@type\":\"ListItem\",\"position\":3,\"name\":\"Pisos\"}]},{\"@type\":\"WebSite\",\"@id\":\"https:\\\/\\\/avenidatintas.com\\\/ube\\\/#website\",\"url\":\"https:\\\/\\\/avenidatintas.com\\\/ube\\\/\",\"name\":\"Avenida Tintas\",\"description\":\"Tintas para manuten\u00e7\u00e3o Industrial e Mar\u00edtima WEG; laborat\u00f3rio de prepara\u00e7\u00e3o de tintas\",\"potentialAction\":[{\"@type\":\"SearchAction\",\"target\":{\"@type\":\"EntryPoint\",\"urlTemplate\":\"https:\\\/\\\/avenidatintas.com\\\/ube\\\/?s={search_term_string}\"},\"query-input\":{\"@type\":\"PropertyValueSpecification\",\"valueRequired\":true,\"valueName\":\"search_term_string\"}}],\"inLanguage\":\"pt-BR\"}]}<\/script>\n<!-- \/ Yoast SEO plugin. -->","yoast_head_json":{"title":"Pisos - Avenida Tintas","robots":{"index":"index","follow":"follow","max-snippet":"max-snippet:-1","max-image-preview":"max-image-preview:large","max-video-preview":"max-video-preview:-1"},"canonical":"https:\/\/avenidatintas.com\/ube\/produto\/pisos\/","og_locale":"pt_BR","og_type":"article","og_title":"Pisos - Avenida Tintas","og_description":"Conhe\u00e7a nossa linha completa de produtos que ir\u00e3o te impressionar!","og_url":"https:\/\/avenidatintas.com\/ube\/produto\/pisos\/","og_site_name":"Avenida Tintas","article_publisher":"https:\/\/www.facebook.com\/Avenida-Distribuidora-de-Tintas-Revenda-autorizada-WEG-100369271992882","article_modified_time":"2022-11-05T13:31:51+00:00","og_image":[{"width":680,"height":680,"url":"https:\/\/avenidatintas.com\/ube\/wp-content\/uploads\/2022\/10\/produtos-teste.jpg","type":"image\/jpeg"}],"twitter_misc":{"Est. tempo de leitura":"1 minuto"},"schema":{"@context":"https:\/\/schema.org","@graph":[{"@type":"WebPage","@id":"https:\/\/avenidatintas.com\/ube\/produto\/pisos\/","url":"https:\/\/avenidatintas.com\/ube\/produto\/pisos\/","name":"Pisos - Avenida Tintas","isPartOf":{"@id":"https:\/\/avenidatintas.com\/ube\/#website"},"primaryImageOfPage":{"@id":"https:\/\/avenidatintas.com\/ube\/produto\/pisos\/#primaryimage"},"image":{"@id":"https:\/\/avenidatintas.com\/ube\/produto\/pisos\/#primaryimage"},"thumbnailUrl":"https:\/\/avenidatintas.com\/ube\/wp-content\/uploads\/2022\/10\/produtos-teste.jpg","datePublished":"2022-10-28T12:41:31+00:00","dateModified":"2022-11-05T13:31:51+00:00","breadcrumb":{"@id":"https:\/\/avenidatintas.com\/ube\/produto\/pisos\/#breadcrumb"},"inLanguage":"pt-BR","potentialAction":[{"@type":"ReadAction","target":["https:\/\/avenidatintas.com\/ube\/produto\/pisos\/"]}]},{"@type":"ImageObject","inLanguage":"pt-BR","@id":"https:\/\/avenidatintas.com\/ube\/produto\/pisos\/#primaryimage","url":"https:\/\/avenidatintas.com\/ube\/wp-content\/uploads\/2022\/10\/produtos-teste.jpg","contentUrl":"https:\/\/avenidatintas.com\/ube\/wp-content\/uploads\/2022\/10\/produtos-teste.jpg","width":680,"height":680},{"@type":"BreadcrumbList","@id":"https:\/\/avenidatintas.com\/ube\/produto\/pisos\/#breadcrumb","itemListElement":[{"@type":"ListItem","position":1,"name":"In\u00edcio","item":"https:\/\/avenidatintas.com\/ube\/"},{"@type":"ListItem","position":2,"name":"Produtos","item":"https:\/\/avenidatintas.com\/ube\/loja\/"},{"@type":"ListItem","position":3,"name":"Pisos"}]},{"@type":"WebSite","@id":"https:\/\/avenidatintas.com\/ube\/#website","url":"https:\/\/avenidatintas.com\/ube\/","name":"Avenida Tintas","description":"Tintas para manuten\u00e7\u00e3o Industrial e Mar\u00edtima WEG; laborat\u00f3rio de prepara\u00e7\u00e3o de tintas","potentialAction":[{"@type":"SearchAction","target":{"@type":"EntryPoint","urlTemplate":"https:\/\/avenidatintas.com\/ube\/?s={search_term_string}"},"query-input":{"@type":"PropertyValueSpecification","valueRequired":true,"valueName":"search_term_string"}}],"inLanguage":"pt-BR"}]}},"_links":{"self":[{"href":"https:\/\/avenidatintas.com\/ube\/wp-json\/wp\/v2\/product\/2182","targetHints":{"allow":["GET"]}}],"collection":[{"href":"https:\/\/avenidatintas.com\/ube\/wp-json\/wp\/v2\/product"}],"about":[{"href":"https:\/\/avenidatintas.com\/ube\/wp-json\/wp\/v2\/types\/product"}],"wp:featuredmedia":[{"embeddable":true,"href":"https:\/\/avenidatintas.com\/ube\/wp-json\/wp\/v2\/media\/2183"}],"wp:attachment":[{"href":"https:\/\/avenidatintas.com\/ube\/wp-json\/wp\/v2\/media?parent=2182"}],"wp:term":[{"taxonomy":"product_brand","embeddable":true,"href":"https:\/\/avenidatintas.com\/ube\/wp-json\/wp\/v2\/product_brand?post=2182"},{"taxonomy":"product_cat","embeddable":true,"href":"https:\/\/avenidatintas.com\/ube\/wp-json\/wp\/v2\/product_cat?post=2182"},{"taxonomy":"product_tag","embeddable":true,"href":"https:\/\/avenidatintas.com\/ube\/wp-json\/wp\/v2\/product_tag?post=2182"}],"curies":[{"name":"wp","href":"https:\/\/api.w.org\/{rel}","templated":true}]}}