{"id":2126,"date":"2022-01-19T08:13:15","date_gmt":"2022-01-19T11:13:15","guid":{"rendered":"https:\/\/avenidatintas.com\/?post_type=product&#038;p=2126"},"modified":"2022-01-19T08:56:46","modified_gmt":"2022-01-19T11:56:46","slug":"removedor-pastoso-weg","status":"publish","type":"product","link":"https:\/\/avenidatintas.com\/ube\/produto\/removedor-pastoso-weg\/","title":{"rendered":"REMOVEDOR PASTOSO WEG"},"content":{"rendered":"<p>Descri\u00e7\u00e3o: Produto utilizado para remo\u00e7\u00e3o de pinturas antigas. Apresenta alta concentra\u00e7\u00e3o de ativos que<br \/>\natacam a pintura facilitando a sua remo\u00e7\u00e3o.<\/p>\n<p>Uso: Remo\u00e7\u00e3o de tintas antigas em geral aplicadas sobre diversos tipos de substratos, tais como madeira,<br \/>\nmetais, alvenaria. N\u00e3o recomendado para para-choques e pe\u00e7as de pl\u00e1stico.<\/p>\n<p>Orienta\u00e7\u00f5es T\u00e9cnicas: Provocar porosidade na pintura a ser removido com lixa 80 para melhorar a<br \/>\nefici\u00eancia do produto. Em seguida aplicar o removedor com pincel ou esp\u00e1tula espalhando-o por toda a<br \/>\nsuperf\u00edcie. Aguarde de 15 \u00e0 20 minutos e raspar a tinta enrugada com auxilio de uma esp\u00e1tula. Se<br \/>\nnecess\u00e1rio, fazer uma nova aplica\u00e7\u00e3o at\u00e9 a completa remo\u00e7\u00e3o da tinta. Ap\u00f3s a remo\u00e7\u00e3o do produto lavar a<br \/>\npe\u00e7a com \u00e1gua e sab\u00e3o, em seguida secar e limpar com a Solu\u00e7\u00e3o Desengraxante.<\/p>\n<p>Recomenda\u00e7\u00f5es: Ao abrir a lata do Removedor Pastoso coloque uma das m\u00e3os sobre a tampa pois pode<br \/>\nhaver press\u00e3o no interior da lata fazendo com que o produto espirre.<br \/>\nUtilizar equipamentos de prote\u00e7\u00e3o individual tais como m\u00e1scara para vapores, luvas e \u00f3culos de<br \/>\nseguran\u00e7a. Alto risco de queimadura se entrar em contato com a pele ou olhos.<\/p>\n","protected":false},"excerpt":{"rendered":"<p>Produto utilizado para remo\u00e7\u00e3o de pinturas antigas. Apresenta alta concentra\u00e7\u00e3o de ativos que atacam a pintura facilitando a sua remo\u00e7\u00e3o. Utilizado para remo\u00e7\u00e3o de tintas antigas em geral aplicadas sobre diversos tipos de substratos, tais como madeira, metais, alvenaria. N\u00e3o recomendado para para-choques e pe\u00e7as de pl\u00e1stico.<\/p>\n","protected":false},"featured_media":2127,"template":"","meta":{"_et_pb_use_builder":"","_et_pb_old_content":"","_et_gb_content_width":""},"product_brand":[],"product_cat":[21,17],"product_tag":[193,361,360,194,385,383,384,382,45],"class_list":{"0":"post-2126","1":"product","2":"type-product","3":"status-publish","4":"has-post-thumbnail","6":"product_cat-industriais","7":"product_cat-tintas-liquidas","8":"product_tag-alvenaria","9":"product_tag-avenida-distribuidora","10":"product_tag-avenida-tintas","11":"product_tag-madeira","12":"product_tag-metais","13":"product_tag-remocao-de-pinturas-antigas","14":"product_tag-remocao-de-tintas-antigas","15":"product_tag-removedor","16":"product_tag-weg","18":"first","19":"instock","20":"shipping-taxable","21":"product-type-simple"},"yoast_head":"<!-- This site is optimized with the Yoast SEO plugin v27.3 - https:\/\/yoast.com\/product\/yoast-seo-wordpress\/ -->\n<title>REMOVEDOR PASTOSO WEG - Avenida Tintas<\/title>\n<meta name=\"description\" content=\"Produto utilizado para remo\u00e7\u00e3o de pinturas antigas. Apresenta alta concentra\u00e7\u00e3o de ativos que atacam a pintura facilitando a sua remo\u00e7\u00e3o. Utilizado para remo\u00e7\u00e3o de tintas antigas em geral aplicadas sobre diversos tipos de substratos, tais como madeira, metais, alvenaria. N\u00e3o recomendado para para-choques e pe\u00e7as de pl\u00e1stico.\" \/>\n<meta name=\"robots\" content=\"index, follow, max-snippet:-1, max-image-preview:large, max-video-preview:-1\" \/>\n<link rel=\"canonical\" href=\"https:\/\/avenidatintas.com\/ube\/produto\/removedor-pastoso-weg\/\" \/>\n<meta property=\"og:locale\" content=\"pt_BR\" \/>\n<meta property=\"og:type\" content=\"article\" \/>\n<meta property=\"og:title\" content=\"REMOVEDOR PASTOSO WEG - Avenida Tintas\" \/>\n<meta property=\"og:description\" content=\"Produto utilizado para remo\u00e7\u00e3o de pinturas antigas. Apresenta alta concentra\u00e7\u00e3o de ativos que atacam a pintura facilitando a sua remo\u00e7\u00e3o. Utilizado para remo\u00e7\u00e3o de tintas antigas em geral aplicadas sobre diversos tipos de substratos, tais como madeira, metais, alvenaria. N\u00e3o recomendado para para-choques e pe\u00e7as de pl\u00e1stico.\" \/>\n<meta property=\"og:url\" content=\"https:\/\/avenidatintas.com\/ube\/produto\/removedor-pastoso-weg\/\" \/>\n<meta property=\"og:site_name\" content=\"Avenida Tintas\" \/>\n<meta property=\"article:publisher\" content=\"https:\/\/www.facebook.com\/Avenida-Distribuidora-de-Tintas-Revenda-autorizada-WEG-100369271992882\" \/>\n<meta property=\"article:modified_time\" content=\"2022-01-19T11:56:46+00:00\" \/>\n<meta property=\"og:image\" content=\"https:\/\/avenidatintas.com\/ube\/wp-content\/uploads\/2022\/01\/Removedor-Pastoso.png\" \/>\n\t<meta property=\"og:image:width\" content=\"240\" \/>\n\t<meta property=\"og:image:height\" content=\"222\" \/>\n\t<meta property=\"og:image:type\" content=\"image\/png\" \/>\n<meta name=\"twitter:label1\" content=\"Est. tempo de leitura\" \/>\n\t<meta name=\"twitter:data1\" content=\"1 minuto\" \/>\n<script type=\"application\/ld+json\" class=\"yoast-schema-graph\">{\"@context\":\"https:\\\/\\\/schema.org\",\"@graph\":[{\"@type\":\"WebPage\",\"@id\":\"https:\\\/\\\/avenidatintas.com\\\/ube\\\/produto\\\/removedor-pastoso-weg\\\/\",\"url\":\"https:\\\/\\\/avenidatintas.com\\\/ube\\\/produto\\\/removedor-pastoso-weg\\\/\",\"name\":\"REMOVEDOR PASTOSO WEG - Avenida Tintas\",\"isPartOf\":{\"@id\":\"https:\\\/\\\/avenidatintas.com\\\/ube\\\/#website\"},\"primaryImageOfPage\":{\"@id\":\"https:\\\/\\\/avenidatintas.com\\\/ube\\\/produto\\\/removedor-pastoso-weg\\\/#primaryimage\"},\"image\":{\"@id\":\"https:\\\/\\\/avenidatintas.com\\\/ube\\\/produto\\\/removedor-pastoso-weg\\\/#primaryimage\"},\"thumbnailUrl\":\"https:\\\/\\\/avenidatintas.com\\\/ube\\\/wp-content\\\/uploads\\\/2022\\\/01\\\/Removedor-Pastoso.png\",\"datePublished\":\"2022-01-19T11:13:15+00:00\",\"dateModified\":\"2022-01-19T11:56:46+00:00\",\"description\":\"Produto utilizado para remo\u00e7\u00e3o de pinturas antigas. Apresenta alta concentra\u00e7\u00e3o de ativos que atacam a pintura facilitando a sua remo\u00e7\u00e3o. Utilizado para remo\u00e7\u00e3o de tintas antigas em geral aplicadas sobre diversos tipos de substratos, tais como madeira, metais, alvenaria. N\u00e3o recomendado para para-choques e pe\u00e7as de pl\u00e1stico.\",\"breadcrumb\":{\"@id\":\"https:\\\/\\\/avenidatintas.com\\\/ube\\\/produto\\\/removedor-pastoso-weg\\\/#breadcrumb\"},\"inLanguage\":\"pt-BR\",\"potentialAction\":[{\"@type\":\"ReadAction\",\"target\":[\"https:\\\/\\\/avenidatintas.com\\\/ube\\\/produto\\\/removedor-pastoso-weg\\\/\"]}]},{\"@type\":\"ImageObject\",\"inLanguage\":\"pt-BR\",\"@id\":\"https:\\\/\\\/avenidatintas.com\\\/ube\\\/produto\\\/removedor-pastoso-weg\\\/#primaryimage\",\"url\":\"https:\\\/\\\/avenidatintas.com\\\/ube\\\/wp-content\\\/uploads\\\/2022\\\/01\\\/Removedor-Pastoso.png\",\"contentUrl\":\"https:\\\/\\\/avenidatintas.com\\\/ube\\\/wp-content\\\/uploads\\\/2022\\\/01\\\/Removedor-Pastoso.png\",\"width\":240,\"height\":222},{\"@type\":\"BreadcrumbList\",\"@id\":\"https:\\\/\\\/avenidatintas.com\\\/ube\\\/produto\\\/removedor-pastoso-weg\\\/#breadcrumb\",\"itemListElement\":[{\"@type\":\"ListItem\",\"position\":1,\"name\":\"In\u00edcio\",\"item\":\"https:\\\/\\\/avenidatintas.com\\\/ube\\\/\"},{\"@type\":\"ListItem\",\"position\":2,\"name\":\"Produtos\",\"item\":\"https:\\\/\\\/avenidatintas.com\\\/ube\\\/loja\\\/\"},{\"@type\":\"ListItem\",\"position\":3,\"name\":\"REMOVEDOR PASTOSO WEG\"}]},{\"@type\":\"WebSite\",\"@id\":\"https:\\\/\\\/avenidatintas.com\\\/ube\\\/#website\",\"url\":\"https:\\\/\\\/avenidatintas.com\\\/ube\\\/\",\"name\":\"Avenida Tintas\",\"description\":\"Tintas para manuten\u00e7\u00e3o Industrial e Mar\u00edtima WEG; laborat\u00f3rio de prepara\u00e7\u00e3o de tintas\",\"potentialAction\":[{\"@type\":\"SearchAction\",\"target\":{\"@type\":\"EntryPoint\",\"urlTemplate\":\"https:\\\/\\\/avenidatintas.com\\\/ube\\\/?s={search_term_string}\"},\"query-input\":{\"@type\":\"PropertyValueSpecification\",\"valueRequired\":true,\"valueName\":\"search_term_string\"}}],\"inLanguage\":\"pt-BR\"}]}<\/script>\n<!-- \/ Yoast SEO plugin. -->","yoast_head_json":{"title":"REMOVEDOR PASTOSO WEG - Avenida Tintas","description":"Produto utilizado para remo\u00e7\u00e3o de pinturas antigas. Apresenta alta concentra\u00e7\u00e3o de ativos que atacam a pintura facilitando a sua remo\u00e7\u00e3o. Utilizado para remo\u00e7\u00e3o de tintas antigas em geral aplicadas sobre diversos tipos de substratos, tais como madeira, metais, alvenaria. N\u00e3o recomendado para para-choques e pe\u00e7as de pl\u00e1stico.","robots":{"index":"index","follow":"follow","max-snippet":"max-snippet:-1","max-image-preview":"max-image-preview:large","max-video-preview":"max-video-preview:-1"},"canonical":"https:\/\/avenidatintas.com\/ube\/produto\/removedor-pastoso-weg\/","og_locale":"pt_BR","og_type":"article","og_title":"REMOVEDOR PASTOSO WEG - Avenida Tintas","og_description":"Produto utilizado para remo\u00e7\u00e3o de pinturas antigas. Apresenta alta concentra\u00e7\u00e3o de ativos que atacam a pintura facilitando a sua remo\u00e7\u00e3o. Utilizado para remo\u00e7\u00e3o de tintas antigas em geral aplicadas sobre diversos tipos de substratos, tais como madeira, metais, alvenaria. N\u00e3o recomendado para para-choques e pe\u00e7as de pl\u00e1stico.","og_url":"https:\/\/avenidatintas.com\/ube\/produto\/removedor-pastoso-weg\/","og_site_name":"Avenida Tintas","article_publisher":"https:\/\/www.facebook.com\/Avenida-Distribuidora-de-Tintas-Revenda-autorizada-WEG-100369271992882","article_modified_time":"2022-01-19T11:56:46+00:00","og_image":[{"width":240,"height":222,"url":"https:\/\/avenidatintas.com\/ube\/wp-content\/uploads\/2022\/01\/Removedor-Pastoso.png","type":"image\/png"}],"twitter_misc":{"Est. tempo de leitura":"1 minuto"},"schema":{"@context":"https:\/\/schema.org","@graph":[{"@type":"WebPage","@id":"https:\/\/avenidatintas.com\/ube\/produto\/removedor-pastoso-weg\/","url":"https:\/\/avenidatintas.com\/ube\/produto\/removedor-pastoso-weg\/","name":"REMOVEDOR PASTOSO WEG - Avenida Tintas","isPartOf":{"@id":"https:\/\/avenidatintas.com\/ube\/#website"},"primaryImageOfPage":{"@id":"https:\/\/avenidatintas.com\/ube\/produto\/removedor-pastoso-weg\/#primaryimage"},"image":{"@id":"https:\/\/avenidatintas.com\/ube\/produto\/removedor-pastoso-weg\/#primaryimage"},"thumbnailUrl":"https:\/\/avenidatintas.com\/ube\/wp-content\/uploads\/2022\/01\/Removedor-Pastoso.png","datePublished":"2022-01-19T11:13:15+00:00","dateModified":"2022-01-19T11:56:46+00:00","description":"Produto utilizado para remo\u00e7\u00e3o de pinturas antigas. Apresenta alta concentra\u00e7\u00e3o de ativos que atacam a pintura facilitando a sua remo\u00e7\u00e3o. Utilizado para remo\u00e7\u00e3o de tintas antigas em geral aplicadas sobre diversos tipos de substratos, tais como madeira, metais, alvenaria. N\u00e3o recomendado para para-choques e pe\u00e7as de pl\u00e1stico.","breadcrumb":{"@id":"https:\/\/avenidatintas.com\/ube\/produto\/removedor-pastoso-weg\/#breadcrumb"},"inLanguage":"pt-BR","potentialAction":[{"@type":"ReadAction","target":["https:\/\/avenidatintas.com\/ube\/produto\/removedor-pastoso-weg\/"]}]},{"@type":"ImageObject","inLanguage":"pt-BR","@id":"https:\/\/avenidatintas.com\/ube\/produto\/removedor-pastoso-weg\/#primaryimage","url":"https:\/\/avenidatintas.com\/ube\/wp-content\/uploads\/2022\/01\/Removedor-Pastoso.png","contentUrl":"https:\/\/avenidatintas.com\/ube\/wp-content\/uploads\/2022\/01\/Removedor-Pastoso.png","width":240,"height":222},{"@type":"BreadcrumbList","@id":"https:\/\/avenidatintas.com\/ube\/produto\/removedor-pastoso-weg\/#breadcrumb","itemListElement":[{"@type":"ListItem","position":1,"name":"In\u00edcio","item":"https:\/\/avenidatintas.com\/ube\/"},{"@type":"ListItem","position":2,"name":"Produtos","item":"https:\/\/avenidatintas.com\/ube\/loja\/"},{"@type":"ListItem","position":3,"name":"REMOVEDOR PASTOSO WEG"}]},{"@type":"WebSite","@id":"https:\/\/avenidatintas.com\/ube\/#website","url":"https:\/\/avenidatintas.com\/ube\/","name":"Avenida Tintas","description":"Tintas para manuten\u00e7\u00e3o Industrial e Mar\u00edtima WEG; laborat\u00f3rio de prepara\u00e7\u00e3o de tintas","potentialAction":[{"@type":"SearchAction","target":{"@type":"EntryPoint","urlTemplate":"https:\/\/avenidatintas.com\/ube\/?s={search_term_string}"},"query-input":{"@type":"PropertyValueSpecification","valueRequired":true,"valueName":"search_term_string"}}],"inLanguage":"pt-BR"}]}},"_links":{"self":[{"href":"https:\/\/avenidatintas.com\/ube\/wp-json\/wp\/v2\/product\/2126","targetHints":{"allow":["GET"]}}],"collection":[{"href":"https:\/\/avenidatintas.com\/ube\/wp-json\/wp\/v2\/product"}],"about":[{"href":"https:\/\/avenidatintas.com\/ube\/wp-json\/wp\/v2\/types\/product"}],"wp:featuredmedia":[{"embeddable":true,"href":"https:\/\/avenidatintas.com\/ube\/wp-json\/wp\/v2\/media\/2127"}],"wp:attachment":[{"href":"https:\/\/avenidatintas.com\/ube\/wp-json\/wp\/v2\/media?parent=2126"}],"wp:term":[{"taxonomy":"product_brand","embeddable":true,"href":"https:\/\/avenidatintas.com\/ube\/wp-json\/wp\/v2\/product_brand?post=2126"},{"taxonomy":"product_cat","embeddable":true,"href":"https:\/\/avenidatintas.com\/ube\/wp-json\/wp\/v2\/product_cat?post=2126"},{"taxonomy":"product_tag","embeddable":true,"href":"https:\/\/avenidatintas.com\/ube\/wp-json\/wp\/v2\/product_tag?post=2126"}],"curies":[{"name":"wp","href":"https:\/\/api.w.org\/{rel}","templated":true}]}}