{"id":2109,"date":"2022-01-14T11:18:46","date_gmt":"2022-01-14T14:18:46","guid":{"rendered":"https:\/\/avenidatintas.com\/?post_type=product&#038;p=2109"},"modified":"2022-01-14T11:26:11","modified_gmt":"2022-01-14T14:26:11","slug":"kit-mini-roda-de-lixa","status":"publish","type":"product","link":"https:\/\/avenidatintas.com\/ube\/produto\/kit-mini-roda-de-lixa\/","title":{"rendered":"Kit Mini Roda de Lixa"},"content":{"rendered":"<p>Caracter\u00edsticas<br \/>\nConhecida tamb\u00e9m como minikontours, as minirrodas de lixa s\u00e3o fabricadas em \u00f3xido de alum\u00ednio marrom, do gr\u00e3o P36 ao P400.<br \/>\nDimens\u00f5es<br \/>\nS\u00e3o determinadas da seguinte forma: (exemplo) 50 x 25, P60 com haste de 1\/4&#8243;, onde:<br \/>\n50 = di\u00e2metro externo<br \/>\n25 = largura<br \/>\nP60 = gr\u00e3o<\/p>\n<p>\u00c9 recomendado que utilize em rota\u00e7\u00e3o m\u00e1xima de 7.000 RPM.  <\/p>\n<p>Embalagens com quantidades padronizadas de 20 e 50 unidades.<\/p>\n","protected":false},"excerpt":{"rendered":"<p>Detalhes<br \/>\nConhecida tamb\u00e9m como minikontour, as minirrodas de lixa s\u00e3o fabricadas do gr\u00e3o P36 ao P600.<br \/>\nAs medidas, al\u00e9m do tipo do gr\u00e3o, s\u00e3o determinadas desta forma: di\u00e2metro externo e largura.<br \/>\nS\u00e3o fabricadas com pino 6,0 mm ou 1\/4&#8243; (1 polegada = 25,4mm).<\/p>\n","protected":false},"featured_media":2121,"template":"","meta":{"_et_pb_use_builder":"","_et_pb_old_content":"","_et_gb_content_width":""},"product_brand":[],"product_cat":[349],"product_tag":[352,361,360,354,355,359,358,194,353,356,357],"class_list":{"0":"post-2109","1":"product","2":"type-product","3":"status-publish","4":"has-post-thumbnail","6":"product_cat-abrasivos","7":"product_tag-abrasivo","8":"product_tag-avenida-distribuidora","9":"product_tag-avenida-tintas","10":"product_tag-chaparia","11":"product_tag-ferro","12":"product_tag-ka169","13":"product_tag-lixa","14":"product_tag-madeira","15":"product_tag-mini-roda","16":"product_tag-minikontours","17":"product_tag-oxido-de-aluminio-marrom","19":"first","20":"instock","21":"featured","22":"shipping-taxable","23":"purchasable","24":"product-type-variable"},"yoast_head":"<!-- This site is optimized with the Yoast SEO plugin v27.3 - https:\/\/yoast.com\/product\/yoast-seo-wordpress\/ -->\n<title>Kit Mini Roda de Lixa - Avenida Tintas<\/title>\n<meta name=\"description\" content=\"Detalhes Conhecida tamb\u00e9m como minikontour, as minirrodas de lixa s\u00e3o fabricadas do gr\u00e3o P36 ao P600.As medidas, al\u00e9m do tipo do gr\u00e3o, s\u00e3o determinadas desta forma: di\u00e2metro externo e largura. S\u00e3o fabricadas com pino 6,0 mm ou 1\/4&quot; (1 polegada = 25,4mm). Caracter\u00edsticas Conhecida tamb\u00e9m como minikontours, as minirrodas de lixa s\u00e3o fabricadas em \u00f3xido de alum\u00ednio marrom, do gr\u00e3o P36 ao P600.Dimens\u00f5esS\u00e3o determinadas da seguinte forma: 50 x 25, P60, onde:50 = di\u00e2metro externo25 = larguraP60 = gr\u00e3o\" \/>\n<meta name=\"robots\" content=\"index, follow, max-snippet:-1, max-image-preview:large, max-video-preview:-1\" \/>\n<link rel=\"canonical\" href=\"https:\/\/avenidatintas.com\/ube\/produto\/kit-mini-roda-de-lixa\/\" \/>\n<meta property=\"og:locale\" content=\"pt_BR\" \/>\n<meta property=\"og:type\" content=\"article\" \/>\n<meta property=\"og:title\" content=\"Kit Mini Roda de Lixa - Avenida Tintas\" \/>\n<meta property=\"og:description\" content=\"Detalhes Conhecida tamb\u00e9m como minikontour, as minirrodas de lixa s\u00e3o fabricadas do gr\u00e3o P36 ao P600.As medidas, al\u00e9m do tipo do gr\u00e3o, s\u00e3o determinadas desta forma: di\u00e2metro externo e largura. S\u00e3o fabricadas com pino 6,0 mm ou 1\/4&quot; (1 polegada = 25,4mm). Caracter\u00edsticas Conhecida tamb\u00e9m como minikontours, as minirrodas de lixa s\u00e3o fabricadas em \u00f3xido de alum\u00ednio marrom, do gr\u00e3o P36 ao P600.Dimens\u00f5esS\u00e3o determinadas da seguinte forma: 50 x 25, P60, onde:50 = di\u00e2metro externo25 = larguraP60 = gr\u00e3o\" \/>\n<meta property=\"og:url\" content=\"https:\/\/avenidatintas.com\/ube\/produto\/kit-mini-roda-de-lixa\/\" \/>\n<meta property=\"og:site_name\" content=\"Avenida Tintas\" \/>\n<meta property=\"article:publisher\" content=\"https:\/\/www.facebook.com\/Avenida-Distribuidora-de-Tintas-Revenda-autorizada-WEG-100369271992882\" \/>\n<meta property=\"article:modified_time\" content=\"2022-01-14T14:26:11+00:00\" \/>\n<meta property=\"og:image\" content=\"https:\/\/avenidatintas.com\/ube\/wp-content\/uploads\/2022\/01\/Mini-kit-2-unid.jpeg\" \/>\n\t<meta property=\"og:image:width\" content=\"1080\" \/>\n\t<meta property=\"og:image:height\" content=\"1063\" \/>\n\t<meta property=\"og:image:type\" content=\"image\/jpeg\" \/>\n<script type=\"application\/ld+json\" class=\"yoast-schema-graph\">{\"@context\":\"https:\\\/\\\/schema.org\",\"@graph\":[{\"@type\":\"WebPage\",\"@id\":\"https:\\\/\\\/avenidatintas.com\\\/ube\\\/produto\\\/kit-mini-roda-de-lixa\\\/\",\"url\":\"https:\\\/\\\/avenidatintas.com\\\/ube\\\/produto\\\/kit-mini-roda-de-lixa\\\/\",\"name\":\"Kit Mini Roda de Lixa - Avenida Tintas\",\"isPartOf\":{\"@id\":\"https:\\\/\\\/avenidatintas.com\\\/ube\\\/#website\"},\"primaryImageOfPage\":{\"@id\":\"https:\\\/\\\/avenidatintas.com\\\/ube\\\/produto\\\/kit-mini-roda-de-lixa\\\/#primaryimage\"},\"image\":{\"@id\":\"https:\\\/\\\/avenidatintas.com\\\/ube\\\/produto\\\/kit-mini-roda-de-lixa\\\/#primaryimage\"},\"thumbnailUrl\":\"https:\\\/\\\/avenidatintas.com\\\/ube\\\/wp-content\\\/uploads\\\/2022\\\/01\\\/Mini-kit-2-unid.jpeg\",\"datePublished\":\"2022-01-14T14:18:46+00:00\",\"dateModified\":\"2022-01-14T14:26:11+00:00\",\"description\":\"Detalhes Conhecida tamb\u00e9m como minikontour, as minirrodas de lixa s\u00e3o fabricadas do gr\u00e3o P36 ao P600.As medidas, al\u00e9m do tipo do gr\u00e3o, s\u00e3o determinadas desta forma: di\u00e2metro externo e largura. S\u00e3o fabricadas com pino 6,0 mm ou 1\\\/4\\\" (1 polegada = 25,4mm). Caracter\u00edsticas Conhecida tamb\u00e9m como minikontours, as minirrodas de lixa s\u00e3o fabricadas em \u00f3xido de alum\u00ednio marrom, do gr\u00e3o P36 ao P600.Dimens\u00f5esS\u00e3o determinadas da seguinte forma: 50 x 25, P60, onde:50 = di\u00e2metro externo25 = larguraP60 = gr\u00e3o\",\"breadcrumb\":{\"@id\":\"https:\\\/\\\/avenidatintas.com\\\/ube\\\/produto\\\/kit-mini-roda-de-lixa\\\/#breadcrumb\"},\"inLanguage\":\"pt-BR\",\"potentialAction\":[{\"@type\":\"ReadAction\",\"target\":[\"https:\\\/\\\/avenidatintas.com\\\/ube\\\/produto\\\/kit-mini-roda-de-lixa\\\/\"]}]},{\"@type\":\"ImageObject\",\"inLanguage\":\"pt-BR\",\"@id\":\"https:\\\/\\\/avenidatintas.com\\\/ube\\\/produto\\\/kit-mini-roda-de-lixa\\\/#primaryimage\",\"url\":\"https:\\\/\\\/avenidatintas.com\\\/ube\\\/wp-content\\\/uploads\\\/2022\\\/01\\\/Mini-kit-2-unid.jpeg\",\"contentUrl\":\"https:\\\/\\\/avenidatintas.com\\\/ube\\\/wp-content\\\/uploads\\\/2022\\\/01\\\/Mini-kit-2-unid.jpeg\",\"width\":1080,\"height\":1063},{\"@type\":\"BreadcrumbList\",\"@id\":\"https:\\\/\\\/avenidatintas.com\\\/ube\\\/produto\\\/kit-mini-roda-de-lixa\\\/#breadcrumb\",\"itemListElement\":[{\"@type\":\"ListItem\",\"position\":1,\"name\":\"In\u00edcio\",\"item\":\"https:\\\/\\\/avenidatintas.com\\\/ube\\\/\"},{\"@type\":\"ListItem\",\"position\":2,\"name\":\"Produtos\",\"item\":\"https:\\\/\\\/avenidatintas.com\\\/ube\\\/loja\\\/\"},{\"@type\":\"ListItem\",\"position\":3,\"name\":\"Kit Mini Roda de Lixa\"}]},{\"@type\":\"WebSite\",\"@id\":\"https:\\\/\\\/avenidatintas.com\\\/ube\\\/#website\",\"url\":\"https:\\\/\\\/avenidatintas.com\\\/ube\\\/\",\"name\":\"Avenida Tintas\",\"description\":\"Tintas para manuten\u00e7\u00e3o Industrial e Mar\u00edtima WEG; laborat\u00f3rio de prepara\u00e7\u00e3o de tintas\",\"potentialAction\":[{\"@type\":\"SearchAction\",\"target\":{\"@type\":\"EntryPoint\",\"urlTemplate\":\"https:\\\/\\\/avenidatintas.com\\\/ube\\\/?s={search_term_string}\"},\"query-input\":{\"@type\":\"PropertyValueSpecification\",\"valueRequired\":true,\"valueName\":\"search_term_string\"}}],\"inLanguage\":\"pt-BR\"}]}<\/script>\n<!-- \/ Yoast SEO plugin. -->","yoast_head_json":{"title":"Kit Mini Roda de Lixa - Avenida Tintas","description":"Detalhes Conhecida tamb\u00e9m como minikontour, as minirrodas de lixa s\u00e3o fabricadas do gr\u00e3o P36 ao P600.As medidas, al\u00e9m do tipo do gr\u00e3o, s\u00e3o determinadas desta forma: di\u00e2metro externo e largura. S\u00e3o fabricadas com pino 6,0 mm ou 1\/4\" (1 polegada = 25,4mm). Caracter\u00edsticas Conhecida tamb\u00e9m como minikontours, as minirrodas de lixa s\u00e3o fabricadas em \u00f3xido de alum\u00ednio marrom, do gr\u00e3o P36 ao P600.Dimens\u00f5esS\u00e3o determinadas da seguinte forma: 50 x 25, P60, onde:50 = di\u00e2metro externo25 = larguraP60 = gr\u00e3o","robots":{"index":"index","follow":"follow","max-snippet":"max-snippet:-1","max-image-preview":"max-image-preview:large","max-video-preview":"max-video-preview:-1"},"canonical":"https:\/\/avenidatintas.com\/ube\/produto\/kit-mini-roda-de-lixa\/","og_locale":"pt_BR","og_type":"article","og_title":"Kit Mini Roda de Lixa - Avenida Tintas","og_description":"Detalhes Conhecida tamb\u00e9m como minikontour, as minirrodas de lixa s\u00e3o fabricadas do gr\u00e3o P36 ao P600.As medidas, al\u00e9m do tipo do gr\u00e3o, s\u00e3o determinadas desta forma: di\u00e2metro externo e largura. S\u00e3o fabricadas com pino 6,0 mm ou 1\/4\" (1 polegada = 25,4mm). Caracter\u00edsticas Conhecida tamb\u00e9m como minikontours, as minirrodas de lixa s\u00e3o fabricadas em \u00f3xido de alum\u00ednio marrom, do gr\u00e3o P36 ao P600.Dimens\u00f5esS\u00e3o determinadas da seguinte forma: 50 x 25, P60, onde:50 = di\u00e2metro externo25 = larguraP60 = gr\u00e3o","og_url":"https:\/\/avenidatintas.com\/ube\/produto\/kit-mini-roda-de-lixa\/","og_site_name":"Avenida Tintas","article_publisher":"https:\/\/www.facebook.com\/Avenida-Distribuidora-de-Tintas-Revenda-autorizada-WEG-100369271992882","article_modified_time":"2022-01-14T14:26:11+00:00","og_image":[{"width":1080,"height":1063,"url":"https:\/\/avenidatintas.com\/ube\/wp-content\/uploads\/2022\/01\/Mini-kit-2-unid.jpeg","type":"image\/jpeg"}],"schema":{"@context":"https:\/\/schema.org","@graph":[{"@type":"WebPage","@id":"https:\/\/avenidatintas.com\/ube\/produto\/kit-mini-roda-de-lixa\/","url":"https:\/\/avenidatintas.com\/ube\/produto\/kit-mini-roda-de-lixa\/","name":"Kit Mini Roda de Lixa - Avenida Tintas","isPartOf":{"@id":"https:\/\/avenidatintas.com\/ube\/#website"},"primaryImageOfPage":{"@id":"https:\/\/avenidatintas.com\/ube\/produto\/kit-mini-roda-de-lixa\/#primaryimage"},"image":{"@id":"https:\/\/avenidatintas.com\/ube\/produto\/kit-mini-roda-de-lixa\/#primaryimage"},"thumbnailUrl":"https:\/\/avenidatintas.com\/ube\/wp-content\/uploads\/2022\/01\/Mini-kit-2-unid.jpeg","datePublished":"2022-01-14T14:18:46+00:00","dateModified":"2022-01-14T14:26:11+00:00","description":"Detalhes Conhecida tamb\u00e9m como minikontour, as minirrodas de lixa s\u00e3o fabricadas do gr\u00e3o P36 ao P600.As medidas, al\u00e9m do tipo do gr\u00e3o, s\u00e3o determinadas desta forma: di\u00e2metro externo e largura. S\u00e3o fabricadas com pino 6,0 mm ou 1\/4\" (1 polegada = 25,4mm). Caracter\u00edsticas Conhecida tamb\u00e9m como minikontours, as minirrodas de lixa s\u00e3o fabricadas em \u00f3xido de alum\u00ednio marrom, do gr\u00e3o P36 ao P600.Dimens\u00f5esS\u00e3o determinadas da seguinte forma: 50 x 25, P60, onde:50 = di\u00e2metro externo25 = larguraP60 = gr\u00e3o","breadcrumb":{"@id":"https:\/\/avenidatintas.com\/ube\/produto\/kit-mini-roda-de-lixa\/#breadcrumb"},"inLanguage":"pt-BR","potentialAction":[{"@type":"ReadAction","target":["https:\/\/avenidatintas.com\/ube\/produto\/kit-mini-roda-de-lixa\/"]}]},{"@type":"ImageObject","inLanguage":"pt-BR","@id":"https:\/\/avenidatintas.com\/ube\/produto\/kit-mini-roda-de-lixa\/#primaryimage","url":"https:\/\/avenidatintas.com\/ube\/wp-content\/uploads\/2022\/01\/Mini-kit-2-unid.jpeg","contentUrl":"https:\/\/avenidatintas.com\/ube\/wp-content\/uploads\/2022\/01\/Mini-kit-2-unid.jpeg","width":1080,"height":1063},{"@type":"BreadcrumbList","@id":"https:\/\/avenidatintas.com\/ube\/produto\/kit-mini-roda-de-lixa\/#breadcrumb","itemListElement":[{"@type":"ListItem","position":1,"name":"In\u00edcio","item":"https:\/\/avenidatintas.com\/ube\/"},{"@type":"ListItem","position":2,"name":"Produtos","item":"https:\/\/avenidatintas.com\/ube\/loja\/"},{"@type":"ListItem","position":3,"name":"Kit Mini Roda de Lixa"}]},{"@type":"WebSite","@id":"https:\/\/avenidatintas.com\/ube\/#website","url":"https:\/\/avenidatintas.com\/ube\/","name":"Avenida Tintas","description":"Tintas para manuten\u00e7\u00e3o Industrial e Mar\u00edtima WEG; laborat\u00f3rio de prepara\u00e7\u00e3o de tintas","potentialAction":[{"@type":"SearchAction","target":{"@type":"EntryPoint","urlTemplate":"https:\/\/avenidatintas.com\/ube\/?s={search_term_string}"},"query-input":{"@type":"PropertyValueSpecification","valueRequired":true,"valueName":"search_term_string"}}],"inLanguage":"pt-BR"}]}},"_links":{"self":[{"href":"https:\/\/avenidatintas.com\/ube\/wp-json\/wp\/v2\/product\/2109","targetHints":{"allow":["GET"]}}],"collection":[{"href":"https:\/\/avenidatintas.com\/ube\/wp-json\/wp\/v2\/product"}],"about":[{"href":"https:\/\/avenidatintas.com\/ube\/wp-json\/wp\/v2\/types\/product"}],"wp:featuredmedia":[{"embeddable":true,"href":"https:\/\/avenidatintas.com\/ube\/wp-json\/wp\/v2\/media\/2121"}],"wp:attachment":[{"href":"https:\/\/avenidatintas.com\/ube\/wp-json\/wp\/v2\/media?parent=2109"}],"wp:term":[{"taxonomy":"product_brand","embeddable":true,"href":"https:\/\/avenidatintas.com\/ube\/wp-json\/wp\/v2\/product_brand?post=2109"},{"taxonomy":"product_cat","embeddable":true,"href":"https:\/\/avenidatintas.com\/ube\/wp-json\/wp\/v2\/product_cat?post=2109"},{"taxonomy":"product_tag","embeddable":true,"href":"https:\/\/avenidatintas.com\/ube\/wp-json\/wp\/v2\/product_tag?post=2109"}],"curies":[{"name":"wp","href":"https:\/\/api.w.org\/{rel}","templated":true}]}}