{"id":2060,"date":"2022-01-05T09:59:54","date_gmt":"2022-01-05T12:59:54","guid":{"rendered":"https:\/\/avenidatintas.com\/?post_type=product&#038;p=2060"},"modified":"2022-01-14T09:58:09","modified_gmt":"2022-01-14T12:58:09","slug":"2060","status":"publish","type":"product","link":"https:\/\/avenidatintas.com\/ube\/produto\/2060\/","title":{"rendered":"Cintas de Lixa"},"content":{"rendered":"<p>Medidas<br \/>\nComprimento da cinta aberta<br \/>\nLargura da cinta<br \/>\nTipo do gr\u00e3o<br \/>\nMedida do gr\u00e3o<\/p>\n<p>Exemplo<br \/>\nCinta de 1500 x 150, no gr\u00e3o 60 em \u00f3xido de alum\u00ednio, onde:<br \/>\n1500 = comprimento em mil\u00edmetro<br \/>\n150 = Largura em mil\u00edmetro<br \/>\n60 = medida do gr\u00e3o<br \/>\n\u00d3xido de alum\u00ednio marrom = tipo do gr\u00e3o<\/p>\n<p>Tipos<br \/>\nPara cada tipo de material a ser lixado existe o tipo de gr\u00e3o correspondente:<br \/>\n\u00d3xido de alum\u00ednio marrom:<br \/>\nutilizados em ferros, chaparias e madeira;<br \/>\nZirc\u00f4nio:<br \/>\nutilizado em a\u00e7o inox, ferros em geral, madeira e servi\u00e7os mais pesados, devido \u00e0 maior resist\u00eancia do gr\u00e3o zirc\u00f4nio;<br \/>\nCer\u00e2mico:<br \/>\nutilizado em a\u00e7o de alta liga, tit\u00e2nio e n\u00edquel;<br \/>\nCarbureto de sil\u00edcio:<br \/>\nmetais n\u00e3o-ferrosos, madeira, vidros, ferros fundidos, alum\u00ednio, etc.<\/p>\n","protected":false},"excerpt":{"rendered":"<p>Detalhes<br \/>\nUm dos formatos mais utilizados, a cinta de lixa \u00e9 r\u00e1pida na remo\u00e7\u00e3o de materiais com gera\u00e7\u00e3o m\u00ednima de calor sobre a pe\u00e7a trabalhada.<br \/>\nDe f\u00e1cil ajuste manual, \u00e9 indicada para desbaste, acabamento e polimento em diversos materiais.<br \/>\nS\u00e3o medidas por: comprimento da cinta aberta; largura da cinta; tipo do gr\u00e3o e medida do gr\u00e3o.<br \/>\nNossa lixas possuem costado r\u00edgido (para materiais planos) ou flex\u00edvel (para materiais com acabamentos arredondados).<\/p>\n","protected":false},"featured_media":2089,"template":"","meta":{"_et_pb_use_builder":"","_et_pb_old_content":"","_et_gb_content_width":""},"product_brand":[],"product_cat":[349],"product_tag":[352,361,360,354,355,359,358,194],"class_list":{"0":"post-2060","1":"product","2":"type-product","3":"status-publish","4":"has-post-thumbnail","6":"product_cat-abrasivos","7":"product_tag-abrasivo","8":"product_tag-avenida-distribuidora","9":"product_tag-avenida-tintas","10":"product_tag-chaparia","11":"product_tag-ferro","12":"product_tag-ka169","13":"product_tag-lixa","14":"product_tag-madeira","16":"first","17":"instock","18":"shipping-taxable","19":"purchasable","20":"product-type-variable"},"yoast_head":"<!-- This site is optimized with the Yoast SEO plugin v27.3 - https:\/\/yoast.com\/product\/yoast-seo-wordpress\/ -->\n<title>Cintas de Lixa - Avenida Tintas<\/title>\n<meta name=\"description\" content=\"MedidasComprimento da cinta abertaLargura da cintaTipo do gr\u00e3oMedida do gr\u00e3oExemploCinta de 1500 x 150, no gr\u00e3o 60 em \u00f3xido de alum\u00ednio, onde:1500 = comprimento em mil\u00edmetro150 = Largura em mil\u00edmetro60 = medida do gr\u00e3o\u00d3xido de alum\u00ednio marrom = tipo do gr\u00e3oDetalhesUm dos formatos mais utilizados, a cinta de lixa \u00e9 r\u00e1pida na remo\u00e7\u00e3o de materiais com gera\u00e7\u00e3o m\u00ednima de calor sobre a pe\u00e7a trabalhada.De f\u00e1cil ajuste manual, \u00e9 indicada para desbaste, acabamento e polimento em diversos materiais.S\u00e3o medidas por: comprimento da cinta aberta; largura da cinta; tipo do gr\u00e3o e medida do gr\u00e3o.Nossa lixas possuem costado r\u00edgido (para materiais planos) ou flex\u00edvel (para materiais com acabamentos arredondados).\" \/>\n<meta name=\"robots\" content=\"index, follow, max-snippet:-1, max-image-preview:large, max-video-preview:-1\" \/>\n<link rel=\"canonical\" href=\"https:\/\/avenidatintas.com\/ube\/produto\/2060\/\" \/>\n<meta property=\"og:locale\" content=\"pt_BR\" \/>\n<meta property=\"og:type\" content=\"article\" \/>\n<meta property=\"og:title\" content=\"Cintas de Lixa - Avenida Tintas\" \/>\n<meta property=\"og:description\" content=\"MedidasComprimento da cinta abertaLargura da cintaTipo do gr\u00e3oMedida do gr\u00e3oExemploCinta de 1500 x 150, no gr\u00e3o 60 em \u00f3xido de alum\u00ednio, onde:1500 = comprimento em mil\u00edmetro150 = Largura em mil\u00edmetro60 = medida do gr\u00e3o\u00d3xido de alum\u00ednio marrom = tipo do gr\u00e3oDetalhesUm dos formatos mais utilizados, a cinta de lixa \u00e9 r\u00e1pida na remo\u00e7\u00e3o de materiais com gera\u00e7\u00e3o m\u00ednima de calor sobre a pe\u00e7a trabalhada.De f\u00e1cil ajuste manual, \u00e9 indicada para desbaste, acabamento e polimento em diversos materiais.S\u00e3o medidas por: comprimento da cinta aberta; largura da cinta; tipo do gr\u00e3o e medida do gr\u00e3o.Nossa lixas possuem costado r\u00edgido (para materiais planos) ou flex\u00edvel (para materiais com acabamentos arredondados).\" \/>\n<meta property=\"og:url\" content=\"https:\/\/avenidatintas.com\/ube\/produto\/2060\/\" \/>\n<meta property=\"og:site_name\" content=\"Avenida Tintas\" \/>\n<meta property=\"article:publisher\" content=\"https:\/\/www.facebook.com\/Avenida-Distribuidora-de-Tintas-Revenda-autorizada-WEG-100369271992882\" \/>\n<meta property=\"article:modified_time\" content=\"2022-01-14T12:58:09+00:00\" \/>\n<meta property=\"og:image\" content=\"https:\/\/avenidatintas.com\/ube\/wp-content\/uploads\/2022\/01\/Cinta-de-lixa-02.jpeg\" \/>\n\t<meta property=\"og:image:width\" content=\"720\" \/>\n\t<meta property=\"og:image:height\" content=\"685\" \/>\n\t<meta property=\"og:image:type\" content=\"image\/jpeg\" \/>\n<meta name=\"twitter:label1\" content=\"Est. tempo de leitura\" \/>\n\t<meta name=\"twitter:data1\" content=\"1 minuto\" \/>\n<script type=\"application\/ld+json\" class=\"yoast-schema-graph\">{\"@context\":\"https:\\\/\\\/schema.org\",\"@graph\":[{\"@type\":\"WebPage\",\"@id\":\"https:\\\/\\\/avenidatintas.com\\\/ube\\\/produto\\\/2060\\\/\",\"url\":\"https:\\\/\\\/avenidatintas.com\\\/ube\\\/produto\\\/2060\\\/\",\"name\":\"Cintas de Lixa - Avenida Tintas\",\"isPartOf\":{\"@id\":\"https:\\\/\\\/avenidatintas.com\\\/ube\\\/#website\"},\"primaryImageOfPage\":{\"@id\":\"https:\\\/\\\/avenidatintas.com\\\/ube\\\/produto\\\/2060\\\/#primaryimage\"},\"image\":{\"@id\":\"https:\\\/\\\/avenidatintas.com\\\/ube\\\/produto\\\/2060\\\/#primaryimage\"},\"thumbnailUrl\":\"https:\\\/\\\/avenidatintas.com\\\/ube\\\/wp-content\\\/uploads\\\/2022\\\/01\\\/Cinta-de-lixa-02.jpeg\",\"datePublished\":\"2022-01-05T12:59:54+00:00\",\"dateModified\":\"2022-01-14T12:58:09+00:00\",\"description\":\"MedidasComprimento da cinta abertaLargura da cintaTipo do gr\u00e3oMedida do gr\u00e3oExemploCinta de 1500 x 150, no gr\u00e3o 60 em \u00f3xido de alum\u00ednio, onde:1500 = comprimento em mil\u00edmetro150 = Largura em mil\u00edmetro60 = medida do gr\u00e3o\u00d3xido de alum\u00ednio marrom = tipo do gr\u00e3oDetalhesUm dos formatos mais utilizados, a cinta de lixa \u00e9 r\u00e1pida na remo\u00e7\u00e3o de materiais com gera\u00e7\u00e3o m\u00ednima de calor sobre a pe\u00e7a trabalhada.De f\u00e1cil ajuste manual, \u00e9 indicada para desbaste, acabamento e polimento em diversos materiais.S\u00e3o medidas por: comprimento da cinta aberta; largura da cinta; tipo do gr\u00e3o e medida do gr\u00e3o.Nossa lixas possuem costado r\u00edgido (para materiais planos) ou flex\u00edvel (para materiais com acabamentos arredondados).\",\"breadcrumb\":{\"@id\":\"https:\\\/\\\/avenidatintas.com\\\/ube\\\/produto\\\/2060\\\/#breadcrumb\"},\"inLanguage\":\"pt-BR\",\"potentialAction\":[{\"@type\":\"ReadAction\",\"target\":[\"https:\\\/\\\/avenidatintas.com\\\/ube\\\/produto\\\/2060\\\/\"]}]},{\"@type\":\"ImageObject\",\"inLanguage\":\"pt-BR\",\"@id\":\"https:\\\/\\\/avenidatintas.com\\\/ube\\\/produto\\\/2060\\\/#primaryimage\",\"url\":\"https:\\\/\\\/avenidatintas.com\\\/ube\\\/wp-content\\\/uploads\\\/2022\\\/01\\\/Cinta-de-lixa-02.jpeg\",\"contentUrl\":\"https:\\\/\\\/avenidatintas.com\\\/ube\\\/wp-content\\\/uploads\\\/2022\\\/01\\\/Cinta-de-lixa-02.jpeg\",\"width\":720,\"height\":685},{\"@type\":\"BreadcrumbList\",\"@id\":\"https:\\\/\\\/avenidatintas.com\\\/ube\\\/produto\\\/2060\\\/#breadcrumb\",\"itemListElement\":[{\"@type\":\"ListItem\",\"position\":1,\"name\":\"In\u00edcio\",\"item\":\"https:\\\/\\\/avenidatintas.com\\\/ube\\\/\"},{\"@type\":\"ListItem\",\"position\":2,\"name\":\"Produtos\",\"item\":\"https:\\\/\\\/avenidatintas.com\\\/ube\\\/loja\\\/\"},{\"@type\":\"ListItem\",\"position\":3,\"name\":\"Cintas de Lixa\"}]},{\"@type\":\"WebSite\",\"@id\":\"https:\\\/\\\/avenidatintas.com\\\/ube\\\/#website\",\"url\":\"https:\\\/\\\/avenidatintas.com\\\/ube\\\/\",\"name\":\"Avenida Tintas\",\"description\":\"Tintas para manuten\u00e7\u00e3o Industrial e Mar\u00edtima WEG; laborat\u00f3rio de prepara\u00e7\u00e3o de tintas\",\"potentialAction\":[{\"@type\":\"SearchAction\",\"target\":{\"@type\":\"EntryPoint\",\"urlTemplate\":\"https:\\\/\\\/avenidatintas.com\\\/ube\\\/?s={search_term_string}\"},\"query-input\":{\"@type\":\"PropertyValueSpecification\",\"valueRequired\":true,\"valueName\":\"search_term_string\"}}],\"inLanguage\":\"pt-BR\"}]}<\/script>\n<!-- \/ Yoast SEO plugin. -->","yoast_head_json":{"title":"Cintas de Lixa - Avenida Tintas","description":"MedidasComprimento da cinta abertaLargura da cintaTipo do gr\u00e3oMedida do gr\u00e3oExemploCinta de 1500 x 150, no gr\u00e3o 60 em \u00f3xido de alum\u00ednio, onde:1500 = comprimento em mil\u00edmetro150 = Largura em mil\u00edmetro60 = medida do gr\u00e3o\u00d3xido de alum\u00ednio marrom = tipo do gr\u00e3oDetalhesUm dos formatos mais utilizados, a cinta de lixa \u00e9 r\u00e1pida na remo\u00e7\u00e3o de materiais com gera\u00e7\u00e3o m\u00ednima de calor sobre a pe\u00e7a trabalhada.De f\u00e1cil ajuste manual, \u00e9 indicada para desbaste, acabamento e polimento em diversos materiais.S\u00e3o medidas por: comprimento da cinta aberta; largura da cinta; tipo do gr\u00e3o e medida do gr\u00e3o.Nossa lixas possuem costado r\u00edgido (para materiais planos) ou flex\u00edvel (para materiais com acabamentos arredondados).","robots":{"index":"index","follow":"follow","max-snippet":"max-snippet:-1","max-image-preview":"max-image-preview:large","max-video-preview":"max-video-preview:-1"},"canonical":"https:\/\/avenidatintas.com\/ube\/produto\/2060\/","og_locale":"pt_BR","og_type":"article","og_title":"Cintas de Lixa - Avenida Tintas","og_description":"MedidasComprimento da cinta abertaLargura da cintaTipo do gr\u00e3oMedida do gr\u00e3oExemploCinta de 1500 x 150, no gr\u00e3o 60 em \u00f3xido de alum\u00ednio, onde:1500 = comprimento em mil\u00edmetro150 = Largura em mil\u00edmetro60 = medida do gr\u00e3o\u00d3xido de alum\u00ednio marrom = tipo do gr\u00e3oDetalhesUm dos formatos mais utilizados, a cinta de lixa \u00e9 r\u00e1pida na remo\u00e7\u00e3o de materiais com gera\u00e7\u00e3o m\u00ednima de calor sobre a pe\u00e7a trabalhada.De f\u00e1cil ajuste manual, \u00e9 indicada para desbaste, acabamento e polimento em diversos materiais.S\u00e3o medidas por: comprimento da cinta aberta; largura da cinta; tipo do gr\u00e3o e medida do gr\u00e3o.Nossa lixas possuem costado r\u00edgido (para materiais planos) ou flex\u00edvel (para materiais com acabamentos arredondados).","og_url":"https:\/\/avenidatintas.com\/ube\/produto\/2060\/","og_site_name":"Avenida Tintas","article_publisher":"https:\/\/www.facebook.com\/Avenida-Distribuidora-de-Tintas-Revenda-autorizada-WEG-100369271992882","article_modified_time":"2022-01-14T12:58:09+00:00","og_image":[{"width":720,"height":685,"url":"https:\/\/avenidatintas.com\/ube\/wp-content\/uploads\/2022\/01\/Cinta-de-lixa-02.jpeg","type":"image\/jpeg"}],"twitter_misc":{"Est. tempo de leitura":"1 minuto"},"schema":{"@context":"https:\/\/schema.org","@graph":[{"@type":"WebPage","@id":"https:\/\/avenidatintas.com\/ube\/produto\/2060\/","url":"https:\/\/avenidatintas.com\/ube\/produto\/2060\/","name":"Cintas de Lixa - Avenida Tintas","isPartOf":{"@id":"https:\/\/avenidatintas.com\/ube\/#website"},"primaryImageOfPage":{"@id":"https:\/\/avenidatintas.com\/ube\/produto\/2060\/#primaryimage"},"image":{"@id":"https:\/\/avenidatintas.com\/ube\/produto\/2060\/#primaryimage"},"thumbnailUrl":"https:\/\/avenidatintas.com\/ube\/wp-content\/uploads\/2022\/01\/Cinta-de-lixa-02.jpeg","datePublished":"2022-01-05T12:59:54+00:00","dateModified":"2022-01-14T12:58:09+00:00","description":"MedidasComprimento da cinta abertaLargura da cintaTipo do gr\u00e3oMedida do gr\u00e3oExemploCinta de 1500 x 150, no gr\u00e3o 60 em \u00f3xido de alum\u00ednio, onde:1500 = comprimento em mil\u00edmetro150 = Largura em mil\u00edmetro60 = medida do gr\u00e3o\u00d3xido de alum\u00ednio marrom = tipo do gr\u00e3oDetalhesUm dos formatos mais utilizados, a cinta de lixa \u00e9 r\u00e1pida na remo\u00e7\u00e3o de materiais com gera\u00e7\u00e3o m\u00ednima de calor sobre a pe\u00e7a trabalhada.De f\u00e1cil ajuste manual, \u00e9 indicada para desbaste, acabamento e polimento em diversos materiais.S\u00e3o medidas por: comprimento da cinta aberta; largura da cinta; tipo do gr\u00e3o e medida do gr\u00e3o.Nossa lixas possuem costado r\u00edgido (para materiais planos) ou flex\u00edvel (para materiais com acabamentos arredondados).","breadcrumb":{"@id":"https:\/\/avenidatintas.com\/ube\/produto\/2060\/#breadcrumb"},"inLanguage":"pt-BR","potentialAction":[{"@type":"ReadAction","target":["https:\/\/avenidatintas.com\/ube\/produto\/2060\/"]}]},{"@type":"ImageObject","inLanguage":"pt-BR","@id":"https:\/\/avenidatintas.com\/ube\/produto\/2060\/#primaryimage","url":"https:\/\/avenidatintas.com\/ube\/wp-content\/uploads\/2022\/01\/Cinta-de-lixa-02.jpeg","contentUrl":"https:\/\/avenidatintas.com\/ube\/wp-content\/uploads\/2022\/01\/Cinta-de-lixa-02.jpeg","width":720,"height":685},{"@type":"BreadcrumbList","@id":"https:\/\/avenidatintas.com\/ube\/produto\/2060\/#breadcrumb","itemListElement":[{"@type":"ListItem","position":1,"name":"In\u00edcio","item":"https:\/\/avenidatintas.com\/ube\/"},{"@type":"ListItem","position":2,"name":"Produtos","item":"https:\/\/avenidatintas.com\/ube\/loja\/"},{"@type":"ListItem","position":3,"name":"Cintas de Lixa"}]},{"@type":"WebSite","@id":"https:\/\/avenidatintas.com\/ube\/#website","url":"https:\/\/avenidatintas.com\/ube\/","name":"Avenida Tintas","description":"Tintas para manuten\u00e7\u00e3o Industrial e Mar\u00edtima WEG; laborat\u00f3rio de prepara\u00e7\u00e3o de tintas","potentialAction":[{"@type":"SearchAction","target":{"@type":"EntryPoint","urlTemplate":"https:\/\/avenidatintas.com\/ube\/?s={search_term_string}"},"query-input":{"@type":"PropertyValueSpecification","valueRequired":true,"valueName":"search_term_string"}}],"inLanguage":"pt-BR"}]}},"_links":{"self":[{"href":"https:\/\/avenidatintas.com\/ube\/wp-json\/wp\/v2\/product\/2060","targetHints":{"allow":["GET"]}}],"collection":[{"href":"https:\/\/avenidatintas.com\/ube\/wp-json\/wp\/v2\/product"}],"about":[{"href":"https:\/\/avenidatintas.com\/ube\/wp-json\/wp\/v2\/types\/product"}],"wp:featuredmedia":[{"embeddable":true,"href":"https:\/\/avenidatintas.com\/ube\/wp-json\/wp\/v2\/media\/2089"}],"wp:attachment":[{"href":"https:\/\/avenidatintas.com\/ube\/wp-json\/wp\/v2\/media?parent=2060"}],"wp:term":[{"taxonomy":"product_brand","embeddable":true,"href":"https:\/\/avenidatintas.com\/ube\/wp-json\/wp\/v2\/product_brand?post=2060"},{"taxonomy":"product_cat","embeddable":true,"href":"https:\/\/avenidatintas.com\/ube\/wp-json\/wp\/v2\/product_cat?post=2060"},{"taxonomy":"product_tag","embeddable":true,"href":"https:\/\/avenidatintas.com\/ube\/wp-json\/wp\/v2\/product_tag?post=2060"}],"curies":[{"name":"wp","href":"https:\/\/api.w.org\/{rel}","templated":true}]}}