{"id":2048,"date":"2022-01-05T09:48:56","date_gmt":"2022-01-05T12:48:56","guid":{"rendered":"https:\/\/avenidatintas.com\/?post_type=product&#038;p=2048"},"modified":"2022-01-14T09:58:28","modified_gmt":"2022-01-14T12:58:28","slug":"discos-de-pluma","status":"publish","type":"product","link":"https:\/\/avenidatintas.com\/ube\/produto\/discos-de-pluma\/","title":{"rendered":"Discos de Pluma"},"content":{"rendered":"<p>Caracter\u00edsticas<br \/>\nS\u00e3o discos de lixa conhecidos tamb\u00e9m como discos de pluma ou discos hookit que possuem um costado que adere aos &#8220;pratos&#8221; com velcro, acoplados em lixadeiras orbitais.<br \/>\nDi\u00e2metros<br \/>\n\u00d83&#8243;, \u00d85&#8243;, \u00d86&#8243;, \u00d87&#8243; e \u00d89&#8243; com e sem furos para aspira\u00e7\u00e3o do p\u00f3, no gr\u00e3o \u00f3xido de alum\u00ednio marrom na granulometria P36 ao P2000.<\/p>\n","protected":false},"excerpt":{"rendered":"<p>Detalhes<br \/>\nGr\u00e3os P36 ao P2000.<br \/>\nS\u00e3o aplicados nos segmentos automotivo, moveleiro, naval e constru\u00e7\u00e3o civil.<\/p>\n","protected":false},"featured_media":2090,"template":"","meta":{"_et_pb_use_builder":"","_et_pb_old_content":"","_et_gb_content_width":""},"product_brand":[],"product_cat":[349],"product_tag":[352,196,361,360,354,355,359,358,194,357],"class_list":{"0":"post-2048","1":"product","2":"type-product","3":"status-publish","4":"has-post-thumbnail","6":"product_cat-abrasivos","7":"product_tag-abrasivo","8":"product_tag-acabamento","9":"product_tag-avenida-distribuidora","10":"product_tag-avenida-tintas","11":"product_tag-chaparia","12":"product_tag-ferro","13":"product_tag-ka169","14":"product_tag-lixa","15":"product_tag-madeira","16":"product_tag-oxido-de-aluminio-marrom","18":"first","19":"instock","20":"shipping-taxable","21":"purchasable","22":"product-type-variable"},"yoast_head":"<!-- This site is optimized with the Yoast SEO plugin v27.3 - https:\/\/yoast.com\/product\/yoast-seo-wordpress\/ -->\n<title>Discos de Pluma - Avenida Tintas<\/title>\n<meta name=\"description\" content=\"Caracter\u00edsticas S\u00e3o discos de lixa conhecidos tamb\u00e9m como discos de pluma ou discos hookit que possuem um costado que adere aos &quot;pratos&quot; com velcro, acoplados em lixadeiras orbitais.Di\u00e2metros\u00d83&quot;, \u00d85&quot;, \u00d86&quot;, \u00d87&quot; e \u00d89&quot; com e sem furos para aspira\u00e7\u00e3o do p\u00f3, no gr\u00e3o \u00f3xido de alum\u00ednio marrom na granulometria P36 ao P2000.DetalhesGr\u00e3os P36 ao P2000.S\u00e3o aplicados nos segmentos automotivo, moveleiro, naval e constru\u00e7\u00e3o civil.\" \/>\n<meta name=\"robots\" content=\"index, follow, max-snippet:-1, max-image-preview:large, max-video-preview:-1\" \/>\n<link rel=\"canonical\" href=\"https:\/\/avenidatintas.com\/ube\/produto\/discos-de-pluma\/\" \/>\n<meta property=\"og:locale\" content=\"pt_BR\" \/>\n<meta property=\"og:type\" content=\"article\" \/>\n<meta property=\"og:title\" content=\"Discos de Pluma - Avenida Tintas\" \/>\n<meta property=\"og:description\" content=\"Caracter\u00edsticas S\u00e3o discos de lixa conhecidos tamb\u00e9m como discos de pluma ou discos hookit que possuem um costado que adere aos &quot;pratos&quot; com velcro, acoplados em lixadeiras orbitais.Di\u00e2metros\u00d83&quot;, \u00d85&quot;, \u00d86&quot;, \u00d87&quot; e \u00d89&quot; com e sem furos para aspira\u00e7\u00e3o do p\u00f3, no gr\u00e3o \u00f3xido de alum\u00ednio marrom na granulometria P36 ao P2000.DetalhesGr\u00e3os P36 ao P2000.S\u00e3o aplicados nos segmentos automotivo, moveleiro, naval e constru\u00e7\u00e3o civil.\" \/>\n<meta property=\"og:url\" content=\"https:\/\/avenidatintas.com\/ube\/produto\/discos-de-pluma\/\" \/>\n<meta property=\"og:site_name\" content=\"Avenida Tintas\" \/>\n<meta property=\"article:publisher\" content=\"https:\/\/www.facebook.com\/Avenida-Distribuidora-de-Tintas-Revenda-autorizada-WEG-100369271992882\" \/>\n<meta property=\"article:modified_time\" content=\"2022-01-14T12:58:28+00:00\" \/>\n<meta property=\"og:image\" content=\"https:\/\/avenidatintas.com\/ube\/wp-content\/uploads\/2022\/01\/Disco-de-pluma-02.jpeg\" \/>\n\t<meta property=\"og:image:width\" content=\"720\" \/>\n\t<meta property=\"og:image:height\" content=\"729\" \/>\n\t<meta property=\"og:image:type\" content=\"image\/jpeg\" \/>\n<script type=\"application\/ld+json\" class=\"yoast-schema-graph\">{\"@context\":\"https:\\\/\\\/schema.org\",\"@graph\":[{\"@type\":\"WebPage\",\"@id\":\"https:\\\/\\\/avenidatintas.com\\\/ube\\\/produto\\\/discos-de-pluma\\\/\",\"url\":\"https:\\\/\\\/avenidatintas.com\\\/ube\\\/produto\\\/discos-de-pluma\\\/\",\"name\":\"Discos de Pluma - Avenida Tintas\",\"isPartOf\":{\"@id\":\"https:\\\/\\\/avenidatintas.com\\\/ube\\\/#website\"},\"primaryImageOfPage\":{\"@id\":\"https:\\\/\\\/avenidatintas.com\\\/ube\\\/produto\\\/discos-de-pluma\\\/#primaryimage\"},\"image\":{\"@id\":\"https:\\\/\\\/avenidatintas.com\\\/ube\\\/produto\\\/discos-de-pluma\\\/#primaryimage\"},\"thumbnailUrl\":\"https:\\\/\\\/avenidatintas.com\\\/ube\\\/wp-content\\\/uploads\\\/2022\\\/01\\\/Disco-de-pluma-02.jpeg\",\"datePublished\":\"2022-01-05T12:48:56+00:00\",\"dateModified\":\"2022-01-14T12:58:28+00:00\",\"description\":\"Caracter\u00edsticas S\u00e3o discos de lixa conhecidos tamb\u00e9m como discos de pluma ou discos hookit que possuem um costado que adere aos \\\"pratos\\\" com velcro, acoplados em lixadeiras orbitais.Di\u00e2metros\u00d83\\\", \u00d85\\\", \u00d86\\\", \u00d87\\\" e \u00d89\\\" com e sem furos para aspira\u00e7\u00e3o do p\u00f3, no gr\u00e3o \u00f3xido de alum\u00ednio marrom na granulometria P36 ao P2000.DetalhesGr\u00e3os P36 ao P2000.S\u00e3o aplicados nos segmentos automotivo, moveleiro, naval e constru\u00e7\u00e3o civil.\",\"breadcrumb\":{\"@id\":\"https:\\\/\\\/avenidatintas.com\\\/ube\\\/produto\\\/discos-de-pluma\\\/#breadcrumb\"},\"inLanguage\":\"pt-BR\",\"potentialAction\":[{\"@type\":\"ReadAction\",\"target\":[\"https:\\\/\\\/avenidatintas.com\\\/ube\\\/produto\\\/discos-de-pluma\\\/\"]}]},{\"@type\":\"ImageObject\",\"inLanguage\":\"pt-BR\",\"@id\":\"https:\\\/\\\/avenidatintas.com\\\/ube\\\/produto\\\/discos-de-pluma\\\/#primaryimage\",\"url\":\"https:\\\/\\\/avenidatintas.com\\\/ube\\\/wp-content\\\/uploads\\\/2022\\\/01\\\/Disco-de-pluma-02.jpeg\",\"contentUrl\":\"https:\\\/\\\/avenidatintas.com\\\/ube\\\/wp-content\\\/uploads\\\/2022\\\/01\\\/Disco-de-pluma-02.jpeg\",\"width\":720,\"height\":729},{\"@type\":\"BreadcrumbList\",\"@id\":\"https:\\\/\\\/avenidatintas.com\\\/ube\\\/produto\\\/discos-de-pluma\\\/#breadcrumb\",\"itemListElement\":[{\"@type\":\"ListItem\",\"position\":1,\"name\":\"In\u00edcio\",\"item\":\"https:\\\/\\\/avenidatintas.com\\\/ube\\\/\"},{\"@type\":\"ListItem\",\"position\":2,\"name\":\"Produtos\",\"item\":\"https:\\\/\\\/avenidatintas.com\\\/ube\\\/loja\\\/\"},{\"@type\":\"ListItem\",\"position\":3,\"name\":\"Discos de Pluma\"}]},{\"@type\":\"WebSite\",\"@id\":\"https:\\\/\\\/avenidatintas.com\\\/ube\\\/#website\",\"url\":\"https:\\\/\\\/avenidatintas.com\\\/ube\\\/\",\"name\":\"Avenida Tintas\",\"description\":\"Tintas para manuten\u00e7\u00e3o Industrial e Mar\u00edtima WEG; laborat\u00f3rio de prepara\u00e7\u00e3o de tintas\",\"potentialAction\":[{\"@type\":\"SearchAction\",\"target\":{\"@type\":\"EntryPoint\",\"urlTemplate\":\"https:\\\/\\\/avenidatintas.com\\\/ube\\\/?s={search_term_string}\"},\"query-input\":{\"@type\":\"PropertyValueSpecification\",\"valueRequired\":true,\"valueName\":\"search_term_string\"}}],\"inLanguage\":\"pt-BR\"}]}<\/script>\n<!-- \/ Yoast SEO plugin. -->","yoast_head_json":{"title":"Discos de Pluma - Avenida Tintas","description":"Caracter\u00edsticas S\u00e3o discos de lixa conhecidos tamb\u00e9m como discos de pluma ou discos hookit que possuem um costado que adere aos \"pratos\" com velcro, acoplados em lixadeiras orbitais.Di\u00e2metros\u00d83\", \u00d85\", \u00d86\", \u00d87\" e \u00d89\" com e sem furos para aspira\u00e7\u00e3o do p\u00f3, no gr\u00e3o \u00f3xido de alum\u00ednio marrom na granulometria P36 ao P2000.DetalhesGr\u00e3os P36 ao P2000.S\u00e3o aplicados nos segmentos automotivo, moveleiro, naval e constru\u00e7\u00e3o civil.","robots":{"index":"index","follow":"follow","max-snippet":"max-snippet:-1","max-image-preview":"max-image-preview:large","max-video-preview":"max-video-preview:-1"},"canonical":"https:\/\/avenidatintas.com\/ube\/produto\/discos-de-pluma\/","og_locale":"pt_BR","og_type":"article","og_title":"Discos de Pluma - Avenida Tintas","og_description":"Caracter\u00edsticas S\u00e3o discos de lixa conhecidos tamb\u00e9m como discos de pluma ou discos hookit que possuem um costado que adere aos \"pratos\" com velcro, acoplados em lixadeiras orbitais.Di\u00e2metros\u00d83\", \u00d85\", \u00d86\", \u00d87\" e \u00d89\" com e sem furos para aspira\u00e7\u00e3o do p\u00f3, no gr\u00e3o \u00f3xido de alum\u00ednio marrom na granulometria P36 ao P2000.DetalhesGr\u00e3os P36 ao P2000.S\u00e3o aplicados nos segmentos automotivo, moveleiro, naval e constru\u00e7\u00e3o civil.","og_url":"https:\/\/avenidatintas.com\/ube\/produto\/discos-de-pluma\/","og_site_name":"Avenida Tintas","article_publisher":"https:\/\/www.facebook.com\/Avenida-Distribuidora-de-Tintas-Revenda-autorizada-WEG-100369271992882","article_modified_time":"2022-01-14T12:58:28+00:00","og_image":[{"width":720,"height":729,"url":"https:\/\/avenidatintas.com\/ube\/wp-content\/uploads\/2022\/01\/Disco-de-pluma-02.jpeg","type":"image\/jpeg"}],"schema":{"@context":"https:\/\/schema.org","@graph":[{"@type":"WebPage","@id":"https:\/\/avenidatintas.com\/ube\/produto\/discos-de-pluma\/","url":"https:\/\/avenidatintas.com\/ube\/produto\/discos-de-pluma\/","name":"Discos de Pluma - Avenida Tintas","isPartOf":{"@id":"https:\/\/avenidatintas.com\/ube\/#website"},"primaryImageOfPage":{"@id":"https:\/\/avenidatintas.com\/ube\/produto\/discos-de-pluma\/#primaryimage"},"image":{"@id":"https:\/\/avenidatintas.com\/ube\/produto\/discos-de-pluma\/#primaryimage"},"thumbnailUrl":"https:\/\/avenidatintas.com\/ube\/wp-content\/uploads\/2022\/01\/Disco-de-pluma-02.jpeg","datePublished":"2022-01-05T12:48:56+00:00","dateModified":"2022-01-14T12:58:28+00:00","description":"Caracter\u00edsticas S\u00e3o discos de lixa conhecidos tamb\u00e9m como discos de pluma ou discos hookit que possuem um costado que adere aos \"pratos\" com velcro, acoplados em lixadeiras orbitais.Di\u00e2metros\u00d83\", \u00d85\", \u00d86\", \u00d87\" e \u00d89\" com e sem furos para aspira\u00e7\u00e3o do p\u00f3, no gr\u00e3o \u00f3xido de alum\u00ednio marrom na granulometria P36 ao P2000.DetalhesGr\u00e3os P36 ao P2000.S\u00e3o aplicados nos segmentos automotivo, moveleiro, naval e constru\u00e7\u00e3o civil.","breadcrumb":{"@id":"https:\/\/avenidatintas.com\/ube\/produto\/discos-de-pluma\/#breadcrumb"},"inLanguage":"pt-BR","potentialAction":[{"@type":"ReadAction","target":["https:\/\/avenidatintas.com\/ube\/produto\/discos-de-pluma\/"]}]},{"@type":"ImageObject","inLanguage":"pt-BR","@id":"https:\/\/avenidatintas.com\/ube\/produto\/discos-de-pluma\/#primaryimage","url":"https:\/\/avenidatintas.com\/ube\/wp-content\/uploads\/2022\/01\/Disco-de-pluma-02.jpeg","contentUrl":"https:\/\/avenidatintas.com\/ube\/wp-content\/uploads\/2022\/01\/Disco-de-pluma-02.jpeg","width":720,"height":729},{"@type":"BreadcrumbList","@id":"https:\/\/avenidatintas.com\/ube\/produto\/discos-de-pluma\/#breadcrumb","itemListElement":[{"@type":"ListItem","position":1,"name":"In\u00edcio","item":"https:\/\/avenidatintas.com\/ube\/"},{"@type":"ListItem","position":2,"name":"Produtos","item":"https:\/\/avenidatintas.com\/ube\/loja\/"},{"@type":"ListItem","position":3,"name":"Discos de Pluma"}]},{"@type":"WebSite","@id":"https:\/\/avenidatintas.com\/ube\/#website","url":"https:\/\/avenidatintas.com\/ube\/","name":"Avenida Tintas","description":"Tintas para manuten\u00e7\u00e3o Industrial e Mar\u00edtima WEG; laborat\u00f3rio de prepara\u00e7\u00e3o de tintas","potentialAction":[{"@type":"SearchAction","target":{"@type":"EntryPoint","urlTemplate":"https:\/\/avenidatintas.com\/ube\/?s={search_term_string}"},"query-input":{"@type":"PropertyValueSpecification","valueRequired":true,"valueName":"search_term_string"}}],"inLanguage":"pt-BR"}]}},"_links":{"self":[{"href":"https:\/\/avenidatintas.com\/ube\/wp-json\/wp\/v2\/product\/2048","targetHints":{"allow":["GET"]}}],"collection":[{"href":"https:\/\/avenidatintas.com\/ube\/wp-json\/wp\/v2\/product"}],"about":[{"href":"https:\/\/avenidatintas.com\/ube\/wp-json\/wp\/v2\/types\/product"}],"wp:featuredmedia":[{"embeddable":true,"href":"https:\/\/avenidatintas.com\/ube\/wp-json\/wp\/v2\/media\/2090"}],"wp:attachment":[{"href":"https:\/\/avenidatintas.com\/ube\/wp-json\/wp\/v2\/media?parent=2048"}],"wp:term":[{"taxonomy":"product_brand","embeddable":true,"href":"https:\/\/avenidatintas.com\/ube\/wp-json\/wp\/v2\/product_brand?post=2048"},{"taxonomy":"product_cat","embeddable":true,"href":"https:\/\/avenidatintas.com\/ube\/wp-json\/wp\/v2\/product_cat?post=2048"},{"taxonomy":"product_tag","embeddable":true,"href":"https:\/\/avenidatintas.com\/ube\/wp-json\/wp\/v2\/product_tag?post=2048"}],"curies":[{"name":"wp","href":"https:\/\/api.w.org\/{rel}","templated":true}]}}