{"id":2027,"date":"2021-11-23T08:27:11","date_gmt":"2021-11-23T11:27:11","guid":{"rendered":"https:\/\/avenidatintas.com\/?post_type=product&#038;p=2027"},"modified":"2022-10-26T16:44:13","modified_gmt":"2022-10-26T19:44:13","slug":"roda-de-lixa","status":"publish","type":"product","link":"https:\/\/avenidatintas.com\/ube\/produto\/roda-de-lixa\/","title":{"rendered":"Roda de Lixa"},"content":{"rendered":"<p>\nCaracter\u00edsticas<br \/>\nRodas de lixa, PK ou polikontour s\u00e3o o mesmo produto. S\u00e3o fabricadas no gr\u00e3o \u00f3xido de alum\u00ednio marrom nos mais variados tamanhos e sua granulometria varia do gr\u00e3o P36 ao P400.<br \/>\nMedidas<br \/>\nAs medidas das rodas, al\u00e9m do tipo do gr\u00e3o, s\u00e3o determinadas dessa forma:<br \/>\nDi\u00e2metro externo da roda de lixa<br \/>\nDi\u00e2metro interno (furo da flange)<br \/>\nLargura da roda de lixa<\/p>\n<p>\u00c9 recomendado que utilize em rota\u00e7\u00e3o m\u00e1xima de 3.500 RPM.  <\/p>\n<p>Embalagens com quantidades padronizadas de 2, 5 e 10 unidades.<\/p>\n","protected":false},"excerpt":{"rendered":"<p>Detalhes<br \/>\nS\u00e3o fabricadas nos mais variados tamanhos e sua granulometria varia do gr\u00e3o P36 ao P600 .<br \/>\nAs medidas das rodas, al\u00e9m do tipo do gr\u00e3o, s\u00e3o determinadas desta forma: di\u00e2metro externo da roda de lixa; di\u00e2metro interno (furo da flange); largura da roda de lixa.<\/p>\n","protected":false},"featured_media":2087,"template":"","meta":{"_et_pb_use_builder":"","_et_pb_old_content":"","_et_gb_content_width":""},"product_brand":[],"product_cat":[349],"product_tag":[352,361,360,354,355,359,358,194,357,375,374,373,372],"class_list":{"0":"post-2027","1":"product","2":"type-product","3":"status-publish","4":"has-post-thumbnail","6":"product_cat-abrasivos","7":"product_tag-abrasivo","8":"product_tag-avenida-distribuidora","9":"product_tag-avenida-tintas","10":"product_tag-chaparia","11":"product_tag-ferro","12":"product_tag-ka169","13":"product_tag-lixa","14":"product_tag-madeira","15":"product_tag-oxido-de-aluminio-marrom","16":"product_tag-pk","17":"product_tag-polikontour","18":"product_tag-roda","19":"product_tag-roda-de-lixa","21":"first","22":"instock","23":"featured","24":"shipping-taxable","25":"purchasable","26":"product-type-variable"},"yoast_head":"<!-- This site is optimized with the Yoast SEO plugin v27.3 - https:\/\/yoast.com\/product\/yoast-seo-wordpress\/ -->\n<title>Roda de Lixa - Avenida Tintas<\/title>\n<meta name=\"description\" content=\"Caracter\u00edsticasRodas de lixa, PK ou polikontour s\u00e3o o mesmo produto. S\u00e3o fabricadas no gr\u00e3o \u00f3xido de alum\u00ednio marrom nos mais variados tamanhos e sua granulometria varia do gr\u00e3o P36 ao P600.MedidasAs medidas das rodas, al\u00e9m do tipo do gr\u00e3o, s\u00e3o determinadas dessa forma:Di\u00e2metro externo da roda de lixaDi\u00e2metro interno (furo da flange)Largura da roda de lixaDetalhesS\u00e3o fabricadas nos mais variados tamanhos e sua granulometria varia do gr\u00e3o P36 ao P600 .As medidas das rodas, al\u00e9m do tipo do gr\u00e3o, s\u00e3o determinadas desta forma: di\u00e2metro externo da roda de lixa; di\u00e2metro interno (furo da flange); largura da roda de lixa.\" \/>\n<meta name=\"robots\" content=\"index, follow, max-snippet:-1, max-image-preview:large, max-video-preview:-1\" \/>\n<link rel=\"canonical\" href=\"https:\/\/avenidatintas.com\/ube\/produto\/roda-de-lixa\/\" \/>\n<meta property=\"og:locale\" content=\"pt_BR\" \/>\n<meta property=\"og:type\" content=\"article\" \/>\n<meta property=\"og:title\" content=\"Roda de Lixa - Avenida Tintas\" \/>\n<meta property=\"og:description\" content=\"Caracter\u00edsticasRodas de lixa, PK ou polikontour s\u00e3o o mesmo produto. S\u00e3o fabricadas no gr\u00e3o \u00f3xido de alum\u00ednio marrom nos mais variados tamanhos e sua granulometria varia do gr\u00e3o P36 ao P600.MedidasAs medidas das rodas, al\u00e9m do tipo do gr\u00e3o, s\u00e3o determinadas dessa forma:Di\u00e2metro externo da roda de lixaDi\u00e2metro interno (furo da flange)Largura da roda de lixaDetalhesS\u00e3o fabricadas nos mais variados tamanhos e sua granulometria varia do gr\u00e3o P36 ao P600 .As medidas das rodas, al\u00e9m do tipo do gr\u00e3o, s\u00e3o determinadas desta forma: di\u00e2metro externo da roda de lixa; di\u00e2metro interno (furo da flange); largura da roda de lixa.\" \/>\n<meta property=\"og:url\" content=\"https:\/\/avenidatintas.com\/ube\/produto\/roda-de-lixa\/\" \/>\n<meta property=\"og:site_name\" content=\"Avenida Tintas\" \/>\n<meta property=\"article:publisher\" content=\"https:\/\/www.facebook.com\/Avenida-Distribuidora-de-Tintas-Revenda-autorizada-WEG-100369271992882\" \/>\n<meta property=\"article:modified_time\" content=\"2022-10-26T19:44:13+00:00\" \/>\n<meta property=\"og:image\" content=\"https:\/\/avenidatintas.com\/ube\/wp-content\/uploads\/2021\/11\/Captura-roda-1.jpeg\" \/>\n\t<meta property=\"og:image:width\" content=\"1200\" \/>\n\t<meta property=\"og:image:height\" content=\"1280\" \/>\n\t<meta property=\"og:image:type\" content=\"image\/jpeg\" \/>\n<script type=\"application\/ld+json\" class=\"yoast-schema-graph\">{\"@context\":\"https:\\\/\\\/schema.org\",\"@graph\":[{\"@type\":\"WebPage\",\"@id\":\"https:\\\/\\\/avenidatintas.com\\\/ube\\\/produto\\\/roda-de-lixa\\\/\",\"url\":\"https:\\\/\\\/avenidatintas.com\\\/ube\\\/produto\\\/roda-de-lixa\\\/\",\"name\":\"Roda de Lixa - Avenida Tintas\",\"isPartOf\":{\"@id\":\"https:\\\/\\\/avenidatintas.com\\\/ube\\\/#website\"},\"primaryImageOfPage\":{\"@id\":\"https:\\\/\\\/avenidatintas.com\\\/ube\\\/produto\\\/roda-de-lixa\\\/#primaryimage\"},\"image\":{\"@id\":\"https:\\\/\\\/avenidatintas.com\\\/ube\\\/produto\\\/roda-de-lixa\\\/#primaryimage\"},\"thumbnailUrl\":\"https:\\\/\\\/avenidatintas.com\\\/ube\\\/wp-content\\\/uploads\\\/2021\\\/11\\\/Captura-roda-1.jpeg\",\"datePublished\":\"2021-11-23T11:27:11+00:00\",\"dateModified\":\"2022-10-26T19:44:13+00:00\",\"description\":\"Caracter\u00edsticasRodas de lixa, PK ou polikontour s\u00e3o o mesmo produto. S\u00e3o fabricadas no gr\u00e3o \u00f3xido de alum\u00ednio marrom nos mais variados tamanhos e sua granulometria varia do gr\u00e3o P36 ao P600.MedidasAs medidas das rodas, al\u00e9m do tipo do gr\u00e3o, s\u00e3o determinadas dessa forma:Di\u00e2metro externo da roda de lixaDi\u00e2metro interno (furo da flange)Largura da roda de lixaDetalhesS\u00e3o fabricadas nos mais variados tamanhos e sua granulometria varia do gr\u00e3o P36 ao P600 .As medidas das rodas, al\u00e9m do tipo do gr\u00e3o, s\u00e3o determinadas desta forma: di\u00e2metro externo da roda de lixa; di\u00e2metro interno (furo da flange); largura da roda de lixa.\",\"breadcrumb\":{\"@id\":\"https:\\\/\\\/avenidatintas.com\\\/ube\\\/produto\\\/roda-de-lixa\\\/#breadcrumb\"},\"inLanguage\":\"pt-BR\",\"potentialAction\":[{\"@type\":\"ReadAction\",\"target\":[\"https:\\\/\\\/avenidatintas.com\\\/ube\\\/produto\\\/roda-de-lixa\\\/\"]}]},{\"@type\":\"ImageObject\",\"inLanguage\":\"pt-BR\",\"@id\":\"https:\\\/\\\/avenidatintas.com\\\/ube\\\/produto\\\/roda-de-lixa\\\/#primaryimage\",\"url\":\"https:\\\/\\\/avenidatintas.com\\\/ube\\\/wp-content\\\/uploads\\\/2021\\\/11\\\/Captura-roda-1.jpeg\",\"contentUrl\":\"https:\\\/\\\/avenidatintas.com\\\/ube\\\/wp-content\\\/uploads\\\/2021\\\/11\\\/Captura-roda-1.jpeg\",\"width\":1200,\"height\":1280},{\"@type\":\"BreadcrumbList\",\"@id\":\"https:\\\/\\\/avenidatintas.com\\\/ube\\\/produto\\\/roda-de-lixa\\\/#breadcrumb\",\"itemListElement\":[{\"@type\":\"ListItem\",\"position\":1,\"name\":\"In\u00edcio\",\"item\":\"https:\\\/\\\/avenidatintas.com\\\/ube\\\/\"},{\"@type\":\"ListItem\",\"position\":2,\"name\":\"Produtos\",\"item\":\"https:\\\/\\\/avenidatintas.com\\\/ube\\\/loja\\\/\"},{\"@type\":\"ListItem\",\"position\":3,\"name\":\"Roda de Lixa\"}]},{\"@type\":\"WebSite\",\"@id\":\"https:\\\/\\\/avenidatintas.com\\\/ube\\\/#website\",\"url\":\"https:\\\/\\\/avenidatintas.com\\\/ube\\\/\",\"name\":\"Avenida Tintas\",\"description\":\"Tintas para manuten\u00e7\u00e3o Industrial e Mar\u00edtima WEG; laborat\u00f3rio de prepara\u00e7\u00e3o de tintas\",\"potentialAction\":[{\"@type\":\"SearchAction\",\"target\":{\"@type\":\"EntryPoint\",\"urlTemplate\":\"https:\\\/\\\/avenidatintas.com\\\/ube\\\/?s={search_term_string}\"},\"query-input\":{\"@type\":\"PropertyValueSpecification\",\"valueRequired\":true,\"valueName\":\"search_term_string\"}}],\"inLanguage\":\"pt-BR\"}]}<\/script>\n<!-- \/ Yoast SEO plugin. -->","yoast_head_json":{"title":"Roda de Lixa - Avenida Tintas","description":"Caracter\u00edsticasRodas de lixa, PK ou polikontour s\u00e3o o mesmo produto. S\u00e3o fabricadas no gr\u00e3o \u00f3xido de alum\u00ednio marrom nos mais variados tamanhos e sua granulometria varia do gr\u00e3o P36 ao P600.MedidasAs medidas das rodas, al\u00e9m do tipo do gr\u00e3o, s\u00e3o determinadas dessa forma:Di\u00e2metro externo da roda de lixaDi\u00e2metro interno (furo da flange)Largura da roda de lixaDetalhesS\u00e3o fabricadas nos mais variados tamanhos e sua granulometria varia do gr\u00e3o P36 ao P600 .As medidas das rodas, al\u00e9m do tipo do gr\u00e3o, s\u00e3o determinadas desta forma: di\u00e2metro externo da roda de lixa; di\u00e2metro interno (furo da flange); largura da roda de lixa.","robots":{"index":"index","follow":"follow","max-snippet":"max-snippet:-1","max-image-preview":"max-image-preview:large","max-video-preview":"max-video-preview:-1"},"canonical":"https:\/\/avenidatintas.com\/ube\/produto\/roda-de-lixa\/","og_locale":"pt_BR","og_type":"article","og_title":"Roda de Lixa - Avenida Tintas","og_description":"Caracter\u00edsticasRodas de lixa, PK ou polikontour s\u00e3o o mesmo produto. S\u00e3o fabricadas no gr\u00e3o \u00f3xido de alum\u00ednio marrom nos mais variados tamanhos e sua granulometria varia do gr\u00e3o P36 ao P600.MedidasAs medidas das rodas, al\u00e9m do tipo do gr\u00e3o, s\u00e3o determinadas dessa forma:Di\u00e2metro externo da roda de lixaDi\u00e2metro interno (furo da flange)Largura da roda de lixaDetalhesS\u00e3o fabricadas nos mais variados tamanhos e sua granulometria varia do gr\u00e3o P36 ao P600 .As medidas das rodas, al\u00e9m do tipo do gr\u00e3o, s\u00e3o determinadas desta forma: di\u00e2metro externo da roda de lixa; di\u00e2metro interno (furo da flange); largura da roda de lixa.","og_url":"https:\/\/avenidatintas.com\/ube\/produto\/roda-de-lixa\/","og_site_name":"Avenida Tintas","article_publisher":"https:\/\/www.facebook.com\/Avenida-Distribuidora-de-Tintas-Revenda-autorizada-WEG-100369271992882","article_modified_time":"2022-10-26T19:44:13+00:00","og_image":[{"width":1200,"height":1280,"url":"https:\/\/avenidatintas.com\/ube\/wp-content\/uploads\/2021\/11\/Captura-roda-1.jpeg","type":"image\/jpeg"}],"schema":{"@context":"https:\/\/schema.org","@graph":[{"@type":"WebPage","@id":"https:\/\/avenidatintas.com\/ube\/produto\/roda-de-lixa\/","url":"https:\/\/avenidatintas.com\/ube\/produto\/roda-de-lixa\/","name":"Roda de Lixa - Avenida Tintas","isPartOf":{"@id":"https:\/\/avenidatintas.com\/ube\/#website"},"primaryImageOfPage":{"@id":"https:\/\/avenidatintas.com\/ube\/produto\/roda-de-lixa\/#primaryimage"},"image":{"@id":"https:\/\/avenidatintas.com\/ube\/produto\/roda-de-lixa\/#primaryimage"},"thumbnailUrl":"https:\/\/avenidatintas.com\/ube\/wp-content\/uploads\/2021\/11\/Captura-roda-1.jpeg","datePublished":"2021-11-23T11:27:11+00:00","dateModified":"2022-10-26T19:44:13+00:00","description":"Caracter\u00edsticasRodas de lixa, PK ou polikontour s\u00e3o o mesmo produto. S\u00e3o fabricadas no gr\u00e3o \u00f3xido de alum\u00ednio marrom nos mais variados tamanhos e sua granulometria varia do gr\u00e3o P36 ao P600.MedidasAs medidas das rodas, al\u00e9m do tipo do gr\u00e3o, s\u00e3o determinadas dessa forma:Di\u00e2metro externo da roda de lixaDi\u00e2metro interno (furo da flange)Largura da roda de lixaDetalhesS\u00e3o fabricadas nos mais variados tamanhos e sua granulometria varia do gr\u00e3o P36 ao P600 .As medidas das rodas, al\u00e9m do tipo do gr\u00e3o, s\u00e3o determinadas desta forma: di\u00e2metro externo da roda de lixa; di\u00e2metro interno (furo da flange); largura da roda de lixa.","breadcrumb":{"@id":"https:\/\/avenidatintas.com\/ube\/produto\/roda-de-lixa\/#breadcrumb"},"inLanguage":"pt-BR","potentialAction":[{"@type":"ReadAction","target":["https:\/\/avenidatintas.com\/ube\/produto\/roda-de-lixa\/"]}]},{"@type":"ImageObject","inLanguage":"pt-BR","@id":"https:\/\/avenidatintas.com\/ube\/produto\/roda-de-lixa\/#primaryimage","url":"https:\/\/avenidatintas.com\/ube\/wp-content\/uploads\/2021\/11\/Captura-roda-1.jpeg","contentUrl":"https:\/\/avenidatintas.com\/ube\/wp-content\/uploads\/2021\/11\/Captura-roda-1.jpeg","width":1200,"height":1280},{"@type":"BreadcrumbList","@id":"https:\/\/avenidatintas.com\/ube\/produto\/roda-de-lixa\/#breadcrumb","itemListElement":[{"@type":"ListItem","position":1,"name":"In\u00edcio","item":"https:\/\/avenidatintas.com\/ube\/"},{"@type":"ListItem","position":2,"name":"Produtos","item":"https:\/\/avenidatintas.com\/ube\/loja\/"},{"@type":"ListItem","position":3,"name":"Roda de Lixa"}]},{"@type":"WebSite","@id":"https:\/\/avenidatintas.com\/ube\/#website","url":"https:\/\/avenidatintas.com\/ube\/","name":"Avenida Tintas","description":"Tintas para manuten\u00e7\u00e3o Industrial e Mar\u00edtima WEG; laborat\u00f3rio de prepara\u00e7\u00e3o de tintas","potentialAction":[{"@type":"SearchAction","target":{"@type":"EntryPoint","urlTemplate":"https:\/\/avenidatintas.com\/ube\/?s={search_term_string}"},"query-input":{"@type":"PropertyValueSpecification","valueRequired":true,"valueName":"search_term_string"}}],"inLanguage":"pt-BR"}]}},"_links":{"self":[{"href":"https:\/\/avenidatintas.com\/ube\/wp-json\/wp\/v2\/product\/2027","targetHints":{"allow":["GET"]}}],"collection":[{"href":"https:\/\/avenidatintas.com\/ube\/wp-json\/wp\/v2\/product"}],"about":[{"href":"https:\/\/avenidatintas.com\/ube\/wp-json\/wp\/v2\/types\/product"}],"wp:featuredmedia":[{"embeddable":true,"href":"https:\/\/avenidatintas.com\/ube\/wp-json\/wp\/v2\/media\/2087"}],"wp:attachment":[{"href":"https:\/\/avenidatintas.com\/ube\/wp-json\/wp\/v2\/media?parent=2027"}],"wp:term":[{"taxonomy":"product_brand","embeddable":true,"href":"https:\/\/avenidatintas.com\/ube\/wp-json\/wp\/v2\/product_brand?post=2027"},{"taxonomy":"product_cat","embeddable":true,"href":"https:\/\/avenidatintas.com\/ube\/wp-json\/wp\/v2\/product_cat?post=2027"},{"taxonomy":"product_tag","embeddable":true,"href":"https:\/\/avenidatintas.com\/ube\/wp-json\/wp\/v2\/product_tag?post=2027"}],"curies":[{"name":"wp","href":"https:\/\/api.w.org\/{rel}","templated":true}]}}