{"id":1989,"date":"2021-10-07T14:17:28","date_gmt":"2021-10-07T17:17:28","guid":{"rendered":"https:\/\/avenidatintas.com\/?post_type=product&#038;p=1989"},"modified":"2021-10-07T14:20:02","modified_gmt":"2021-10-07T17:20:02","slug":"wegpoxi-wet-surface-89-pw-aluminio","status":"publish","type":"product","link":"https:\/\/avenidatintas.com\/ube\/produto\/wegpoxi-wet-surface-89-pw-aluminio\/","title":{"rendered":"WEGPOXI WET SURFACE 89 PW ALUMINIO"},"content":{"rendered":"<p>DESCRI\u00c7\u00c3O DO PRODUTO:<br \/>\nPrimer acabamento ep\u00f3xi poliamina bicomponente com alto teor de s\u00f3lidos, alta espessura e pigmenta\u00e7\u00e3o anticorrosiva a base de alum\u00ednio, proporcionando maior prote\u00e7\u00e3o anticorrosiva por barreira. Produto tolerante \u00e0 superf\u00edcies: aplic\u00e1vel em substratos de a\u00e7o jateado seco, \u00famido, hidrojateado e com tratamento manual ou mec\u00e2nico. Pode ser usado como conversor de sistema. Oferece excelente prote\u00e7\u00e3o anticorrosiva em ambientes agressivos diversos.<br \/>\nProduto condutor de eletricidade.<\/p>\n","protected":false},"excerpt":{"rendered":"<p>USOS RECOMENDADOS:<br \/>\nNavios, estruturas mar\u00edtimas e offshore: pintura interna e externa de tanques de \u00e1gua pot\u00e1vel e lastro, decks, plataformas de explora\u00e7\u00e3o petrol\u00edferas, maquinaria de bordo.<br \/>\nAplica\u00e7\u00f5es industriais: Papel e celulose, qu\u00edmica e petroqu\u00edmica, pontes, estruturas met\u00e1licas e maquinaria diversa, minera\u00e7\u00e3o, entre outras.<br \/>\nTubula\u00e7\u00f5es: Pode ser aplicado no interior e exterior de tubula\u00e7\u00f5es.<\/p>\n","protected":false},"featured_media":1114,"template":"","meta":{"_et_pb_use_builder":"","_et_pb_old_content":"","_et_gb_content_width":""},"product_brand":[],"product_cat":[197,21,17],"product_tag":[196,147,150,215,296,251,302,220,149,347,342,346,139,343,154,204,221,285,297,344,156,345,143,144,283,188,312],"class_list":{"0":"post-1989","1":"product","2":"type-product","3":"status-publish","4":"has-post-thumbnail","6":"product_cat-epoxi-industriais","7":"product_cat-industriais","8":"product_cat-tintas-liquidas","9":"product_tag-acabamento","10":"product_tag-aco","11":"product_tag-agua-potavel","12":"product_tag-alta-espessura","13":"product_tag-alto-solido","14":"product_tag-aluminio","15":"product_tag-ambientes-agressivo","16":"product_tag-anticorrosiva","17":"product_tag-bicomponente","18":"product_tag-condutor-de-eletrecidade","19":"product_tag-condutor-de-eletricidade","20":"product_tag-conversor-de-sistemas","21":"product_tag-dupla-funcao","22":"product_tag-estrutura-maritima","23":"product_tag-estruturas-metalicas","24":"product_tag-exterior-de-tanques","25":"product_tag-exterior-de-tubulacoes","26":"product_tag-interior-de-tanques","27":"product_tag-interior-de-tubulacoes","28":"product_tag-lastro","29":"product_tag-maquinas","30":"product_tag-mineracao","31":"product_tag-navio","32":"product_tag-offshore","33":"product_tag-plataforma","34":"product_tag-primer","35":"product_tag-protecao-por-barreira","37":"first","38":"instock","39":"shipping-taxable","40":"purchasable","41":"product-type-variable"},"yoast_head":"<!-- This site is optimized with the Yoast SEO plugin v27.3 - https:\/\/yoast.com\/product\/yoast-seo-wordpress\/ -->\n<title>WEGPOXI WET SURFACE 89 PW ALUMINIO - Avenida Tintas<\/title>\n<meta name=\"description\" content=\"DESCRI\u00c7\u00c3O DO PRODUTO:Primer acabamento ep\u00f3xi poliamina bicomponente com alto teor de s\u00f3lidos, alta espessura e pigmenta\u00e7\u00e3o anticorrosiva a base de alum\u00ednio, proporcionando maior prote\u00e7\u00e3o anticorrosiva por barreira. Produto tolerante \u00e0 superf\u00edcies: aplic\u00e1vel em substratos de a\u00e7o jateado seco, \u00famido, hidrojateado e com tratamento manual ou mec\u00e2nico. Pode ser usado como conversor de sistema. Oferece excelente prote\u00e7\u00e3o anticorrosiva em ambientes agressivos diversos.Produto condutor de eletricidade.USOS RECOMENDADOS:Navios, estruturas mar\u00edtimas e offshore: pintura interna e externa de tanques de \u00e1gua pot\u00e1vel e lastro, decks, plataformas de explora\u00e7\u00e3o petrol\u00edferas, maquinaria de bordo.Aplica\u00e7\u00f5es industriais: Papel e celulose, qu\u00edmica e petroqu\u00edmica, pontes, estruturas met\u00e1licas e maquinaria diversa, minera\u00e7\u00e3o, entre outras.Tubula\u00e7\u00f5es: Pode ser aplicado no interior e exterior de tubula\u00e7\u00f5es.\" \/>\n<meta name=\"robots\" content=\"index, follow, max-snippet:-1, max-image-preview:large, max-video-preview:-1\" \/>\n<link rel=\"canonical\" href=\"https:\/\/avenidatintas.com\/ube\/produto\/wegpoxi-wet-surface-89-pw-aluminio\/\" \/>\n<meta property=\"og:locale\" content=\"pt_BR\" \/>\n<meta property=\"og:type\" content=\"article\" \/>\n<meta property=\"og:title\" content=\"WEGPOXI WET SURFACE 89 PW ALUMINIO - Avenida Tintas\" \/>\n<meta property=\"og:description\" content=\"DESCRI\u00c7\u00c3O DO PRODUTO:Primer acabamento ep\u00f3xi poliamina bicomponente com alto teor de s\u00f3lidos, alta espessura e pigmenta\u00e7\u00e3o anticorrosiva a base de alum\u00ednio, proporcionando maior prote\u00e7\u00e3o anticorrosiva por barreira. Produto tolerante \u00e0 superf\u00edcies: aplic\u00e1vel em substratos de a\u00e7o jateado seco, \u00famido, hidrojateado e com tratamento manual ou mec\u00e2nico. Pode ser usado como conversor de sistema. Oferece excelente prote\u00e7\u00e3o anticorrosiva em ambientes agressivos diversos.Produto condutor de eletricidade.USOS RECOMENDADOS:Navios, estruturas mar\u00edtimas e offshore: pintura interna e externa de tanques de \u00e1gua pot\u00e1vel e lastro, decks, plataformas de explora\u00e7\u00e3o petrol\u00edferas, maquinaria de bordo.Aplica\u00e7\u00f5es industriais: Papel e celulose, qu\u00edmica e petroqu\u00edmica, pontes, estruturas met\u00e1licas e maquinaria diversa, minera\u00e7\u00e3o, entre outras.Tubula\u00e7\u00f5es: Pode ser aplicado no interior e exterior de tubula\u00e7\u00f5es.\" \/>\n<meta property=\"og:url\" content=\"https:\/\/avenidatintas.com\/ube\/produto\/wegpoxi-wet-surface-89-pw-aluminio\/\" \/>\n<meta property=\"og:site_name\" content=\"Avenida Tintas\" \/>\n<meta property=\"article:publisher\" content=\"https:\/\/www.facebook.com\/Avenida-Distribuidora-de-Tintas-Revenda-autorizada-WEG-100369271992882\" \/>\n<meta property=\"article:modified_time\" content=\"2021-10-07T17:20:02+00:00\" \/>\n<meta property=\"og:image\" content=\"https:\/\/avenidatintas.com\/ube\/wp-content\/uploads\/2021\/06\/W-VIARIA-CVP-605.jpg\" \/>\n\t<meta property=\"og:image:width\" content=\"680\" \/>\n\t<meta property=\"og:image:height\" content=\"680\" \/>\n\t<meta property=\"og:image:type\" content=\"image\/jpeg\" \/>\n<script type=\"application\/ld+json\" class=\"yoast-schema-graph\">{\"@context\":\"https:\\\/\\\/schema.org\",\"@graph\":[{\"@type\":\"WebPage\",\"@id\":\"https:\\\/\\\/avenidatintas.com\\\/ube\\\/produto\\\/wegpoxi-wet-surface-89-pw-aluminio\\\/\",\"url\":\"https:\\\/\\\/avenidatintas.com\\\/ube\\\/produto\\\/wegpoxi-wet-surface-89-pw-aluminio\\\/\",\"name\":\"WEGPOXI WET SURFACE 89 PW ALUMINIO - Avenida Tintas\",\"isPartOf\":{\"@id\":\"https:\\\/\\\/avenidatintas.com\\\/ube\\\/#website\"},\"primaryImageOfPage\":{\"@id\":\"https:\\\/\\\/avenidatintas.com\\\/ube\\\/produto\\\/wegpoxi-wet-surface-89-pw-aluminio\\\/#primaryimage\"},\"image\":{\"@id\":\"https:\\\/\\\/avenidatintas.com\\\/ube\\\/produto\\\/wegpoxi-wet-surface-89-pw-aluminio\\\/#primaryimage\"},\"thumbnailUrl\":\"https:\\\/\\\/avenidatintas.com\\\/ube\\\/wp-content\\\/uploads\\\/2021\\\/06\\\/W-VIARIA-CVP-605.jpg\",\"datePublished\":\"2021-10-07T17:17:28+00:00\",\"dateModified\":\"2021-10-07T17:20:02+00:00\",\"description\":\"DESCRI\u00c7\u00c3O DO PRODUTO:Primer acabamento ep\u00f3xi poliamina bicomponente com alto teor de s\u00f3lidos, alta espessura e pigmenta\u00e7\u00e3o anticorrosiva a base de alum\u00ednio, proporcionando maior prote\u00e7\u00e3o anticorrosiva por barreira. Produto tolerante \u00e0 superf\u00edcies: aplic\u00e1vel em substratos de a\u00e7o jateado seco, \u00famido, hidrojateado e com tratamento manual ou mec\u00e2nico. Pode ser usado como conversor de sistema. Oferece excelente prote\u00e7\u00e3o anticorrosiva em ambientes agressivos diversos.Produto condutor de eletricidade.USOS RECOMENDADOS:Navios, estruturas mar\u00edtimas e offshore: pintura interna e externa de tanques de \u00e1gua pot\u00e1vel e lastro, decks, plataformas de explora\u00e7\u00e3o petrol\u00edferas, maquinaria de bordo.Aplica\u00e7\u00f5es industriais: Papel e celulose, qu\u00edmica e petroqu\u00edmica, pontes, estruturas met\u00e1licas e maquinaria diversa, minera\u00e7\u00e3o, entre outras.Tubula\u00e7\u00f5es: Pode ser aplicado no interior e exterior de tubula\u00e7\u00f5es.\",\"breadcrumb\":{\"@id\":\"https:\\\/\\\/avenidatintas.com\\\/ube\\\/produto\\\/wegpoxi-wet-surface-89-pw-aluminio\\\/#breadcrumb\"},\"inLanguage\":\"pt-BR\",\"potentialAction\":[{\"@type\":\"ReadAction\",\"target\":[\"https:\\\/\\\/avenidatintas.com\\\/ube\\\/produto\\\/wegpoxi-wet-surface-89-pw-aluminio\\\/\"]}]},{\"@type\":\"ImageObject\",\"inLanguage\":\"pt-BR\",\"@id\":\"https:\\\/\\\/avenidatintas.com\\\/ube\\\/produto\\\/wegpoxi-wet-surface-89-pw-aluminio\\\/#primaryimage\",\"url\":\"https:\\\/\\\/avenidatintas.com\\\/ube\\\/wp-content\\\/uploads\\\/2021\\\/06\\\/W-VIARIA-CVP-605.jpg\",\"contentUrl\":\"https:\\\/\\\/avenidatintas.com\\\/ube\\\/wp-content\\\/uploads\\\/2021\\\/06\\\/W-VIARIA-CVP-605.jpg\",\"width\":680,\"height\":680},{\"@type\":\"BreadcrumbList\",\"@id\":\"https:\\\/\\\/avenidatintas.com\\\/ube\\\/produto\\\/wegpoxi-wet-surface-89-pw-aluminio\\\/#breadcrumb\",\"itemListElement\":[{\"@type\":\"ListItem\",\"position\":1,\"name\":\"In\u00edcio\",\"item\":\"https:\\\/\\\/avenidatintas.com\\\/ube\\\/\"},{\"@type\":\"ListItem\",\"position\":2,\"name\":\"Produtos\",\"item\":\"https:\\\/\\\/avenidatintas.com\\\/ube\\\/loja\\\/\"},{\"@type\":\"ListItem\",\"position\":3,\"name\":\"WEGPOXI WET SURFACE 89 PW ALUMINIO\"}]},{\"@type\":\"WebSite\",\"@id\":\"https:\\\/\\\/avenidatintas.com\\\/ube\\\/#website\",\"url\":\"https:\\\/\\\/avenidatintas.com\\\/ube\\\/\",\"name\":\"Avenida Tintas\",\"description\":\"Tintas para manuten\u00e7\u00e3o Industrial e Mar\u00edtima WEG; laborat\u00f3rio de prepara\u00e7\u00e3o de tintas\",\"potentialAction\":[{\"@type\":\"SearchAction\",\"target\":{\"@type\":\"EntryPoint\",\"urlTemplate\":\"https:\\\/\\\/avenidatintas.com\\\/ube\\\/?s={search_term_string}\"},\"query-input\":{\"@type\":\"PropertyValueSpecification\",\"valueRequired\":true,\"valueName\":\"search_term_string\"}}],\"inLanguage\":\"pt-BR\"}]}<\/script>\n<!-- \/ Yoast SEO plugin. -->","yoast_head_json":{"title":"WEGPOXI WET SURFACE 89 PW ALUMINIO - Avenida Tintas","description":"DESCRI\u00c7\u00c3O DO PRODUTO:Primer acabamento ep\u00f3xi poliamina bicomponente com alto teor de s\u00f3lidos, alta espessura e pigmenta\u00e7\u00e3o anticorrosiva a base de alum\u00ednio, proporcionando maior prote\u00e7\u00e3o anticorrosiva por barreira. Produto tolerante \u00e0 superf\u00edcies: aplic\u00e1vel em substratos de a\u00e7o jateado seco, \u00famido, hidrojateado e com tratamento manual ou mec\u00e2nico. Pode ser usado como conversor de sistema. Oferece excelente prote\u00e7\u00e3o anticorrosiva em ambientes agressivos diversos.Produto condutor de eletricidade.USOS RECOMENDADOS:Navios, estruturas mar\u00edtimas e offshore: pintura interna e externa de tanques de \u00e1gua pot\u00e1vel e lastro, decks, plataformas de explora\u00e7\u00e3o petrol\u00edferas, maquinaria de bordo.Aplica\u00e7\u00f5es industriais: Papel e celulose, qu\u00edmica e petroqu\u00edmica, pontes, estruturas met\u00e1licas e maquinaria diversa, minera\u00e7\u00e3o, entre outras.Tubula\u00e7\u00f5es: Pode ser aplicado no interior e exterior de tubula\u00e7\u00f5es.","robots":{"index":"index","follow":"follow","max-snippet":"max-snippet:-1","max-image-preview":"max-image-preview:large","max-video-preview":"max-video-preview:-1"},"canonical":"https:\/\/avenidatintas.com\/ube\/produto\/wegpoxi-wet-surface-89-pw-aluminio\/","og_locale":"pt_BR","og_type":"article","og_title":"WEGPOXI WET SURFACE 89 PW ALUMINIO - Avenida Tintas","og_description":"DESCRI\u00c7\u00c3O DO PRODUTO:Primer acabamento ep\u00f3xi poliamina bicomponente com alto teor de s\u00f3lidos, alta espessura e pigmenta\u00e7\u00e3o anticorrosiva a base de alum\u00ednio, proporcionando maior prote\u00e7\u00e3o anticorrosiva por barreira. Produto tolerante \u00e0 superf\u00edcies: aplic\u00e1vel em substratos de a\u00e7o jateado seco, \u00famido, hidrojateado e com tratamento manual ou mec\u00e2nico. Pode ser usado como conversor de sistema. Oferece excelente prote\u00e7\u00e3o anticorrosiva em ambientes agressivos diversos.Produto condutor de eletricidade.USOS RECOMENDADOS:Navios, estruturas mar\u00edtimas e offshore: pintura interna e externa de tanques de \u00e1gua pot\u00e1vel e lastro, decks, plataformas de explora\u00e7\u00e3o petrol\u00edferas, maquinaria de bordo.Aplica\u00e7\u00f5es industriais: Papel e celulose, qu\u00edmica e petroqu\u00edmica, pontes, estruturas met\u00e1licas e maquinaria diversa, minera\u00e7\u00e3o, entre outras.Tubula\u00e7\u00f5es: Pode ser aplicado no interior e exterior de tubula\u00e7\u00f5es.","og_url":"https:\/\/avenidatintas.com\/ube\/produto\/wegpoxi-wet-surface-89-pw-aluminio\/","og_site_name":"Avenida Tintas","article_publisher":"https:\/\/www.facebook.com\/Avenida-Distribuidora-de-Tintas-Revenda-autorizada-WEG-100369271992882","article_modified_time":"2021-10-07T17:20:02+00:00","og_image":[{"width":680,"height":680,"url":"https:\/\/avenidatintas.com\/ube\/wp-content\/uploads\/2021\/06\/W-VIARIA-CVP-605.jpg","type":"image\/jpeg"}],"schema":{"@context":"https:\/\/schema.org","@graph":[{"@type":"WebPage","@id":"https:\/\/avenidatintas.com\/ube\/produto\/wegpoxi-wet-surface-89-pw-aluminio\/","url":"https:\/\/avenidatintas.com\/ube\/produto\/wegpoxi-wet-surface-89-pw-aluminio\/","name":"WEGPOXI WET SURFACE 89 PW ALUMINIO - Avenida Tintas","isPartOf":{"@id":"https:\/\/avenidatintas.com\/ube\/#website"},"primaryImageOfPage":{"@id":"https:\/\/avenidatintas.com\/ube\/produto\/wegpoxi-wet-surface-89-pw-aluminio\/#primaryimage"},"image":{"@id":"https:\/\/avenidatintas.com\/ube\/produto\/wegpoxi-wet-surface-89-pw-aluminio\/#primaryimage"},"thumbnailUrl":"https:\/\/avenidatintas.com\/ube\/wp-content\/uploads\/2021\/06\/W-VIARIA-CVP-605.jpg","datePublished":"2021-10-07T17:17:28+00:00","dateModified":"2021-10-07T17:20:02+00:00","description":"DESCRI\u00c7\u00c3O DO PRODUTO:Primer acabamento ep\u00f3xi poliamina bicomponente com alto teor de s\u00f3lidos, alta espessura e pigmenta\u00e7\u00e3o anticorrosiva a base de alum\u00ednio, proporcionando maior prote\u00e7\u00e3o anticorrosiva por barreira. Produto tolerante \u00e0 superf\u00edcies: aplic\u00e1vel em substratos de a\u00e7o jateado seco, \u00famido, hidrojateado e com tratamento manual ou mec\u00e2nico. Pode ser usado como conversor de sistema. Oferece excelente prote\u00e7\u00e3o anticorrosiva em ambientes agressivos diversos.Produto condutor de eletricidade.USOS RECOMENDADOS:Navios, estruturas mar\u00edtimas e offshore: pintura interna e externa de tanques de \u00e1gua pot\u00e1vel e lastro, decks, plataformas de explora\u00e7\u00e3o petrol\u00edferas, maquinaria de bordo.Aplica\u00e7\u00f5es industriais: Papel e celulose, qu\u00edmica e petroqu\u00edmica, pontes, estruturas met\u00e1licas e maquinaria diversa, minera\u00e7\u00e3o, entre outras.Tubula\u00e7\u00f5es: Pode ser aplicado no interior e exterior de tubula\u00e7\u00f5es.","breadcrumb":{"@id":"https:\/\/avenidatintas.com\/ube\/produto\/wegpoxi-wet-surface-89-pw-aluminio\/#breadcrumb"},"inLanguage":"pt-BR","potentialAction":[{"@type":"ReadAction","target":["https:\/\/avenidatintas.com\/ube\/produto\/wegpoxi-wet-surface-89-pw-aluminio\/"]}]},{"@type":"ImageObject","inLanguage":"pt-BR","@id":"https:\/\/avenidatintas.com\/ube\/produto\/wegpoxi-wet-surface-89-pw-aluminio\/#primaryimage","url":"https:\/\/avenidatintas.com\/ube\/wp-content\/uploads\/2021\/06\/W-VIARIA-CVP-605.jpg","contentUrl":"https:\/\/avenidatintas.com\/ube\/wp-content\/uploads\/2021\/06\/W-VIARIA-CVP-605.jpg","width":680,"height":680},{"@type":"BreadcrumbList","@id":"https:\/\/avenidatintas.com\/ube\/produto\/wegpoxi-wet-surface-89-pw-aluminio\/#breadcrumb","itemListElement":[{"@type":"ListItem","position":1,"name":"In\u00edcio","item":"https:\/\/avenidatintas.com\/ube\/"},{"@type":"ListItem","position":2,"name":"Produtos","item":"https:\/\/avenidatintas.com\/ube\/loja\/"},{"@type":"ListItem","position":3,"name":"WEGPOXI WET SURFACE 89 PW ALUMINIO"}]},{"@type":"WebSite","@id":"https:\/\/avenidatintas.com\/ube\/#website","url":"https:\/\/avenidatintas.com\/ube\/","name":"Avenida Tintas","description":"Tintas para manuten\u00e7\u00e3o Industrial e Mar\u00edtima WEG; laborat\u00f3rio de prepara\u00e7\u00e3o de tintas","potentialAction":[{"@type":"SearchAction","target":{"@type":"EntryPoint","urlTemplate":"https:\/\/avenidatintas.com\/ube\/?s={search_term_string}"},"query-input":{"@type":"PropertyValueSpecification","valueRequired":true,"valueName":"search_term_string"}}],"inLanguage":"pt-BR"}]}},"_links":{"self":[{"href":"https:\/\/avenidatintas.com\/ube\/wp-json\/wp\/v2\/product\/1989","targetHints":{"allow":["GET"]}}],"collection":[{"href":"https:\/\/avenidatintas.com\/ube\/wp-json\/wp\/v2\/product"}],"about":[{"href":"https:\/\/avenidatintas.com\/ube\/wp-json\/wp\/v2\/types\/product"}],"wp:featuredmedia":[{"embeddable":true,"href":"https:\/\/avenidatintas.com\/ube\/wp-json\/wp\/v2\/media\/1114"}],"wp:attachment":[{"href":"https:\/\/avenidatintas.com\/ube\/wp-json\/wp\/v2\/media?parent=1989"}],"wp:term":[{"taxonomy":"product_brand","embeddable":true,"href":"https:\/\/avenidatintas.com\/ube\/wp-json\/wp\/v2\/product_brand?post=1989"},{"taxonomy":"product_cat","embeddable":true,"href":"https:\/\/avenidatintas.com\/ube\/wp-json\/wp\/v2\/product_cat?post=1989"},{"taxonomy":"product_tag","embeddable":true,"href":"https:\/\/avenidatintas.com\/ube\/wp-json\/wp\/v2\/product_tag?post=1989"}],"curies":[{"name":"wp","href":"https:\/\/api.w.org\/{rel}","templated":true}]}}