{"id":1938,"date":"2021-10-01T13:23:51","date_gmt":"2021-10-01T16:23:51","guid":{"rendered":"https:\/\/avenidatintas.com\/?post_type=product&#038;p=1938"},"modified":"2021-10-01T13:23:52","modified_gmt":"2021-10-01T16:23:52","slug":"w-thane-srd-50","status":"publish","type":"product","link":"https:\/\/avenidatintas.com\/ube\/produto\/w-thane-srd-50\/","title":{"rendered":"W-THANE SRD 50"},"content":{"rendered":"<p>DESCRI\u00c7\u00c3O DO PRODUTO:<br \/>\nPrimer acabamento poliuretano acr\u00edlico alif\u00e1tico de alto desempenho, bicomponente. Possui pigmenta\u00e7\u00e3o anticorrosiva a base de fosfato de zinco. Oferece boa resist\u00eancia qu\u00edmica e ao intemperismo cont\u00ednuo com excelente reten\u00e7\u00e3o de cor e brilho, excelente ader\u00eancia sobre a\u00e7o carbono e galvanizado. Apresenta alta resist\u00eancia aos agentes atmosf\u00e9ricos e excelente dureza e impacto.<\/p>\n","protected":false},"excerpt":{"rendered":"<p>USOS RECOMENDADOS:<br \/>\nExcelente acabamento para a pintura de m\u00e1quinas e equipamentos que necessitem de resist\u00eancia ao intemperismo natural. Recomendado tamb\u00e9m para pintura de torres de energia el\u00e9trica e torres de comunica\u00e7\u00e3o, estruturas met\u00e1licas, pe\u00e7as e equipamentos galvanizados.<\/p>\n","protected":false},"featured_media":1076,"template":"","meta":{"_et_pb_use_builder":"","_et_pb_old_content":"","_et_gb_content_width":""},"product_brand":[],"product_cat":[21,199,17],"product_tag":[196,163,184,220,149,139,305,223,154,203,213,188,313,224,235,326,327,45],"class_list":{"0":"post-1938","1":"product","2":"type-product","3":"status-publish","4":"has-post-thumbnail","6":"product_cat-industriais","7":"product_cat-poliuretano-pu","8":"product_cat-tintas-liquidas","9":"product_tag-acabamento","10":"product_tag-aco-carbono","11":"product_tag-aco-galvanizado","12":"product_tag-anticorrosiva","13":"product_tag-bicomponente","14":"product_tag-dupla-funcao","15":"product_tag-dureza-superficial","16":"product_tag-equipamentos","17":"product_tag-estruturas-metalicas","18":"product_tag-fosfato-de-zinco","19":"product_tag-poliuretano","20":"product_tag-primer","21":"product_tag-resistencia-impacto","22":"product_tag-resistencia-intemperismo","23":"product_tag-resistencia-quimica","24":"product_tag-torres-de-comunicacao","25":"product_tag-torres-de-energia-eletrica","26":"product_tag-weg","28":"first","29":"instock","30":"shipping-taxable","31":"purchasable","32":"product-type-variable"},"yoast_head":"<!-- This site is optimized with the Yoast SEO plugin v27.3 - https:\/\/yoast.com\/product\/yoast-seo-wordpress\/ -->\n<title>W-THANE SRD 50 - Avenida Tintas<\/title>\n<meta name=\"description\" content=\"DESCRI\u00c7\u00c3O DO PRODUTO:Primer acabamento poliuretano acr\u00edlico alif\u00e1tico de alto desempenho, bicomponente. Possui pigmenta\u00e7\u00e3o anticorrosiva a base de fosfato de zinco. Oferece boa resist\u00eancia qu\u00edmica e ao intemperismo cont\u00ednuo com excelente reten\u00e7\u00e3o de cor e brilho, excelente ader\u00eancia sobre a\u00e7o carbono e galvanizado. Apresenta alta resist\u00eancia aos agentes atmosf\u00e9ricos e excelente dureza e impacto.USOS RECOMENDADOS:Excelente acabamento para a pintura de m\u00e1quinas e equipamentos que necessitem de resist\u00eancia ao intemperismo natural. Recomendado tamb\u00e9m para pintura de torres de energia el\u00e9trica e torres de comunica\u00e7\u00e3o, estruturas met\u00e1licas, pe\u00e7as e equipamentos galvanizados.\" \/>\n<meta name=\"robots\" content=\"index, follow, max-snippet:-1, max-image-preview:large, max-video-preview:-1\" \/>\n<link rel=\"canonical\" href=\"https:\/\/avenidatintas.com\/ube\/produto\/w-thane-srd-50\/\" \/>\n<meta property=\"og:locale\" content=\"pt_BR\" \/>\n<meta property=\"og:type\" content=\"article\" \/>\n<meta property=\"og:title\" content=\"W-THANE SRD 50 - Avenida Tintas\" \/>\n<meta property=\"og:description\" content=\"DESCRI\u00c7\u00c3O DO PRODUTO:Primer acabamento poliuretano acr\u00edlico alif\u00e1tico de alto desempenho, bicomponente. Possui pigmenta\u00e7\u00e3o anticorrosiva a base de fosfato de zinco. Oferece boa resist\u00eancia qu\u00edmica e ao intemperismo cont\u00ednuo com excelente reten\u00e7\u00e3o de cor e brilho, excelente ader\u00eancia sobre a\u00e7o carbono e galvanizado. Apresenta alta resist\u00eancia aos agentes atmosf\u00e9ricos e excelente dureza e impacto.USOS RECOMENDADOS:Excelente acabamento para a pintura de m\u00e1quinas e equipamentos que necessitem de resist\u00eancia ao intemperismo natural. Recomendado tamb\u00e9m para pintura de torres de energia el\u00e9trica e torres de comunica\u00e7\u00e3o, estruturas met\u00e1licas, pe\u00e7as e equipamentos galvanizados.\" \/>\n<meta property=\"og:url\" content=\"https:\/\/avenidatintas.com\/ube\/produto\/w-thane-srd-50\/\" \/>\n<meta property=\"og:site_name\" content=\"Avenida Tintas\" \/>\n<meta property=\"article:publisher\" content=\"https:\/\/www.facebook.com\/Avenida-Distribuidora-de-Tintas-Revenda-autorizada-WEG-100369271992882\" \/>\n<meta property=\"article:modified_time\" content=\"2021-10-01T16:23:52+00:00\" \/>\n<meta property=\"og:image\" content=\"https:\/\/avenidatintas.com\/ube\/wp-content\/uploads\/2021\/06\/weg-tintas-liquidas.jpg\" \/>\n\t<meta property=\"og:image:width\" content=\"600\" \/>\n\t<meta property=\"og:image:height\" content=\"460\" \/>\n\t<meta property=\"og:image:type\" content=\"image\/jpeg\" \/>\n<script type=\"application\/ld+json\" class=\"yoast-schema-graph\">{\"@context\":\"https:\\\/\\\/schema.org\",\"@graph\":[{\"@type\":\"WebPage\",\"@id\":\"https:\\\/\\\/avenidatintas.com\\\/ube\\\/produto\\\/w-thane-srd-50\\\/\",\"url\":\"https:\\\/\\\/avenidatintas.com\\\/ube\\\/produto\\\/w-thane-srd-50\\\/\",\"name\":\"W-THANE SRD 50 - Avenida Tintas\",\"isPartOf\":{\"@id\":\"https:\\\/\\\/avenidatintas.com\\\/ube\\\/#website\"},\"primaryImageOfPage\":{\"@id\":\"https:\\\/\\\/avenidatintas.com\\\/ube\\\/produto\\\/w-thane-srd-50\\\/#primaryimage\"},\"image\":{\"@id\":\"https:\\\/\\\/avenidatintas.com\\\/ube\\\/produto\\\/w-thane-srd-50\\\/#primaryimage\"},\"thumbnailUrl\":\"https:\\\/\\\/avenidatintas.com\\\/ube\\\/wp-content\\\/uploads\\\/2021\\\/06\\\/weg-tintas-liquidas.jpg\",\"datePublished\":\"2021-10-01T16:23:51+00:00\",\"dateModified\":\"2021-10-01T16:23:52+00:00\",\"description\":\"DESCRI\u00c7\u00c3O DO PRODUTO:Primer acabamento poliuretano acr\u00edlico alif\u00e1tico de alto desempenho, bicomponente. Possui pigmenta\u00e7\u00e3o anticorrosiva a base de fosfato de zinco. Oferece boa resist\u00eancia qu\u00edmica e ao intemperismo cont\u00ednuo com excelente reten\u00e7\u00e3o de cor e brilho, excelente ader\u00eancia sobre a\u00e7o carbono e galvanizado. Apresenta alta resist\u00eancia aos agentes atmosf\u00e9ricos e excelente dureza e impacto.USOS RECOMENDADOS:Excelente acabamento para a pintura de m\u00e1quinas e equipamentos que necessitem de resist\u00eancia ao intemperismo natural. Recomendado tamb\u00e9m para pintura de torres de energia el\u00e9trica e torres de comunica\u00e7\u00e3o, estruturas met\u00e1licas, pe\u00e7as e equipamentos galvanizados.\",\"breadcrumb\":{\"@id\":\"https:\\\/\\\/avenidatintas.com\\\/ube\\\/produto\\\/w-thane-srd-50\\\/#breadcrumb\"},\"inLanguage\":\"pt-BR\",\"potentialAction\":[{\"@type\":\"ReadAction\",\"target\":[\"https:\\\/\\\/avenidatintas.com\\\/ube\\\/produto\\\/w-thane-srd-50\\\/\"]}]},{\"@type\":\"ImageObject\",\"inLanguage\":\"pt-BR\",\"@id\":\"https:\\\/\\\/avenidatintas.com\\\/ube\\\/produto\\\/w-thane-srd-50\\\/#primaryimage\",\"url\":\"https:\\\/\\\/avenidatintas.com\\\/ube\\\/wp-content\\\/uploads\\\/2021\\\/06\\\/weg-tintas-liquidas.jpg\",\"contentUrl\":\"https:\\\/\\\/avenidatintas.com\\\/ube\\\/wp-content\\\/uploads\\\/2021\\\/06\\\/weg-tintas-liquidas.jpg\",\"width\":600,\"height\":460},{\"@type\":\"BreadcrumbList\",\"@id\":\"https:\\\/\\\/avenidatintas.com\\\/ube\\\/produto\\\/w-thane-srd-50\\\/#breadcrumb\",\"itemListElement\":[{\"@type\":\"ListItem\",\"position\":1,\"name\":\"In\u00edcio\",\"item\":\"https:\\\/\\\/avenidatintas.com\\\/ube\\\/\"},{\"@type\":\"ListItem\",\"position\":2,\"name\":\"Produtos\",\"item\":\"https:\\\/\\\/avenidatintas.com\\\/ube\\\/loja\\\/\"},{\"@type\":\"ListItem\",\"position\":3,\"name\":\"W-THANE SRD 50\"}]},{\"@type\":\"WebSite\",\"@id\":\"https:\\\/\\\/avenidatintas.com\\\/ube\\\/#website\",\"url\":\"https:\\\/\\\/avenidatintas.com\\\/ube\\\/\",\"name\":\"Avenida Tintas\",\"description\":\"Tintas para manuten\u00e7\u00e3o Industrial e Mar\u00edtima WEG; laborat\u00f3rio de prepara\u00e7\u00e3o de tintas\",\"potentialAction\":[{\"@type\":\"SearchAction\",\"target\":{\"@type\":\"EntryPoint\",\"urlTemplate\":\"https:\\\/\\\/avenidatintas.com\\\/ube\\\/?s={search_term_string}\"},\"query-input\":{\"@type\":\"PropertyValueSpecification\",\"valueRequired\":true,\"valueName\":\"search_term_string\"}}],\"inLanguage\":\"pt-BR\"}]}<\/script>\n<!-- \/ Yoast SEO plugin. -->","yoast_head_json":{"title":"W-THANE SRD 50 - Avenida Tintas","description":"DESCRI\u00c7\u00c3O DO PRODUTO:Primer acabamento poliuretano acr\u00edlico alif\u00e1tico de alto desempenho, bicomponente. Possui pigmenta\u00e7\u00e3o anticorrosiva a base de fosfato de zinco. Oferece boa resist\u00eancia qu\u00edmica e ao intemperismo cont\u00ednuo com excelente reten\u00e7\u00e3o de cor e brilho, excelente ader\u00eancia sobre a\u00e7o carbono e galvanizado. Apresenta alta resist\u00eancia aos agentes atmosf\u00e9ricos e excelente dureza e impacto.USOS RECOMENDADOS:Excelente acabamento para a pintura de m\u00e1quinas e equipamentos que necessitem de resist\u00eancia ao intemperismo natural. Recomendado tamb\u00e9m para pintura de torres de energia el\u00e9trica e torres de comunica\u00e7\u00e3o, estruturas met\u00e1licas, pe\u00e7as e equipamentos galvanizados.","robots":{"index":"index","follow":"follow","max-snippet":"max-snippet:-1","max-image-preview":"max-image-preview:large","max-video-preview":"max-video-preview:-1"},"canonical":"https:\/\/avenidatintas.com\/ube\/produto\/w-thane-srd-50\/","og_locale":"pt_BR","og_type":"article","og_title":"W-THANE SRD 50 - Avenida Tintas","og_description":"DESCRI\u00c7\u00c3O DO PRODUTO:Primer acabamento poliuretano acr\u00edlico alif\u00e1tico de alto desempenho, bicomponente. Possui pigmenta\u00e7\u00e3o anticorrosiva a base de fosfato de zinco. Oferece boa resist\u00eancia qu\u00edmica e ao intemperismo cont\u00ednuo com excelente reten\u00e7\u00e3o de cor e brilho, excelente ader\u00eancia sobre a\u00e7o carbono e galvanizado. Apresenta alta resist\u00eancia aos agentes atmosf\u00e9ricos e excelente dureza e impacto.USOS RECOMENDADOS:Excelente acabamento para a pintura de m\u00e1quinas e equipamentos que necessitem de resist\u00eancia ao intemperismo natural. Recomendado tamb\u00e9m para pintura de torres de energia el\u00e9trica e torres de comunica\u00e7\u00e3o, estruturas met\u00e1licas, pe\u00e7as e equipamentos galvanizados.","og_url":"https:\/\/avenidatintas.com\/ube\/produto\/w-thane-srd-50\/","og_site_name":"Avenida Tintas","article_publisher":"https:\/\/www.facebook.com\/Avenida-Distribuidora-de-Tintas-Revenda-autorizada-WEG-100369271992882","article_modified_time":"2021-10-01T16:23:52+00:00","og_image":[{"width":600,"height":460,"url":"https:\/\/avenidatintas.com\/ube\/wp-content\/uploads\/2021\/06\/weg-tintas-liquidas.jpg","type":"image\/jpeg"}],"schema":{"@context":"https:\/\/schema.org","@graph":[{"@type":"WebPage","@id":"https:\/\/avenidatintas.com\/ube\/produto\/w-thane-srd-50\/","url":"https:\/\/avenidatintas.com\/ube\/produto\/w-thane-srd-50\/","name":"W-THANE SRD 50 - Avenida Tintas","isPartOf":{"@id":"https:\/\/avenidatintas.com\/ube\/#website"},"primaryImageOfPage":{"@id":"https:\/\/avenidatintas.com\/ube\/produto\/w-thane-srd-50\/#primaryimage"},"image":{"@id":"https:\/\/avenidatintas.com\/ube\/produto\/w-thane-srd-50\/#primaryimage"},"thumbnailUrl":"https:\/\/avenidatintas.com\/ube\/wp-content\/uploads\/2021\/06\/weg-tintas-liquidas.jpg","datePublished":"2021-10-01T16:23:51+00:00","dateModified":"2021-10-01T16:23:52+00:00","description":"DESCRI\u00c7\u00c3O DO PRODUTO:Primer acabamento poliuretano acr\u00edlico alif\u00e1tico de alto desempenho, bicomponente. Possui pigmenta\u00e7\u00e3o anticorrosiva a base de fosfato de zinco. Oferece boa resist\u00eancia qu\u00edmica e ao intemperismo cont\u00ednuo com excelente reten\u00e7\u00e3o de cor e brilho, excelente ader\u00eancia sobre a\u00e7o carbono e galvanizado. Apresenta alta resist\u00eancia aos agentes atmosf\u00e9ricos e excelente dureza e impacto.USOS RECOMENDADOS:Excelente acabamento para a pintura de m\u00e1quinas e equipamentos que necessitem de resist\u00eancia ao intemperismo natural. Recomendado tamb\u00e9m para pintura de torres de energia el\u00e9trica e torres de comunica\u00e7\u00e3o, estruturas met\u00e1licas, pe\u00e7as e equipamentos galvanizados.","breadcrumb":{"@id":"https:\/\/avenidatintas.com\/ube\/produto\/w-thane-srd-50\/#breadcrumb"},"inLanguage":"pt-BR","potentialAction":[{"@type":"ReadAction","target":["https:\/\/avenidatintas.com\/ube\/produto\/w-thane-srd-50\/"]}]},{"@type":"ImageObject","inLanguage":"pt-BR","@id":"https:\/\/avenidatintas.com\/ube\/produto\/w-thane-srd-50\/#primaryimage","url":"https:\/\/avenidatintas.com\/ube\/wp-content\/uploads\/2021\/06\/weg-tintas-liquidas.jpg","contentUrl":"https:\/\/avenidatintas.com\/ube\/wp-content\/uploads\/2021\/06\/weg-tintas-liquidas.jpg","width":600,"height":460},{"@type":"BreadcrumbList","@id":"https:\/\/avenidatintas.com\/ube\/produto\/w-thane-srd-50\/#breadcrumb","itemListElement":[{"@type":"ListItem","position":1,"name":"In\u00edcio","item":"https:\/\/avenidatintas.com\/ube\/"},{"@type":"ListItem","position":2,"name":"Produtos","item":"https:\/\/avenidatintas.com\/ube\/loja\/"},{"@type":"ListItem","position":3,"name":"W-THANE SRD 50"}]},{"@type":"WebSite","@id":"https:\/\/avenidatintas.com\/ube\/#website","url":"https:\/\/avenidatintas.com\/ube\/","name":"Avenida Tintas","description":"Tintas para manuten\u00e7\u00e3o Industrial e Mar\u00edtima WEG; laborat\u00f3rio de prepara\u00e7\u00e3o de tintas","potentialAction":[{"@type":"SearchAction","target":{"@type":"EntryPoint","urlTemplate":"https:\/\/avenidatintas.com\/ube\/?s={search_term_string}"},"query-input":{"@type":"PropertyValueSpecification","valueRequired":true,"valueName":"search_term_string"}}],"inLanguage":"pt-BR"}]}},"_links":{"self":[{"href":"https:\/\/avenidatintas.com\/ube\/wp-json\/wp\/v2\/product\/1938","targetHints":{"allow":["GET"]}}],"collection":[{"href":"https:\/\/avenidatintas.com\/ube\/wp-json\/wp\/v2\/product"}],"about":[{"href":"https:\/\/avenidatintas.com\/ube\/wp-json\/wp\/v2\/types\/product"}],"wp:featuredmedia":[{"embeddable":true,"href":"https:\/\/avenidatintas.com\/ube\/wp-json\/wp\/v2\/media\/1076"}],"wp:attachment":[{"href":"https:\/\/avenidatintas.com\/ube\/wp-json\/wp\/v2\/media?parent=1938"}],"wp:term":[{"taxonomy":"product_brand","embeddable":true,"href":"https:\/\/avenidatintas.com\/ube\/wp-json\/wp\/v2\/product_brand?post=1938"},{"taxonomy":"product_cat","embeddable":true,"href":"https:\/\/avenidatintas.com\/ube\/wp-json\/wp\/v2\/product_cat?post=1938"},{"taxonomy":"product_tag","embeddable":true,"href":"https:\/\/avenidatintas.com\/ube\/wp-json\/wp\/v2\/product_tag?post=1938"}],"curies":[{"name":"wp","href":"https:\/\/api.w.org\/{rel}","templated":true}]}}