{"id":1889,"date":"2021-09-30T11:18:19","date_gmt":"2021-09-30T14:18:19","guid":{"rendered":"https:\/\/avenidatintas.com\/?post_type=product&#038;p=1889"},"modified":"2021-09-30T11:18:19","modified_gmt":"2021-09-30T14:18:19","slug":"w-thane-pda-514-easy-clean","status":"publish","type":"product","link":"https:\/\/avenidatintas.com\/ube\/produto\/w-thane-pda-514-easy-clean\/","title":{"rendered":"W-THANE PDA 514 EASY CLEAN"},"content":{"rendered":"<p>DESCRI\u00c7\u00c3O DO PRODUTO:<br \/>\nAcabamento poliuretano acr\u00edlico alif\u00e1tico de alta performance, bicomponente e com a\u00e7\u00e3o fungicida. Oferece boa aplicabilidade, facilidade de limpeza, boa cobertura, baixo respingo e excelente resist\u00eancia ao intemperismo.<\/p>\n","protected":false},"excerpt":{"rendered":"<p>USOS RECOMENDADOS:<br \/>\nIndicado para decora\u00e7\u00e3o de paredes e fachadas externas. Recomendado para concreto, superf\u00edcies met\u00e1licas, alum\u00ednio e galvanizado.<\/p>\n","protected":false},"featured_media":1114,"template":"","meta":{"_et_pb_use_builder":"","_et_pb_old_content":"","_et_gb_content_width":""},"product_brand":[],"product_cat":[21,199,17],"product_tag":[196,314,184,251,149,164,315,316,213,224,317,45],"class_list":{"0":"post-1889","1":"product","2":"type-product","3":"status-publish","4":"has-post-thumbnail","6":"product_cat-industriais","7":"product_cat-poliuretano-pu","8":"product_cat-tintas-liquidas","9":"product_tag-acabamento","10":"product_tag-acao-fungicida","11":"product_tag-aco-galvanizado","12":"product_tag-aluminio","13":"product_tag-bicomponente","14":"product_tag-concreto","15":"product_tag-decoracao-de-parede","16":"product_tag-fachadas-externas","17":"product_tag-poliuretano","18":"product_tag-resistencia-intemperismo","19":"product_tag-superficie-metalica","20":"product_tag-weg","22":"first","23":"instock","24":"shipping-taxable","25":"purchasable","26":"product-type-variable"},"yoast_head":"<!-- This site is optimized with the Yoast SEO plugin v27.3 - https:\/\/yoast.com\/product\/yoast-seo-wordpress\/ -->\n<title>W-THANE PDA 514 EASY CLEAN - Avenida Tintas<\/title>\n<meta name=\"description\" content=\"DESCRI\u00c7\u00c3O DO PRODUTO:Acabamento poliuretano acr\u00edlico alif\u00e1tico de alta performance, bicomponente e com a\u00e7\u00e3o fungicida. Oferece boa aplicabilidade, facilidade de limpeza, boa cobertura, baixo respingo e excelente resist\u00eancia ao intemperismo.USOS RECOMENDADOS:Indicado para decora\u00e7\u00e3o de paredes e fachadas externas. Recomendado para concreto, superf\u00edcies met\u00e1licas, alum\u00ednio e galvanizado.\" \/>\n<meta name=\"robots\" content=\"index, follow, max-snippet:-1, max-image-preview:large, max-video-preview:-1\" \/>\n<link rel=\"canonical\" href=\"https:\/\/avenidatintas.com\/ube\/produto\/w-thane-pda-514-easy-clean\/\" \/>\n<meta property=\"og:locale\" content=\"pt_BR\" \/>\n<meta property=\"og:type\" content=\"article\" \/>\n<meta property=\"og:title\" content=\"W-THANE PDA 514 EASY CLEAN - Avenida Tintas\" \/>\n<meta property=\"og:description\" content=\"DESCRI\u00c7\u00c3O DO PRODUTO:Acabamento poliuretano acr\u00edlico alif\u00e1tico de alta performance, bicomponente e com a\u00e7\u00e3o fungicida. Oferece boa aplicabilidade, facilidade de limpeza, boa cobertura, baixo respingo e excelente resist\u00eancia ao intemperismo.USOS RECOMENDADOS:Indicado para decora\u00e7\u00e3o de paredes e fachadas externas. Recomendado para concreto, superf\u00edcies met\u00e1licas, alum\u00ednio e galvanizado.\" \/>\n<meta property=\"og:url\" content=\"https:\/\/avenidatintas.com\/ube\/produto\/w-thane-pda-514-easy-clean\/\" \/>\n<meta property=\"og:site_name\" content=\"Avenida Tintas\" \/>\n<meta property=\"article:publisher\" content=\"https:\/\/www.facebook.com\/Avenida-Distribuidora-de-Tintas-Revenda-autorizada-WEG-100369271992882\" \/>\n<meta property=\"og:image\" content=\"https:\/\/avenidatintas.com\/ube\/wp-content\/uploads\/2021\/06\/W-VIARIA-CVP-605.jpg\" \/>\n\t<meta property=\"og:image:width\" content=\"680\" \/>\n\t<meta property=\"og:image:height\" content=\"680\" \/>\n\t<meta property=\"og:image:type\" content=\"image\/jpeg\" \/>\n<script type=\"application\/ld+json\" class=\"yoast-schema-graph\">{\"@context\":\"https:\\\/\\\/schema.org\",\"@graph\":[{\"@type\":\"WebPage\",\"@id\":\"https:\\\/\\\/avenidatintas.com\\\/ube\\\/produto\\\/w-thane-pda-514-easy-clean\\\/\",\"url\":\"https:\\\/\\\/avenidatintas.com\\\/ube\\\/produto\\\/w-thane-pda-514-easy-clean\\\/\",\"name\":\"W-THANE PDA 514 EASY CLEAN - Avenida Tintas\",\"isPartOf\":{\"@id\":\"https:\\\/\\\/avenidatintas.com\\\/ube\\\/#website\"},\"primaryImageOfPage\":{\"@id\":\"https:\\\/\\\/avenidatintas.com\\\/ube\\\/produto\\\/w-thane-pda-514-easy-clean\\\/#primaryimage\"},\"image\":{\"@id\":\"https:\\\/\\\/avenidatintas.com\\\/ube\\\/produto\\\/w-thane-pda-514-easy-clean\\\/#primaryimage\"},\"thumbnailUrl\":\"https:\\\/\\\/avenidatintas.com\\\/ube\\\/wp-content\\\/uploads\\\/2021\\\/06\\\/W-VIARIA-CVP-605.jpg\",\"datePublished\":\"2021-09-30T14:18:19+00:00\",\"description\":\"DESCRI\u00c7\u00c3O DO PRODUTO:Acabamento poliuretano acr\u00edlico alif\u00e1tico de alta performance, bicomponente e com a\u00e7\u00e3o fungicida. Oferece boa aplicabilidade, facilidade de limpeza, boa cobertura, baixo respingo e excelente resist\u00eancia ao intemperismo.USOS RECOMENDADOS:Indicado para decora\u00e7\u00e3o de paredes e fachadas externas. Recomendado para concreto, superf\u00edcies met\u00e1licas, alum\u00ednio e galvanizado.\",\"breadcrumb\":{\"@id\":\"https:\\\/\\\/avenidatintas.com\\\/ube\\\/produto\\\/w-thane-pda-514-easy-clean\\\/#breadcrumb\"},\"inLanguage\":\"pt-BR\",\"potentialAction\":[{\"@type\":\"ReadAction\",\"target\":[\"https:\\\/\\\/avenidatintas.com\\\/ube\\\/produto\\\/w-thane-pda-514-easy-clean\\\/\"]}]},{\"@type\":\"ImageObject\",\"inLanguage\":\"pt-BR\",\"@id\":\"https:\\\/\\\/avenidatintas.com\\\/ube\\\/produto\\\/w-thane-pda-514-easy-clean\\\/#primaryimage\",\"url\":\"https:\\\/\\\/avenidatintas.com\\\/ube\\\/wp-content\\\/uploads\\\/2021\\\/06\\\/W-VIARIA-CVP-605.jpg\",\"contentUrl\":\"https:\\\/\\\/avenidatintas.com\\\/ube\\\/wp-content\\\/uploads\\\/2021\\\/06\\\/W-VIARIA-CVP-605.jpg\",\"width\":680,\"height\":680},{\"@type\":\"BreadcrumbList\",\"@id\":\"https:\\\/\\\/avenidatintas.com\\\/ube\\\/produto\\\/w-thane-pda-514-easy-clean\\\/#breadcrumb\",\"itemListElement\":[{\"@type\":\"ListItem\",\"position\":1,\"name\":\"In\u00edcio\",\"item\":\"https:\\\/\\\/avenidatintas.com\\\/ube\\\/\"},{\"@type\":\"ListItem\",\"position\":2,\"name\":\"Produtos\",\"item\":\"https:\\\/\\\/avenidatintas.com\\\/ube\\\/loja\\\/\"},{\"@type\":\"ListItem\",\"position\":3,\"name\":\"W-THANE PDA 514 EASY CLEAN\"}]},{\"@type\":\"WebSite\",\"@id\":\"https:\\\/\\\/avenidatintas.com\\\/ube\\\/#website\",\"url\":\"https:\\\/\\\/avenidatintas.com\\\/ube\\\/\",\"name\":\"Avenida Tintas\",\"description\":\"Tintas para manuten\u00e7\u00e3o Industrial e Mar\u00edtima WEG; laborat\u00f3rio de prepara\u00e7\u00e3o de tintas\",\"potentialAction\":[{\"@type\":\"SearchAction\",\"target\":{\"@type\":\"EntryPoint\",\"urlTemplate\":\"https:\\\/\\\/avenidatintas.com\\\/ube\\\/?s={search_term_string}\"},\"query-input\":{\"@type\":\"PropertyValueSpecification\",\"valueRequired\":true,\"valueName\":\"search_term_string\"}}],\"inLanguage\":\"pt-BR\"}]}<\/script>\n<!-- \/ Yoast SEO plugin. -->","yoast_head_json":{"title":"W-THANE PDA 514 EASY CLEAN - Avenida Tintas","description":"DESCRI\u00c7\u00c3O DO PRODUTO:Acabamento poliuretano acr\u00edlico alif\u00e1tico de alta performance, bicomponente e com a\u00e7\u00e3o fungicida. Oferece boa aplicabilidade, facilidade de limpeza, boa cobertura, baixo respingo e excelente resist\u00eancia ao intemperismo.USOS RECOMENDADOS:Indicado para decora\u00e7\u00e3o de paredes e fachadas externas. Recomendado para concreto, superf\u00edcies met\u00e1licas, alum\u00ednio e galvanizado.","robots":{"index":"index","follow":"follow","max-snippet":"max-snippet:-1","max-image-preview":"max-image-preview:large","max-video-preview":"max-video-preview:-1"},"canonical":"https:\/\/avenidatintas.com\/ube\/produto\/w-thane-pda-514-easy-clean\/","og_locale":"pt_BR","og_type":"article","og_title":"W-THANE PDA 514 EASY CLEAN - Avenida Tintas","og_description":"DESCRI\u00c7\u00c3O DO PRODUTO:Acabamento poliuretano acr\u00edlico alif\u00e1tico de alta performance, bicomponente e com a\u00e7\u00e3o fungicida. Oferece boa aplicabilidade, facilidade de limpeza, boa cobertura, baixo respingo e excelente resist\u00eancia ao intemperismo.USOS RECOMENDADOS:Indicado para decora\u00e7\u00e3o de paredes e fachadas externas. Recomendado para concreto, superf\u00edcies met\u00e1licas, alum\u00ednio e galvanizado.","og_url":"https:\/\/avenidatintas.com\/ube\/produto\/w-thane-pda-514-easy-clean\/","og_site_name":"Avenida Tintas","article_publisher":"https:\/\/www.facebook.com\/Avenida-Distribuidora-de-Tintas-Revenda-autorizada-WEG-100369271992882","og_image":[{"width":680,"height":680,"url":"https:\/\/avenidatintas.com\/ube\/wp-content\/uploads\/2021\/06\/W-VIARIA-CVP-605.jpg","type":"image\/jpeg"}],"schema":{"@context":"https:\/\/schema.org","@graph":[{"@type":"WebPage","@id":"https:\/\/avenidatintas.com\/ube\/produto\/w-thane-pda-514-easy-clean\/","url":"https:\/\/avenidatintas.com\/ube\/produto\/w-thane-pda-514-easy-clean\/","name":"W-THANE PDA 514 EASY CLEAN - Avenida Tintas","isPartOf":{"@id":"https:\/\/avenidatintas.com\/ube\/#website"},"primaryImageOfPage":{"@id":"https:\/\/avenidatintas.com\/ube\/produto\/w-thane-pda-514-easy-clean\/#primaryimage"},"image":{"@id":"https:\/\/avenidatintas.com\/ube\/produto\/w-thane-pda-514-easy-clean\/#primaryimage"},"thumbnailUrl":"https:\/\/avenidatintas.com\/ube\/wp-content\/uploads\/2021\/06\/W-VIARIA-CVP-605.jpg","datePublished":"2021-09-30T14:18:19+00:00","description":"DESCRI\u00c7\u00c3O DO PRODUTO:Acabamento poliuretano acr\u00edlico alif\u00e1tico de alta performance, bicomponente e com a\u00e7\u00e3o fungicida. Oferece boa aplicabilidade, facilidade de limpeza, boa cobertura, baixo respingo e excelente resist\u00eancia ao intemperismo.USOS RECOMENDADOS:Indicado para decora\u00e7\u00e3o de paredes e fachadas externas. Recomendado para concreto, superf\u00edcies met\u00e1licas, alum\u00ednio e galvanizado.","breadcrumb":{"@id":"https:\/\/avenidatintas.com\/ube\/produto\/w-thane-pda-514-easy-clean\/#breadcrumb"},"inLanguage":"pt-BR","potentialAction":[{"@type":"ReadAction","target":["https:\/\/avenidatintas.com\/ube\/produto\/w-thane-pda-514-easy-clean\/"]}]},{"@type":"ImageObject","inLanguage":"pt-BR","@id":"https:\/\/avenidatintas.com\/ube\/produto\/w-thane-pda-514-easy-clean\/#primaryimage","url":"https:\/\/avenidatintas.com\/ube\/wp-content\/uploads\/2021\/06\/W-VIARIA-CVP-605.jpg","contentUrl":"https:\/\/avenidatintas.com\/ube\/wp-content\/uploads\/2021\/06\/W-VIARIA-CVP-605.jpg","width":680,"height":680},{"@type":"BreadcrumbList","@id":"https:\/\/avenidatintas.com\/ube\/produto\/w-thane-pda-514-easy-clean\/#breadcrumb","itemListElement":[{"@type":"ListItem","position":1,"name":"In\u00edcio","item":"https:\/\/avenidatintas.com\/ube\/"},{"@type":"ListItem","position":2,"name":"Produtos","item":"https:\/\/avenidatintas.com\/ube\/loja\/"},{"@type":"ListItem","position":3,"name":"W-THANE PDA 514 EASY CLEAN"}]},{"@type":"WebSite","@id":"https:\/\/avenidatintas.com\/ube\/#website","url":"https:\/\/avenidatintas.com\/ube\/","name":"Avenida Tintas","description":"Tintas para manuten\u00e7\u00e3o Industrial e Mar\u00edtima WEG; laborat\u00f3rio de prepara\u00e7\u00e3o de tintas","potentialAction":[{"@type":"SearchAction","target":{"@type":"EntryPoint","urlTemplate":"https:\/\/avenidatintas.com\/ube\/?s={search_term_string}"},"query-input":{"@type":"PropertyValueSpecification","valueRequired":true,"valueName":"search_term_string"}}],"inLanguage":"pt-BR"}]}},"_links":{"self":[{"href":"https:\/\/avenidatintas.com\/ube\/wp-json\/wp\/v2\/product\/1889","targetHints":{"allow":["GET"]}}],"collection":[{"href":"https:\/\/avenidatintas.com\/ube\/wp-json\/wp\/v2\/product"}],"about":[{"href":"https:\/\/avenidatintas.com\/ube\/wp-json\/wp\/v2\/types\/product"}],"wp:featuredmedia":[{"embeddable":true,"href":"https:\/\/avenidatintas.com\/ube\/wp-json\/wp\/v2\/media\/1114"}],"wp:attachment":[{"href":"https:\/\/avenidatintas.com\/ube\/wp-json\/wp\/v2\/media?parent=1889"}],"wp:term":[{"taxonomy":"product_brand","embeddable":true,"href":"https:\/\/avenidatintas.com\/ube\/wp-json\/wp\/v2\/product_brand?post=1889"},{"taxonomy":"product_cat","embeddable":true,"href":"https:\/\/avenidatintas.com\/ube\/wp-json\/wp\/v2\/product_cat?post=1889"},{"taxonomy":"product_tag","embeddable":true,"href":"https:\/\/avenidatintas.com\/ube\/wp-json\/wp\/v2\/product_tag?post=1889"}],"curies":[{"name":"wp","href":"https:\/\/api.w.org\/{rel}","templated":true}]}}