{"id":1883,"date":"2021-09-30T10:43:16","date_gmt":"2021-09-30T13:43:16","guid":{"rendered":"https:\/\/avenidatintas.com\/?post_type=product&#038;p=1883"},"modified":"2021-09-30T10:48:05","modified_gmt":"2021-09-30T13:48:05","slug":"wegpoxi-block-n-2912-tipo-iii","status":"publish","type":"product","link":"https:\/\/avenidatintas.com\/ube\/produto\/wegpoxi-block-n-2912-tipo-iii\/","title":{"rendered":"WEGPOXI BLOCK N 2912 TIPO III"},"content":{"rendered":"<p>DESCRI\u00c7\u00c3O DO PRODUTO:<br \/>\nPrimer ep\u00f3xi novolac bicomponente com alto teor de s\u00f3lidos e alta espessura. Possui baix\u00edssimo conte\u00fado de compostos org\u00e2nicos vol\u00e1teis (Low VOC). Formulado com flocos de vidro que proporcionam excelente prote\u00e7\u00e3o por barreira, al\u00e9m de grande resist\u00eancia a abras\u00e3o e impacto. Devido aos flocos de vidro em sua formula\u00e7\u00e3o, o produto proporciona incompar\u00e1vel prote\u00e7\u00e3o anticorrosiva, possui excelente dureza superficial e impermeabilidade.<\/p>\n","protected":false},"excerpt":{"rendered":"<p>USOS RECOMENDADOS:<br \/>\nDesenvolvido especialmente para aplica\u00e7\u00e3o em tanques de petr\u00f3leo e \u00e1gua de forma\u00e7\u00e3o. Tamb\u00e9m indicado para tanques de \u00f3leos crus, \u00f3leos combust\u00edveis, produtos claros (combust\u00edveis e solventes) e tanques de lastro, navios em geral e estruturas mar\u00edtimas.<br \/>\nEm off shore, pode ser usado em decks, plataformas de explora\u00e7\u00e3o petrol\u00edferas e g\u00e1s natural, maquinaria de bordo, tubula\u00e7\u00f5es, etc. Indicado tamb\u00e9m para aplica\u00e7\u00f5es industriais como qu\u00edmica e celulose, pontes, estruturas met\u00e1licas a\u00e9reas ou imersas (sob consulta) e maquinarias diversas.<br \/>\n\u00c9 indicado para interior e exterior de tubula\u00e7\u00f5es diversas, imersas ou enterradas. \u00c9 particularmente indicado para ambientes onde a resist\u00eancia anticorrosiva e qu\u00edmica s\u00e3o requisitos indispens\u00e1veis.<\/p>\n","protected":false},"featured_media":1114,"template":"","meta":{"_et_pb_use_builder":"","_et_pb_old_content":"","_et_gb_content_width":""},"product_brand":[],"product_cat":[197,21,23],"product_tag":[215,296,220,149,146,305,258,133,306,204,311,294,285,156,143,304,144,286,283,312,308,313,235,300,257,145,138,148,45],"class_list":{"0":"post-1883","1":"product","2":"type-product","3":"status-publish","4":"has-post-thumbnail","6":"product_cat-epoxi-industriais","7":"product_cat-industriais","8":"product_cat-normas-petrobras","9":"product_tag-alta-espessura","10":"product_tag-alto-solido","11":"product_tag-anticorrosiva","12":"product_tag-bicomponente","13":"product_tag-combustivel","14":"product_tag-dureza-superficial","15":"product_tag-enterrado","16":"product_tag-epoxi","17":"product_tag-estruturas-maritimas","18":"product_tag-exterior-de-tanques","19":"product_tag-flocos-de-vidro","20":"product_tag-impermeabilizacao","21":"product_tag-interior-de-tanques","22":"product_tag-maquinas","23":"product_tag-navio","24":"product_tag-novolac","25":"product_tag-offshore","26":"product_tag-petroleo","27":"product_tag-plataforma","28":"product_tag-protecao-por-barreira","29":"product_tag-resistencia-abrasao","30":"product_tag-resistencia-impacto","31":"product_tag-resistencia-quimica","32":"product_tag-submersos","33":"product_tag-subterraneo","34":"product_tag-tanques","35":"product_tag-tinta-epoxi","36":"product_tag-tubulacoes","37":"product_tag-weg","39":"first","40":"instock","41":"shipping-taxable","42":"purchasable","43":"product-type-variable"},"yoast_head":"<!-- This site is optimized with the Yoast SEO plugin v27.3 - https:\/\/yoast.com\/product\/yoast-seo-wordpress\/ -->\n<title>WEGPOXI BLOCK N 2912 TIPO III - Avenida Tintas<\/title>\n<meta name=\"description\" content=\"DESCRI\u00c7\u00c3O DO PRODUTO:Primer ep\u00f3xi novolac bicomponente com alto teor de s\u00f3lidos e alta espessura. Possui baix\u00edssimo conte\u00fado de compostos org\u00e2nicos vol\u00e1teis (Low VOC). Formulado com flocos de vidro que proporcionam excelente prote\u00e7\u00e3o por barreira, al\u00e9m de grande resist\u00eancia a abras\u00e3o e impacto. Devido aos flocos de vidro em sua formula\u00e7\u00e3o, o produto proporciona incompar\u00e1vel prote\u00e7\u00e3o anticorrosiva, possui excelente dureza superficial e impermeabilidade.USOS RECOMENDADOS:Desenvolvido especialmente para aplica\u00e7\u00e3o em tanques de petr\u00f3leo e \u00e1gua de forma\u00e7\u00e3o. Tamb\u00e9m indicado para tanques de \u00f3leos crus, \u00f3leos combust\u00edveis, produtos claros (combust\u00edveis e solventes) e tanques de lastro, navios em geral e estruturas mar\u00edtimas.Em off shore, pode ser usado em decks, plataformas de explora\u00e7\u00e3o petrol\u00edferas e g\u00e1s natural, maquinaria de bordo, tubula\u00e7\u00f5es, etc. Indicado tamb\u00e9m para aplica\u00e7\u00f5es industriais como qu\u00edmica e celulose, pontes, estruturas met\u00e1licas a\u00e9reas ou imersas (sob consulta) e maquinarias diversas.\u00c9 indicado para interior e exterior de tubula\u00e7\u00f5es diversas, imersas ou enterradas. \u00c9 particularmente indicado para ambientes onde a resist\u00eancia anticorrosiva e qu\u00edmica s\u00e3o requisitos indispens\u00e1veis.\" \/>\n<meta name=\"robots\" content=\"index, follow, max-snippet:-1, max-image-preview:large, max-video-preview:-1\" \/>\n<link rel=\"canonical\" href=\"https:\/\/avenidatintas.com\/ube\/produto\/wegpoxi-block-n-2912-tipo-iii\/\" \/>\n<meta property=\"og:locale\" content=\"pt_BR\" \/>\n<meta property=\"og:type\" content=\"article\" \/>\n<meta property=\"og:title\" content=\"WEGPOXI BLOCK N 2912 TIPO III - Avenida Tintas\" \/>\n<meta property=\"og:description\" content=\"DESCRI\u00c7\u00c3O DO PRODUTO:Primer ep\u00f3xi novolac bicomponente com alto teor de s\u00f3lidos e alta espessura. Possui baix\u00edssimo conte\u00fado de compostos org\u00e2nicos vol\u00e1teis (Low VOC). Formulado com flocos de vidro que proporcionam excelente prote\u00e7\u00e3o por barreira, al\u00e9m de grande resist\u00eancia a abras\u00e3o e impacto. Devido aos flocos de vidro em sua formula\u00e7\u00e3o, o produto proporciona incompar\u00e1vel prote\u00e7\u00e3o anticorrosiva, possui excelente dureza superficial e impermeabilidade.USOS RECOMENDADOS:Desenvolvido especialmente para aplica\u00e7\u00e3o em tanques de petr\u00f3leo e \u00e1gua de forma\u00e7\u00e3o. Tamb\u00e9m indicado para tanques de \u00f3leos crus, \u00f3leos combust\u00edveis, produtos claros (combust\u00edveis e solventes) e tanques de lastro, navios em geral e estruturas mar\u00edtimas.Em off shore, pode ser usado em decks, plataformas de explora\u00e7\u00e3o petrol\u00edferas e g\u00e1s natural, maquinaria de bordo, tubula\u00e7\u00f5es, etc. Indicado tamb\u00e9m para aplica\u00e7\u00f5es industriais como qu\u00edmica e celulose, pontes, estruturas met\u00e1licas a\u00e9reas ou imersas (sob consulta) e maquinarias diversas.\u00c9 indicado para interior e exterior de tubula\u00e7\u00f5es diversas, imersas ou enterradas. \u00c9 particularmente indicado para ambientes onde a resist\u00eancia anticorrosiva e qu\u00edmica s\u00e3o requisitos indispens\u00e1veis.\" \/>\n<meta property=\"og:url\" content=\"https:\/\/avenidatintas.com\/ube\/produto\/wegpoxi-block-n-2912-tipo-iii\/\" \/>\n<meta property=\"og:site_name\" content=\"Avenida Tintas\" \/>\n<meta property=\"article:publisher\" content=\"https:\/\/www.facebook.com\/Avenida-Distribuidora-de-Tintas-Revenda-autorizada-WEG-100369271992882\" \/>\n<meta property=\"article:modified_time\" content=\"2021-09-30T13:48:05+00:00\" \/>\n<meta property=\"og:image\" content=\"https:\/\/avenidatintas.com\/ube\/wp-content\/uploads\/2021\/06\/W-VIARIA-CVP-605.jpg\" \/>\n\t<meta property=\"og:image:width\" content=\"680\" \/>\n\t<meta property=\"og:image:height\" content=\"680\" \/>\n\t<meta property=\"og:image:type\" content=\"image\/jpeg\" \/>\n<script type=\"application\/ld+json\" class=\"yoast-schema-graph\">{\"@context\":\"https:\\\/\\\/schema.org\",\"@graph\":[{\"@type\":\"WebPage\",\"@id\":\"https:\\\/\\\/avenidatintas.com\\\/ube\\\/produto\\\/wegpoxi-block-n-2912-tipo-iii\\\/\",\"url\":\"https:\\\/\\\/avenidatintas.com\\\/ube\\\/produto\\\/wegpoxi-block-n-2912-tipo-iii\\\/\",\"name\":\"WEGPOXI BLOCK N 2912 TIPO III - Avenida Tintas\",\"isPartOf\":{\"@id\":\"https:\\\/\\\/avenidatintas.com\\\/ube\\\/#website\"},\"primaryImageOfPage\":{\"@id\":\"https:\\\/\\\/avenidatintas.com\\\/ube\\\/produto\\\/wegpoxi-block-n-2912-tipo-iii\\\/#primaryimage\"},\"image\":{\"@id\":\"https:\\\/\\\/avenidatintas.com\\\/ube\\\/produto\\\/wegpoxi-block-n-2912-tipo-iii\\\/#primaryimage\"},\"thumbnailUrl\":\"https:\\\/\\\/avenidatintas.com\\\/ube\\\/wp-content\\\/uploads\\\/2021\\\/06\\\/W-VIARIA-CVP-605.jpg\",\"datePublished\":\"2021-09-30T13:43:16+00:00\",\"dateModified\":\"2021-09-30T13:48:05+00:00\",\"description\":\"DESCRI\u00c7\u00c3O DO PRODUTO:Primer ep\u00f3xi novolac bicomponente com alto teor de s\u00f3lidos e alta espessura. Possui baix\u00edssimo conte\u00fado de compostos org\u00e2nicos vol\u00e1teis (Low VOC). Formulado com flocos de vidro que proporcionam excelente prote\u00e7\u00e3o por barreira, al\u00e9m de grande resist\u00eancia a abras\u00e3o e impacto. Devido aos flocos de vidro em sua formula\u00e7\u00e3o, o produto proporciona incompar\u00e1vel prote\u00e7\u00e3o anticorrosiva, possui excelente dureza superficial e impermeabilidade.USOS RECOMENDADOS:Desenvolvido especialmente para aplica\u00e7\u00e3o em tanques de petr\u00f3leo e \u00e1gua de forma\u00e7\u00e3o. Tamb\u00e9m indicado para tanques de \u00f3leos crus, \u00f3leos combust\u00edveis, produtos claros (combust\u00edveis e solventes) e tanques de lastro, navios em geral e estruturas mar\u00edtimas.Em off shore, pode ser usado em decks, plataformas de explora\u00e7\u00e3o petrol\u00edferas e g\u00e1s natural, maquinaria de bordo, tubula\u00e7\u00f5es, etc. Indicado tamb\u00e9m para aplica\u00e7\u00f5es industriais como qu\u00edmica e celulose, pontes, estruturas met\u00e1licas a\u00e9reas ou imersas (sob consulta) e maquinarias diversas.\u00c9 indicado para interior e exterior de tubula\u00e7\u00f5es diversas, imersas ou enterradas. \u00c9 particularmente indicado para ambientes onde a resist\u00eancia anticorrosiva e qu\u00edmica s\u00e3o requisitos indispens\u00e1veis.\",\"breadcrumb\":{\"@id\":\"https:\\\/\\\/avenidatintas.com\\\/ube\\\/produto\\\/wegpoxi-block-n-2912-tipo-iii\\\/#breadcrumb\"},\"inLanguage\":\"pt-BR\",\"potentialAction\":[{\"@type\":\"ReadAction\",\"target\":[\"https:\\\/\\\/avenidatintas.com\\\/ube\\\/produto\\\/wegpoxi-block-n-2912-tipo-iii\\\/\"]}]},{\"@type\":\"ImageObject\",\"inLanguage\":\"pt-BR\",\"@id\":\"https:\\\/\\\/avenidatintas.com\\\/ube\\\/produto\\\/wegpoxi-block-n-2912-tipo-iii\\\/#primaryimage\",\"url\":\"https:\\\/\\\/avenidatintas.com\\\/ube\\\/wp-content\\\/uploads\\\/2021\\\/06\\\/W-VIARIA-CVP-605.jpg\",\"contentUrl\":\"https:\\\/\\\/avenidatintas.com\\\/ube\\\/wp-content\\\/uploads\\\/2021\\\/06\\\/W-VIARIA-CVP-605.jpg\",\"width\":680,\"height\":680},{\"@type\":\"BreadcrumbList\",\"@id\":\"https:\\\/\\\/avenidatintas.com\\\/ube\\\/produto\\\/wegpoxi-block-n-2912-tipo-iii\\\/#breadcrumb\",\"itemListElement\":[{\"@type\":\"ListItem\",\"position\":1,\"name\":\"In\u00edcio\",\"item\":\"https:\\\/\\\/avenidatintas.com\\\/ube\\\/\"},{\"@type\":\"ListItem\",\"position\":2,\"name\":\"Produtos\",\"item\":\"https:\\\/\\\/avenidatintas.com\\\/ube\\\/loja\\\/\"},{\"@type\":\"ListItem\",\"position\":3,\"name\":\"WEGPOXI BLOCK N 2912 TIPO III\"}]},{\"@type\":\"WebSite\",\"@id\":\"https:\\\/\\\/avenidatintas.com\\\/ube\\\/#website\",\"url\":\"https:\\\/\\\/avenidatintas.com\\\/ube\\\/\",\"name\":\"Avenida Tintas\",\"description\":\"Tintas para manuten\u00e7\u00e3o Industrial e Mar\u00edtima WEG; laborat\u00f3rio de prepara\u00e7\u00e3o de tintas\",\"potentialAction\":[{\"@type\":\"SearchAction\",\"target\":{\"@type\":\"EntryPoint\",\"urlTemplate\":\"https:\\\/\\\/avenidatintas.com\\\/ube\\\/?s={search_term_string}\"},\"query-input\":{\"@type\":\"PropertyValueSpecification\",\"valueRequired\":true,\"valueName\":\"search_term_string\"}}],\"inLanguage\":\"pt-BR\"}]}<\/script>\n<!-- \/ Yoast SEO plugin. -->","yoast_head_json":{"title":"WEGPOXI BLOCK N 2912 TIPO III - Avenida Tintas","description":"DESCRI\u00c7\u00c3O DO PRODUTO:Primer ep\u00f3xi novolac bicomponente com alto teor de s\u00f3lidos e alta espessura. Possui baix\u00edssimo conte\u00fado de compostos org\u00e2nicos vol\u00e1teis (Low VOC). Formulado com flocos de vidro que proporcionam excelente prote\u00e7\u00e3o por barreira, al\u00e9m de grande resist\u00eancia a abras\u00e3o e impacto. Devido aos flocos de vidro em sua formula\u00e7\u00e3o, o produto proporciona incompar\u00e1vel prote\u00e7\u00e3o anticorrosiva, possui excelente dureza superficial e impermeabilidade.USOS RECOMENDADOS:Desenvolvido especialmente para aplica\u00e7\u00e3o em tanques de petr\u00f3leo e \u00e1gua de forma\u00e7\u00e3o. Tamb\u00e9m indicado para tanques de \u00f3leos crus, \u00f3leos combust\u00edveis, produtos claros (combust\u00edveis e solventes) e tanques de lastro, navios em geral e estruturas mar\u00edtimas.Em off shore, pode ser usado em decks, plataformas de explora\u00e7\u00e3o petrol\u00edferas e g\u00e1s natural, maquinaria de bordo, tubula\u00e7\u00f5es, etc. Indicado tamb\u00e9m para aplica\u00e7\u00f5es industriais como qu\u00edmica e celulose, pontes, estruturas met\u00e1licas a\u00e9reas ou imersas (sob consulta) e maquinarias diversas.\u00c9 indicado para interior e exterior de tubula\u00e7\u00f5es diversas, imersas ou enterradas. \u00c9 particularmente indicado para ambientes onde a resist\u00eancia anticorrosiva e qu\u00edmica s\u00e3o requisitos indispens\u00e1veis.","robots":{"index":"index","follow":"follow","max-snippet":"max-snippet:-1","max-image-preview":"max-image-preview:large","max-video-preview":"max-video-preview:-1"},"canonical":"https:\/\/avenidatintas.com\/ube\/produto\/wegpoxi-block-n-2912-tipo-iii\/","og_locale":"pt_BR","og_type":"article","og_title":"WEGPOXI BLOCK N 2912 TIPO III - Avenida Tintas","og_description":"DESCRI\u00c7\u00c3O DO PRODUTO:Primer ep\u00f3xi novolac bicomponente com alto teor de s\u00f3lidos e alta espessura. Possui baix\u00edssimo conte\u00fado de compostos org\u00e2nicos vol\u00e1teis (Low VOC). Formulado com flocos de vidro que proporcionam excelente prote\u00e7\u00e3o por barreira, al\u00e9m de grande resist\u00eancia a abras\u00e3o e impacto. Devido aos flocos de vidro em sua formula\u00e7\u00e3o, o produto proporciona incompar\u00e1vel prote\u00e7\u00e3o anticorrosiva, possui excelente dureza superficial e impermeabilidade.USOS RECOMENDADOS:Desenvolvido especialmente para aplica\u00e7\u00e3o em tanques de petr\u00f3leo e \u00e1gua de forma\u00e7\u00e3o. Tamb\u00e9m indicado para tanques de \u00f3leos crus, \u00f3leos combust\u00edveis, produtos claros (combust\u00edveis e solventes) e tanques de lastro, navios em geral e estruturas mar\u00edtimas.Em off shore, pode ser usado em decks, plataformas de explora\u00e7\u00e3o petrol\u00edferas e g\u00e1s natural, maquinaria de bordo, tubula\u00e7\u00f5es, etc. Indicado tamb\u00e9m para aplica\u00e7\u00f5es industriais como qu\u00edmica e celulose, pontes, estruturas met\u00e1licas a\u00e9reas ou imersas (sob consulta) e maquinarias diversas.\u00c9 indicado para interior e exterior de tubula\u00e7\u00f5es diversas, imersas ou enterradas. \u00c9 particularmente indicado para ambientes onde a resist\u00eancia anticorrosiva e qu\u00edmica s\u00e3o requisitos indispens\u00e1veis.","og_url":"https:\/\/avenidatintas.com\/ube\/produto\/wegpoxi-block-n-2912-tipo-iii\/","og_site_name":"Avenida Tintas","article_publisher":"https:\/\/www.facebook.com\/Avenida-Distribuidora-de-Tintas-Revenda-autorizada-WEG-100369271992882","article_modified_time":"2021-09-30T13:48:05+00:00","og_image":[{"width":680,"height":680,"url":"https:\/\/avenidatintas.com\/ube\/wp-content\/uploads\/2021\/06\/W-VIARIA-CVP-605.jpg","type":"image\/jpeg"}],"schema":{"@context":"https:\/\/schema.org","@graph":[{"@type":"WebPage","@id":"https:\/\/avenidatintas.com\/ube\/produto\/wegpoxi-block-n-2912-tipo-iii\/","url":"https:\/\/avenidatintas.com\/ube\/produto\/wegpoxi-block-n-2912-tipo-iii\/","name":"WEGPOXI BLOCK N 2912 TIPO III - Avenida Tintas","isPartOf":{"@id":"https:\/\/avenidatintas.com\/ube\/#website"},"primaryImageOfPage":{"@id":"https:\/\/avenidatintas.com\/ube\/produto\/wegpoxi-block-n-2912-tipo-iii\/#primaryimage"},"image":{"@id":"https:\/\/avenidatintas.com\/ube\/produto\/wegpoxi-block-n-2912-tipo-iii\/#primaryimage"},"thumbnailUrl":"https:\/\/avenidatintas.com\/ube\/wp-content\/uploads\/2021\/06\/W-VIARIA-CVP-605.jpg","datePublished":"2021-09-30T13:43:16+00:00","dateModified":"2021-09-30T13:48:05+00:00","description":"DESCRI\u00c7\u00c3O DO PRODUTO:Primer ep\u00f3xi novolac bicomponente com alto teor de s\u00f3lidos e alta espessura. Possui baix\u00edssimo conte\u00fado de compostos org\u00e2nicos vol\u00e1teis (Low VOC). Formulado com flocos de vidro que proporcionam excelente prote\u00e7\u00e3o por barreira, al\u00e9m de grande resist\u00eancia a abras\u00e3o e impacto. Devido aos flocos de vidro em sua formula\u00e7\u00e3o, o produto proporciona incompar\u00e1vel prote\u00e7\u00e3o anticorrosiva, possui excelente dureza superficial e impermeabilidade.USOS RECOMENDADOS:Desenvolvido especialmente para aplica\u00e7\u00e3o em tanques de petr\u00f3leo e \u00e1gua de forma\u00e7\u00e3o. Tamb\u00e9m indicado para tanques de \u00f3leos crus, \u00f3leos combust\u00edveis, produtos claros (combust\u00edveis e solventes) e tanques de lastro, navios em geral e estruturas mar\u00edtimas.Em off shore, pode ser usado em decks, plataformas de explora\u00e7\u00e3o petrol\u00edferas e g\u00e1s natural, maquinaria de bordo, tubula\u00e7\u00f5es, etc. Indicado tamb\u00e9m para aplica\u00e7\u00f5es industriais como qu\u00edmica e celulose, pontes, estruturas met\u00e1licas a\u00e9reas ou imersas (sob consulta) e maquinarias diversas.\u00c9 indicado para interior e exterior de tubula\u00e7\u00f5es diversas, imersas ou enterradas. \u00c9 particularmente indicado para ambientes onde a resist\u00eancia anticorrosiva e qu\u00edmica s\u00e3o requisitos indispens\u00e1veis.","breadcrumb":{"@id":"https:\/\/avenidatintas.com\/ube\/produto\/wegpoxi-block-n-2912-tipo-iii\/#breadcrumb"},"inLanguage":"pt-BR","potentialAction":[{"@type":"ReadAction","target":["https:\/\/avenidatintas.com\/ube\/produto\/wegpoxi-block-n-2912-tipo-iii\/"]}]},{"@type":"ImageObject","inLanguage":"pt-BR","@id":"https:\/\/avenidatintas.com\/ube\/produto\/wegpoxi-block-n-2912-tipo-iii\/#primaryimage","url":"https:\/\/avenidatintas.com\/ube\/wp-content\/uploads\/2021\/06\/W-VIARIA-CVP-605.jpg","contentUrl":"https:\/\/avenidatintas.com\/ube\/wp-content\/uploads\/2021\/06\/W-VIARIA-CVP-605.jpg","width":680,"height":680},{"@type":"BreadcrumbList","@id":"https:\/\/avenidatintas.com\/ube\/produto\/wegpoxi-block-n-2912-tipo-iii\/#breadcrumb","itemListElement":[{"@type":"ListItem","position":1,"name":"In\u00edcio","item":"https:\/\/avenidatintas.com\/ube\/"},{"@type":"ListItem","position":2,"name":"Produtos","item":"https:\/\/avenidatintas.com\/ube\/loja\/"},{"@type":"ListItem","position":3,"name":"WEGPOXI BLOCK N 2912 TIPO III"}]},{"@type":"WebSite","@id":"https:\/\/avenidatintas.com\/ube\/#website","url":"https:\/\/avenidatintas.com\/ube\/","name":"Avenida Tintas","description":"Tintas para manuten\u00e7\u00e3o Industrial e Mar\u00edtima WEG; laborat\u00f3rio de prepara\u00e7\u00e3o de tintas","potentialAction":[{"@type":"SearchAction","target":{"@type":"EntryPoint","urlTemplate":"https:\/\/avenidatintas.com\/ube\/?s={search_term_string}"},"query-input":{"@type":"PropertyValueSpecification","valueRequired":true,"valueName":"search_term_string"}}],"inLanguage":"pt-BR"}]}},"_links":{"self":[{"href":"https:\/\/avenidatintas.com\/ube\/wp-json\/wp\/v2\/product\/1883","targetHints":{"allow":["GET"]}}],"collection":[{"href":"https:\/\/avenidatintas.com\/ube\/wp-json\/wp\/v2\/product"}],"about":[{"href":"https:\/\/avenidatintas.com\/ube\/wp-json\/wp\/v2\/types\/product"}],"wp:featuredmedia":[{"embeddable":true,"href":"https:\/\/avenidatintas.com\/ube\/wp-json\/wp\/v2\/media\/1114"}],"wp:attachment":[{"href":"https:\/\/avenidatintas.com\/ube\/wp-json\/wp\/v2\/media?parent=1883"}],"wp:term":[{"taxonomy":"product_brand","embeddable":true,"href":"https:\/\/avenidatintas.com\/ube\/wp-json\/wp\/v2\/product_brand?post=1883"},{"taxonomy":"product_cat","embeddable":true,"href":"https:\/\/avenidatintas.com\/ube\/wp-json\/wp\/v2\/product_cat?post=1883"},{"taxonomy":"product_tag","embeddable":true,"href":"https:\/\/avenidatintas.com\/ube\/wp-json\/wp\/v2\/product_tag?post=1883"}],"curies":[{"name":"wp","href":"https:\/\/api.w.org\/{rel}","templated":true}]}}