{"id":1871,"date":"2021-09-30T09:25:12","date_gmt":"2021-09-30T12:25:12","guid":{"rendered":"https:\/\/avenidatintas.com\/?post_type=product&#038;p=1871"},"modified":"2021-09-30T09:25:13","modified_gmt":"2021-09-30T12:25:13","slug":"weg-tar-free-712-n-2851","status":"publish","type":"product","link":"https:\/\/avenidatintas.com\/ube\/produto\/weg-tar-free-712-n-2851\/","title":{"rendered":"WEG TAR FREE 712 N 2851"},"content":{"rendered":"<p>DESCRI\u00c7\u00c3O DO PRODUTO:<br \/>\nPrimer e acabamento ep\u00f3xi poliamida formulado com pigmenta\u00e7\u00e3o anticorrosiva e livre de alcatr\u00e3o, bicomponente. Revestimento anticorrosivo de alto desempenho para uso acima e abaixo da linha d\u2019\u00e1gua, aplic\u00e1vel em uma ou duas dem\u00e3os em alta espessura. Itens que atendem Diretiva Rohs possuem a descri\u00e7\u00e3o R na nomenclatura do produto.<br \/>\nAtende Norma Petrobras N 2851.<\/p>\n","protected":false},"excerpt":{"rendered":"<p>RECOMENDA\u00c7\u00d5ES DE USO:<br \/>\nRecomendado para manuten\u00e7\u00e3o e reparo de embarca\u00e7\u00f5es e pintura de estruturas met\u00e1licas e tubula\u00e7\u00f5es.<br \/>\nPara ambientes agressivos ou imers\u00e3o em \u00e1gua, recomenda-se o uso de duas dem\u00e3os.<\/p>\n","protected":false},"featured_media":1114,"template":"","meta":{"_et_pb_use_builder":"","_et_pb_old_content":"","_et_gb_content_width":""},"product_brand":[],"product_cat":[197,21,23,17],"product_tag":[215,302,220,303,149,139,301,133,154,299,239,238,300,138,148,45],"class_list":{"0":"post-1871","1":"product","2":"type-product","3":"status-publish","4":"has-post-thumbnail","6":"product_cat-epoxi-industriais","7":"product_cat-industriais","8":"product_cat-normas-petrobras","9":"product_cat-tintas-liquidas","10":"product_tag-alta-espessura","11":"product_tag-ambientes-agressivo","12":"product_tag-anticorrosiva","13":"product_tag-atende-a-norma-n-2851","14":"product_tag-bicomponente","15":"product_tag-dupla-funcao","16":"product_tag-embarcacoes","17":"product_tag-epoxi","18":"product_tag-estruturas-metalicas","19":"product_tag-livre-de-alcatrao","20":"product_tag-norma-petrobras","21":"product_tag-normatizada","22":"product_tag-submersos","23":"product_tag-tinta-epoxi","24":"product_tag-tubulacoes","25":"product_tag-weg","27":"first","28":"instock","29":"shipping-taxable","30":"purchasable","31":"product-type-variable"},"yoast_head":"<!-- This site is optimized with the Yoast SEO plugin v27.3 - https:\/\/yoast.com\/product\/yoast-seo-wordpress\/ -->\n<title>WEG TAR FREE 712 N 2851 - Avenida Tintas<\/title>\n<meta name=\"description\" content=\"DESCRI\u00c7\u00c3O DO PRODUTO:Primer e acabamento ep\u00f3xi poliamida formulado com pigmenta\u00e7\u00e3o anticorrosiva e livre de alcatr\u00e3o, bicomponente. Revestimento anticorrosivo de alto desempenho para uso acima e abaixo da linha d\u2019\u00e1gua, aplic\u00e1vel em uma ou duas dem\u00e3os em alta espessura. Itens que atendem Diretiva Rohs possuem a descri\u00e7\u00e3o R na nomenclatura do produto.Atende Norma Petrobras N 2851.RECOMENDA\u00c7\u00d5ES DE USO:Recomendado para manuten\u00e7\u00e3o e reparo de embarca\u00e7\u00f5es e pintura de estruturas met\u00e1licas e tubula\u00e7\u00f5es.Para ambientes agressivos ou imers\u00e3o em \u00e1gua, recomenda-se o uso de duas dem\u00e3os.\" \/>\n<meta name=\"robots\" content=\"index, follow, max-snippet:-1, max-image-preview:large, max-video-preview:-1\" \/>\n<link rel=\"canonical\" href=\"https:\/\/avenidatintas.com\/ube\/produto\/weg-tar-free-712-n-2851\/\" \/>\n<meta property=\"og:locale\" content=\"pt_BR\" \/>\n<meta property=\"og:type\" content=\"article\" \/>\n<meta property=\"og:title\" content=\"WEG TAR FREE 712 N 2851 - Avenida Tintas\" \/>\n<meta property=\"og:description\" content=\"DESCRI\u00c7\u00c3O DO PRODUTO:Primer e acabamento ep\u00f3xi poliamida formulado com pigmenta\u00e7\u00e3o anticorrosiva e livre de alcatr\u00e3o, bicomponente. Revestimento anticorrosivo de alto desempenho para uso acima e abaixo da linha d\u2019\u00e1gua, aplic\u00e1vel em uma ou duas dem\u00e3os em alta espessura. Itens que atendem Diretiva Rohs possuem a descri\u00e7\u00e3o R na nomenclatura do produto.Atende Norma Petrobras N 2851.RECOMENDA\u00c7\u00d5ES DE USO:Recomendado para manuten\u00e7\u00e3o e reparo de embarca\u00e7\u00f5es e pintura de estruturas met\u00e1licas e tubula\u00e7\u00f5es.Para ambientes agressivos ou imers\u00e3o em \u00e1gua, recomenda-se o uso de duas dem\u00e3os.\" \/>\n<meta property=\"og:url\" content=\"https:\/\/avenidatintas.com\/ube\/produto\/weg-tar-free-712-n-2851\/\" \/>\n<meta property=\"og:site_name\" content=\"Avenida Tintas\" \/>\n<meta property=\"article:publisher\" content=\"https:\/\/www.facebook.com\/Avenida-Distribuidora-de-Tintas-Revenda-autorizada-WEG-100369271992882\" \/>\n<meta property=\"article:modified_time\" content=\"2021-09-30T12:25:13+00:00\" \/>\n<meta property=\"og:image\" content=\"https:\/\/avenidatintas.com\/ube\/wp-content\/uploads\/2021\/06\/W-VIARIA-CVP-605.jpg\" \/>\n\t<meta property=\"og:image:width\" content=\"680\" \/>\n\t<meta property=\"og:image:height\" content=\"680\" \/>\n\t<meta property=\"og:image:type\" content=\"image\/jpeg\" \/>\n<script type=\"application\/ld+json\" class=\"yoast-schema-graph\">{\"@context\":\"https:\\\/\\\/schema.org\",\"@graph\":[{\"@type\":\"WebPage\",\"@id\":\"https:\\\/\\\/avenidatintas.com\\\/ube\\\/produto\\\/weg-tar-free-712-n-2851\\\/\",\"url\":\"https:\\\/\\\/avenidatintas.com\\\/ube\\\/produto\\\/weg-tar-free-712-n-2851\\\/\",\"name\":\"WEG TAR FREE 712 N 2851 - Avenida Tintas\",\"isPartOf\":{\"@id\":\"https:\\\/\\\/avenidatintas.com\\\/ube\\\/#website\"},\"primaryImageOfPage\":{\"@id\":\"https:\\\/\\\/avenidatintas.com\\\/ube\\\/produto\\\/weg-tar-free-712-n-2851\\\/#primaryimage\"},\"image\":{\"@id\":\"https:\\\/\\\/avenidatintas.com\\\/ube\\\/produto\\\/weg-tar-free-712-n-2851\\\/#primaryimage\"},\"thumbnailUrl\":\"https:\\\/\\\/avenidatintas.com\\\/ube\\\/wp-content\\\/uploads\\\/2021\\\/06\\\/W-VIARIA-CVP-605.jpg\",\"datePublished\":\"2021-09-30T12:25:12+00:00\",\"dateModified\":\"2021-09-30T12:25:13+00:00\",\"description\":\"DESCRI\u00c7\u00c3O DO PRODUTO:Primer e acabamento ep\u00f3xi poliamida formulado com pigmenta\u00e7\u00e3o anticorrosiva e livre de alcatr\u00e3o, bicomponente. Revestimento anticorrosivo de alto desempenho para uso acima e abaixo da linha d\u2019\u00e1gua, aplic\u00e1vel em uma ou duas dem\u00e3os em alta espessura. Itens que atendem Diretiva Rohs possuem a descri\u00e7\u00e3o R na nomenclatura do produto.Atende Norma Petrobras N 2851.RECOMENDA\u00c7\u00d5ES DE USO:Recomendado para manuten\u00e7\u00e3o e reparo de embarca\u00e7\u00f5es e pintura de estruturas met\u00e1licas e tubula\u00e7\u00f5es.Para ambientes agressivos ou imers\u00e3o em \u00e1gua, recomenda-se o uso de duas dem\u00e3os.\",\"breadcrumb\":{\"@id\":\"https:\\\/\\\/avenidatintas.com\\\/ube\\\/produto\\\/weg-tar-free-712-n-2851\\\/#breadcrumb\"},\"inLanguage\":\"pt-BR\",\"potentialAction\":[{\"@type\":\"ReadAction\",\"target\":[\"https:\\\/\\\/avenidatintas.com\\\/ube\\\/produto\\\/weg-tar-free-712-n-2851\\\/\"]}]},{\"@type\":\"ImageObject\",\"inLanguage\":\"pt-BR\",\"@id\":\"https:\\\/\\\/avenidatintas.com\\\/ube\\\/produto\\\/weg-tar-free-712-n-2851\\\/#primaryimage\",\"url\":\"https:\\\/\\\/avenidatintas.com\\\/ube\\\/wp-content\\\/uploads\\\/2021\\\/06\\\/W-VIARIA-CVP-605.jpg\",\"contentUrl\":\"https:\\\/\\\/avenidatintas.com\\\/ube\\\/wp-content\\\/uploads\\\/2021\\\/06\\\/W-VIARIA-CVP-605.jpg\",\"width\":680,\"height\":680},{\"@type\":\"BreadcrumbList\",\"@id\":\"https:\\\/\\\/avenidatintas.com\\\/ube\\\/produto\\\/weg-tar-free-712-n-2851\\\/#breadcrumb\",\"itemListElement\":[{\"@type\":\"ListItem\",\"position\":1,\"name\":\"In\u00edcio\",\"item\":\"https:\\\/\\\/avenidatintas.com\\\/ube\\\/\"},{\"@type\":\"ListItem\",\"position\":2,\"name\":\"Produtos\",\"item\":\"https:\\\/\\\/avenidatintas.com\\\/ube\\\/loja\\\/\"},{\"@type\":\"ListItem\",\"position\":3,\"name\":\"WEG TAR FREE 712 N 2851\"}]},{\"@type\":\"WebSite\",\"@id\":\"https:\\\/\\\/avenidatintas.com\\\/ube\\\/#website\",\"url\":\"https:\\\/\\\/avenidatintas.com\\\/ube\\\/\",\"name\":\"Avenida Tintas\",\"description\":\"Tintas para manuten\u00e7\u00e3o Industrial e Mar\u00edtima WEG; laborat\u00f3rio de prepara\u00e7\u00e3o de tintas\",\"potentialAction\":[{\"@type\":\"SearchAction\",\"target\":{\"@type\":\"EntryPoint\",\"urlTemplate\":\"https:\\\/\\\/avenidatintas.com\\\/ube\\\/?s={search_term_string}\"},\"query-input\":{\"@type\":\"PropertyValueSpecification\",\"valueRequired\":true,\"valueName\":\"search_term_string\"}}],\"inLanguage\":\"pt-BR\"}]}<\/script>\n<!-- \/ Yoast SEO plugin. -->","yoast_head_json":{"title":"WEG TAR FREE 712 N 2851 - Avenida Tintas","description":"DESCRI\u00c7\u00c3O DO PRODUTO:Primer e acabamento ep\u00f3xi poliamida formulado com pigmenta\u00e7\u00e3o anticorrosiva e livre de alcatr\u00e3o, bicomponente. Revestimento anticorrosivo de alto desempenho para uso acima e abaixo da linha d\u2019\u00e1gua, aplic\u00e1vel em uma ou duas dem\u00e3os em alta espessura. Itens que atendem Diretiva Rohs possuem a descri\u00e7\u00e3o R na nomenclatura do produto.Atende Norma Petrobras N 2851.RECOMENDA\u00c7\u00d5ES DE USO:Recomendado para manuten\u00e7\u00e3o e reparo de embarca\u00e7\u00f5es e pintura de estruturas met\u00e1licas e tubula\u00e7\u00f5es.Para ambientes agressivos ou imers\u00e3o em \u00e1gua, recomenda-se o uso de duas dem\u00e3os.","robots":{"index":"index","follow":"follow","max-snippet":"max-snippet:-1","max-image-preview":"max-image-preview:large","max-video-preview":"max-video-preview:-1"},"canonical":"https:\/\/avenidatintas.com\/ube\/produto\/weg-tar-free-712-n-2851\/","og_locale":"pt_BR","og_type":"article","og_title":"WEG TAR FREE 712 N 2851 - Avenida Tintas","og_description":"DESCRI\u00c7\u00c3O DO PRODUTO:Primer e acabamento ep\u00f3xi poliamida formulado com pigmenta\u00e7\u00e3o anticorrosiva e livre de alcatr\u00e3o, bicomponente. Revestimento anticorrosivo de alto desempenho para uso acima e abaixo da linha d\u2019\u00e1gua, aplic\u00e1vel em uma ou duas dem\u00e3os em alta espessura. Itens que atendem Diretiva Rohs possuem a descri\u00e7\u00e3o R na nomenclatura do produto.Atende Norma Petrobras N 2851.RECOMENDA\u00c7\u00d5ES DE USO:Recomendado para manuten\u00e7\u00e3o e reparo de embarca\u00e7\u00f5es e pintura de estruturas met\u00e1licas e tubula\u00e7\u00f5es.Para ambientes agressivos ou imers\u00e3o em \u00e1gua, recomenda-se o uso de duas dem\u00e3os.","og_url":"https:\/\/avenidatintas.com\/ube\/produto\/weg-tar-free-712-n-2851\/","og_site_name":"Avenida Tintas","article_publisher":"https:\/\/www.facebook.com\/Avenida-Distribuidora-de-Tintas-Revenda-autorizada-WEG-100369271992882","article_modified_time":"2021-09-30T12:25:13+00:00","og_image":[{"width":680,"height":680,"url":"https:\/\/avenidatintas.com\/ube\/wp-content\/uploads\/2021\/06\/W-VIARIA-CVP-605.jpg","type":"image\/jpeg"}],"schema":{"@context":"https:\/\/schema.org","@graph":[{"@type":"WebPage","@id":"https:\/\/avenidatintas.com\/ube\/produto\/weg-tar-free-712-n-2851\/","url":"https:\/\/avenidatintas.com\/ube\/produto\/weg-tar-free-712-n-2851\/","name":"WEG TAR FREE 712 N 2851 - Avenida Tintas","isPartOf":{"@id":"https:\/\/avenidatintas.com\/ube\/#website"},"primaryImageOfPage":{"@id":"https:\/\/avenidatintas.com\/ube\/produto\/weg-tar-free-712-n-2851\/#primaryimage"},"image":{"@id":"https:\/\/avenidatintas.com\/ube\/produto\/weg-tar-free-712-n-2851\/#primaryimage"},"thumbnailUrl":"https:\/\/avenidatintas.com\/ube\/wp-content\/uploads\/2021\/06\/W-VIARIA-CVP-605.jpg","datePublished":"2021-09-30T12:25:12+00:00","dateModified":"2021-09-30T12:25:13+00:00","description":"DESCRI\u00c7\u00c3O DO PRODUTO:Primer e acabamento ep\u00f3xi poliamida formulado com pigmenta\u00e7\u00e3o anticorrosiva e livre de alcatr\u00e3o, bicomponente. Revestimento anticorrosivo de alto desempenho para uso acima e abaixo da linha d\u2019\u00e1gua, aplic\u00e1vel em uma ou duas dem\u00e3os em alta espessura. Itens que atendem Diretiva Rohs possuem a descri\u00e7\u00e3o R na nomenclatura do produto.Atende Norma Petrobras N 2851.RECOMENDA\u00c7\u00d5ES DE USO:Recomendado para manuten\u00e7\u00e3o e reparo de embarca\u00e7\u00f5es e pintura de estruturas met\u00e1licas e tubula\u00e7\u00f5es.Para ambientes agressivos ou imers\u00e3o em \u00e1gua, recomenda-se o uso de duas dem\u00e3os.","breadcrumb":{"@id":"https:\/\/avenidatintas.com\/ube\/produto\/weg-tar-free-712-n-2851\/#breadcrumb"},"inLanguage":"pt-BR","potentialAction":[{"@type":"ReadAction","target":["https:\/\/avenidatintas.com\/ube\/produto\/weg-tar-free-712-n-2851\/"]}]},{"@type":"ImageObject","inLanguage":"pt-BR","@id":"https:\/\/avenidatintas.com\/ube\/produto\/weg-tar-free-712-n-2851\/#primaryimage","url":"https:\/\/avenidatintas.com\/ube\/wp-content\/uploads\/2021\/06\/W-VIARIA-CVP-605.jpg","contentUrl":"https:\/\/avenidatintas.com\/ube\/wp-content\/uploads\/2021\/06\/W-VIARIA-CVP-605.jpg","width":680,"height":680},{"@type":"BreadcrumbList","@id":"https:\/\/avenidatintas.com\/ube\/produto\/weg-tar-free-712-n-2851\/#breadcrumb","itemListElement":[{"@type":"ListItem","position":1,"name":"In\u00edcio","item":"https:\/\/avenidatintas.com\/ube\/"},{"@type":"ListItem","position":2,"name":"Produtos","item":"https:\/\/avenidatintas.com\/ube\/loja\/"},{"@type":"ListItem","position":3,"name":"WEG TAR FREE 712 N 2851"}]},{"@type":"WebSite","@id":"https:\/\/avenidatintas.com\/ube\/#website","url":"https:\/\/avenidatintas.com\/ube\/","name":"Avenida Tintas","description":"Tintas para manuten\u00e7\u00e3o Industrial e Mar\u00edtima WEG; laborat\u00f3rio de prepara\u00e7\u00e3o de tintas","potentialAction":[{"@type":"SearchAction","target":{"@type":"EntryPoint","urlTemplate":"https:\/\/avenidatintas.com\/ube\/?s={search_term_string}"},"query-input":{"@type":"PropertyValueSpecification","valueRequired":true,"valueName":"search_term_string"}}],"inLanguage":"pt-BR"}]}},"_links":{"self":[{"href":"https:\/\/avenidatintas.com\/ube\/wp-json\/wp\/v2\/product\/1871","targetHints":{"allow":["GET"]}}],"collection":[{"href":"https:\/\/avenidatintas.com\/ube\/wp-json\/wp\/v2\/product"}],"about":[{"href":"https:\/\/avenidatintas.com\/ube\/wp-json\/wp\/v2\/types\/product"}],"wp:featuredmedia":[{"embeddable":true,"href":"https:\/\/avenidatintas.com\/ube\/wp-json\/wp\/v2\/media\/1114"}],"wp:attachment":[{"href":"https:\/\/avenidatintas.com\/ube\/wp-json\/wp\/v2\/media?parent=1871"}],"wp:term":[{"taxonomy":"product_brand","embeddable":true,"href":"https:\/\/avenidatintas.com\/ube\/wp-json\/wp\/v2\/product_brand?post=1871"},{"taxonomy":"product_cat","embeddable":true,"href":"https:\/\/avenidatintas.com\/ube\/wp-json\/wp\/v2\/product_cat?post=1871"},{"taxonomy":"product_tag","embeddable":true,"href":"https:\/\/avenidatintas.com\/ube\/wp-json\/wp\/v2\/product_tag?post=1871"}],"curies":[{"name":"wp","href":"https:\/\/api.w.org\/{rel}","templated":true}]}}