{"id":1857,"date":"2021-09-29T11:05:58","date_gmt":"2021-09-29T14:05:58","guid":{"rendered":"https:\/\/avenidatintas.com\/?post_type=product&#038;p=1857"},"modified":"2021-09-29T11:07:19","modified_gmt":"2021-09-29T14:07:19","slug":"lackpoxi-76-wet-surface-n-2680","status":"publish","type":"product","link":"https:\/\/avenidatintas.com\/ube\/produto\/lackpoxi-76-wet-surface-n-2680\/","title":{"rendered":"LACKPOXI 76 WET SURFACE N 2680"},"content":{"rendered":"<p>DESCRI\u00c7\u00c3O DO PRODUTO:<br \/>\nPrimer, intermedi\u00e1rio e acabamento ep\u00f3xi poliamina de alta espessura, sem solvente, formulado com pigmentos anticorrosivos at\u00f3xicos para superf\u00edcie de a\u00e7o carbono. Produto desenvolvido para a aplica\u00e7\u00e3o em superf\u00edcies preparadas por jateamento abrasivo e hidrojateamento. Este material pode ser aplicado sobre superf\u00edcies molhadas.<\/p>\n","protected":false},"excerpt":{"rendered":"<p>USOS RECOMENDADOS:<br \/>\nNavios, estruturas mar\u00edtimas e offshore: tanques de lastro e combust\u00edvel, decks, plataformas de explora\u00e7\u00e3o petrol\u00edferas e g\u00e1s natural, maquinaria de bordo, tubula\u00e7\u00f5es, etc.<br \/>\nAplica\u00e7\u00f5es industriais: Pontes, estruturas met\u00e1licas e maquinaria diversa.<br \/>\nTubula\u00e7\u00f5es: Pode ser aplicado no interior e exterior de tubula\u00e7\u00f5es.<\/p>\n","protected":false},"featured_media":1114,"template":"","meta":{"_et_pb_use_builder":"","_et_pb_old_content":"","_et_gb_content_width":""},"product_brand":[],"product_cat":[197,21,23,17],"product_tag":[163,215,220,298,228,149,146,139,133,223,154,221,241,297,156,239,238,144,267,145,138,148,45],"class_list":{"0":"post-1857","1":"product","2":"type-product","3":"status-publish","4":"has-post-thumbnail","6":"product_cat-epoxi-industriais","7":"product_cat-industriais","8":"product_cat-normas-petrobras","9":"product_cat-tintas-liquidas","10":"product_tag-aco-carbono","11":"product_tag-alta-espessura","12":"product_tag-anticorrosiva","13":"product_tag-atende-norma-n-2680","14":"product_tag-atoxica","15":"product_tag-bicomponente","16":"product_tag-combustivel","17":"product_tag-dupla-funcao","18":"product_tag-epoxi","19":"product_tag-equipamentos","20":"product_tag-estruturas-metalicas","21":"product_tag-exterior-de-tubulacoes","22":"product_tag-industria-petroquimica","23":"product_tag-interior-de-tubulacoes","24":"product_tag-maquinas","25":"product_tag-norma-petrobras","26":"product_tag-normatizada","27":"product_tag-offshore","28":"product_tag-pontes","29":"product_tag-tanques","30":"product_tag-tinta-epoxi","31":"product_tag-tubulacoes","32":"product_tag-weg","34":"first","35":"instock","36":"shipping-taxable","37":"product-type-variable"},"yoast_head":"<!-- This site is optimized with the Yoast SEO plugin v27.3 - https:\/\/yoast.com\/product\/yoast-seo-wordpress\/ -->\n<title>LACKPOXI 76 WET SURFACE N 2680 - Avenida Tintas<\/title>\n<meta name=\"description\" content=\"DESCRI\u00c7\u00c3O DO PRODUTO:Primer, intermedi\u00e1rio e acabamento ep\u00f3xi poliamina de alta espessura, sem solvente, formulado com pigmentos anticorrosivos at\u00f3xicos para superf\u00edcie de a\u00e7o carbono. Produto desenvolvido para a aplica\u00e7\u00e3o em superf\u00edcies preparadas por jateamento abrasivo e hidrojateamento. Este material pode ser aplicado sobre superf\u00edcies molhadas.USOS RECOMENDADOS:Navios, estruturas mar\u00edtimas e offshore: tanques de lastro e combust\u00edvel, decks, plataformas de explora\u00e7\u00e3o petrol\u00edferas e g\u00e1s natural, maquinaria de bordo, tubula\u00e7\u00f5es, etc.Aplica\u00e7\u00f5es industriais: Pontes, estruturas met\u00e1licas e maquinaria diversa.Tubula\u00e7\u00f5es: Pode ser aplicado no interior e exterior de tubula\u00e7\u00f5es.\" \/>\n<meta name=\"robots\" content=\"index, follow, max-snippet:-1, max-image-preview:large, max-video-preview:-1\" \/>\n<link rel=\"canonical\" href=\"https:\/\/avenidatintas.com\/ube\/produto\/lackpoxi-76-wet-surface-n-2680\/\" \/>\n<meta property=\"og:locale\" content=\"pt_BR\" \/>\n<meta property=\"og:type\" content=\"article\" \/>\n<meta property=\"og:title\" content=\"LACKPOXI 76 WET SURFACE N 2680 - Avenida Tintas\" \/>\n<meta property=\"og:description\" content=\"DESCRI\u00c7\u00c3O DO PRODUTO:Primer, intermedi\u00e1rio e acabamento ep\u00f3xi poliamina de alta espessura, sem solvente, formulado com pigmentos anticorrosivos at\u00f3xicos para superf\u00edcie de a\u00e7o carbono. Produto desenvolvido para a aplica\u00e7\u00e3o em superf\u00edcies preparadas por jateamento abrasivo e hidrojateamento. Este material pode ser aplicado sobre superf\u00edcies molhadas.USOS RECOMENDADOS:Navios, estruturas mar\u00edtimas e offshore: tanques de lastro e combust\u00edvel, decks, plataformas de explora\u00e7\u00e3o petrol\u00edferas e g\u00e1s natural, maquinaria de bordo, tubula\u00e7\u00f5es, etc.Aplica\u00e7\u00f5es industriais: Pontes, estruturas met\u00e1licas e maquinaria diversa.Tubula\u00e7\u00f5es: Pode ser aplicado no interior e exterior de tubula\u00e7\u00f5es.\" \/>\n<meta property=\"og:url\" content=\"https:\/\/avenidatintas.com\/ube\/produto\/lackpoxi-76-wet-surface-n-2680\/\" \/>\n<meta property=\"og:site_name\" content=\"Avenida Tintas\" \/>\n<meta property=\"article:publisher\" content=\"https:\/\/www.facebook.com\/Avenida-Distribuidora-de-Tintas-Revenda-autorizada-WEG-100369271992882\" \/>\n<meta property=\"article:modified_time\" content=\"2021-09-29T14:07:19+00:00\" \/>\n<meta property=\"og:image\" content=\"https:\/\/avenidatintas.com\/ube\/wp-content\/uploads\/2021\/06\/W-VIARIA-CVP-605.jpg\" \/>\n\t<meta property=\"og:image:width\" content=\"680\" \/>\n\t<meta property=\"og:image:height\" content=\"680\" \/>\n\t<meta property=\"og:image:type\" content=\"image\/jpeg\" \/>\n<script type=\"application\/ld+json\" class=\"yoast-schema-graph\">{\"@context\":\"https:\\\/\\\/schema.org\",\"@graph\":[{\"@type\":\"WebPage\",\"@id\":\"https:\\\/\\\/avenidatintas.com\\\/ube\\\/produto\\\/lackpoxi-76-wet-surface-n-2680\\\/\",\"url\":\"https:\\\/\\\/avenidatintas.com\\\/ube\\\/produto\\\/lackpoxi-76-wet-surface-n-2680\\\/\",\"name\":\"LACKPOXI 76 WET SURFACE N 2680 - Avenida Tintas\",\"isPartOf\":{\"@id\":\"https:\\\/\\\/avenidatintas.com\\\/ube\\\/#website\"},\"primaryImageOfPage\":{\"@id\":\"https:\\\/\\\/avenidatintas.com\\\/ube\\\/produto\\\/lackpoxi-76-wet-surface-n-2680\\\/#primaryimage\"},\"image\":{\"@id\":\"https:\\\/\\\/avenidatintas.com\\\/ube\\\/produto\\\/lackpoxi-76-wet-surface-n-2680\\\/#primaryimage\"},\"thumbnailUrl\":\"https:\\\/\\\/avenidatintas.com\\\/ube\\\/wp-content\\\/uploads\\\/2021\\\/06\\\/W-VIARIA-CVP-605.jpg\",\"datePublished\":\"2021-09-29T14:05:58+00:00\",\"dateModified\":\"2021-09-29T14:07:19+00:00\",\"description\":\"DESCRI\u00c7\u00c3O DO PRODUTO:Primer, intermedi\u00e1rio e acabamento ep\u00f3xi poliamina de alta espessura, sem solvente, formulado com pigmentos anticorrosivos at\u00f3xicos para superf\u00edcie de a\u00e7o carbono. Produto desenvolvido para a aplica\u00e7\u00e3o em superf\u00edcies preparadas por jateamento abrasivo e hidrojateamento. Este material pode ser aplicado sobre superf\u00edcies molhadas.USOS RECOMENDADOS:Navios, estruturas mar\u00edtimas e offshore: tanques de lastro e combust\u00edvel, decks, plataformas de explora\u00e7\u00e3o petrol\u00edferas e g\u00e1s natural, maquinaria de bordo, tubula\u00e7\u00f5es, etc.Aplica\u00e7\u00f5es industriais: Pontes, estruturas met\u00e1licas e maquinaria diversa.Tubula\u00e7\u00f5es: Pode ser aplicado no interior e exterior de tubula\u00e7\u00f5es.\",\"breadcrumb\":{\"@id\":\"https:\\\/\\\/avenidatintas.com\\\/ube\\\/produto\\\/lackpoxi-76-wet-surface-n-2680\\\/#breadcrumb\"},\"inLanguage\":\"pt-BR\",\"potentialAction\":[{\"@type\":\"ReadAction\",\"target\":[\"https:\\\/\\\/avenidatintas.com\\\/ube\\\/produto\\\/lackpoxi-76-wet-surface-n-2680\\\/\"]}]},{\"@type\":\"ImageObject\",\"inLanguage\":\"pt-BR\",\"@id\":\"https:\\\/\\\/avenidatintas.com\\\/ube\\\/produto\\\/lackpoxi-76-wet-surface-n-2680\\\/#primaryimage\",\"url\":\"https:\\\/\\\/avenidatintas.com\\\/ube\\\/wp-content\\\/uploads\\\/2021\\\/06\\\/W-VIARIA-CVP-605.jpg\",\"contentUrl\":\"https:\\\/\\\/avenidatintas.com\\\/ube\\\/wp-content\\\/uploads\\\/2021\\\/06\\\/W-VIARIA-CVP-605.jpg\",\"width\":680,\"height\":680},{\"@type\":\"BreadcrumbList\",\"@id\":\"https:\\\/\\\/avenidatintas.com\\\/ube\\\/produto\\\/lackpoxi-76-wet-surface-n-2680\\\/#breadcrumb\",\"itemListElement\":[{\"@type\":\"ListItem\",\"position\":1,\"name\":\"In\u00edcio\",\"item\":\"https:\\\/\\\/avenidatintas.com\\\/ube\\\/\"},{\"@type\":\"ListItem\",\"position\":2,\"name\":\"Produtos\",\"item\":\"https:\\\/\\\/avenidatintas.com\\\/ube\\\/loja\\\/\"},{\"@type\":\"ListItem\",\"position\":3,\"name\":\"LACKPOXI 76 WET SURFACE N 2680\"}]},{\"@type\":\"WebSite\",\"@id\":\"https:\\\/\\\/avenidatintas.com\\\/ube\\\/#website\",\"url\":\"https:\\\/\\\/avenidatintas.com\\\/ube\\\/\",\"name\":\"Avenida Tintas\",\"description\":\"Tintas para manuten\u00e7\u00e3o Industrial e Mar\u00edtima WEG; laborat\u00f3rio de prepara\u00e7\u00e3o de tintas\",\"potentialAction\":[{\"@type\":\"SearchAction\",\"target\":{\"@type\":\"EntryPoint\",\"urlTemplate\":\"https:\\\/\\\/avenidatintas.com\\\/ube\\\/?s={search_term_string}\"},\"query-input\":{\"@type\":\"PropertyValueSpecification\",\"valueRequired\":true,\"valueName\":\"search_term_string\"}}],\"inLanguage\":\"pt-BR\"}]}<\/script>\n<!-- \/ Yoast SEO plugin. -->","yoast_head_json":{"title":"LACKPOXI 76 WET SURFACE N 2680 - Avenida Tintas","description":"DESCRI\u00c7\u00c3O DO PRODUTO:Primer, intermedi\u00e1rio e acabamento ep\u00f3xi poliamina de alta espessura, sem solvente, formulado com pigmentos anticorrosivos at\u00f3xicos para superf\u00edcie de a\u00e7o carbono. Produto desenvolvido para a aplica\u00e7\u00e3o em superf\u00edcies preparadas por jateamento abrasivo e hidrojateamento. Este material pode ser aplicado sobre superf\u00edcies molhadas.USOS RECOMENDADOS:Navios, estruturas mar\u00edtimas e offshore: tanques de lastro e combust\u00edvel, decks, plataformas de explora\u00e7\u00e3o petrol\u00edferas e g\u00e1s natural, maquinaria de bordo, tubula\u00e7\u00f5es, etc.Aplica\u00e7\u00f5es industriais: Pontes, estruturas met\u00e1licas e maquinaria diversa.Tubula\u00e7\u00f5es: Pode ser aplicado no interior e exterior de tubula\u00e7\u00f5es.","robots":{"index":"index","follow":"follow","max-snippet":"max-snippet:-1","max-image-preview":"max-image-preview:large","max-video-preview":"max-video-preview:-1"},"canonical":"https:\/\/avenidatintas.com\/ube\/produto\/lackpoxi-76-wet-surface-n-2680\/","og_locale":"pt_BR","og_type":"article","og_title":"LACKPOXI 76 WET SURFACE N 2680 - Avenida Tintas","og_description":"DESCRI\u00c7\u00c3O DO PRODUTO:Primer, intermedi\u00e1rio e acabamento ep\u00f3xi poliamina de alta espessura, sem solvente, formulado com pigmentos anticorrosivos at\u00f3xicos para superf\u00edcie de a\u00e7o carbono. Produto desenvolvido para a aplica\u00e7\u00e3o em superf\u00edcies preparadas por jateamento abrasivo e hidrojateamento. Este material pode ser aplicado sobre superf\u00edcies molhadas.USOS RECOMENDADOS:Navios, estruturas mar\u00edtimas e offshore: tanques de lastro e combust\u00edvel, decks, plataformas de explora\u00e7\u00e3o petrol\u00edferas e g\u00e1s natural, maquinaria de bordo, tubula\u00e7\u00f5es, etc.Aplica\u00e7\u00f5es industriais: Pontes, estruturas met\u00e1licas e maquinaria diversa.Tubula\u00e7\u00f5es: Pode ser aplicado no interior e exterior de tubula\u00e7\u00f5es.","og_url":"https:\/\/avenidatintas.com\/ube\/produto\/lackpoxi-76-wet-surface-n-2680\/","og_site_name":"Avenida Tintas","article_publisher":"https:\/\/www.facebook.com\/Avenida-Distribuidora-de-Tintas-Revenda-autorizada-WEG-100369271992882","article_modified_time":"2021-09-29T14:07:19+00:00","og_image":[{"width":680,"height":680,"url":"https:\/\/avenidatintas.com\/ube\/wp-content\/uploads\/2021\/06\/W-VIARIA-CVP-605.jpg","type":"image\/jpeg"}],"schema":{"@context":"https:\/\/schema.org","@graph":[{"@type":"WebPage","@id":"https:\/\/avenidatintas.com\/ube\/produto\/lackpoxi-76-wet-surface-n-2680\/","url":"https:\/\/avenidatintas.com\/ube\/produto\/lackpoxi-76-wet-surface-n-2680\/","name":"LACKPOXI 76 WET SURFACE N 2680 - Avenida Tintas","isPartOf":{"@id":"https:\/\/avenidatintas.com\/ube\/#website"},"primaryImageOfPage":{"@id":"https:\/\/avenidatintas.com\/ube\/produto\/lackpoxi-76-wet-surface-n-2680\/#primaryimage"},"image":{"@id":"https:\/\/avenidatintas.com\/ube\/produto\/lackpoxi-76-wet-surface-n-2680\/#primaryimage"},"thumbnailUrl":"https:\/\/avenidatintas.com\/ube\/wp-content\/uploads\/2021\/06\/W-VIARIA-CVP-605.jpg","datePublished":"2021-09-29T14:05:58+00:00","dateModified":"2021-09-29T14:07:19+00:00","description":"DESCRI\u00c7\u00c3O DO PRODUTO:Primer, intermedi\u00e1rio e acabamento ep\u00f3xi poliamina de alta espessura, sem solvente, formulado com pigmentos anticorrosivos at\u00f3xicos para superf\u00edcie de a\u00e7o carbono. Produto desenvolvido para a aplica\u00e7\u00e3o em superf\u00edcies preparadas por jateamento abrasivo e hidrojateamento. Este material pode ser aplicado sobre superf\u00edcies molhadas.USOS RECOMENDADOS:Navios, estruturas mar\u00edtimas e offshore: tanques de lastro e combust\u00edvel, decks, plataformas de explora\u00e7\u00e3o petrol\u00edferas e g\u00e1s natural, maquinaria de bordo, tubula\u00e7\u00f5es, etc.Aplica\u00e7\u00f5es industriais: Pontes, estruturas met\u00e1licas e maquinaria diversa.Tubula\u00e7\u00f5es: Pode ser aplicado no interior e exterior de tubula\u00e7\u00f5es.","breadcrumb":{"@id":"https:\/\/avenidatintas.com\/ube\/produto\/lackpoxi-76-wet-surface-n-2680\/#breadcrumb"},"inLanguage":"pt-BR","potentialAction":[{"@type":"ReadAction","target":["https:\/\/avenidatintas.com\/ube\/produto\/lackpoxi-76-wet-surface-n-2680\/"]}]},{"@type":"ImageObject","inLanguage":"pt-BR","@id":"https:\/\/avenidatintas.com\/ube\/produto\/lackpoxi-76-wet-surface-n-2680\/#primaryimage","url":"https:\/\/avenidatintas.com\/ube\/wp-content\/uploads\/2021\/06\/W-VIARIA-CVP-605.jpg","contentUrl":"https:\/\/avenidatintas.com\/ube\/wp-content\/uploads\/2021\/06\/W-VIARIA-CVP-605.jpg","width":680,"height":680},{"@type":"BreadcrumbList","@id":"https:\/\/avenidatintas.com\/ube\/produto\/lackpoxi-76-wet-surface-n-2680\/#breadcrumb","itemListElement":[{"@type":"ListItem","position":1,"name":"In\u00edcio","item":"https:\/\/avenidatintas.com\/ube\/"},{"@type":"ListItem","position":2,"name":"Produtos","item":"https:\/\/avenidatintas.com\/ube\/loja\/"},{"@type":"ListItem","position":3,"name":"LACKPOXI 76 WET SURFACE N 2680"}]},{"@type":"WebSite","@id":"https:\/\/avenidatintas.com\/ube\/#website","url":"https:\/\/avenidatintas.com\/ube\/","name":"Avenida Tintas","description":"Tintas para manuten\u00e7\u00e3o Industrial e Mar\u00edtima WEG; laborat\u00f3rio de prepara\u00e7\u00e3o de tintas","potentialAction":[{"@type":"SearchAction","target":{"@type":"EntryPoint","urlTemplate":"https:\/\/avenidatintas.com\/ube\/?s={search_term_string}"},"query-input":{"@type":"PropertyValueSpecification","valueRequired":true,"valueName":"search_term_string"}}],"inLanguage":"pt-BR"}]}},"_links":{"self":[{"href":"https:\/\/avenidatintas.com\/ube\/wp-json\/wp\/v2\/product\/1857","targetHints":{"allow":["GET"]}}],"collection":[{"href":"https:\/\/avenidatintas.com\/ube\/wp-json\/wp\/v2\/product"}],"about":[{"href":"https:\/\/avenidatintas.com\/ube\/wp-json\/wp\/v2\/types\/product"}],"wp:featuredmedia":[{"embeddable":true,"href":"https:\/\/avenidatintas.com\/ube\/wp-json\/wp\/v2\/media\/1114"}],"wp:attachment":[{"href":"https:\/\/avenidatintas.com\/ube\/wp-json\/wp\/v2\/media?parent=1857"}],"wp:term":[{"taxonomy":"product_brand","embeddable":true,"href":"https:\/\/avenidatintas.com\/ube\/wp-json\/wp\/v2\/product_brand?post=1857"},{"taxonomy":"product_cat","embeddable":true,"href":"https:\/\/avenidatintas.com\/ube\/wp-json\/wp\/v2\/product_cat?post=1857"},{"taxonomy":"product_tag","embeddable":true,"href":"https:\/\/avenidatintas.com\/ube\/wp-json\/wp\/v2\/product_tag?post=1857"}],"curies":[{"name":"wp","href":"https:\/\/api.w.org\/{rel}","templated":true}]}}