{"id":1813,"date":"2021-09-27T16:31:08","date_gmt":"2021-09-27T19:31:08","guid":{"rendered":"https:\/\/avenidatintas.com\/?post_type=product&#038;p=1813"},"modified":"2021-09-27T16:31:08","modified_gmt":"2021-09-27T19:31:08","slug":"etil-silicato-zinco-aluminio-n-2231","status":"publish","type":"product","link":"https:\/\/avenidatintas.com\/ube\/produto\/etil-silicato-zinco-aluminio-n-2231\/","title":{"rendered":"ETIL SILICATO ZINCO ALUMINIO N 2231"},"content":{"rendered":"<p>DESCRI\u00c7\u00c3O DO PRODUTO:<br \/>\nPrimer e acabamento a base de etil silicato inorg\u00e2nico pigmentado com zinco e alum\u00ednio, bicomponente. Protege o a\u00e7o carbono contra a corros\u00e3o e oferece resist\u00eancia a temperaturas at\u00e9 500\u00b0C.<\/p>\n","protected":false},"excerpt":{"rendered":"<p>USOS RECOMENDADOS:<br \/>\nIndicado para prote\u00e7\u00e3o de chamin\u00e9s e todo equipamento que opere em alta temperatura.<\/p>\n","protected":false},"featured_media":1114,"template":"","meta":{"_et_pb_use_builder":"","_et_pb_old_content":"","_et_gb_content_width":""},"product_brand":[],"product_cat":[21,23,17],"product_tag":[196,163,175,251,149,177,139,265,188,45,260],"class_list":{"0":"post-1813","1":"product","2":"type-product","3":"status-publish","4":"has-post-thumbnail","6":"product_cat-industriais","7":"product_cat-normas-petrobras","8":"product_cat-tintas-liquidas","9":"product_tag-acabamento","10":"product_tag-aco-carbono","11":"product_tag-alta-temperatura","12":"product_tag-aluminio","13":"product_tag-bicomponente","14":"product_tag-chamines","15":"product_tag-dupla-funcao","16":"product_tag-etil-silicato","17":"product_tag-primer","18":"product_tag-weg","19":"product_tag-zinco","21":"first","22":"instock","23":"shipping-taxable","24":"purchasable","25":"product-type-variable"},"yoast_head":"<!-- This site is optimized with the Yoast SEO plugin v27.3 - https:\/\/yoast.com\/product\/yoast-seo-wordpress\/ -->\n<title>ETIL SILICATO ZINCO ALUMINIO N 2231 - Avenida Tintas<\/title>\n<meta name=\"description\" content=\"DESCRI\u00c7\u00c3O DO PRODUTO:Primer e acabamento a base de etil silicato inorg\u00e2nico pigmentado com zinco e alum\u00ednio, bicomponente. Protege o a\u00e7o carbono contra a corros\u00e3o e oferece resist\u00eancia a temperaturas at\u00e9 500\u00b0C.USOS RECOMENDADOS:Indicado para prote\u00e7\u00e3o de chamin\u00e9s e todo equipamento que opere em alta temperatura.\" \/>\n<meta name=\"robots\" content=\"index, follow, max-snippet:-1, max-image-preview:large, max-video-preview:-1\" \/>\n<link rel=\"canonical\" href=\"https:\/\/avenidatintas.com\/ube\/produto\/etil-silicato-zinco-aluminio-n-2231\/\" \/>\n<meta property=\"og:locale\" content=\"pt_BR\" \/>\n<meta property=\"og:type\" content=\"article\" \/>\n<meta property=\"og:title\" content=\"ETIL SILICATO ZINCO ALUMINIO N 2231 - Avenida Tintas\" \/>\n<meta property=\"og:description\" content=\"DESCRI\u00c7\u00c3O DO PRODUTO:Primer e acabamento a base de etil silicato inorg\u00e2nico pigmentado com zinco e alum\u00ednio, bicomponente. Protege o a\u00e7o carbono contra a corros\u00e3o e oferece resist\u00eancia a temperaturas at\u00e9 500\u00b0C.USOS RECOMENDADOS:Indicado para prote\u00e7\u00e3o de chamin\u00e9s e todo equipamento que opere em alta temperatura.\" \/>\n<meta property=\"og:url\" content=\"https:\/\/avenidatintas.com\/ube\/produto\/etil-silicato-zinco-aluminio-n-2231\/\" \/>\n<meta property=\"og:site_name\" content=\"Avenida Tintas\" \/>\n<meta property=\"article:publisher\" content=\"https:\/\/www.facebook.com\/Avenida-Distribuidora-de-Tintas-Revenda-autorizada-WEG-100369271992882\" \/>\n<meta property=\"og:image\" content=\"https:\/\/avenidatintas.com\/ube\/wp-content\/uploads\/2021\/06\/W-VIARIA-CVP-605.jpg\" \/>\n\t<meta property=\"og:image:width\" content=\"680\" \/>\n\t<meta property=\"og:image:height\" content=\"680\" \/>\n\t<meta property=\"og:image:type\" content=\"image\/jpeg\" \/>\n<script type=\"application\/ld+json\" class=\"yoast-schema-graph\">{\"@context\":\"https:\\\/\\\/schema.org\",\"@graph\":[{\"@type\":\"WebPage\",\"@id\":\"https:\\\/\\\/avenidatintas.com\\\/ube\\\/produto\\\/etil-silicato-zinco-aluminio-n-2231\\\/\",\"url\":\"https:\\\/\\\/avenidatintas.com\\\/ube\\\/produto\\\/etil-silicato-zinco-aluminio-n-2231\\\/\",\"name\":\"ETIL SILICATO ZINCO ALUMINIO N 2231 - Avenida Tintas\",\"isPartOf\":{\"@id\":\"https:\\\/\\\/avenidatintas.com\\\/ube\\\/#website\"},\"primaryImageOfPage\":{\"@id\":\"https:\\\/\\\/avenidatintas.com\\\/ube\\\/produto\\\/etil-silicato-zinco-aluminio-n-2231\\\/#primaryimage\"},\"image\":{\"@id\":\"https:\\\/\\\/avenidatintas.com\\\/ube\\\/produto\\\/etil-silicato-zinco-aluminio-n-2231\\\/#primaryimage\"},\"thumbnailUrl\":\"https:\\\/\\\/avenidatintas.com\\\/ube\\\/wp-content\\\/uploads\\\/2021\\\/06\\\/W-VIARIA-CVP-605.jpg\",\"datePublished\":\"2021-09-27T19:31:08+00:00\",\"description\":\"DESCRI\u00c7\u00c3O DO PRODUTO:Primer e acabamento a base de etil silicato inorg\u00e2nico pigmentado com zinco e alum\u00ednio, bicomponente. Protege o a\u00e7o carbono contra a corros\u00e3o e oferece resist\u00eancia a temperaturas at\u00e9 500\u00b0C.USOS RECOMENDADOS:Indicado para prote\u00e7\u00e3o de chamin\u00e9s e todo equipamento que opere em alta temperatura.\",\"breadcrumb\":{\"@id\":\"https:\\\/\\\/avenidatintas.com\\\/ube\\\/produto\\\/etil-silicato-zinco-aluminio-n-2231\\\/#breadcrumb\"},\"inLanguage\":\"pt-BR\",\"potentialAction\":[{\"@type\":\"ReadAction\",\"target\":[\"https:\\\/\\\/avenidatintas.com\\\/ube\\\/produto\\\/etil-silicato-zinco-aluminio-n-2231\\\/\"]}]},{\"@type\":\"ImageObject\",\"inLanguage\":\"pt-BR\",\"@id\":\"https:\\\/\\\/avenidatintas.com\\\/ube\\\/produto\\\/etil-silicato-zinco-aluminio-n-2231\\\/#primaryimage\",\"url\":\"https:\\\/\\\/avenidatintas.com\\\/ube\\\/wp-content\\\/uploads\\\/2021\\\/06\\\/W-VIARIA-CVP-605.jpg\",\"contentUrl\":\"https:\\\/\\\/avenidatintas.com\\\/ube\\\/wp-content\\\/uploads\\\/2021\\\/06\\\/W-VIARIA-CVP-605.jpg\",\"width\":680,\"height\":680},{\"@type\":\"BreadcrumbList\",\"@id\":\"https:\\\/\\\/avenidatintas.com\\\/ube\\\/produto\\\/etil-silicato-zinco-aluminio-n-2231\\\/#breadcrumb\",\"itemListElement\":[{\"@type\":\"ListItem\",\"position\":1,\"name\":\"In\u00edcio\",\"item\":\"https:\\\/\\\/avenidatintas.com\\\/ube\\\/\"},{\"@type\":\"ListItem\",\"position\":2,\"name\":\"Produtos\",\"item\":\"https:\\\/\\\/avenidatintas.com\\\/ube\\\/loja\\\/\"},{\"@type\":\"ListItem\",\"position\":3,\"name\":\"ETIL SILICATO ZINCO ALUMINIO N 2231\"}]},{\"@type\":\"WebSite\",\"@id\":\"https:\\\/\\\/avenidatintas.com\\\/ube\\\/#website\",\"url\":\"https:\\\/\\\/avenidatintas.com\\\/ube\\\/\",\"name\":\"Avenida Tintas\",\"description\":\"Tintas para manuten\u00e7\u00e3o Industrial e Mar\u00edtima WEG; laborat\u00f3rio de prepara\u00e7\u00e3o de tintas\",\"potentialAction\":[{\"@type\":\"SearchAction\",\"target\":{\"@type\":\"EntryPoint\",\"urlTemplate\":\"https:\\\/\\\/avenidatintas.com\\\/ube\\\/?s={search_term_string}\"},\"query-input\":{\"@type\":\"PropertyValueSpecification\",\"valueRequired\":true,\"valueName\":\"search_term_string\"}}],\"inLanguage\":\"pt-BR\"}]}<\/script>\n<!-- \/ Yoast SEO plugin. -->","yoast_head_json":{"title":"ETIL SILICATO ZINCO ALUMINIO N 2231 - Avenida Tintas","description":"DESCRI\u00c7\u00c3O DO PRODUTO:Primer e acabamento a base de etil silicato inorg\u00e2nico pigmentado com zinco e alum\u00ednio, bicomponente. Protege o a\u00e7o carbono contra a corros\u00e3o e oferece resist\u00eancia a temperaturas at\u00e9 500\u00b0C.USOS RECOMENDADOS:Indicado para prote\u00e7\u00e3o de chamin\u00e9s e todo equipamento que opere em alta temperatura.","robots":{"index":"index","follow":"follow","max-snippet":"max-snippet:-1","max-image-preview":"max-image-preview:large","max-video-preview":"max-video-preview:-1"},"canonical":"https:\/\/avenidatintas.com\/ube\/produto\/etil-silicato-zinco-aluminio-n-2231\/","og_locale":"pt_BR","og_type":"article","og_title":"ETIL SILICATO ZINCO ALUMINIO N 2231 - Avenida Tintas","og_description":"DESCRI\u00c7\u00c3O DO PRODUTO:Primer e acabamento a base de etil silicato inorg\u00e2nico pigmentado com zinco e alum\u00ednio, bicomponente. Protege o a\u00e7o carbono contra a corros\u00e3o e oferece resist\u00eancia a temperaturas at\u00e9 500\u00b0C.USOS RECOMENDADOS:Indicado para prote\u00e7\u00e3o de chamin\u00e9s e todo equipamento que opere em alta temperatura.","og_url":"https:\/\/avenidatintas.com\/ube\/produto\/etil-silicato-zinco-aluminio-n-2231\/","og_site_name":"Avenida Tintas","article_publisher":"https:\/\/www.facebook.com\/Avenida-Distribuidora-de-Tintas-Revenda-autorizada-WEG-100369271992882","og_image":[{"width":680,"height":680,"url":"https:\/\/avenidatintas.com\/ube\/wp-content\/uploads\/2021\/06\/W-VIARIA-CVP-605.jpg","type":"image\/jpeg"}],"schema":{"@context":"https:\/\/schema.org","@graph":[{"@type":"WebPage","@id":"https:\/\/avenidatintas.com\/ube\/produto\/etil-silicato-zinco-aluminio-n-2231\/","url":"https:\/\/avenidatintas.com\/ube\/produto\/etil-silicato-zinco-aluminio-n-2231\/","name":"ETIL SILICATO ZINCO ALUMINIO N 2231 - Avenida Tintas","isPartOf":{"@id":"https:\/\/avenidatintas.com\/ube\/#website"},"primaryImageOfPage":{"@id":"https:\/\/avenidatintas.com\/ube\/produto\/etil-silicato-zinco-aluminio-n-2231\/#primaryimage"},"image":{"@id":"https:\/\/avenidatintas.com\/ube\/produto\/etil-silicato-zinco-aluminio-n-2231\/#primaryimage"},"thumbnailUrl":"https:\/\/avenidatintas.com\/ube\/wp-content\/uploads\/2021\/06\/W-VIARIA-CVP-605.jpg","datePublished":"2021-09-27T19:31:08+00:00","description":"DESCRI\u00c7\u00c3O DO PRODUTO:Primer e acabamento a base de etil silicato inorg\u00e2nico pigmentado com zinco e alum\u00ednio, bicomponente. Protege o a\u00e7o carbono contra a corros\u00e3o e oferece resist\u00eancia a temperaturas at\u00e9 500\u00b0C.USOS RECOMENDADOS:Indicado para prote\u00e7\u00e3o de chamin\u00e9s e todo equipamento que opere em alta temperatura.","breadcrumb":{"@id":"https:\/\/avenidatintas.com\/ube\/produto\/etil-silicato-zinco-aluminio-n-2231\/#breadcrumb"},"inLanguage":"pt-BR","potentialAction":[{"@type":"ReadAction","target":["https:\/\/avenidatintas.com\/ube\/produto\/etil-silicato-zinco-aluminio-n-2231\/"]}]},{"@type":"ImageObject","inLanguage":"pt-BR","@id":"https:\/\/avenidatintas.com\/ube\/produto\/etil-silicato-zinco-aluminio-n-2231\/#primaryimage","url":"https:\/\/avenidatintas.com\/ube\/wp-content\/uploads\/2021\/06\/W-VIARIA-CVP-605.jpg","contentUrl":"https:\/\/avenidatintas.com\/ube\/wp-content\/uploads\/2021\/06\/W-VIARIA-CVP-605.jpg","width":680,"height":680},{"@type":"BreadcrumbList","@id":"https:\/\/avenidatintas.com\/ube\/produto\/etil-silicato-zinco-aluminio-n-2231\/#breadcrumb","itemListElement":[{"@type":"ListItem","position":1,"name":"In\u00edcio","item":"https:\/\/avenidatintas.com\/ube\/"},{"@type":"ListItem","position":2,"name":"Produtos","item":"https:\/\/avenidatintas.com\/ube\/loja\/"},{"@type":"ListItem","position":3,"name":"ETIL SILICATO ZINCO ALUMINIO N 2231"}]},{"@type":"WebSite","@id":"https:\/\/avenidatintas.com\/ube\/#website","url":"https:\/\/avenidatintas.com\/ube\/","name":"Avenida Tintas","description":"Tintas para manuten\u00e7\u00e3o Industrial e Mar\u00edtima WEG; laborat\u00f3rio de prepara\u00e7\u00e3o de tintas","potentialAction":[{"@type":"SearchAction","target":{"@type":"EntryPoint","urlTemplate":"https:\/\/avenidatintas.com\/ube\/?s={search_term_string}"},"query-input":{"@type":"PropertyValueSpecification","valueRequired":true,"valueName":"search_term_string"}}],"inLanguage":"pt-BR"}]}},"_links":{"self":[{"href":"https:\/\/avenidatintas.com\/ube\/wp-json\/wp\/v2\/product\/1813","targetHints":{"allow":["GET"]}}],"collection":[{"href":"https:\/\/avenidatintas.com\/ube\/wp-json\/wp\/v2\/product"}],"about":[{"href":"https:\/\/avenidatintas.com\/ube\/wp-json\/wp\/v2\/types\/product"}],"wp:featuredmedia":[{"embeddable":true,"href":"https:\/\/avenidatintas.com\/ube\/wp-json\/wp\/v2\/media\/1114"}],"wp:attachment":[{"href":"https:\/\/avenidatintas.com\/ube\/wp-json\/wp\/v2\/media?parent=1813"}],"wp:term":[{"taxonomy":"product_brand","embeddable":true,"href":"https:\/\/avenidatintas.com\/ube\/wp-json\/wp\/v2\/product_brand?post=1813"},{"taxonomy":"product_cat","embeddable":true,"href":"https:\/\/avenidatintas.com\/ube\/wp-json\/wp\/v2\/product_cat?post=1813"},{"taxonomy":"product_tag","embeddable":true,"href":"https:\/\/avenidatintas.com\/ube\/wp-json\/wp\/v2\/product_tag?post=1813"}],"curies":[{"name":"wp","href":"https:\/\/api.w.org\/{rel}","templated":true}]}}