{"id":1795,"date":"2021-09-27T11:08:52","date_gmt":"2021-09-27T14:08:52","guid":{"rendered":"https:\/\/avenidatintas.com\/?post_type=product&#038;p=1795"},"modified":"2021-09-29T10:56:48","modified_gmt":"2021-09-29T13:56:48","slug":"lackthane-n-1342","status":"publish","type":"product","link":"https:\/\/avenidatintas.com\/ube\/produto\/lackthane-n-1342\/","title":{"rendered":"LACKTHANE N 1342"},"content":{"rendered":"<p>DESCRI\u00c7\u00c3O DO PRODUTO:<br \/>\nTinta de acabamento poliuretano alif\u00e1tico brilhante, bicomponente. Oferece boa resist\u00eancia ao intemperismo natural, mantendo a cor e o brilho.<\/p>\n","protected":false},"excerpt":{"rendered":"<p>USOS RECOMENDADOS:<br \/>\nUtilizado na pintura de equipamentos em ambientes industriais, onde se requer resist\u00eancia e est\u00e9tica. O sistema em poliuretano alif\u00e1tico \u00e9 muito utilizado em ind\u00fastrias qu\u00edmicas, petroqu\u00edmicas, papel e celulose, a\u00e7\u00facar e \u00e1lcool, transportes, entre outros.<\/p>\n","protected":false},"featured_media":1114,"template":"","meta":{"_et_pb_use_builder":"","_et_pb_old_content":"","_et_gb_content_width":""},"product_brand":[],"product_cat":[21,23,199,17],"product_tag":[196,264,149,223,239,238,213,224,45],"class_list":{"0":"post-1795","1":"product","2":"type-product","3":"status-publish","4":"has-post-thumbnail","6":"product_cat-industriais","7":"product_cat-normas-petrobras","8":"product_cat-poliuretano-pu","9":"product_cat-tintas-liquidas","10":"product_tag-acabamento","11":"product_tag-atende-norma-n-1342","12":"product_tag-bicomponente","13":"product_tag-equipamentos","14":"product_tag-norma-petrobras","15":"product_tag-normatizada","16":"product_tag-poliuretano","17":"product_tag-resistencia-intemperismo","18":"product_tag-weg","20":"first","21":"instock","22":"shipping-taxable","23":"purchasable","24":"product-type-variable"},"yoast_head":"<!-- This site is optimized with the Yoast SEO plugin v27.3 - https:\/\/yoast.com\/product\/yoast-seo-wordpress\/ -->\n<title>LACKTHANE N 1342 - Avenida Tintas<\/title>\n<meta name=\"description\" content=\"DESCRI\u00c7\u00c3O DO PRODUTO:Tinta de acabamento poliuretano alif\u00e1tico brilhante, bicomponente. Oferece boa resist\u00eancia ao intemperismo natural, mantendo a cor e o brilho.USOS RECOMENDADOS:Utilizado na pintura de equipamentos em ambientes industriais, onde se requer resist\u00eancia e est\u00e9tica. O sistema em poliuretano alif\u00e1tico \u00e9 muito utilizado em ind\u00fastrias qu\u00edmicas, petroqu\u00edmicas, papel e celulose, a\u00e7\u00facar e \u00e1lcool, transportes, entre outros.\" \/>\n<meta name=\"robots\" content=\"index, follow, max-snippet:-1, max-image-preview:large, max-video-preview:-1\" \/>\n<link rel=\"canonical\" href=\"https:\/\/avenidatintas.com\/ube\/produto\/lackthane-n-1342\/\" \/>\n<meta property=\"og:locale\" content=\"pt_BR\" \/>\n<meta property=\"og:type\" content=\"article\" \/>\n<meta property=\"og:title\" content=\"LACKTHANE N 1342 - Avenida Tintas\" \/>\n<meta property=\"og:description\" content=\"DESCRI\u00c7\u00c3O DO PRODUTO:Tinta de acabamento poliuretano alif\u00e1tico brilhante, bicomponente. Oferece boa resist\u00eancia ao intemperismo natural, mantendo a cor e o brilho.USOS RECOMENDADOS:Utilizado na pintura de equipamentos em ambientes industriais, onde se requer resist\u00eancia e est\u00e9tica. O sistema em poliuretano alif\u00e1tico \u00e9 muito utilizado em ind\u00fastrias qu\u00edmicas, petroqu\u00edmicas, papel e celulose, a\u00e7\u00facar e \u00e1lcool, transportes, entre outros.\" \/>\n<meta property=\"og:url\" content=\"https:\/\/avenidatintas.com\/ube\/produto\/lackthane-n-1342\/\" \/>\n<meta property=\"og:site_name\" content=\"Avenida Tintas\" \/>\n<meta property=\"article:publisher\" content=\"https:\/\/www.facebook.com\/Avenida-Distribuidora-de-Tintas-Revenda-autorizada-WEG-100369271992882\" \/>\n<meta property=\"article:modified_time\" content=\"2021-09-29T13:56:48+00:00\" \/>\n<meta property=\"og:image\" content=\"https:\/\/avenidatintas.com\/ube\/wp-content\/uploads\/2021\/06\/W-VIARIA-CVP-605.jpg\" \/>\n\t<meta property=\"og:image:width\" content=\"680\" \/>\n\t<meta property=\"og:image:height\" content=\"680\" \/>\n\t<meta property=\"og:image:type\" content=\"image\/jpeg\" \/>\n<script type=\"application\/ld+json\" class=\"yoast-schema-graph\">{\"@context\":\"https:\\\/\\\/schema.org\",\"@graph\":[{\"@type\":\"WebPage\",\"@id\":\"https:\\\/\\\/avenidatintas.com\\\/ube\\\/produto\\\/lackthane-n-1342\\\/\",\"url\":\"https:\\\/\\\/avenidatintas.com\\\/ube\\\/produto\\\/lackthane-n-1342\\\/\",\"name\":\"LACKTHANE N 1342 - Avenida Tintas\",\"isPartOf\":{\"@id\":\"https:\\\/\\\/avenidatintas.com\\\/ube\\\/#website\"},\"primaryImageOfPage\":{\"@id\":\"https:\\\/\\\/avenidatintas.com\\\/ube\\\/produto\\\/lackthane-n-1342\\\/#primaryimage\"},\"image\":{\"@id\":\"https:\\\/\\\/avenidatintas.com\\\/ube\\\/produto\\\/lackthane-n-1342\\\/#primaryimage\"},\"thumbnailUrl\":\"https:\\\/\\\/avenidatintas.com\\\/ube\\\/wp-content\\\/uploads\\\/2021\\\/06\\\/W-VIARIA-CVP-605.jpg\",\"datePublished\":\"2021-09-27T14:08:52+00:00\",\"dateModified\":\"2021-09-29T13:56:48+00:00\",\"description\":\"DESCRI\u00c7\u00c3O DO PRODUTO:Tinta de acabamento poliuretano alif\u00e1tico brilhante, bicomponente. Oferece boa resist\u00eancia ao intemperismo natural, mantendo a cor e o brilho.USOS RECOMENDADOS:Utilizado na pintura de equipamentos em ambientes industriais, onde se requer resist\u00eancia e est\u00e9tica. O sistema em poliuretano alif\u00e1tico \u00e9 muito utilizado em ind\u00fastrias qu\u00edmicas, petroqu\u00edmicas, papel e celulose, a\u00e7\u00facar e \u00e1lcool, transportes, entre outros.\",\"breadcrumb\":{\"@id\":\"https:\\\/\\\/avenidatintas.com\\\/ube\\\/produto\\\/lackthane-n-1342\\\/#breadcrumb\"},\"inLanguage\":\"pt-BR\",\"potentialAction\":[{\"@type\":\"ReadAction\",\"target\":[\"https:\\\/\\\/avenidatintas.com\\\/ube\\\/produto\\\/lackthane-n-1342\\\/\"]}]},{\"@type\":\"ImageObject\",\"inLanguage\":\"pt-BR\",\"@id\":\"https:\\\/\\\/avenidatintas.com\\\/ube\\\/produto\\\/lackthane-n-1342\\\/#primaryimage\",\"url\":\"https:\\\/\\\/avenidatintas.com\\\/ube\\\/wp-content\\\/uploads\\\/2021\\\/06\\\/W-VIARIA-CVP-605.jpg\",\"contentUrl\":\"https:\\\/\\\/avenidatintas.com\\\/ube\\\/wp-content\\\/uploads\\\/2021\\\/06\\\/W-VIARIA-CVP-605.jpg\",\"width\":680,\"height\":680},{\"@type\":\"BreadcrumbList\",\"@id\":\"https:\\\/\\\/avenidatintas.com\\\/ube\\\/produto\\\/lackthane-n-1342\\\/#breadcrumb\",\"itemListElement\":[{\"@type\":\"ListItem\",\"position\":1,\"name\":\"In\u00edcio\",\"item\":\"https:\\\/\\\/avenidatintas.com\\\/ube\\\/\"},{\"@type\":\"ListItem\",\"position\":2,\"name\":\"Produtos\",\"item\":\"https:\\\/\\\/avenidatintas.com\\\/ube\\\/loja\\\/\"},{\"@type\":\"ListItem\",\"position\":3,\"name\":\"LACKTHANE N 1342\"}]},{\"@type\":\"WebSite\",\"@id\":\"https:\\\/\\\/avenidatintas.com\\\/ube\\\/#website\",\"url\":\"https:\\\/\\\/avenidatintas.com\\\/ube\\\/\",\"name\":\"Avenida Tintas\",\"description\":\"Tintas para manuten\u00e7\u00e3o Industrial e Mar\u00edtima WEG; laborat\u00f3rio de prepara\u00e7\u00e3o de tintas\",\"potentialAction\":[{\"@type\":\"SearchAction\",\"target\":{\"@type\":\"EntryPoint\",\"urlTemplate\":\"https:\\\/\\\/avenidatintas.com\\\/ube\\\/?s={search_term_string}\"},\"query-input\":{\"@type\":\"PropertyValueSpecification\",\"valueRequired\":true,\"valueName\":\"search_term_string\"}}],\"inLanguage\":\"pt-BR\"}]}<\/script>\n<!-- \/ Yoast SEO plugin. -->","yoast_head_json":{"title":"LACKTHANE N 1342 - Avenida Tintas","description":"DESCRI\u00c7\u00c3O DO PRODUTO:Tinta de acabamento poliuretano alif\u00e1tico brilhante, bicomponente. Oferece boa resist\u00eancia ao intemperismo natural, mantendo a cor e o brilho.USOS RECOMENDADOS:Utilizado na pintura de equipamentos em ambientes industriais, onde se requer resist\u00eancia e est\u00e9tica. O sistema em poliuretano alif\u00e1tico \u00e9 muito utilizado em ind\u00fastrias qu\u00edmicas, petroqu\u00edmicas, papel e celulose, a\u00e7\u00facar e \u00e1lcool, transportes, entre outros.","robots":{"index":"index","follow":"follow","max-snippet":"max-snippet:-1","max-image-preview":"max-image-preview:large","max-video-preview":"max-video-preview:-1"},"canonical":"https:\/\/avenidatintas.com\/ube\/produto\/lackthane-n-1342\/","og_locale":"pt_BR","og_type":"article","og_title":"LACKTHANE N 1342 - Avenida Tintas","og_description":"DESCRI\u00c7\u00c3O DO PRODUTO:Tinta de acabamento poliuretano alif\u00e1tico brilhante, bicomponente. Oferece boa resist\u00eancia ao intemperismo natural, mantendo a cor e o brilho.USOS RECOMENDADOS:Utilizado na pintura de equipamentos em ambientes industriais, onde se requer resist\u00eancia e est\u00e9tica. O sistema em poliuretano alif\u00e1tico \u00e9 muito utilizado em ind\u00fastrias qu\u00edmicas, petroqu\u00edmicas, papel e celulose, a\u00e7\u00facar e \u00e1lcool, transportes, entre outros.","og_url":"https:\/\/avenidatintas.com\/ube\/produto\/lackthane-n-1342\/","og_site_name":"Avenida Tintas","article_publisher":"https:\/\/www.facebook.com\/Avenida-Distribuidora-de-Tintas-Revenda-autorizada-WEG-100369271992882","article_modified_time":"2021-09-29T13:56:48+00:00","og_image":[{"width":680,"height":680,"url":"https:\/\/avenidatintas.com\/ube\/wp-content\/uploads\/2021\/06\/W-VIARIA-CVP-605.jpg","type":"image\/jpeg"}],"schema":{"@context":"https:\/\/schema.org","@graph":[{"@type":"WebPage","@id":"https:\/\/avenidatintas.com\/ube\/produto\/lackthane-n-1342\/","url":"https:\/\/avenidatintas.com\/ube\/produto\/lackthane-n-1342\/","name":"LACKTHANE N 1342 - Avenida Tintas","isPartOf":{"@id":"https:\/\/avenidatintas.com\/ube\/#website"},"primaryImageOfPage":{"@id":"https:\/\/avenidatintas.com\/ube\/produto\/lackthane-n-1342\/#primaryimage"},"image":{"@id":"https:\/\/avenidatintas.com\/ube\/produto\/lackthane-n-1342\/#primaryimage"},"thumbnailUrl":"https:\/\/avenidatintas.com\/ube\/wp-content\/uploads\/2021\/06\/W-VIARIA-CVP-605.jpg","datePublished":"2021-09-27T14:08:52+00:00","dateModified":"2021-09-29T13:56:48+00:00","description":"DESCRI\u00c7\u00c3O DO PRODUTO:Tinta de acabamento poliuretano alif\u00e1tico brilhante, bicomponente. Oferece boa resist\u00eancia ao intemperismo natural, mantendo a cor e o brilho.USOS RECOMENDADOS:Utilizado na pintura de equipamentos em ambientes industriais, onde se requer resist\u00eancia e est\u00e9tica. O sistema em poliuretano alif\u00e1tico \u00e9 muito utilizado em ind\u00fastrias qu\u00edmicas, petroqu\u00edmicas, papel e celulose, a\u00e7\u00facar e \u00e1lcool, transportes, entre outros.","breadcrumb":{"@id":"https:\/\/avenidatintas.com\/ube\/produto\/lackthane-n-1342\/#breadcrumb"},"inLanguage":"pt-BR","potentialAction":[{"@type":"ReadAction","target":["https:\/\/avenidatintas.com\/ube\/produto\/lackthane-n-1342\/"]}]},{"@type":"ImageObject","inLanguage":"pt-BR","@id":"https:\/\/avenidatintas.com\/ube\/produto\/lackthane-n-1342\/#primaryimage","url":"https:\/\/avenidatintas.com\/ube\/wp-content\/uploads\/2021\/06\/W-VIARIA-CVP-605.jpg","contentUrl":"https:\/\/avenidatintas.com\/ube\/wp-content\/uploads\/2021\/06\/W-VIARIA-CVP-605.jpg","width":680,"height":680},{"@type":"BreadcrumbList","@id":"https:\/\/avenidatintas.com\/ube\/produto\/lackthane-n-1342\/#breadcrumb","itemListElement":[{"@type":"ListItem","position":1,"name":"In\u00edcio","item":"https:\/\/avenidatintas.com\/ube\/"},{"@type":"ListItem","position":2,"name":"Produtos","item":"https:\/\/avenidatintas.com\/ube\/loja\/"},{"@type":"ListItem","position":3,"name":"LACKTHANE N 1342"}]},{"@type":"WebSite","@id":"https:\/\/avenidatintas.com\/ube\/#website","url":"https:\/\/avenidatintas.com\/ube\/","name":"Avenida Tintas","description":"Tintas para manuten\u00e7\u00e3o Industrial e Mar\u00edtima WEG; laborat\u00f3rio de prepara\u00e7\u00e3o de tintas","potentialAction":[{"@type":"SearchAction","target":{"@type":"EntryPoint","urlTemplate":"https:\/\/avenidatintas.com\/ube\/?s={search_term_string}"},"query-input":{"@type":"PropertyValueSpecification","valueRequired":true,"valueName":"search_term_string"}}],"inLanguage":"pt-BR"}]}},"_links":{"self":[{"href":"https:\/\/avenidatintas.com\/ube\/wp-json\/wp\/v2\/product\/1795","targetHints":{"allow":["GET"]}}],"collection":[{"href":"https:\/\/avenidatintas.com\/ube\/wp-json\/wp\/v2\/product"}],"about":[{"href":"https:\/\/avenidatintas.com\/ube\/wp-json\/wp\/v2\/types\/product"}],"wp:featuredmedia":[{"embeddable":true,"href":"https:\/\/avenidatintas.com\/ube\/wp-json\/wp\/v2\/media\/1114"}],"wp:attachment":[{"href":"https:\/\/avenidatintas.com\/ube\/wp-json\/wp\/v2\/media?parent=1795"}],"wp:term":[{"taxonomy":"product_brand","embeddable":true,"href":"https:\/\/avenidatintas.com\/ube\/wp-json\/wp\/v2\/product_brand?post=1795"},{"taxonomy":"product_cat","embeddable":true,"href":"https:\/\/avenidatintas.com\/ube\/wp-json\/wp\/v2\/product_cat?post=1795"},{"taxonomy":"product_tag","embeddable":true,"href":"https:\/\/avenidatintas.com\/ube\/wp-json\/wp\/v2\/product_tag?post=1795"}],"curies":[{"name":"wp","href":"https:\/\/api.w.org\/{rel}","templated":true}]}}