{"id":1771,"date":"2021-09-27T09:21:44","date_gmt":"2021-09-27T12:21:44","guid":{"rendered":"https:\/\/avenidatintas.com\/?post_type=product&#038;p=1771"},"modified":"2021-09-29T10:58:50","modified_gmt":"2021-09-29T13:58:50","slug":"lackpoxi-n-1202","status":"publish","type":"product","link":"https:\/\/avenidatintas.com\/ube\/produto\/lackpoxi-n-1202\/","title":{"rendered":"LACKPOXI N 1202"},"content":{"rendered":"<p>DESCRI\u00c7\u00c3O DO PRODUTO:<br \/>\nPrimer ep\u00f3xi poliamida bicomponente de baixa espessura, com pigmenta\u00e7\u00e3o \u00f3xido de ferro.<\/p>\n","protected":false},"excerpt":{"rendered":"<p>USOS RECOMENDADOS:<br \/>\nRecomendado para pintura de equipamentos, estruturas met\u00e1licas, m\u00e1quinas em geral que ficam expostas em ambientes de m\u00e9dia agressividade, tais como: plantas de papel e celulose, plataformas, sider\u00fargicas e ind\u00fastrias qu\u00edmicas.<\/p>\n","protected":false},"featured_media":1114,"template":"","meta":{"_et_pb_use_builder":"","_et_pb_old_content":"","_et_gb_content_width":""},"product_brand":[],"product_cat":[197,21,23,17],"product_tag":[244,240,149,133,223,154,156,239,238,188,45],"class_list":{"0":"post-1771","1":"product","2":"type-product","3":"status-publish","4":"has-post-thumbnail","6":"product_cat-epoxi-industriais","7":"product_cat-industriais","8":"product_cat-normas-petrobras","9":"product_cat-tintas-liquidas","10":"product_tag-atende-norma-n-1202","11":"product_tag-baixa-espessura","12":"product_tag-bicomponente","13":"product_tag-epoxi","14":"product_tag-equipamentos","15":"product_tag-estruturas-metalicas","16":"product_tag-maquinas","17":"product_tag-norma-petrobras","18":"product_tag-normatizada","19":"product_tag-primer","20":"product_tag-weg","22":"first","23":"instock","24":"shipping-taxable","25":"purchasable","26":"product-type-variable"},"yoast_head":"<!-- This site is optimized with the Yoast SEO plugin v27.3 - https:\/\/yoast.com\/product\/yoast-seo-wordpress\/ -->\n<title>LACKPOXI N 1202 - Avenida Tintas<\/title>\n<meta name=\"description\" content=\"DESCRI\u00c7\u00c3O DO PRODUTO:Primer ep\u00f3xi poliamida bicomponente de baixa espessura, com pigmenta\u00e7\u00e3o \u00f3xido de ferro.USOS RECOMENDADOS:Recomendado para pintura de equipamentos, estruturas met\u00e1licas, m\u00e1quinas em geral que ficam expostas em ambientes de m\u00e9dia agressividade, tais como: plantas de papel e celulose, plataformas, sider\u00fargicas e ind\u00fastrias qu\u00edmicas.\" \/>\n<meta name=\"robots\" content=\"index, follow, max-snippet:-1, max-image-preview:large, max-video-preview:-1\" \/>\n<link rel=\"canonical\" href=\"https:\/\/avenidatintas.com\/ube\/produto\/lackpoxi-n-1202\/\" \/>\n<meta property=\"og:locale\" content=\"pt_BR\" \/>\n<meta property=\"og:type\" content=\"article\" \/>\n<meta property=\"og:title\" content=\"LACKPOXI N 1202 - Avenida Tintas\" \/>\n<meta property=\"og:description\" content=\"DESCRI\u00c7\u00c3O DO PRODUTO:Primer ep\u00f3xi poliamida bicomponente de baixa espessura, com pigmenta\u00e7\u00e3o \u00f3xido de ferro.USOS RECOMENDADOS:Recomendado para pintura de equipamentos, estruturas met\u00e1licas, m\u00e1quinas em geral que ficam expostas em ambientes de m\u00e9dia agressividade, tais como: plantas de papel e celulose, plataformas, sider\u00fargicas e ind\u00fastrias qu\u00edmicas.\" \/>\n<meta property=\"og:url\" content=\"https:\/\/avenidatintas.com\/ube\/produto\/lackpoxi-n-1202\/\" \/>\n<meta property=\"og:site_name\" content=\"Avenida Tintas\" \/>\n<meta property=\"article:publisher\" content=\"https:\/\/www.facebook.com\/Avenida-Distribuidora-de-Tintas-Revenda-autorizada-WEG-100369271992882\" \/>\n<meta property=\"article:modified_time\" content=\"2021-09-29T13:58:50+00:00\" \/>\n<meta property=\"og:image\" content=\"https:\/\/avenidatintas.com\/ube\/wp-content\/uploads\/2021\/06\/W-VIARIA-CVP-605.jpg\" \/>\n\t<meta property=\"og:image:width\" content=\"680\" \/>\n\t<meta property=\"og:image:height\" content=\"680\" \/>\n\t<meta property=\"og:image:type\" content=\"image\/jpeg\" \/>\n<script type=\"application\/ld+json\" class=\"yoast-schema-graph\">{\"@context\":\"https:\\\/\\\/schema.org\",\"@graph\":[{\"@type\":\"WebPage\",\"@id\":\"https:\\\/\\\/avenidatintas.com\\\/ube\\\/produto\\\/lackpoxi-n-1202\\\/\",\"url\":\"https:\\\/\\\/avenidatintas.com\\\/ube\\\/produto\\\/lackpoxi-n-1202\\\/\",\"name\":\"LACKPOXI N 1202 - Avenida Tintas\",\"isPartOf\":{\"@id\":\"https:\\\/\\\/avenidatintas.com\\\/ube\\\/#website\"},\"primaryImageOfPage\":{\"@id\":\"https:\\\/\\\/avenidatintas.com\\\/ube\\\/produto\\\/lackpoxi-n-1202\\\/#primaryimage\"},\"image\":{\"@id\":\"https:\\\/\\\/avenidatintas.com\\\/ube\\\/produto\\\/lackpoxi-n-1202\\\/#primaryimage\"},\"thumbnailUrl\":\"https:\\\/\\\/avenidatintas.com\\\/ube\\\/wp-content\\\/uploads\\\/2021\\\/06\\\/W-VIARIA-CVP-605.jpg\",\"datePublished\":\"2021-09-27T12:21:44+00:00\",\"dateModified\":\"2021-09-29T13:58:50+00:00\",\"description\":\"DESCRI\u00c7\u00c3O DO PRODUTO:Primer ep\u00f3xi poliamida bicomponente de baixa espessura, com pigmenta\u00e7\u00e3o \u00f3xido de ferro.USOS RECOMENDADOS:Recomendado para pintura de equipamentos, estruturas met\u00e1licas, m\u00e1quinas em geral que ficam expostas em ambientes de m\u00e9dia agressividade, tais como: plantas de papel e celulose, plataformas, sider\u00fargicas e ind\u00fastrias qu\u00edmicas.\",\"breadcrumb\":{\"@id\":\"https:\\\/\\\/avenidatintas.com\\\/ube\\\/produto\\\/lackpoxi-n-1202\\\/#breadcrumb\"},\"inLanguage\":\"pt-BR\",\"potentialAction\":[{\"@type\":\"ReadAction\",\"target\":[\"https:\\\/\\\/avenidatintas.com\\\/ube\\\/produto\\\/lackpoxi-n-1202\\\/\"]}]},{\"@type\":\"ImageObject\",\"inLanguage\":\"pt-BR\",\"@id\":\"https:\\\/\\\/avenidatintas.com\\\/ube\\\/produto\\\/lackpoxi-n-1202\\\/#primaryimage\",\"url\":\"https:\\\/\\\/avenidatintas.com\\\/ube\\\/wp-content\\\/uploads\\\/2021\\\/06\\\/W-VIARIA-CVP-605.jpg\",\"contentUrl\":\"https:\\\/\\\/avenidatintas.com\\\/ube\\\/wp-content\\\/uploads\\\/2021\\\/06\\\/W-VIARIA-CVP-605.jpg\",\"width\":680,\"height\":680},{\"@type\":\"BreadcrumbList\",\"@id\":\"https:\\\/\\\/avenidatintas.com\\\/ube\\\/produto\\\/lackpoxi-n-1202\\\/#breadcrumb\",\"itemListElement\":[{\"@type\":\"ListItem\",\"position\":1,\"name\":\"In\u00edcio\",\"item\":\"https:\\\/\\\/avenidatintas.com\\\/ube\\\/\"},{\"@type\":\"ListItem\",\"position\":2,\"name\":\"Produtos\",\"item\":\"https:\\\/\\\/avenidatintas.com\\\/ube\\\/loja\\\/\"},{\"@type\":\"ListItem\",\"position\":3,\"name\":\"LACKPOXI N 1202\"}]},{\"@type\":\"WebSite\",\"@id\":\"https:\\\/\\\/avenidatintas.com\\\/ube\\\/#website\",\"url\":\"https:\\\/\\\/avenidatintas.com\\\/ube\\\/\",\"name\":\"Avenida Tintas\",\"description\":\"Tintas para manuten\u00e7\u00e3o Industrial e Mar\u00edtima WEG; laborat\u00f3rio de prepara\u00e7\u00e3o de tintas\",\"potentialAction\":[{\"@type\":\"SearchAction\",\"target\":{\"@type\":\"EntryPoint\",\"urlTemplate\":\"https:\\\/\\\/avenidatintas.com\\\/ube\\\/?s={search_term_string}\"},\"query-input\":{\"@type\":\"PropertyValueSpecification\",\"valueRequired\":true,\"valueName\":\"search_term_string\"}}],\"inLanguage\":\"pt-BR\"}]}<\/script>\n<!-- \/ Yoast SEO plugin. -->","yoast_head_json":{"title":"LACKPOXI N 1202 - Avenida Tintas","description":"DESCRI\u00c7\u00c3O DO PRODUTO:Primer ep\u00f3xi poliamida bicomponente de baixa espessura, com pigmenta\u00e7\u00e3o \u00f3xido de ferro.USOS RECOMENDADOS:Recomendado para pintura de equipamentos, estruturas met\u00e1licas, m\u00e1quinas em geral que ficam expostas em ambientes de m\u00e9dia agressividade, tais como: plantas de papel e celulose, plataformas, sider\u00fargicas e ind\u00fastrias qu\u00edmicas.","robots":{"index":"index","follow":"follow","max-snippet":"max-snippet:-1","max-image-preview":"max-image-preview:large","max-video-preview":"max-video-preview:-1"},"canonical":"https:\/\/avenidatintas.com\/ube\/produto\/lackpoxi-n-1202\/","og_locale":"pt_BR","og_type":"article","og_title":"LACKPOXI N 1202 - Avenida Tintas","og_description":"DESCRI\u00c7\u00c3O DO PRODUTO:Primer ep\u00f3xi poliamida bicomponente de baixa espessura, com pigmenta\u00e7\u00e3o \u00f3xido de ferro.USOS RECOMENDADOS:Recomendado para pintura de equipamentos, estruturas met\u00e1licas, m\u00e1quinas em geral que ficam expostas em ambientes de m\u00e9dia agressividade, tais como: plantas de papel e celulose, plataformas, sider\u00fargicas e ind\u00fastrias qu\u00edmicas.","og_url":"https:\/\/avenidatintas.com\/ube\/produto\/lackpoxi-n-1202\/","og_site_name":"Avenida Tintas","article_publisher":"https:\/\/www.facebook.com\/Avenida-Distribuidora-de-Tintas-Revenda-autorizada-WEG-100369271992882","article_modified_time":"2021-09-29T13:58:50+00:00","og_image":[{"width":680,"height":680,"url":"https:\/\/avenidatintas.com\/ube\/wp-content\/uploads\/2021\/06\/W-VIARIA-CVP-605.jpg","type":"image\/jpeg"}],"schema":{"@context":"https:\/\/schema.org","@graph":[{"@type":"WebPage","@id":"https:\/\/avenidatintas.com\/ube\/produto\/lackpoxi-n-1202\/","url":"https:\/\/avenidatintas.com\/ube\/produto\/lackpoxi-n-1202\/","name":"LACKPOXI N 1202 - Avenida Tintas","isPartOf":{"@id":"https:\/\/avenidatintas.com\/ube\/#website"},"primaryImageOfPage":{"@id":"https:\/\/avenidatintas.com\/ube\/produto\/lackpoxi-n-1202\/#primaryimage"},"image":{"@id":"https:\/\/avenidatintas.com\/ube\/produto\/lackpoxi-n-1202\/#primaryimage"},"thumbnailUrl":"https:\/\/avenidatintas.com\/ube\/wp-content\/uploads\/2021\/06\/W-VIARIA-CVP-605.jpg","datePublished":"2021-09-27T12:21:44+00:00","dateModified":"2021-09-29T13:58:50+00:00","description":"DESCRI\u00c7\u00c3O DO PRODUTO:Primer ep\u00f3xi poliamida bicomponente de baixa espessura, com pigmenta\u00e7\u00e3o \u00f3xido de ferro.USOS RECOMENDADOS:Recomendado para pintura de equipamentos, estruturas met\u00e1licas, m\u00e1quinas em geral que ficam expostas em ambientes de m\u00e9dia agressividade, tais como: plantas de papel e celulose, plataformas, sider\u00fargicas e ind\u00fastrias qu\u00edmicas.","breadcrumb":{"@id":"https:\/\/avenidatintas.com\/ube\/produto\/lackpoxi-n-1202\/#breadcrumb"},"inLanguage":"pt-BR","potentialAction":[{"@type":"ReadAction","target":["https:\/\/avenidatintas.com\/ube\/produto\/lackpoxi-n-1202\/"]}]},{"@type":"ImageObject","inLanguage":"pt-BR","@id":"https:\/\/avenidatintas.com\/ube\/produto\/lackpoxi-n-1202\/#primaryimage","url":"https:\/\/avenidatintas.com\/ube\/wp-content\/uploads\/2021\/06\/W-VIARIA-CVP-605.jpg","contentUrl":"https:\/\/avenidatintas.com\/ube\/wp-content\/uploads\/2021\/06\/W-VIARIA-CVP-605.jpg","width":680,"height":680},{"@type":"BreadcrumbList","@id":"https:\/\/avenidatintas.com\/ube\/produto\/lackpoxi-n-1202\/#breadcrumb","itemListElement":[{"@type":"ListItem","position":1,"name":"In\u00edcio","item":"https:\/\/avenidatintas.com\/ube\/"},{"@type":"ListItem","position":2,"name":"Produtos","item":"https:\/\/avenidatintas.com\/ube\/loja\/"},{"@type":"ListItem","position":3,"name":"LACKPOXI N 1202"}]},{"@type":"WebSite","@id":"https:\/\/avenidatintas.com\/ube\/#website","url":"https:\/\/avenidatintas.com\/ube\/","name":"Avenida Tintas","description":"Tintas para manuten\u00e7\u00e3o Industrial e Mar\u00edtima WEG; laborat\u00f3rio de prepara\u00e7\u00e3o de tintas","potentialAction":[{"@type":"SearchAction","target":{"@type":"EntryPoint","urlTemplate":"https:\/\/avenidatintas.com\/ube\/?s={search_term_string}"},"query-input":{"@type":"PropertyValueSpecification","valueRequired":true,"valueName":"search_term_string"}}],"inLanguage":"pt-BR"}]}},"_links":{"self":[{"href":"https:\/\/avenidatintas.com\/ube\/wp-json\/wp\/v2\/product\/1771","targetHints":{"allow":["GET"]}}],"collection":[{"href":"https:\/\/avenidatintas.com\/ube\/wp-json\/wp\/v2\/product"}],"about":[{"href":"https:\/\/avenidatintas.com\/ube\/wp-json\/wp\/v2\/types\/product"}],"wp:featuredmedia":[{"embeddable":true,"href":"https:\/\/avenidatintas.com\/ube\/wp-json\/wp\/v2\/media\/1114"}],"wp:attachment":[{"href":"https:\/\/avenidatintas.com\/ube\/wp-json\/wp\/v2\/media?parent=1771"}],"wp:term":[{"taxonomy":"product_brand","embeddable":true,"href":"https:\/\/avenidatintas.com\/ube\/wp-json\/wp\/v2\/product_brand?post=1771"},{"taxonomy":"product_cat","embeddable":true,"href":"https:\/\/avenidatintas.com\/ube\/wp-json\/wp\/v2\/product_cat?post=1771"},{"taxonomy":"product_tag","embeddable":true,"href":"https:\/\/avenidatintas.com\/ube\/wp-json\/wp\/v2\/product_tag?post=1771"}],"curies":[{"name":"wp","href":"https:\/\/api.w.org\/{rel}","templated":true}]}}