{"id":1740,"date":"2021-09-22T14:28:50","date_gmt":"2021-09-22T17:28:50","guid":{"rendered":"https:\/\/avenidatintas.com\/?post_type=product&#038;p=1740"},"modified":"2021-09-22T14:44:25","modified_gmt":"2021-09-22T17:44:25","slug":"w-poxi-mcp-314-marrom","status":"publish","type":"product","link":"https:\/\/avenidatintas.com\/ube\/produto\/w-poxi-mcp-314-marrom\/","title":{"rendered":"W-POXI MCP 314 MARROM"},"content":{"rendered":"<p>DESCRI\u00c7\u00c3O DO PRODUTO:<br \/>\nPrimer ou intermedi\u00e1rio ep\u00f3xi poliamida bicomponente de alta espessura. Possui pigmenta\u00e7\u00e3o a base de \u00f3xido de ferro mic\u00e1ceo. Oferece boa resist\u00eancia qu\u00edmica e alta prote\u00e7\u00e3o anticorrosiva.<\/p>\n","protected":false},"excerpt":{"rendered":"<p>USOS RECOMENDADOS:<br \/>\nRecomendado para manuten\u00e7\u00e3o de estrutura met\u00e1lica, em exterior de estruturas em geral, m\u00e1quinas e equipamentos diversos. Recomendado para ambientes urbanos e industriais de m\u00e9dia e alta agressividade.<\/p>\n","protected":false},"featured_media":1114,"template":"","meta":{"_et_pb_use_builder":"","_et_pb_old_content":"","_et_gb_content_width":""},"product_brand":[],"product_cat":[197,21,17],"product_tag":[215,149,133,223,154,233,156,234,188,236,235,45],"class_list":{"0":"post-1740","1":"product","2":"type-product","3":"status-publish","4":"has-post-thumbnail","6":"product_cat-epoxi-industriais","7":"product_cat-industriais","8":"product_cat-tintas-liquidas","9":"product_tag-alta-espessura","10":"product_tag-bicomponente","11":"product_tag-epoxi","12":"product_tag-equipamentos","13":"product_tag-estruturas-metalicas","14":"product_tag-intermediario","15":"product_tag-maquinas","16":"product_tag-oxido-de-ferro-micacio","17":"product_tag-primer","18":"product_tag-protecao-anticorrosiva","19":"product_tag-resistencia-quimica","20":"product_tag-weg","22":"first","23":"instock","24":"shipping-taxable","25":"purchasable","26":"product-type-variable"},"yoast_head":"<!-- This site is optimized with the Yoast SEO plugin v27.3 - https:\/\/yoast.com\/product\/yoast-seo-wordpress\/ -->\n<title>W-POXI MCP 314 MARROM - Avenida Tintas<\/title>\n<meta name=\"description\" content=\"DESCRI\u00c7\u00c3O DO PRODUTO:Primer ou intermedi\u00e1rio ep\u00f3xi poliamida bicomponente de alta espessura. Possui pigmenta\u00e7\u00e3o a base de \u00f3xido de ferro mic\u00e1ceo. Oferece boa resist\u00eancia qu\u00edmica e alta prote\u00e7\u00e3o anticorrosiva.USOS RECOMENDADOS:Recomendado para manuten\u00e7\u00e3o de estrutura met\u00e1lica, em exterior de estruturas em geral, m\u00e1quinas e equipamentos diversos. Recomendado para ambientes urbanos e industriais de m\u00e9dia e alta agressividade.\" \/>\n<meta name=\"robots\" content=\"index, follow, max-snippet:-1, max-image-preview:large, max-video-preview:-1\" \/>\n<link rel=\"canonical\" href=\"https:\/\/avenidatintas.com\/ube\/produto\/w-poxi-mcp-314-marrom\/\" \/>\n<meta property=\"og:locale\" content=\"pt_BR\" \/>\n<meta property=\"og:type\" content=\"article\" \/>\n<meta property=\"og:title\" content=\"W-POXI MCP 314 MARROM - Avenida Tintas\" \/>\n<meta property=\"og:description\" content=\"DESCRI\u00c7\u00c3O DO PRODUTO:Primer ou intermedi\u00e1rio ep\u00f3xi poliamida bicomponente de alta espessura. Possui pigmenta\u00e7\u00e3o a base de \u00f3xido de ferro mic\u00e1ceo. Oferece boa resist\u00eancia qu\u00edmica e alta prote\u00e7\u00e3o anticorrosiva.USOS RECOMENDADOS:Recomendado para manuten\u00e7\u00e3o de estrutura met\u00e1lica, em exterior de estruturas em geral, m\u00e1quinas e equipamentos diversos. Recomendado para ambientes urbanos e industriais de m\u00e9dia e alta agressividade.\" \/>\n<meta property=\"og:url\" content=\"https:\/\/avenidatintas.com\/ube\/produto\/w-poxi-mcp-314-marrom\/\" \/>\n<meta property=\"og:site_name\" content=\"Avenida Tintas\" \/>\n<meta property=\"article:publisher\" content=\"https:\/\/www.facebook.com\/Avenida-Distribuidora-de-Tintas-Revenda-autorizada-WEG-100369271992882\" \/>\n<meta property=\"article:modified_time\" content=\"2021-09-22T17:44:25+00:00\" \/>\n<meta property=\"og:image\" content=\"https:\/\/avenidatintas.com\/ube\/wp-content\/uploads\/2021\/06\/W-VIARIA-CVP-605.jpg\" \/>\n\t<meta property=\"og:image:width\" content=\"680\" \/>\n\t<meta property=\"og:image:height\" content=\"680\" \/>\n\t<meta property=\"og:image:type\" content=\"image\/jpeg\" \/>\n<script type=\"application\/ld+json\" class=\"yoast-schema-graph\">{\"@context\":\"https:\\\/\\\/schema.org\",\"@graph\":[{\"@type\":\"WebPage\",\"@id\":\"https:\\\/\\\/avenidatintas.com\\\/ube\\\/produto\\\/w-poxi-mcp-314-marrom\\\/\",\"url\":\"https:\\\/\\\/avenidatintas.com\\\/ube\\\/produto\\\/w-poxi-mcp-314-marrom\\\/\",\"name\":\"W-POXI MCP 314 MARROM - Avenida Tintas\",\"isPartOf\":{\"@id\":\"https:\\\/\\\/avenidatintas.com\\\/ube\\\/#website\"},\"primaryImageOfPage\":{\"@id\":\"https:\\\/\\\/avenidatintas.com\\\/ube\\\/produto\\\/w-poxi-mcp-314-marrom\\\/#primaryimage\"},\"image\":{\"@id\":\"https:\\\/\\\/avenidatintas.com\\\/ube\\\/produto\\\/w-poxi-mcp-314-marrom\\\/#primaryimage\"},\"thumbnailUrl\":\"https:\\\/\\\/avenidatintas.com\\\/ube\\\/wp-content\\\/uploads\\\/2021\\\/06\\\/W-VIARIA-CVP-605.jpg\",\"datePublished\":\"2021-09-22T17:28:50+00:00\",\"dateModified\":\"2021-09-22T17:44:25+00:00\",\"description\":\"DESCRI\u00c7\u00c3O DO PRODUTO:Primer ou intermedi\u00e1rio ep\u00f3xi poliamida bicomponente de alta espessura. Possui pigmenta\u00e7\u00e3o a base de \u00f3xido de ferro mic\u00e1ceo. Oferece boa resist\u00eancia qu\u00edmica e alta prote\u00e7\u00e3o anticorrosiva.USOS RECOMENDADOS:Recomendado para manuten\u00e7\u00e3o de estrutura met\u00e1lica, em exterior de estruturas em geral, m\u00e1quinas e equipamentos diversos. Recomendado para ambientes urbanos e industriais de m\u00e9dia e alta agressividade.\",\"breadcrumb\":{\"@id\":\"https:\\\/\\\/avenidatintas.com\\\/ube\\\/produto\\\/w-poxi-mcp-314-marrom\\\/#breadcrumb\"},\"inLanguage\":\"pt-BR\",\"potentialAction\":[{\"@type\":\"ReadAction\",\"target\":[\"https:\\\/\\\/avenidatintas.com\\\/ube\\\/produto\\\/w-poxi-mcp-314-marrom\\\/\"]}]},{\"@type\":\"ImageObject\",\"inLanguage\":\"pt-BR\",\"@id\":\"https:\\\/\\\/avenidatintas.com\\\/ube\\\/produto\\\/w-poxi-mcp-314-marrom\\\/#primaryimage\",\"url\":\"https:\\\/\\\/avenidatintas.com\\\/ube\\\/wp-content\\\/uploads\\\/2021\\\/06\\\/W-VIARIA-CVP-605.jpg\",\"contentUrl\":\"https:\\\/\\\/avenidatintas.com\\\/ube\\\/wp-content\\\/uploads\\\/2021\\\/06\\\/W-VIARIA-CVP-605.jpg\",\"width\":680,\"height\":680},{\"@type\":\"BreadcrumbList\",\"@id\":\"https:\\\/\\\/avenidatintas.com\\\/ube\\\/produto\\\/w-poxi-mcp-314-marrom\\\/#breadcrumb\",\"itemListElement\":[{\"@type\":\"ListItem\",\"position\":1,\"name\":\"In\u00edcio\",\"item\":\"https:\\\/\\\/avenidatintas.com\\\/ube\\\/\"},{\"@type\":\"ListItem\",\"position\":2,\"name\":\"Produtos\",\"item\":\"https:\\\/\\\/avenidatintas.com\\\/ube\\\/loja\\\/\"},{\"@type\":\"ListItem\",\"position\":3,\"name\":\"W-POXI MCP 314 MARROM\"}]},{\"@type\":\"WebSite\",\"@id\":\"https:\\\/\\\/avenidatintas.com\\\/ube\\\/#website\",\"url\":\"https:\\\/\\\/avenidatintas.com\\\/ube\\\/\",\"name\":\"Avenida Tintas\",\"description\":\"Tintas para manuten\u00e7\u00e3o Industrial e Mar\u00edtima WEG; laborat\u00f3rio de prepara\u00e7\u00e3o de tintas\",\"potentialAction\":[{\"@type\":\"SearchAction\",\"target\":{\"@type\":\"EntryPoint\",\"urlTemplate\":\"https:\\\/\\\/avenidatintas.com\\\/ube\\\/?s={search_term_string}\"},\"query-input\":{\"@type\":\"PropertyValueSpecification\",\"valueRequired\":true,\"valueName\":\"search_term_string\"}}],\"inLanguage\":\"pt-BR\"}]}<\/script>\n<!-- \/ Yoast SEO plugin. -->","yoast_head_json":{"title":"W-POXI MCP 314 MARROM - Avenida Tintas","description":"DESCRI\u00c7\u00c3O DO PRODUTO:Primer ou intermedi\u00e1rio ep\u00f3xi poliamida bicomponente de alta espessura. Possui pigmenta\u00e7\u00e3o a base de \u00f3xido de ferro mic\u00e1ceo. Oferece boa resist\u00eancia qu\u00edmica e alta prote\u00e7\u00e3o anticorrosiva.USOS RECOMENDADOS:Recomendado para manuten\u00e7\u00e3o de estrutura met\u00e1lica, em exterior de estruturas em geral, m\u00e1quinas e equipamentos diversos. Recomendado para ambientes urbanos e industriais de m\u00e9dia e alta agressividade.","robots":{"index":"index","follow":"follow","max-snippet":"max-snippet:-1","max-image-preview":"max-image-preview:large","max-video-preview":"max-video-preview:-1"},"canonical":"https:\/\/avenidatintas.com\/ube\/produto\/w-poxi-mcp-314-marrom\/","og_locale":"pt_BR","og_type":"article","og_title":"W-POXI MCP 314 MARROM - Avenida Tintas","og_description":"DESCRI\u00c7\u00c3O DO PRODUTO:Primer ou intermedi\u00e1rio ep\u00f3xi poliamida bicomponente de alta espessura. Possui pigmenta\u00e7\u00e3o a base de \u00f3xido de ferro mic\u00e1ceo. Oferece boa resist\u00eancia qu\u00edmica e alta prote\u00e7\u00e3o anticorrosiva.USOS RECOMENDADOS:Recomendado para manuten\u00e7\u00e3o de estrutura met\u00e1lica, em exterior de estruturas em geral, m\u00e1quinas e equipamentos diversos. Recomendado para ambientes urbanos e industriais de m\u00e9dia e alta agressividade.","og_url":"https:\/\/avenidatintas.com\/ube\/produto\/w-poxi-mcp-314-marrom\/","og_site_name":"Avenida Tintas","article_publisher":"https:\/\/www.facebook.com\/Avenida-Distribuidora-de-Tintas-Revenda-autorizada-WEG-100369271992882","article_modified_time":"2021-09-22T17:44:25+00:00","og_image":[{"width":680,"height":680,"url":"https:\/\/avenidatintas.com\/ube\/wp-content\/uploads\/2021\/06\/W-VIARIA-CVP-605.jpg","type":"image\/jpeg"}],"schema":{"@context":"https:\/\/schema.org","@graph":[{"@type":"WebPage","@id":"https:\/\/avenidatintas.com\/ube\/produto\/w-poxi-mcp-314-marrom\/","url":"https:\/\/avenidatintas.com\/ube\/produto\/w-poxi-mcp-314-marrom\/","name":"W-POXI MCP 314 MARROM - Avenida Tintas","isPartOf":{"@id":"https:\/\/avenidatintas.com\/ube\/#website"},"primaryImageOfPage":{"@id":"https:\/\/avenidatintas.com\/ube\/produto\/w-poxi-mcp-314-marrom\/#primaryimage"},"image":{"@id":"https:\/\/avenidatintas.com\/ube\/produto\/w-poxi-mcp-314-marrom\/#primaryimage"},"thumbnailUrl":"https:\/\/avenidatintas.com\/ube\/wp-content\/uploads\/2021\/06\/W-VIARIA-CVP-605.jpg","datePublished":"2021-09-22T17:28:50+00:00","dateModified":"2021-09-22T17:44:25+00:00","description":"DESCRI\u00c7\u00c3O DO PRODUTO:Primer ou intermedi\u00e1rio ep\u00f3xi poliamida bicomponente de alta espessura. Possui pigmenta\u00e7\u00e3o a base de \u00f3xido de ferro mic\u00e1ceo. Oferece boa resist\u00eancia qu\u00edmica e alta prote\u00e7\u00e3o anticorrosiva.USOS RECOMENDADOS:Recomendado para manuten\u00e7\u00e3o de estrutura met\u00e1lica, em exterior de estruturas em geral, m\u00e1quinas e equipamentos diversos. Recomendado para ambientes urbanos e industriais de m\u00e9dia e alta agressividade.","breadcrumb":{"@id":"https:\/\/avenidatintas.com\/ube\/produto\/w-poxi-mcp-314-marrom\/#breadcrumb"},"inLanguage":"pt-BR","potentialAction":[{"@type":"ReadAction","target":["https:\/\/avenidatintas.com\/ube\/produto\/w-poxi-mcp-314-marrom\/"]}]},{"@type":"ImageObject","inLanguage":"pt-BR","@id":"https:\/\/avenidatintas.com\/ube\/produto\/w-poxi-mcp-314-marrom\/#primaryimage","url":"https:\/\/avenidatintas.com\/ube\/wp-content\/uploads\/2021\/06\/W-VIARIA-CVP-605.jpg","contentUrl":"https:\/\/avenidatintas.com\/ube\/wp-content\/uploads\/2021\/06\/W-VIARIA-CVP-605.jpg","width":680,"height":680},{"@type":"BreadcrumbList","@id":"https:\/\/avenidatintas.com\/ube\/produto\/w-poxi-mcp-314-marrom\/#breadcrumb","itemListElement":[{"@type":"ListItem","position":1,"name":"In\u00edcio","item":"https:\/\/avenidatintas.com\/ube\/"},{"@type":"ListItem","position":2,"name":"Produtos","item":"https:\/\/avenidatintas.com\/ube\/loja\/"},{"@type":"ListItem","position":3,"name":"W-POXI MCP 314 MARROM"}]},{"@type":"WebSite","@id":"https:\/\/avenidatintas.com\/ube\/#website","url":"https:\/\/avenidatintas.com\/ube\/","name":"Avenida Tintas","description":"Tintas para manuten\u00e7\u00e3o Industrial e Mar\u00edtima WEG; laborat\u00f3rio de prepara\u00e7\u00e3o de tintas","potentialAction":[{"@type":"SearchAction","target":{"@type":"EntryPoint","urlTemplate":"https:\/\/avenidatintas.com\/ube\/?s={search_term_string}"},"query-input":{"@type":"PropertyValueSpecification","valueRequired":true,"valueName":"search_term_string"}}],"inLanguage":"pt-BR"}]}},"_links":{"self":[{"href":"https:\/\/avenidatintas.com\/ube\/wp-json\/wp\/v2\/product\/1740","targetHints":{"allow":["GET"]}}],"collection":[{"href":"https:\/\/avenidatintas.com\/ube\/wp-json\/wp\/v2\/product"}],"about":[{"href":"https:\/\/avenidatintas.com\/ube\/wp-json\/wp\/v2\/types\/product"}],"wp:featuredmedia":[{"embeddable":true,"href":"https:\/\/avenidatintas.com\/ube\/wp-json\/wp\/v2\/media\/1114"}],"wp:attachment":[{"href":"https:\/\/avenidatintas.com\/ube\/wp-json\/wp\/v2\/media?parent=1740"}],"wp:term":[{"taxonomy":"product_brand","embeddable":true,"href":"https:\/\/avenidatintas.com\/ube\/wp-json\/wp\/v2\/product_brand?post=1740"},{"taxonomy":"product_cat","embeddable":true,"href":"https:\/\/avenidatintas.com\/ube\/wp-json\/wp\/v2\/product_cat?post=1740"},{"taxonomy":"product_tag","embeddable":true,"href":"https:\/\/avenidatintas.com\/ube\/wp-json\/wp\/v2\/product_tag?post=1740"}],"curies":[{"name":"wp","href":"https:\/\/api.w.org\/{rel}","templated":true}]}}