{"id":1724,"date":"2021-09-10T11:04:18","date_gmt":"2021-09-10T14:04:18","guid":{"rendered":"https:\/\/avenidatintas.com\/?post_type=product&#038;p=1724"},"modified":"2021-09-10T11:04:19","modified_gmt":"2021-09-10T14:04:19","slug":"w-thane-drv-561","status":"publish","type":"product","link":"https:\/\/avenidatintas.com\/ube\/produto\/w-thane-drv-561\/","title":{"rendered":"W-THANE DRV 561"},"content":{"rendered":"<p>DESCRI\u00c7\u00c3O DO PRODUTO<br \/>\nVerniz de acabamento poli\u00e9ster alif\u00e1tico bicomponente. Proporcionando acabamento de alto brilho, excelente flexibilidade, alta dureza e resist\u00eancia ao intemperismo.<br \/>\nItens que atendem Diretiva Rohs possuem a descri\u00e7\u00e3o R na nomenclatura do produto.<\/p>\n","protected":false},"excerpt":{"rendered":"<p>RECOMENDA\u00c7\u00d5ES DE USO<br \/>\nO produto foi desenvolvido para a prote\u00e7\u00e3o de pisos de ind\u00fastrias aliment\u00edcias, hospitais, laborat\u00f3rios, f\u00e1bricas de papel e celuloses, ind\u00fastrias qu\u00edmicas e petroqu\u00edmicas, usinas de a\u00e7\u00facar, destilarias de \u00e1lcool e outros pisos industriais. Uso em ambientes interno e externo (Ver o campo Desempenho na Aplica\u00e7\u00e3o deste boletim t\u00e9cnico).<\/p>\n","protected":false},"featured_media":1073,"template":"","meta":{"_et_pb_use_builder":"","_et_pb_old_content":"","_et_gb_content_width":""},"product_brand":[],"product_cat":[19],"product_tag":[227,226,149,161,225,224,205,45],"class_list":{"0":"post-1724","1":"product","2":"type-product","3":"status-publish","4":"has-post-thumbnail","6":"product_cat-vernizes","7":"product_tag-ambiente-externo","8":"product_tag-ambiente-interno","9":"product_tag-bicomponente","10":"product_tag-pisos-industriais","11":"product_tag-protecao-para-pisos","12":"product_tag-resistencia-intemperismo","13":"product_tag-verniz","14":"product_tag-weg","16":"first","17":"instock","18":"shipping-taxable","19":"purchasable","20":"product-type-variable"},"yoast_head":"<!-- This site is optimized with the Yoast SEO plugin v27.3 - https:\/\/yoast.com\/product\/yoast-seo-wordpress\/ -->\n<title>W-THANE DRV 561 - Avenida Tintas<\/title>\n<meta name=\"description\" content=\"DESCRI\u00c7\u00c3O DO PRODUTOVerniz de acabamento poli\u00e9ster alif\u00e1tico bicomponente. Proporcionando acabamento de alto brilho, excelente flexibilidade, alta dureza e resist\u00eancia ao intemperismo.Itens que atendem Diretiva Rohs possuem a descri\u00e7\u00e3o R na nomenclatura do produto.RECOMENDA\u00c7\u00d5ES DE USOO produto foi desenvolvido para a prote\u00e7\u00e3o de pisos de ind\u00fastrias aliment\u00edcias, hospitais, laborat\u00f3rios, f\u00e1bricas de papel e celuloses, ind\u00fastrias qu\u00edmicas e petroqu\u00edmicas, usinas de a\u00e7\u00facar, destilarias de \u00e1lcool e outros pisos industriais. Uso em ambientes interno e externo (Ver o campo Desempenho na Aplica\u00e7\u00e3o deste boletim t\u00e9cnico).\" \/>\n<meta name=\"robots\" content=\"index, follow, max-snippet:-1, max-image-preview:large, max-video-preview:-1\" \/>\n<link rel=\"canonical\" href=\"https:\/\/avenidatintas.com\/ube\/produto\/w-thane-drv-561\/\" \/>\n<meta property=\"og:locale\" content=\"pt_BR\" \/>\n<meta property=\"og:type\" content=\"article\" \/>\n<meta property=\"og:title\" content=\"W-THANE DRV 561 - Avenida Tintas\" \/>\n<meta property=\"og:description\" content=\"DESCRI\u00c7\u00c3O DO PRODUTOVerniz de acabamento poli\u00e9ster alif\u00e1tico bicomponente. Proporcionando acabamento de alto brilho, excelente flexibilidade, alta dureza e resist\u00eancia ao intemperismo.Itens que atendem Diretiva Rohs possuem a descri\u00e7\u00e3o R na nomenclatura do produto.RECOMENDA\u00c7\u00d5ES DE USOO produto foi desenvolvido para a prote\u00e7\u00e3o de pisos de ind\u00fastrias aliment\u00edcias, hospitais, laborat\u00f3rios, f\u00e1bricas de papel e celuloses, ind\u00fastrias qu\u00edmicas e petroqu\u00edmicas, usinas de a\u00e7\u00facar, destilarias de \u00e1lcool e outros pisos industriais. Uso em ambientes interno e externo (Ver o campo Desempenho na Aplica\u00e7\u00e3o deste boletim t\u00e9cnico).\" \/>\n<meta property=\"og:url\" content=\"https:\/\/avenidatintas.com\/ube\/produto\/w-thane-drv-561\/\" \/>\n<meta property=\"og:site_name\" content=\"Avenida Tintas\" \/>\n<meta property=\"article:publisher\" content=\"https:\/\/www.facebook.com\/Avenida-Distribuidora-de-Tintas-Revenda-autorizada-WEG-100369271992882\" \/>\n<meta property=\"article:modified_time\" content=\"2021-09-10T14:04:19+00:00\" \/>\n<meta property=\"og:image\" content=\"https:\/\/avenidatintas.com\/ube\/wp-content\/uploads\/2021\/06\/weg-vernizes.jpg\" \/>\n\t<meta property=\"og:image:width\" content=\"600\" \/>\n\t<meta property=\"og:image:height\" content=\"460\" \/>\n\t<meta property=\"og:image:type\" content=\"image\/jpeg\" \/>\n<script type=\"application\/ld+json\" class=\"yoast-schema-graph\">{\"@context\":\"https:\\\/\\\/schema.org\",\"@graph\":[{\"@type\":\"WebPage\",\"@id\":\"https:\\\/\\\/avenidatintas.com\\\/ube\\\/produto\\\/w-thane-drv-561\\\/\",\"url\":\"https:\\\/\\\/avenidatintas.com\\\/ube\\\/produto\\\/w-thane-drv-561\\\/\",\"name\":\"W-THANE DRV 561 - Avenida Tintas\",\"isPartOf\":{\"@id\":\"https:\\\/\\\/avenidatintas.com\\\/ube\\\/#website\"},\"primaryImageOfPage\":{\"@id\":\"https:\\\/\\\/avenidatintas.com\\\/ube\\\/produto\\\/w-thane-drv-561\\\/#primaryimage\"},\"image\":{\"@id\":\"https:\\\/\\\/avenidatintas.com\\\/ube\\\/produto\\\/w-thane-drv-561\\\/#primaryimage\"},\"thumbnailUrl\":\"https:\\\/\\\/avenidatintas.com\\\/ube\\\/wp-content\\\/uploads\\\/2021\\\/06\\\/weg-vernizes.jpg\",\"datePublished\":\"2021-09-10T14:04:18+00:00\",\"dateModified\":\"2021-09-10T14:04:19+00:00\",\"description\":\"DESCRI\u00c7\u00c3O DO PRODUTOVerniz de acabamento poli\u00e9ster alif\u00e1tico bicomponente. Proporcionando acabamento de alto brilho, excelente flexibilidade, alta dureza e resist\u00eancia ao intemperismo.Itens que atendem Diretiva Rohs possuem a descri\u00e7\u00e3o R na nomenclatura do produto.RECOMENDA\u00c7\u00d5ES DE USOO produto foi desenvolvido para a prote\u00e7\u00e3o de pisos de ind\u00fastrias aliment\u00edcias, hospitais, laborat\u00f3rios, f\u00e1bricas de papel e celuloses, ind\u00fastrias qu\u00edmicas e petroqu\u00edmicas, usinas de a\u00e7\u00facar, destilarias de \u00e1lcool e outros pisos industriais. Uso em ambientes interno e externo (Ver o campo Desempenho na Aplica\u00e7\u00e3o deste boletim t\u00e9cnico).\",\"breadcrumb\":{\"@id\":\"https:\\\/\\\/avenidatintas.com\\\/ube\\\/produto\\\/w-thane-drv-561\\\/#breadcrumb\"},\"inLanguage\":\"pt-BR\",\"potentialAction\":[{\"@type\":\"ReadAction\",\"target\":[\"https:\\\/\\\/avenidatintas.com\\\/ube\\\/produto\\\/w-thane-drv-561\\\/\"]}]},{\"@type\":\"ImageObject\",\"inLanguage\":\"pt-BR\",\"@id\":\"https:\\\/\\\/avenidatintas.com\\\/ube\\\/produto\\\/w-thane-drv-561\\\/#primaryimage\",\"url\":\"https:\\\/\\\/avenidatintas.com\\\/ube\\\/wp-content\\\/uploads\\\/2021\\\/06\\\/weg-vernizes.jpg\",\"contentUrl\":\"https:\\\/\\\/avenidatintas.com\\\/ube\\\/wp-content\\\/uploads\\\/2021\\\/06\\\/weg-vernizes.jpg\",\"width\":600,\"height\":460},{\"@type\":\"BreadcrumbList\",\"@id\":\"https:\\\/\\\/avenidatintas.com\\\/ube\\\/produto\\\/w-thane-drv-561\\\/#breadcrumb\",\"itemListElement\":[{\"@type\":\"ListItem\",\"position\":1,\"name\":\"In\u00edcio\",\"item\":\"https:\\\/\\\/avenidatintas.com\\\/ube\\\/\"},{\"@type\":\"ListItem\",\"position\":2,\"name\":\"Produtos\",\"item\":\"https:\\\/\\\/avenidatintas.com\\\/ube\\\/loja\\\/\"},{\"@type\":\"ListItem\",\"position\":3,\"name\":\"W-THANE DRV 561\"}]},{\"@type\":\"WebSite\",\"@id\":\"https:\\\/\\\/avenidatintas.com\\\/ube\\\/#website\",\"url\":\"https:\\\/\\\/avenidatintas.com\\\/ube\\\/\",\"name\":\"Avenida Tintas\",\"description\":\"Tintas para manuten\u00e7\u00e3o Industrial e Mar\u00edtima WEG; laborat\u00f3rio de prepara\u00e7\u00e3o de tintas\",\"potentialAction\":[{\"@type\":\"SearchAction\",\"target\":{\"@type\":\"EntryPoint\",\"urlTemplate\":\"https:\\\/\\\/avenidatintas.com\\\/ube\\\/?s={search_term_string}\"},\"query-input\":{\"@type\":\"PropertyValueSpecification\",\"valueRequired\":true,\"valueName\":\"search_term_string\"}}],\"inLanguage\":\"pt-BR\"}]}<\/script>\n<!-- \/ Yoast SEO plugin. -->","yoast_head_json":{"title":"W-THANE DRV 561 - Avenida Tintas","description":"DESCRI\u00c7\u00c3O DO PRODUTOVerniz de acabamento poli\u00e9ster alif\u00e1tico bicomponente. Proporcionando acabamento de alto brilho, excelente flexibilidade, alta dureza e resist\u00eancia ao intemperismo.Itens que atendem Diretiva Rohs possuem a descri\u00e7\u00e3o R na nomenclatura do produto.RECOMENDA\u00c7\u00d5ES DE USOO produto foi desenvolvido para a prote\u00e7\u00e3o de pisos de ind\u00fastrias aliment\u00edcias, hospitais, laborat\u00f3rios, f\u00e1bricas de papel e celuloses, ind\u00fastrias qu\u00edmicas e petroqu\u00edmicas, usinas de a\u00e7\u00facar, destilarias de \u00e1lcool e outros pisos industriais. Uso em ambientes interno e externo (Ver o campo Desempenho na Aplica\u00e7\u00e3o deste boletim t\u00e9cnico).","robots":{"index":"index","follow":"follow","max-snippet":"max-snippet:-1","max-image-preview":"max-image-preview:large","max-video-preview":"max-video-preview:-1"},"canonical":"https:\/\/avenidatintas.com\/ube\/produto\/w-thane-drv-561\/","og_locale":"pt_BR","og_type":"article","og_title":"W-THANE DRV 561 - Avenida Tintas","og_description":"DESCRI\u00c7\u00c3O DO PRODUTOVerniz de acabamento poli\u00e9ster alif\u00e1tico bicomponente. Proporcionando acabamento de alto brilho, excelente flexibilidade, alta dureza e resist\u00eancia ao intemperismo.Itens que atendem Diretiva Rohs possuem a descri\u00e7\u00e3o R na nomenclatura do produto.RECOMENDA\u00c7\u00d5ES DE USOO produto foi desenvolvido para a prote\u00e7\u00e3o de pisos de ind\u00fastrias aliment\u00edcias, hospitais, laborat\u00f3rios, f\u00e1bricas de papel e celuloses, ind\u00fastrias qu\u00edmicas e petroqu\u00edmicas, usinas de a\u00e7\u00facar, destilarias de \u00e1lcool e outros pisos industriais. Uso em ambientes interno e externo (Ver o campo Desempenho na Aplica\u00e7\u00e3o deste boletim t\u00e9cnico).","og_url":"https:\/\/avenidatintas.com\/ube\/produto\/w-thane-drv-561\/","og_site_name":"Avenida Tintas","article_publisher":"https:\/\/www.facebook.com\/Avenida-Distribuidora-de-Tintas-Revenda-autorizada-WEG-100369271992882","article_modified_time":"2021-09-10T14:04:19+00:00","og_image":[{"width":600,"height":460,"url":"https:\/\/avenidatintas.com\/ube\/wp-content\/uploads\/2021\/06\/weg-vernizes.jpg","type":"image\/jpeg"}],"schema":{"@context":"https:\/\/schema.org","@graph":[{"@type":"WebPage","@id":"https:\/\/avenidatintas.com\/ube\/produto\/w-thane-drv-561\/","url":"https:\/\/avenidatintas.com\/ube\/produto\/w-thane-drv-561\/","name":"W-THANE DRV 561 - Avenida Tintas","isPartOf":{"@id":"https:\/\/avenidatintas.com\/ube\/#website"},"primaryImageOfPage":{"@id":"https:\/\/avenidatintas.com\/ube\/produto\/w-thane-drv-561\/#primaryimage"},"image":{"@id":"https:\/\/avenidatintas.com\/ube\/produto\/w-thane-drv-561\/#primaryimage"},"thumbnailUrl":"https:\/\/avenidatintas.com\/ube\/wp-content\/uploads\/2021\/06\/weg-vernizes.jpg","datePublished":"2021-09-10T14:04:18+00:00","dateModified":"2021-09-10T14:04:19+00:00","description":"DESCRI\u00c7\u00c3O DO PRODUTOVerniz de acabamento poli\u00e9ster alif\u00e1tico bicomponente. Proporcionando acabamento de alto brilho, excelente flexibilidade, alta dureza e resist\u00eancia ao intemperismo.Itens que atendem Diretiva Rohs possuem a descri\u00e7\u00e3o R na nomenclatura do produto.RECOMENDA\u00c7\u00d5ES DE USOO produto foi desenvolvido para a prote\u00e7\u00e3o de pisos de ind\u00fastrias aliment\u00edcias, hospitais, laborat\u00f3rios, f\u00e1bricas de papel e celuloses, ind\u00fastrias qu\u00edmicas e petroqu\u00edmicas, usinas de a\u00e7\u00facar, destilarias de \u00e1lcool e outros pisos industriais. Uso em ambientes interno e externo (Ver o campo Desempenho na Aplica\u00e7\u00e3o deste boletim t\u00e9cnico).","breadcrumb":{"@id":"https:\/\/avenidatintas.com\/ube\/produto\/w-thane-drv-561\/#breadcrumb"},"inLanguage":"pt-BR","potentialAction":[{"@type":"ReadAction","target":["https:\/\/avenidatintas.com\/ube\/produto\/w-thane-drv-561\/"]}]},{"@type":"ImageObject","inLanguage":"pt-BR","@id":"https:\/\/avenidatintas.com\/ube\/produto\/w-thane-drv-561\/#primaryimage","url":"https:\/\/avenidatintas.com\/ube\/wp-content\/uploads\/2021\/06\/weg-vernizes.jpg","contentUrl":"https:\/\/avenidatintas.com\/ube\/wp-content\/uploads\/2021\/06\/weg-vernizes.jpg","width":600,"height":460},{"@type":"BreadcrumbList","@id":"https:\/\/avenidatintas.com\/ube\/produto\/w-thane-drv-561\/#breadcrumb","itemListElement":[{"@type":"ListItem","position":1,"name":"In\u00edcio","item":"https:\/\/avenidatintas.com\/ube\/"},{"@type":"ListItem","position":2,"name":"Produtos","item":"https:\/\/avenidatintas.com\/ube\/loja\/"},{"@type":"ListItem","position":3,"name":"W-THANE DRV 561"}]},{"@type":"WebSite","@id":"https:\/\/avenidatintas.com\/ube\/#website","url":"https:\/\/avenidatintas.com\/ube\/","name":"Avenida Tintas","description":"Tintas para manuten\u00e7\u00e3o Industrial e Mar\u00edtima WEG; laborat\u00f3rio de prepara\u00e7\u00e3o de tintas","potentialAction":[{"@type":"SearchAction","target":{"@type":"EntryPoint","urlTemplate":"https:\/\/avenidatintas.com\/ube\/?s={search_term_string}"},"query-input":{"@type":"PropertyValueSpecification","valueRequired":true,"valueName":"search_term_string"}}],"inLanguage":"pt-BR"}]}},"_links":{"self":[{"href":"https:\/\/avenidatintas.com\/ube\/wp-json\/wp\/v2\/product\/1724","targetHints":{"allow":["GET"]}}],"collection":[{"href":"https:\/\/avenidatintas.com\/ube\/wp-json\/wp\/v2\/product"}],"about":[{"href":"https:\/\/avenidatintas.com\/ube\/wp-json\/wp\/v2\/types\/product"}],"wp:featuredmedia":[{"embeddable":true,"href":"https:\/\/avenidatintas.com\/ube\/wp-json\/wp\/v2\/media\/1073"}],"wp:attachment":[{"href":"https:\/\/avenidatintas.com\/ube\/wp-json\/wp\/v2\/media?parent=1724"}],"wp:term":[{"taxonomy":"product_brand","embeddable":true,"href":"https:\/\/avenidatintas.com\/ube\/wp-json\/wp\/v2\/product_brand?post=1724"},{"taxonomy":"product_cat","embeddable":true,"href":"https:\/\/avenidatintas.com\/ube\/wp-json\/wp\/v2\/product_cat?post=1724"},{"taxonomy":"product_tag","embeddable":true,"href":"https:\/\/avenidatintas.com\/ube\/wp-json\/wp\/v2\/product_tag?post=1724"}],"curies":[{"name":"wp","href":"https:\/\/api.w.org\/{rel}","templated":true}]}}