{"id":1710,"date":"2021-09-09T11:35:07","date_gmt":"2021-09-09T14:35:07","guid":{"rendered":"https:\/\/avenidatintas.com\/?post_type=product&#038;p=1710"},"modified":"2021-09-09T11:35:07","modified_gmt":"2021-09-09T14:35:07","slug":"w-ester-hpp-965","status":"publish","type":"product","link":"https:\/\/avenidatintas.com\/ube\/produto\/w-ester-hpp-965\/","title":{"rendered":"W-ESTER HPP 965"},"content":{"rendered":"<p>DESCRI\u00c7\u00c3O DO PRODUTO Primer \u00e9ster de ep\u00f3xi, monocomponente, de secagem ao ar. Produto com<br \/>\nboa ader\u00eancia e flexibilidade.<br \/>\nItens que atendem Diretiva Rohs possuem a descri\u00e7\u00e3o R na<br \/>\nnomenclatura do produto.<\/p>\n","protected":false},"excerpt":{"rendered":"<p>RECOMENDA\u00c7\u00d5ES DE USO Primer amplamente utilizado na pintura de m\u00e1quinas e equipamentos,<br \/>\nimplementos agr\u00edcolas, rodovi\u00e1rios e estruturas met\u00e1licas.<\/p>\n","protected":false},"featured_media":1114,"template":"","meta":{"_et_pb_use_builder":"","_et_pb_old_content":"","_et_gb_content_width":""},"product_brand":[],"product_cat":[21,17],"product_tag":[223,154,155,156,153,188,45],"class_list":{"0":"post-1710","1":"product","2":"type-product","3":"status-publish","4":"has-post-thumbnail","6":"product_cat-industriais","7":"product_cat-tintas-liquidas","8":"product_tag-equipamentos","9":"product_tag-estruturas-metalicas","10":"product_tag-implementos-agricolas","11":"product_tag-maquinas","12":"product_tag-monocomponente","13":"product_tag-primer","14":"product_tag-weg","16":"first","17":"instock","18":"shipping-taxable","19":"purchasable","20":"product-type-variable"},"yoast_head":"<!-- This site is optimized with the Yoast SEO plugin v27.3 - https:\/\/yoast.com\/product\/yoast-seo-wordpress\/ -->\n<title>W-ESTER HPP 965 - Avenida Tintas<\/title>\n<meta name=\"description\" content=\"DESCRI\u00c7\u00c3O DO PRODUTO Primer \u00e9ster de ep\u00f3xi, monocomponente, de secagem ao ar. Produto com boa ader\u00eancia e flexibilidade. Itens que atendem Diretiva Rohs possuem a descri\u00e7\u00e3o R nanomenclatura do produto. RECOMENDA\u00c7\u00d5ES DE USO Primer amplamente utilizado na pintura de m\u00e1quinas e equipamentos, implementos agr\u00edcolas, rodovi\u00e1rios e estruturas met\u00e1licas.\" \/>\n<meta name=\"robots\" content=\"index, follow, max-snippet:-1, max-image-preview:large, max-video-preview:-1\" \/>\n<link rel=\"canonical\" href=\"https:\/\/avenidatintas.com\/ube\/produto\/w-ester-hpp-965\/\" \/>\n<meta property=\"og:locale\" content=\"pt_BR\" \/>\n<meta property=\"og:type\" content=\"article\" \/>\n<meta property=\"og:title\" content=\"W-ESTER HPP 965 - Avenida Tintas\" \/>\n<meta property=\"og:description\" content=\"DESCRI\u00c7\u00c3O DO PRODUTO Primer \u00e9ster de ep\u00f3xi, monocomponente, de secagem ao ar. Produto com boa ader\u00eancia e flexibilidade. Itens que atendem Diretiva Rohs possuem a descri\u00e7\u00e3o R nanomenclatura do produto. RECOMENDA\u00c7\u00d5ES DE USO Primer amplamente utilizado na pintura de m\u00e1quinas e equipamentos, implementos agr\u00edcolas, rodovi\u00e1rios e estruturas met\u00e1licas.\" \/>\n<meta property=\"og:url\" content=\"https:\/\/avenidatintas.com\/ube\/produto\/w-ester-hpp-965\/\" \/>\n<meta property=\"og:site_name\" content=\"Avenida Tintas\" \/>\n<meta property=\"article:publisher\" content=\"https:\/\/www.facebook.com\/Avenida-Distribuidora-de-Tintas-Revenda-autorizada-WEG-100369271992882\" \/>\n<meta property=\"og:image\" content=\"https:\/\/avenidatintas.com\/ube\/wp-content\/uploads\/2021\/06\/W-VIARIA-CVP-605.jpg\" \/>\n\t<meta property=\"og:image:width\" content=\"680\" \/>\n\t<meta property=\"og:image:height\" content=\"680\" \/>\n\t<meta property=\"og:image:type\" content=\"image\/jpeg\" \/>\n<script type=\"application\/ld+json\" class=\"yoast-schema-graph\">{\"@context\":\"https:\\\/\\\/schema.org\",\"@graph\":[{\"@type\":\"WebPage\",\"@id\":\"https:\\\/\\\/avenidatintas.com\\\/ube\\\/produto\\\/w-ester-hpp-965\\\/\",\"url\":\"https:\\\/\\\/avenidatintas.com\\\/ube\\\/produto\\\/w-ester-hpp-965\\\/\",\"name\":\"W-ESTER HPP 965 - Avenida Tintas\",\"isPartOf\":{\"@id\":\"https:\\\/\\\/avenidatintas.com\\\/ube\\\/#website\"},\"primaryImageOfPage\":{\"@id\":\"https:\\\/\\\/avenidatintas.com\\\/ube\\\/produto\\\/w-ester-hpp-965\\\/#primaryimage\"},\"image\":{\"@id\":\"https:\\\/\\\/avenidatintas.com\\\/ube\\\/produto\\\/w-ester-hpp-965\\\/#primaryimage\"},\"thumbnailUrl\":\"https:\\\/\\\/avenidatintas.com\\\/ube\\\/wp-content\\\/uploads\\\/2021\\\/06\\\/W-VIARIA-CVP-605.jpg\",\"datePublished\":\"2021-09-09T14:35:07+00:00\",\"description\":\"DESCRI\u00c7\u00c3O DO PRODUTO Primer \u00e9ster de ep\u00f3xi, monocomponente, de secagem ao ar. Produto com boa ader\u00eancia e flexibilidade. Itens que atendem Diretiva Rohs possuem a descri\u00e7\u00e3o R nanomenclatura do produto. RECOMENDA\u00c7\u00d5ES DE USO Primer amplamente utilizado na pintura de m\u00e1quinas e equipamentos, implementos agr\u00edcolas, rodovi\u00e1rios e estruturas met\u00e1licas.\",\"breadcrumb\":{\"@id\":\"https:\\\/\\\/avenidatintas.com\\\/ube\\\/produto\\\/w-ester-hpp-965\\\/#breadcrumb\"},\"inLanguage\":\"pt-BR\",\"potentialAction\":[{\"@type\":\"ReadAction\",\"target\":[\"https:\\\/\\\/avenidatintas.com\\\/ube\\\/produto\\\/w-ester-hpp-965\\\/\"]}]},{\"@type\":\"ImageObject\",\"inLanguage\":\"pt-BR\",\"@id\":\"https:\\\/\\\/avenidatintas.com\\\/ube\\\/produto\\\/w-ester-hpp-965\\\/#primaryimage\",\"url\":\"https:\\\/\\\/avenidatintas.com\\\/ube\\\/wp-content\\\/uploads\\\/2021\\\/06\\\/W-VIARIA-CVP-605.jpg\",\"contentUrl\":\"https:\\\/\\\/avenidatintas.com\\\/ube\\\/wp-content\\\/uploads\\\/2021\\\/06\\\/W-VIARIA-CVP-605.jpg\",\"width\":680,\"height\":680},{\"@type\":\"BreadcrumbList\",\"@id\":\"https:\\\/\\\/avenidatintas.com\\\/ube\\\/produto\\\/w-ester-hpp-965\\\/#breadcrumb\",\"itemListElement\":[{\"@type\":\"ListItem\",\"position\":1,\"name\":\"In\u00edcio\",\"item\":\"https:\\\/\\\/avenidatintas.com\\\/ube\\\/\"},{\"@type\":\"ListItem\",\"position\":2,\"name\":\"Produtos\",\"item\":\"https:\\\/\\\/avenidatintas.com\\\/ube\\\/loja\\\/\"},{\"@type\":\"ListItem\",\"position\":3,\"name\":\"W-ESTER HPP 965\"}]},{\"@type\":\"WebSite\",\"@id\":\"https:\\\/\\\/avenidatintas.com\\\/ube\\\/#website\",\"url\":\"https:\\\/\\\/avenidatintas.com\\\/ube\\\/\",\"name\":\"Avenida Tintas\",\"description\":\"Tintas para manuten\u00e7\u00e3o Industrial e Mar\u00edtima WEG; laborat\u00f3rio de prepara\u00e7\u00e3o de tintas\",\"potentialAction\":[{\"@type\":\"SearchAction\",\"target\":{\"@type\":\"EntryPoint\",\"urlTemplate\":\"https:\\\/\\\/avenidatintas.com\\\/ube\\\/?s={search_term_string}\"},\"query-input\":{\"@type\":\"PropertyValueSpecification\",\"valueRequired\":true,\"valueName\":\"search_term_string\"}}],\"inLanguage\":\"pt-BR\"}]}<\/script>\n<!-- \/ Yoast SEO plugin. -->","yoast_head_json":{"title":"W-ESTER HPP 965 - Avenida Tintas","description":"DESCRI\u00c7\u00c3O DO PRODUTO Primer \u00e9ster de ep\u00f3xi, monocomponente, de secagem ao ar. Produto com boa ader\u00eancia e flexibilidade. Itens que atendem Diretiva Rohs possuem a descri\u00e7\u00e3o R nanomenclatura do produto. RECOMENDA\u00c7\u00d5ES DE USO Primer amplamente utilizado na pintura de m\u00e1quinas e equipamentos, implementos agr\u00edcolas, rodovi\u00e1rios e estruturas met\u00e1licas.","robots":{"index":"index","follow":"follow","max-snippet":"max-snippet:-1","max-image-preview":"max-image-preview:large","max-video-preview":"max-video-preview:-1"},"canonical":"https:\/\/avenidatintas.com\/ube\/produto\/w-ester-hpp-965\/","og_locale":"pt_BR","og_type":"article","og_title":"W-ESTER HPP 965 - Avenida Tintas","og_description":"DESCRI\u00c7\u00c3O DO PRODUTO Primer \u00e9ster de ep\u00f3xi, monocomponente, de secagem ao ar. Produto com boa ader\u00eancia e flexibilidade. Itens que atendem Diretiva Rohs possuem a descri\u00e7\u00e3o R nanomenclatura do produto. RECOMENDA\u00c7\u00d5ES DE USO Primer amplamente utilizado na pintura de m\u00e1quinas e equipamentos, implementos agr\u00edcolas, rodovi\u00e1rios e estruturas met\u00e1licas.","og_url":"https:\/\/avenidatintas.com\/ube\/produto\/w-ester-hpp-965\/","og_site_name":"Avenida Tintas","article_publisher":"https:\/\/www.facebook.com\/Avenida-Distribuidora-de-Tintas-Revenda-autorizada-WEG-100369271992882","og_image":[{"width":680,"height":680,"url":"https:\/\/avenidatintas.com\/ube\/wp-content\/uploads\/2021\/06\/W-VIARIA-CVP-605.jpg","type":"image\/jpeg"}],"schema":{"@context":"https:\/\/schema.org","@graph":[{"@type":"WebPage","@id":"https:\/\/avenidatintas.com\/ube\/produto\/w-ester-hpp-965\/","url":"https:\/\/avenidatintas.com\/ube\/produto\/w-ester-hpp-965\/","name":"W-ESTER HPP 965 - Avenida Tintas","isPartOf":{"@id":"https:\/\/avenidatintas.com\/ube\/#website"},"primaryImageOfPage":{"@id":"https:\/\/avenidatintas.com\/ube\/produto\/w-ester-hpp-965\/#primaryimage"},"image":{"@id":"https:\/\/avenidatintas.com\/ube\/produto\/w-ester-hpp-965\/#primaryimage"},"thumbnailUrl":"https:\/\/avenidatintas.com\/ube\/wp-content\/uploads\/2021\/06\/W-VIARIA-CVP-605.jpg","datePublished":"2021-09-09T14:35:07+00:00","description":"DESCRI\u00c7\u00c3O DO PRODUTO Primer \u00e9ster de ep\u00f3xi, monocomponente, de secagem ao ar. Produto com boa ader\u00eancia e flexibilidade. Itens que atendem Diretiva Rohs possuem a descri\u00e7\u00e3o R nanomenclatura do produto. RECOMENDA\u00c7\u00d5ES DE USO Primer amplamente utilizado na pintura de m\u00e1quinas e equipamentos, implementos agr\u00edcolas, rodovi\u00e1rios e estruturas met\u00e1licas.","breadcrumb":{"@id":"https:\/\/avenidatintas.com\/ube\/produto\/w-ester-hpp-965\/#breadcrumb"},"inLanguage":"pt-BR","potentialAction":[{"@type":"ReadAction","target":["https:\/\/avenidatintas.com\/ube\/produto\/w-ester-hpp-965\/"]}]},{"@type":"ImageObject","inLanguage":"pt-BR","@id":"https:\/\/avenidatintas.com\/ube\/produto\/w-ester-hpp-965\/#primaryimage","url":"https:\/\/avenidatintas.com\/ube\/wp-content\/uploads\/2021\/06\/W-VIARIA-CVP-605.jpg","contentUrl":"https:\/\/avenidatintas.com\/ube\/wp-content\/uploads\/2021\/06\/W-VIARIA-CVP-605.jpg","width":680,"height":680},{"@type":"BreadcrumbList","@id":"https:\/\/avenidatintas.com\/ube\/produto\/w-ester-hpp-965\/#breadcrumb","itemListElement":[{"@type":"ListItem","position":1,"name":"In\u00edcio","item":"https:\/\/avenidatintas.com\/ube\/"},{"@type":"ListItem","position":2,"name":"Produtos","item":"https:\/\/avenidatintas.com\/ube\/loja\/"},{"@type":"ListItem","position":3,"name":"W-ESTER HPP 965"}]},{"@type":"WebSite","@id":"https:\/\/avenidatintas.com\/ube\/#website","url":"https:\/\/avenidatintas.com\/ube\/","name":"Avenida Tintas","description":"Tintas para manuten\u00e7\u00e3o Industrial e Mar\u00edtima WEG; laborat\u00f3rio de prepara\u00e7\u00e3o de tintas","potentialAction":[{"@type":"SearchAction","target":{"@type":"EntryPoint","urlTemplate":"https:\/\/avenidatintas.com\/ube\/?s={search_term_string}"},"query-input":{"@type":"PropertyValueSpecification","valueRequired":true,"valueName":"search_term_string"}}],"inLanguage":"pt-BR"}]}},"_links":{"self":[{"href":"https:\/\/avenidatintas.com\/ube\/wp-json\/wp\/v2\/product\/1710","targetHints":{"allow":["GET"]}}],"collection":[{"href":"https:\/\/avenidatintas.com\/ube\/wp-json\/wp\/v2\/product"}],"about":[{"href":"https:\/\/avenidatintas.com\/ube\/wp-json\/wp\/v2\/types\/product"}],"wp:featuredmedia":[{"embeddable":true,"href":"https:\/\/avenidatintas.com\/ube\/wp-json\/wp\/v2\/media\/1114"}],"wp:attachment":[{"href":"https:\/\/avenidatintas.com\/ube\/wp-json\/wp\/v2\/media?parent=1710"}],"wp:term":[{"taxonomy":"product_brand","embeddable":true,"href":"https:\/\/avenidatintas.com\/ube\/wp-json\/wp\/v2\/product_brand?post=1710"},{"taxonomy":"product_cat","embeddable":true,"href":"https:\/\/avenidatintas.com\/ube\/wp-json\/wp\/v2\/product_cat?post=1710"},{"taxonomy":"product_tag","embeddable":true,"href":"https:\/\/avenidatintas.com\/ube\/wp-json\/wp\/v2\/product_tag?post=1710"}],"curies":[{"name":"wp","href":"https:\/\/api.w.org\/{rel}","templated":true}]}}