{"id":1694,"date":"2021-09-02T14:40:38","date_gmt":"2021-09-02T17:40:38","guid":{"rendered":"https:\/\/avenidatintas.com\/?post_type=product&#038;p=1694"},"modified":"2021-12-07T17:01:58","modified_gmt":"2021-12-07T20:01:58","slug":"w-poli-hpd-451","status":"publish","type":"product","link":"https:\/\/avenidatintas.com\/ube\/produto\/w-poli-hpd-451\/","title":{"rendered":"W-POLI HPD 451"},"content":{"rendered":"<p>DESCRI\u00c7\u00c3O DO PRODUTO:<br \/>\nPrimer acabamento poliasp\u00e1rtico. Produto de alto s\u00f3lidos, \u00f3tima reten\u00e7\u00e3o de cor e brilho, e secagem extra r\u00e1pida. Itens que atendem Diretiva Rohs possuem a descri\u00e7\u00e3o R na nomenclatura do produto.<\/p>\n<p>Produto atende norma Petrobras N 2943 \u2013 Anexo G \u2013 Requisitos para revestimentos poliasp\u00e1rtico.<br \/>\nProduto atende norma Petrobras N 2913 \u2013 Item 4.5 \u2013 Revestimentos poliasp\u00e1rtico.<\/p>\n","protected":false},"excerpt":{"rendered":"<p>RECOMENDA\u00c7\u00d5ES DE USO:<br \/>\nO produto promove uma pel\u00edcula de alto brilho e resist\u00eancia qu\u00edmica, amplamente utilizado na pintura de equipamentos em ambientes industriais agressivos, onde se requer resist\u00eancia e est\u00e9tica. Indicado para ind\u00fastrias qu\u00edmicas, petroqu\u00edmicas, papel e celulose, a\u00e7\u00facar e \u00e1lcool, transportes, entre outros.<\/p>\n","protected":false},"featured_media":1114,"template":"","meta":{"_et_pb_use_builder":"","_et_pb_old_content":"","_et_gb_content_width":""},"product_brand":[],"product_cat":[21,199,17],"product_tag":[310,341,149,139,239,238,222,45],"class_list":{"0":"post-1694","1":"product","2":"type-product","3":"status-publish","4":"has-post-thumbnail","6":"product_cat-industriais","7":"product_cat-poliuretano-pu","8":"product_cat-tintas-liquidas","9":"product_tag-atende-norma-n-2913","10":"product_tag-atende-norma-n-2943","11":"product_tag-bicomponente","12":"product_tag-dupla-funcao","13":"product_tag-norma-petrobras","14":"product_tag-normatizada","15":"product_tag-poliaspartico","16":"product_tag-weg","18":"first","19":"instock","20":"shipping-taxable","21":"purchasable","22":"product-type-variable"},"yoast_head":"<!-- This site is optimized with the Yoast SEO plugin v27.3 - https:\/\/yoast.com\/product\/yoast-seo-wordpress\/ -->\n<title>W-POLI HPD 451 - Avenida Tintas<\/title>\n<meta name=\"description\" content=\"DESCRI\u00c7\u00c3O DO PRODUTO:Primer acabamento poliasp\u00e1rtico. Produto de alto s\u00f3lidos, \u00f3tima reten\u00e7\u00e3o de cor e brilho, e secagem extra r\u00e1pida. Itens que atendem Diretiva Rohs possuem a descri\u00e7\u00e3o R na nomenclatura do produto.RECOMENDA\u00c7\u00d5ES DE USO:O produto promove uma pel\u00edcula de alto brilho e resist\u00eancia qu\u00edmica, amplamente utilizado na pintura de equipamentos em ambientes industriais agressivos, onde se requer resist\u00eancia e est\u00e9tica. Indicado para ind\u00fastrias qu\u00edmicas, petroqu\u00edmicas, papel e celulose, a\u00e7\u00facar e \u00e1lcool, transportes, entre outros.\" \/>\n<meta name=\"robots\" content=\"index, follow, max-snippet:-1, max-image-preview:large, max-video-preview:-1\" \/>\n<link rel=\"canonical\" href=\"https:\/\/avenidatintas.com\/ube\/produto\/w-poli-hpd-451\/\" \/>\n<meta property=\"og:locale\" content=\"pt_BR\" \/>\n<meta property=\"og:type\" content=\"article\" \/>\n<meta property=\"og:title\" content=\"W-POLI HPD 451 - Avenida Tintas\" \/>\n<meta property=\"og:description\" content=\"DESCRI\u00c7\u00c3O DO PRODUTO:Primer acabamento poliasp\u00e1rtico. Produto de alto s\u00f3lidos, \u00f3tima reten\u00e7\u00e3o de cor e brilho, e secagem extra r\u00e1pida. Itens que atendem Diretiva Rohs possuem a descri\u00e7\u00e3o R na nomenclatura do produto.RECOMENDA\u00c7\u00d5ES DE USO:O produto promove uma pel\u00edcula de alto brilho e resist\u00eancia qu\u00edmica, amplamente utilizado na pintura de equipamentos em ambientes industriais agressivos, onde se requer resist\u00eancia e est\u00e9tica. Indicado para ind\u00fastrias qu\u00edmicas, petroqu\u00edmicas, papel e celulose, a\u00e7\u00facar e \u00e1lcool, transportes, entre outros.\" \/>\n<meta property=\"og:url\" content=\"https:\/\/avenidatintas.com\/ube\/produto\/w-poli-hpd-451\/\" \/>\n<meta property=\"og:site_name\" content=\"Avenida Tintas\" \/>\n<meta property=\"article:publisher\" content=\"https:\/\/www.facebook.com\/Avenida-Distribuidora-de-Tintas-Revenda-autorizada-WEG-100369271992882\" \/>\n<meta property=\"article:modified_time\" content=\"2021-12-07T20:01:58+00:00\" \/>\n<meta property=\"og:image\" content=\"https:\/\/avenidatintas.com\/ube\/wp-content\/uploads\/2021\/06\/W-VIARIA-CVP-605.jpg\" \/>\n\t<meta property=\"og:image:width\" content=\"680\" \/>\n\t<meta property=\"og:image:height\" content=\"680\" \/>\n\t<meta property=\"og:image:type\" content=\"image\/jpeg\" \/>\n<script type=\"application\/ld+json\" class=\"yoast-schema-graph\">{\"@context\":\"https:\\\/\\\/schema.org\",\"@graph\":[{\"@type\":\"WebPage\",\"@id\":\"https:\\\/\\\/avenidatintas.com\\\/ube\\\/produto\\\/w-poli-hpd-451\\\/\",\"url\":\"https:\\\/\\\/avenidatintas.com\\\/ube\\\/produto\\\/w-poli-hpd-451\\\/\",\"name\":\"W-POLI HPD 451 - Avenida Tintas\",\"isPartOf\":{\"@id\":\"https:\\\/\\\/avenidatintas.com\\\/ube\\\/#website\"},\"primaryImageOfPage\":{\"@id\":\"https:\\\/\\\/avenidatintas.com\\\/ube\\\/produto\\\/w-poli-hpd-451\\\/#primaryimage\"},\"image\":{\"@id\":\"https:\\\/\\\/avenidatintas.com\\\/ube\\\/produto\\\/w-poli-hpd-451\\\/#primaryimage\"},\"thumbnailUrl\":\"https:\\\/\\\/avenidatintas.com\\\/ube\\\/wp-content\\\/uploads\\\/2021\\\/06\\\/W-VIARIA-CVP-605.jpg\",\"datePublished\":\"2021-09-02T17:40:38+00:00\",\"dateModified\":\"2021-12-07T20:01:58+00:00\",\"description\":\"DESCRI\u00c7\u00c3O DO PRODUTO:Primer acabamento poliasp\u00e1rtico. Produto de alto s\u00f3lidos, \u00f3tima reten\u00e7\u00e3o de cor e brilho, e secagem extra r\u00e1pida. Itens que atendem Diretiva Rohs possuem a descri\u00e7\u00e3o R na nomenclatura do produto.RECOMENDA\u00c7\u00d5ES DE USO:O produto promove uma pel\u00edcula de alto brilho e resist\u00eancia qu\u00edmica, amplamente utilizado na pintura de equipamentos em ambientes industriais agressivos, onde se requer resist\u00eancia e est\u00e9tica. Indicado para ind\u00fastrias qu\u00edmicas, petroqu\u00edmicas, papel e celulose, a\u00e7\u00facar e \u00e1lcool, transportes, entre outros.\",\"breadcrumb\":{\"@id\":\"https:\\\/\\\/avenidatintas.com\\\/ube\\\/produto\\\/w-poli-hpd-451\\\/#breadcrumb\"},\"inLanguage\":\"pt-BR\",\"potentialAction\":[{\"@type\":\"ReadAction\",\"target\":[\"https:\\\/\\\/avenidatintas.com\\\/ube\\\/produto\\\/w-poli-hpd-451\\\/\"]}]},{\"@type\":\"ImageObject\",\"inLanguage\":\"pt-BR\",\"@id\":\"https:\\\/\\\/avenidatintas.com\\\/ube\\\/produto\\\/w-poli-hpd-451\\\/#primaryimage\",\"url\":\"https:\\\/\\\/avenidatintas.com\\\/ube\\\/wp-content\\\/uploads\\\/2021\\\/06\\\/W-VIARIA-CVP-605.jpg\",\"contentUrl\":\"https:\\\/\\\/avenidatintas.com\\\/ube\\\/wp-content\\\/uploads\\\/2021\\\/06\\\/W-VIARIA-CVP-605.jpg\",\"width\":680,\"height\":680},{\"@type\":\"BreadcrumbList\",\"@id\":\"https:\\\/\\\/avenidatintas.com\\\/ube\\\/produto\\\/w-poli-hpd-451\\\/#breadcrumb\",\"itemListElement\":[{\"@type\":\"ListItem\",\"position\":1,\"name\":\"In\u00edcio\",\"item\":\"https:\\\/\\\/avenidatintas.com\\\/ube\\\/\"},{\"@type\":\"ListItem\",\"position\":2,\"name\":\"Produtos\",\"item\":\"https:\\\/\\\/avenidatintas.com\\\/ube\\\/loja\\\/\"},{\"@type\":\"ListItem\",\"position\":3,\"name\":\"W-POLI HPD 451\"}]},{\"@type\":\"WebSite\",\"@id\":\"https:\\\/\\\/avenidatintas.com\\\/ube\\\/#website\",\"url\":\"https:\\\/\\\/avenidatintas.com\\\/ube\\\/\",\"name\":\"Avenida Tintas\",\"description\":\"Tintas para manuten\u00e7\u00e3o Industrial e Mar\u00edtima WEG; laborat\u00f3rio de prepara\u00e7\u00e3o de tintas\",\"potentialAction\":[{\"@type\":\"SearchAction\",\"target\":{\"@type\":\"EntryPoint\",\"urlTemplate\":\"https:\\\/\\\/avenidatintas.com\\\/ube\\\/?s={search_term_string}\"},\"query-input\":{\"@type\":\"PropertyValueSpecification\",\"valueRequired\":true,\"valueName\":\"search_term_string\"}}],\"inLanguage\":\"pt-BR\"}]}<\/script>\n<!-- \/ Yoast SEO plugin. -->","yoast_head_json":{"title":"W-POLI HPD 451 - Avenida Tintas","description":"DESCRI\u00c7\u00c3O DO PRODUTO:Primer acabamento poliasp\u00e1rtico. Produto de alto s\u00f3lidos, \u00f3tima reten\u00e7\u00e3o de cor e brilho, e secagem extra r\u00e1pida. Itens que atendem Diretiva Rohs possuem a descri\u00e7\u00e3o R na nomenclatura do produto.RECOMENDA\u00c7\u00d5ES DE USO:O produto promove uma pel\u00edcula de alto brilho e resist\u00eancia qu\u00edmica, amplamente utilizado na pintura de equipamentos em ambientes industriais agressivos, onde se requer resist\u00eancia e est\u00e9tica. Indicado para ind\u00fastrias qu\u00edmicas, petroqu\u00edmicas, papel e celulose, a\u00e7\u00facar e \u00e1lcool, transportes, entre outros.","robots":{"index":"index","follow":"follow","max-snippet":"max-snippet:-1","max-image-preview":"max-image-preview:large","max-video-preview":"max-video-preview:-1"},"canonical":"https:\/\/avenidatintas.com\/ube\/produto\/w-poli-hpd-451\/","og_locale":"pt_BR","og_type":"article","og_title":"W-POLI HPD 451 - Avenida Tintas","og_description":"DESCRI\u00c7\u00c3O DO PRODUTO:Primer acabamento poliasp\u00e1rtico. Produto de alto s\u00f3lidos, \u00f3tima reten\u00e7\u00e3o de cor e brilho, e secagem extra r\u00e1pida. Itens que atendem Diretiva Rohs possuem a descri\u00e7\u00e3o R na nomenclatura do produto.RECOMENDA\u00c7\u00d5ES DE USO:O produto promove uma pel\u00edcula de alto brilho e resist\u00eancia qu\u00edmica, amplamente utilizado na pintura de equipamentos em ambientes industriais agressivos, onde se requer resist\u00eancia e est\u00e9tica. Indicado para ind\u00fastrias qu\u00edmicas, petroqu\u00edmicas, papel e celulose, a\u00e7\u00facar e \u00e1lcool, transportes, entre outros.","og_url":"https:\/\/avenidatintas.com\/ube\/produto\/w-poli-hpd-451\/","og_site_name":"Avenida Tintas","article_publisher":"https:\/\/www.facebook.com\/Avenida-Distribuidora-de-Tintas-Revenda-autorizada-WEG-100369271992882","article_modified_time":"2021-12-07T20:01:58+00:00","og_image":[{"width":680,"height":680,"url":"https:\/\/avenidatintas.com\/ube\/wp-content\/uploads\/2021\/06\/W-VIARIA-CVP-605.jpg","type":"image\/jpeg"}],"schema":{"@context":"https:\/\/schema.org","@graph":[{"@type":"WebPage","@id":"https:\/\/avenidatintas.com\/ube\/produto\/w-poli-hpd-451\/","url":"https:\/\/avenidatintas.com\/ube\/produto\/w-poli-hpd-451\/","name":"W-POLI HPD 451 - Avenida Tintas","isPartOf":{"@id":"https:\/\/avenidatintas.com\/ube\/#website"},"primaryImageOfPage":{"@id":"https:\/\/avenidatintas.com\/ube\/produto\/w-poli-hpd-451\/#primaryimage"},"image":{"@id":"https:\/\/avenidatintas.com\/ube\/produto\/w-poli-hpd-451\/#primaryimage"},"thumbnailUrl":"https:\/\/avenidatintas.com\/ube\/wp-content\/uploads\/2021\/06\/W-VIARIA-CVP-605.jpg","datePublished":"2021-09-02T17:40:38+00:00","dateModified":"2021-12-07T20:01:58+00:00","description":"DESCRI\u00c7\u00c3O DO PRODUTO:Primer acabamento poliasp\u00e1rtico. Produto de alto s\u00f3lidos, \u00f3tima reten\u00e7\u00e3o de cor e brilho, e secagem extra r\u00e1pida. Itens que atendem Diretiva Rohs possuem a descri\u00e7\u00e3o R na nomenclatura do produto.RECOMENDA\u00c7\u00d5ES DE USO:O produto promove uma pel\u00edcula de alto brilho e resist\u00eancia qu\u00edmica, amplamente utilizado na pintura de equipamentos em ambientes industriais agressivos, onde se requer resist\u00eancia e est\u00e9tica. Indicado para ind\u00fastrias qu\u00edmicas, petroqu\u00edmicas, papel e celulose, a\u00e7\u00facar e \u00e1lcool, transportes, entre outros.","breadcrumb":{"@id":"https:\/\/avenidatintas.com\/ube\/produto\/w-poli-hpd-451\/#breadcrumb"},"inLanguage":"pt-BR","potentialAction":[{"@type":"ReadAction","target":["https:\/\/avenidatintas.com\/ube\/produto\/w-poli-hpd-451\/"]}]},{"@type":"ImageObject","inLanguage":"pt-BR","@id":"https:\/\/avenidatintas.com\/ube\/produto\/w-poli-hpd-451\/#primaryimage","url":"https:\/\/avenidatintas.com\/ube\/wp-content\/uploads\/2021\/06\/W-VIARIA-CVP-605.jpg","contentUrl":"https:\/\/avenidatintas.com\/ube\/wp-content\/uploads\/2021\/06\/W-VIARIA-CVP-605.jpg","width":680,"height":680},{"@type":"BreadcrumbList","@id":"https:\/\/avenidatintas.com\/ube\/produto\/w-poli-hpd-451\/#breadcrumb","itemListElement":[{"@type":"ListItem","position":1,"name":"In\u00edcio","item":"https:\/\/avenidatintas.com\/ube\/"},{"@type":"ListItem","position":2,"name":"Produtos","item":"https:\/\/avenidatintas.com\/ube\/loja\/"},{"@type":"ListItem","position":3,"name":"W-POLI HPD 451"}]},{"@type":"WebSite","@id":"https:\/\/avenidatintas.com\/ube\/#website","url":"https:\/\/avenidatintas.com\/ube\/","name":"Avenida Tintas","description":"Tintas para manuten\u00e7\u00e3o Industrial e Mar\u00edtima WEG; laborat\u00f3rio de prepara\u00e7\u00e3o de tintas","potentialAction":[{"@type":"SearchAction","target":{"@type":"EntryPoint","urlTemplate":"https:\/\/avenidatintas.com\/ube\/?s={search_term_string}"},"query-input":{"@type":"PropertyValueSpecification","valueRequired":true,"valueName":"search_term_string"}}],"inLanguage":"pt-BR"}]}},"_links":{"self":[{"href":"https:\/\/avenidatintas.com\/ube\/wp-json\/wp\/v2\/product\/1694","targetHints":{"allow":["GET"]}}],"collection":[{"href":"https:\/\/avenidatintas.com\/ube\/wp-json\/wp\/v2\/product"}],"about":[{"href":"https:\/\/avenidatintas.com\/ube\/wp-json\/wp\/v2\/types\/product"}],"wp:featuredmedia":[{"embeddable":true,"href":"https:\/\/avenidatintas.com\/ube\/wp-json\/wp\/v2\/media\/1114"}],"wp:attachment":[{"href":"https:\/\/avenidatintas.com\/ube\/wp-json\/wp\/v2\/media?parent=1694"}],"wp:term":[{"taxonomy":"product_brand","embeddable":true,"href":"https:\/\/avenidatintas.com\/ube\/wp-json\/wp\/v2\/product_brand?post=1694"},{"taxonomy":"product_cat","embeddable":true,"href":"https:\/\/avenidatintas.com\/ube\/wp-json\/wp\/v2\/product_cat?post=1694"},{"taxonomy":"product_tag","embeddable":true,"href":"https:\/\/avenidatintas.com\/ube\/wp-json\/wp\/v2\/product_tag?post=1694"}],"curies":[{"name":"wp","href":"https:\/\/api.w.org\/{rel}","templated":true}]}}