{"id":1631,"date":"2021-09-02T11:20:03","date_gmt":"2021-09-02T14:20:03","guid":{"rendered":"https:\/\/avenidatintas.com\/?post_type=product&#038;p=1631"},"modified":"2021-09-02T11:25:49","modified_gmt":"2021-09-02T14:25:49","slug":"w-term-hpa-660-aluminio-600oc","status":"publish","type":"product","link":"https:\/\/avenidatintas.com\/ube\/produto\/w-term-hpa-660-aluminio-600oc\/","title":{"rendered":"W-TERM HPA 660 TEMPERATURA 600\u00baC"},"content":{"rendered":"<p>DESCRI\u00c7\u00c3O DO PRODUTO:<br \/>\nTinta de acabamento monocomponente a base de silicone modificado, resistente a temperatura de at\u00e9 600\u00b0C. Pode ser aplicado diretamente sobre a\u00e7o carbono ou sobre o primer W-TERM CVD 660.<\/p>\n","protected":false},"excerpt":{"rendered":"<p>USOS RECOMENDADOS:<br \/>\nIndicado para pintura de escapamentos, chamin\u00e9s,fornalhas, caldeiras, trocadores de calor, tubula\u00e7\u00f5es ou outros equipamentos que operem a temperaturas de:<br \/>\n150 \u2013 350 \u00baC \u2013 per\u00edodo cont\u00ednuo<br \/>\n350 \u2013 500 \u00baC \u2013 per\u00edodo de at\u00e9 24 horas<br \/>\n500 \u2013 600 \u00baC \u2013 per\u00edodos de at\u00e9 1 hora<br \/>\nFora das faixas de temperatura e tempo acima citadas, o produto pode sofrer manchamento, perda de camada ou altera\u00e7\u00f5es.<\/p>\n","protected":false},"featured_media":1114,"template":"","meta":{"_et_pb_use_builder":"","_et_pb_old_content":"","_et_gb_content_width":""},"product_brand":[],"product_cat":[21,17],"product_tag":[181,163,175,179,177,178,153,176,219,148,45],"class_list":{"0":"post-1631","1":"product","2":"type-product","3":"status-publish","4":"has-post-thumbnail","6":"product_cat-industriais","7":"product_cat-tintas-liquidas","8":"product_tag-600c","9":"product_tag-aco-carbono","10":"product_tag-alta-temperatura","11":"product_tag-caldeiras","12":"product_tag-chamines","13":"product_tag-fornalhas","14":"product_tag-monocomponente","15":"product_tag-pintura-de-escapamentos","16":"product_tag-trocadores-de-calor","17":"product_tag-tubulacoes","18":"product_tag-weg","20":"first","21":"instock","22":"shipping-taxable","23":"purchasable","24":"product-type-variable"},"yoast_head":"<!-- This site is optimized with the Yoast SEO plugin v27.3 - https:\/\/yoast.com\/product\/yoast-seo-wordpress\/ -->\n<title>W-TERM HPA 660 TEMPERATURA 600\u00baC - Avenida Tintas<\/title>\n<meta name=\"description\" content=\"DESCRI\u00c7\u00c3O DO PRODUTO: Tinta de acabamento monocomponente a base de silicone modificado, resistente a temperatura de at\u00e9 600\u00b0C. Pode ser aplicado diretamente sobre a\u00e7o carbono ou sobre o primer W-TERM CVD 660.USOS RECOMENDADOS: Indicado para pintura de escapamentos, chamin\u00e9s, fornalhas, caldeiras, trocadores de calor, tubula\u00e7\u00f5es ou outros equipamentos que operem a temperaturas de:150 \u2013 350 \u00baC \u2013 per\u00edodo cont\u00ednuo350 \u2013 500 \u00baC \u2013 per\u00edodo de at\u00e9 24 horas500 \u2013 600 \u00baC \u2013 per\u00edodos de at\u00e9 1 hora Fora das faixas de temperatura e tempo acima citadas, o produto pode sofrer manchamento, perda de camada ou altera\u00e7\u00f5es.\" \/>\n<meta name=\"robots\" content=\"index, follow, max-snippet:-1, max-image-preview:large, max-video-preview:-1\" \/>\n<link rel=\"canonical\" href=\"https:\/\/avenidatintas.com\/ube\/produto\/w-term-hpa-660-aluminio-600oc\/\" \/>\n<meta property=\"og:locale\" content=\"pt_BR\" \/>\n<meta property=\"og:type\" content=\"article\" \/>\n<meta property=\"og:title\" content=\"W-TERM HPA 660 TEMPERATURA 600\u00baC - Avenida Tintas\" \/>\n<meta property=\"og:description\" content=\"DESCRI\u00c7\u00c3O DO PRODUTO: Tinta de acabamento monocomponente a base de silicone modificado, resistente a temperatura de at\u00e9 600\u00b0C. Pode ser aplicado diretamente sobre a\u00e7o carbono ou sobre o primer W-TERM CVD 660.USOS RECOMENDADOS: Indicado para pintura de escapamentos, chamin\u00e9s, fornalhas, caldeiras, trocadores de calor, tubula\u00e7\u00f5es ou outros equipamentos que operem a temperaturas de:150 \u2013 350 \u00baC \u2013 per\u00edodo cont\u00ednuo350 \u2013 500 \u00baC \u2013 per\u00edodo de at\u00e9 24 horas500 \u2013 600 \u00baC \u2013 per\u00edodos de at\u00e9 1 hora Fora das faixas de temperatura e tempo acima citadas, o produto pode sofrer manchamento, perda de camada ou altera\u00e7\u00f5es.\" \/>\n<meta property=\"og:url\" content=\"https:\/\/avenidatintas.com\/ube\/produto\/w-term-hpa-660-aluminio-600oc\/\" \/>\n<meta property=\"og:site_name\" content=\"Avenida Tintas\" \/>\n<meta property=\"article:publisher\" content=\"https:\/\/www.facebook.com\/Avenida-Distribuidora-de-Tintas-Revenda-autorizada-WEG-100369271992882\" \/>\n<meta property=\"article:modified_time\" content=\"2021-09-02T14:25:49+00:00\" \/>\n<meta property=\"og:image\" content=\"https:\/\/avenidatintas.com\/ube\/wp-content\/uploads\/2021\/06\/W-VIARIA-CVP-605.jpg\" \/>\n\t<meta property=\"og:image:width\" content=\"680\" \/>\n\t<meta property=\"og:image:height\" content=\"680\" \/>\n\t<meta property=\"og:image:type\" content=\"image\/jpeg\" \/>\n<script type=\"application\/ld+json\" class=\"yoast-schema-graph\">{\"@context\":\"https:\\\/\\\/schema.org\",\"@graph\":[{\"@type\":\"WebPage\",\"@id\":\"https:\\\/\\\/avenidatintas.com\\\/ube\\\/produto\\\/w-term-hpa-660-aluminio-600oc\\\/\",\"url\":\"https:\\\/\\\/avenidatintas.com\\\/ube\\\/produto\\\/w-term-hpa-660-aluminio-600oc\\\/\",\"name\":\"W-TERM HPA 660 TEMPERATURA 600\u00baC - Avenida Tintas\",\"isPartOf\":{\"@id\":\"https:\\\/\\\/avenidatintas.com\\\/ube\\\/#website\"},\"primaryImageOfPage\":{\"@id\":\"https:\\\/\\\/avenidatintas.com\\\/ube\\\/produto\\\/w-term-hpa-660-aluminio-600oc\\\/#primaryimage\"},\"image\":{\"@id\":\"https:\\\/\\\/avenidatintas.com\\\/ube\\\/produto\\\/w-term-hpa-660-aluminio-600oc\\\/#primaryimage\"},\"thumbnailUrl\":\"https:\\\/\\\/avenidatintas.com\\\/ube\\\/wp-content\\\/uploads\\\/2021\\\/06\\\/W-VIARIA-CVP-605.jpg\",\"datePublished\":\"2021-09-02T14:20:03+00:00\",\"dateModified\":\"2021-09-02T14:25:49+00:00\",\"description\":\"DESCRI\u00c7\u00c3O DO PRODUTO: Tinta de acabamento monocomponente a base de silicone modificado, resistente a temperatura de at\u00e9 600\u00b0C. Pode ser aplicado diretamente sobre a\u00e7o carbono ou sobre o primer W-TERM CVD 660.USOS RECOMENDADOS: Indicado para pintura de escapamentos, chamin\u00e9s, fornalhas, caldeiras, trocadores de calor, tubula\u00e7\u00f5es ou outros equipamentos que operem a temperaturas de:150 \u2013 350 \u00baC \u2013 per\u00edodo cont\u00ednuo350 \u2013 500 \u00baC \u2013 per\u00edodo de at\u00e9 24 horas500 \u2013 600 \u00baC \u2013 per\u00edodos de at\u00e9 1 hora Fora das faixas de temperatura e tempo acima citadas, o produto pode sofrer manchamento, perda de camada ou altera\u00e7\u00f5es.\",\"breadcrumb\":{\"@id\":\"https:\\\/\\\/avenidatintas.com\\\/ube\\\/produto\\\/w-term-hpa-660-aluminio-600oc\\\/#breadcrumb\"},\"inLanguage\":\"pt-BR\",\"potentialAction\":[{\"@type\":\"ReadAction\",\"target\":[\"https:\\\/\\\/avenidatintas.com\\\/ube\\\/produto\\\/w-term-hpa-660-aluminio-600oc\\\/\"]}]},{\"@type\":\"ImageObject\",\"inLanguage\":\"pt-BR\",\"@id\":\"https:\\\/\\\/avenidatintas.com\\\/ube\\\/produto\\\/w-term-hpa-660-aluminio-600oc\\\/#primaryimage\",\"url\":\"https:\\\/\\\/avenidatintas.com\\\/ube\\\/wp-content\\\/uploads\\\/2021\\\/06\\\/W-VIARIA-CVP-605.jpg\",\"contentUrl\":\"https:\\\/\\\/avenidatintas.com\\\/ube\\\/wp-content\\\/uploads\\\/2021\\\/06\\\/W-VIARIA-CVP-605.jpg\",\"width\":680,\"height\":680},{\"@type\":\"BreadcrumbList\",\"@id\":\"https:\\\/\\\/avenidatintas.com\\\/ube\\\/produto\\\/w-term-hpa-660-aluminio-600oc\\\/#breadcrumb\",\"itemListElement\":[{\"@type\":\"ListItem\",\"position\":1,\"name\":\"In\u00edcio\",\"item\":\"https:\\\/\\\/avenidatintas.com\\\/ube\\\/\"},{\"@type\":\"ListItem\",\"position\":2,\"name\":\"Produtos\",\"item\":\"https:\\\/\\\/avenidatintas.com\\\/ube\\\/loja\\\/\"},{\"@type\":\"ListItem\",\"position\":3,\"name\":\"W-TERM HPA 660 TEMPERATURA 600\u00baC\"}]},{\"@type\":\"WebSite\",\"@id\":\"https:\\\/\\\/avenidatintas.com\\\/ube\\\/#website\",\"url\":\"https:\\\/\\\/avenidatintas.com\\\/ube\\\/\",\"name\":\"Avenida Tintas\",\"description\":\"Tintas para manuten\u00e7\u00e3o Industrial e Mar\u00edtima WEG; laborat\u00f3rio de prepara\u00e7\u00e3o de tintas\",\"potentialAction\":[{\"@type\":\"SearchAction\",\"target\":{\"@type\":\"EntryPoint\",\"urlTemplate\":\"https:\\\/\\\/avenidatintas.com\\\/ube\\\/?s={search_term_string}\"},\"query-input\":{\"@type\":\"PropertyValueSpecification\",\"valueRequired\":true,\"valueName\":\"search_term_string\"}}],\"inLanguage\":\"pt-BR\"}]}<\/script>\n<!-- \/ Yoast SEO plugin. -->","yoast_head_json":{"title":"W-TERM HPA 660 TEMPERATURA 600\u00baC - Avenida Tintas","description":"DESCRI\u00c7\u00c3O DO PRODUTO: Tinta de acabamento monocomponente a base de silicone modificado, resistente a temperatura de at\u00e9 600\u00b0C. Pode ser aplicado diretamente sobre a\u00e7o carbono ou sobre o primer W-TERM CVD 660.USOS RECOMENDADOS: Indicado para pintura de escapamentos, chamin\u00e9s, fornalhas, caldeiras, trocadores de calor, tubula\u00e7\u00f5es ou outros equipamentos que operem a temperaturas de:150 \u2013 350 \u00baC \u2013 per\u00edodo cont\u00ednuo350 \u2013 500 \u00baC \u2013 per\u00edodo de at\u00e9 24 horas500 \u2013 600 \u00baC \u2013 per\u00edodos de at\u00e9 1 hora Fora das faixas de temperatura e tempo acima citadas, o produto pode sofrer manchamento, perda de camada ou altera\u00e7\u00f5es.","robots":{"index":"index","follow":"follow","max-snippet":"max-snippet:-1","max-image-preview":"max-image-preview:large","max-video-preview":"max-video-preview:-1"},"canonical":"https:\/\/avenidatintas.com\/ube\/produto\/w-term-hpa-660-aluminio-600oc\/","og_locale":"pt_BR","og_type":"article","og_title":"W-TERM HPA 660 TEMPERATURA 600\u00baC - Avenida Tintas","og_description":"DESCRI\u00c7\u00c3O DO PRODUTO: Tinta de acabamento monocomponente a base de silicone modificado, resistente a temperatura de at\u00e9 600\u00b0C. Pode ser aplicado diretamente sobre a\u00e7o carbono ou sobre o primer W-TERM CVD 660.USOS RECOMENDADOS: Indicado para pintura de escapamentos, chamin\u00e9s, fornalhas, caldeiras, trocadores de calor, tubula\u00e7\u00f5es ou outros equipamentos que operem a temperaturas de:150 \u2013 350 \u00baC \u2013 per\u00edodo cont\u00ednuo350 \u2013 500 \u00baC \u2013 per\u00edodo de at\u00e9 24 horas500 \u2013 600 \u00baC \u2013 per\u00edodos de at\u00e9 1 hora Fora das faixas de temperatura e tempo acima citadas, o produto pode sofrer manchamento, perda de camada ou altera\u00e7\u00f5es.","og_url":"https:\/\/avenidatintas.com\/ube\/produto\/w-term-hpa-660-aluminio-600oc\/","og_site_name":"Avenida Tintas","article_publisher":"https:\/\/www.facebook.com\/Avenida-Distribuidora-de-Tintas-Revenda-autorizada-WEG-100369271992882","article_modified_time":"2021-09-02T14:25:49+00:00","og_image":[{"width":680,"height":680,"url":"https:\/\/avenidatintas.com\/ube\/wp-content\/uploads\/2021\/06\/W-VIARIA-CVP-605.jpg","type":"image\/jpeg"}],"schema":{"@context":"https:\/\/schema.org","@graph":[{"@type":"WebPage","@id":"https:\/\/avenidatintas.com\/ube\/produto\/w-term-hpa-660-aluminio-600oc\/","url":"https:\/\/avenidatintas.com\/ube\/produto\/w-term-hpa-660-aluminio-600oc\/","name":"W-TERM HPA 660 TEMPERATURA 600\u00baC - Avenida Tintas","isPartOf":{"@id":"https:\/\/avenidatintas.com\/ube\/#website"},"primaryImageOfPage":{"@id":"https:\/\/avenidatintas.com\/ube\/produto\/w-term-hpa-660-aluminio-600oc\/#primaryimage"},"image":{"@id":"https:\/\/avenidatintas.com\/ube\/produto\/w-term-hpa-660-aluminio-600oc\/#primaryimage"},"thumbnailUrl":"https:\/\/avenidatintas.com\/ube\/wp-content\/uploads\/2021\/06\/W-VIARIA-CVP-605.jpg","datePublished":"2021-09-02T14:20:03+00:00","dateModified":"2021-09-02T14:25:49+00:00","description":"DESCRI\u00c7\u00c3O DO PRODUTO: Tinta de acabamento monocomponente a base de silicone modificado, resistente a temperatura de at\u00e9 600\u00b0C. Pode ser aplicado diretamente sobre a\u00e7o carbono ou sobre o primer W-TERM CVD 660.USOS RECOMENDADOS: Indicado para pintura de escapamentos, chamin\u00e9s, fornalhas, caldeiras, trocadores de calor, tubula\u00e7\u00f5es ou outros equipamentos que operem a temperaturas de:150 \u2013 350 \u00baC \u2013 per\u00edodo cont\u00ednuo350 \u2013 500 \u00baC \u2013 per\u00edodo de at\u00e9 24 horas500 \u2013 600 \u00baC \u2013 per\u00edodos de at\u00e9 1 hora Fora das faixas de temperatura e tempo acima citadas, o produto pode sofrer manchamento, perda de camada ou altera\u00e7\u00f5es.","breadcrumb":{"@id":"https:\/\/avenidatintas.com\/ube\/produto\/w-term-hpa-660-aluminio-600oc\/#breadcrumb"},"inLanguage":"pt-BR","potentialAction":[{"@type":"ReadAction","target":["https:\/\/avenidatintas.com\/ube\/produto\/w-term-hpa-660-aluminio-600oc\/"]}]},{"@type":"ImageObject","inLanguage":"pt-BR","@id":"https:\/\/avenidatintas.com\/ube\/produto\/w-term-hpa-660-aluminio-600oc\/#primaryimage","url":"https:\/\/avenidatintas.com\/ube\/wp-content\/uploads\/2021\/06\/W-VIARIA-CVP-605.jpg","contentUrl":"https:\/\/avenidatintas.com\/ube\/wp-content\/uploads\/2021\/06\/W-VIARIA-CVP-605.jpg","width":680,"height":680},{"@type":"BreadcrumbList","@id":"https:\/\/avenidatintas.com\/ube\/produto\/w-term-hpa-660-aluminio-600oc\/#breadcrumb","itemListElement":[{"@type":"ListItem","position":1,"name":"In\u00edcio","item":"https:\/\/avenidatintas.com\/ube\/"},{"@type":"ListItem","position":2,"name":"Produtos","item":"https:\/\/avenidatintas.com\/ube\/loja\/"},{"@type":"ListItem","position":3,"name":"W-TERM HPA 660 TEMPERATURA 600\u00baC"}]},{"@type":"WebSite","@id":"https:\/\/avenidatintas.com\/ube\/#website","url":"https:\/\/avenidatintas.com\/ube\/","name":"Avenida Tintas","description":"Tintas para manuten\u00e7\u00e3o Industrial e Mar\u00edtima WEG; laborat\u00f3rio de prepara\u00e7\u00e3o de tintas","potentialAction":[{"@type":"SearchAction","target":{"@type":"EntryPoint","urlTemplate":"https:\/\/avenidatintas.com\/ube\/?s={search_term_string}"},"query-input":{"@type":"PropertyValueSpecification","valueRequired":true,"valueName":"search_term_string"}}],"inLanguage":"pt-BR"}]}},"_links":{"self":[{"href":"https:\/\/avenidatintas.com\/ube\/wp-json\/wp\/v2\/product\/1631","targetHints":{"allow":["GET"]}}],"collection":[{"href":"https:\/\/avenidatintas.com\/ube\/wp-json\/wp\/v2\/product"}],"about":[{"href":"https:\/\/avenidatintas.com\/ube\/wp-json\/wp\/v2\/types\/product"}],"wp:featuredmedia":[{"embeddable":true,"href":"https:\/\/avenidatintas.com\/ube\/wp-json\/wp\/v2\/media\/1114"}],"wp:attachment":[{"href":"https:\/\/avenidatintas.com\/ube\/wp-json\/wp\/v2\/media?parent=1631"}],"wp:term":[{"taxonomy":"product_brand","embeddable":true,"href":"https:\/\/avenidatintas.com\/ube\/wp-json\/wp\/v2\/product_brand?post=1631"},{"taxonomy":"product_cat","embeddable":true,"href":"https:\/\/avenidatintas.com\/ube\/wp-json\/wp\/v2\/product_cat?post=1631"},{"taxonomy":"product_tag","embeddable":true,"href":"https:\/\/avenidatintas.com\/ube\/wp-json\/wp\/v2\/product_tag?post=1631"}],"curies":[{"name":"wp","href":"https:\/\/api.w.org\/{rel}","templated":true}]}}