{"id":1602,"date":"2021-09-01T10:09:49","date_gmt":"2021-09-01T13:09:49","guid":{"rendered":"https:\/\/avenidatintas.com\/?post_type=product&#038;p=1602"},"modified":"2021-09-14T09:31:56","modified_gmt":"2021-09-14T12:31:56","slug":"w-poxi-hba-301","status":"publish","type":"product","link":"https:\/\/avenidatintas.com\/ube\/produto\/w-poxi-hba-301\/","title":{"rendered":"W-POXI HBA 301"},"content":{"rendered":"<p>DESCRI\u00c7\u00c3O DO PRODUTO:<br \/>\nTinta ep\u00f3xi autonivelante curada com poliamina sem solventes (Low VOC), podendo ser aplicado em ambientes internos. Trata-se de uma tinta de alto brilho, aplic\u00e1vel em altas espessuras em uma \u00fanica dem\u00e3o, compondo esquemas de pintura para pisos com excelente resist\u00eancia \u00e0 abras\u00e3o, resist\u00eancia mec\u00e2nica e resist\u00eancia qu\u00edmica.<\/p>\n","protected":false},"excerpt":{"rendered":"<p>USOS RECOMENDADOS:<br \/>\nO produto foi desenvolvido para a prote\u00e7\u00e3o de pisos de ind\u00fastrias aliment\u00edcias, hospitais, laborat\u00f3rios, f\u00e1bricas de papel e celulose, ind\u00fastrias qu\u00edmicas e petroqu\u00edmicas, usinas de a\u00e7\u00facar, destilarias de \u00e1lcool e outros pisos industriais. Esta tinta dever\u00e1 ser aplicada sobre o selador W-POXI CVS 301, W-POXI HSS 301 e primer W-POXI PRP 301 ou outro primer recomendado pelo departamento t\u00e9cnico da WEG.<\/p>\n","protected":false},"featured_media":1114,"template":"","meta":{"_et_pb_use_builder":"","_et_pb_old_content":"","_et_gb_content_width":""},"product_brand":[],"product_cat":[197,21,17],"product_tag":[216,149,133,217,172,218,161,138],"class_list":{"0":"post-1602","1":"product","2":"type-product","3":"status-publish","4":"has-post-thumbnail","6":"product_cat-epoxi-industriais","7":"product_cat-industriais","8":"product_cat-tintas-liquidas","9":"product_tag-autonivelante","10":"product_tag-bicomponente","11":"product_tag-epoxi","12":"product_tag-hospitais","13":"product_tag-industria-alimenticia","14":"product_tag-laboratorios","15":"product_tag-pisos-industriais","16":"product_tag-tinta-epoxi","18":"first","19":"instock","20":"featured","21":"shipping-taxable","22":"purchasable","23":"product-type-variable"},"yoast_head":"<!-- This site is optimized with the Yoast SEO plugin v27.3 - https:\/\/yoast.com\/product\/yoast-seo-wordpress\/ -->\n<title>W-POXI HBA 301 - Avenida Tintas<\/title>\n<meta name=\"description\" content=\"DESCRI\u00c7\u00c3O DO PRODUTO:Tinta ep\u00f3xi autonivelante curada com poliamina sem solventes (Low VOC), podendo ser aplicado em ambientes internos. Trata-se de uma tinta de alto brilho, aplic\u00e1vel em altas espessuras em uma \u00fanica dem\u00e3o, compondo esquemas de pintura para pisos com excelente resist\u00eancia \u00e0 abras\u00e3o, resist\u00eancia mec\u00e2nica e resist\u00eancia qu\u00edmica.USOS RECOMENDADOS:O produto foi desenvolvido para a prote\u00e7\u00e3o de pisos de ind\u00fastrias aliment\u00edcias, hospitais, laborat\u00f3rios, f\u00e1bricas de papel e celulose, ind\u00fastrias qu\u00edmicas e petroqu\u00edmicas, usinas de a\u00e7\u00facar, destilarias de \u00e1lcool e outros pisos industriais. Esta tinta dever\u00e1 ser aplicada sobre o selador W-POXI CVS 301, W-POXI HSS 301 e primer W-POXI PRP 301 ou outro primer recomendado pelo departamento t\u00e9cnico da WEG.\" \/>\n<meta name=\"robots\" content=\"index, follow, max-snippet:-1, max-image-preview:large, max-video-preview:-1\" \/>\n<link rel=\"canonical\" href=\"https:\/\/avenidatintas.com\/ube\/produto\/w-poxi-hba-301\/\" \/>\n<meta property=\"og:locale\" content=\"pt_BR\" \/>\n<meta property=\"og:type\" content=\"article\" \/>\n<meta property=\"og:title\" content=\"W-POXI HBA 301 - Avenida Tintas\" \/>\n<meta property=\"og:description\" content=\"DESCRI\u00c7\u00c3O DO PRODUTO:Tinta ep\u00f3xi autonivelante curada com poliamina sem solventes (Low VOC), podendo ser aplicado em ambientes internos. Trata-se de uma tinta de alto brilho, aplic\u00e1vel em altas espessuras em uma \u00fanica dem\u00e3o, compondo esquemas de pintura para pisos com excelente resist\u00eancia \u00e0 abras\u00e3o, resist\u00eancia mec\u00e2nica e resist\u00eancia qu\u00edmica.USOS RECOMENDADOS:O produto foi desenvolvido para a prote\u00e7\u00e3o de pisos de ind\u00fastrias aliment\u00edcias, hospitais, laborat\u00f3rios, f\u00e1bricas de papel e celulose, ind\u00fastrias qu\u00edmicas e petroqu\u00edmicas, usinas de a\u00e7\u00facar, destilarias de \u00e1lcool e outros pisos industriais. Esta tinta dever\u00e1 ser aplicada sobre o selador W-POXI CVS 301, W-POXI HSS 301 e primer W-POXI PRP 301 ou outro primer recomendado pelo departamento t\u00e9cnico da WEG.\" \/>\n<meta property=\"og:url\" content=\"https:\/\/avenidatintas.com\/ube\/produto\/w-poxi-hba-301\/\" \/>\n<meta property=\"og:site_name\" content=\"Avenida Tintas\" \/>\n<meta property=\"article:publisher\" content=\"https:\/\/www.facebook.com\/Avenida-Distribuidora-de-Tintas-Revenda-autorizada-WEG-100369271992882\" \/>\n<meta property=\"article:modified_time\" content=\"2021-09-14T12:31:56+00:00\" \/>\n<meta property=\"og:image\" content=\"https:\/\/avenidatintas.com\/ube\/wp-content\/uploads\/2021\/06\/W-VIARIA-CVP-605.jpg\" \/>\n\t<meta property=\"og:image:width\" content=\"680\" \/>\n\t<meta property=\"og:image:height\" content=\"680\" \/>\n\t<meta property=\"og:image:type\" content=\"image\/jpeg\" \/>\n<script type=\"application\/ld+json\" class=\"yoast-schema-graph\">{\"@context\":\"https:\\\/\\\/schema.org\",\"@graph\":[{\"@type\":\"WebPage\",\"@id\":\"https:\\\/\\\/avenidatintas.com\\\/ube\\\/produto\\\/w-poxi-hba-301\\\/\",\"url\":\"https:\\\/\\\/avenidatintas.com\\\/ube\\\/produto\\\/w-poxi-hba-301\\\/\",\"name\":\"W-POXI HBA 301 - Avenida Tintas\",\"isPartOf\":{\"@id\":\"https:\\\/\\\/avenidatintas.com\\\/ube\\\/#website\"},\"primaryImageOfPage\":{\"@id\":\"https:\\\/\\\/avenidatintas.com\\\/ube\\\/produto\\\/w-poxi-hba-301\\\/#primaryimage\"},\"image\":{\"@id\":\"https:\\\/\\\/avenidatintas.com\\\/ube\\\/produto\\\/w-poxi-hba-301\\\/#primaryimage\"},\"thumbnailUrl\":\"https:\\\/\\\/avenidatintas.com\\\/ube\\\/wp-content\\\/uploads\\\/2021\\\/06\\\/W-VIARIA-CVP-605.jpg\",\"datePublished\":\"2021-09-01T13:09:49+00:00\",\"dateModified\":\"2021-09-14T12:31:56+00:00\",\"description\":\"DESCRI\u00c7\u00c3O DO PRODUTO:Tinta ep\u00f3xi autonivelante curada com poliamina sem solventes (Low VOC), podendo ser aplicado em ambientes internos. Trata-se de uma tinta de alto brilho, aplic\u00e1vel em altas espessuras em uma \u00fanica dem\u00e3o, compondo esquemas de pintura para pisos com excelente resist\u00eancia \u00e0 abras\u00e3o, resist\u00eancia mec\u00e2nica e resist\u00eancia qu\u00edmica.USOS RECOMENDADOS:O produto foi desenvolvido para a prote\u00e7\u00e3o de pisos de ind\u00fastrias aliment\u00edcias, hospitais, laborat\u00f3rios, f\u00e1bricas de papel e celulose, ind\u00fastrias qu\u00edmicas e petroqu\u00edmicas, usinas de a\u00e7\u00facar, destilarias de \u00e1lcool e outros pisos industriais. Esta tinta dever\u00e1 ser aplicada sobre o selador W-POXI CVS 301, W-POXI HSS 301 e primer W-POXI PRP 301 ou outro primer recomendado pelo departamento t\u00e9cnico da WEG.\",\"breadcrumb\":{\"@id\":\"https:\\\/\\\/avenidatintas.com\\\/ube\\\/produto\\\/w-poxi-hba-301\\\/#breadcrumb\"},\"inLanguage\":\"pt-BR\",\"potentialAction\":[{\"@type\":\"ReadAction\",\"target\":[\"https:\\\/\\\/avenidatintas.com\\\/ube\\\/produto\\\/w-poxi-hba-301\\\/\"]}]},{\"@type\":\"ImageObject\",\"inLanguage\":\"pt-BR\",\"@id\":\"https:\\\/\\\/avenidatintas.com\\\/ube\\\/produto\\\/w-poxi-hba-301\\\/#primaryimage\",\"url\":\"https:\\\/\\\/avenidatintas.com\\\/ube\\\/wp-content\\\/uploads\\\/2021\\\/06\\\/W-VIARIA-CVP-605.jpg\",\"contentUrl\":\"https:\\\/\\\/avenidatintas.com\\\/ube\\\/wp-content\\\/uploads\\\/2021\\\/06\\\/W-VIARIA-CVP-605.jpg\",\"width\":680,\"height\":680},{\"@type\":\"BreadcrumbList\",\"@id\":\"https:\\\/\\\/avenidatintas.com\\\/ube\\\/produto\\\/w-poxi-hba-301\\\/#breadcrumb\",\"itemListElement\":[{\"@type\":\"ListItem\",\"position\":1,\"name\":\"In\u00edcio\",\"item\":\"https:\\\/\\\/avenidatintas.com\\\/ube\\\/\"},{\"@type\":\"ListItem\",\"position\":2,\"name\":\"Produtos\",\"item\":\"https:\\\/\\\/avenidatintas.com\\\/ube\\\/loja\\\/\"},{\"@type\":\"ListItem\",\"position\":3,\"name\":\"W-POXI HBA 301\"}]},{\"@type\":\"WebSite\",\"@id\":\"https:\\\/\\\/avenidatintas.com\\\/ube\\\/#website\",\"url\":\"https:\\\/\\\/avenidatintas.com\\\/ube\\\/\",\"name\":\"Avenida Tintas\",\"description\":\"Tintas para manuten\u00e7\u00e3o Industrial e Mar\u00edtima WEG; laborat\u00f3rio de prepara\u00e7\u00e3o de tintas\",\"potentialAction\":[{\"@type\":\"SearchAction\",\"target\":{\"@type\":\"EntryPoint\",\"urlTemplate\":\"https:\\\/\\\/avenidatintas.com\\\/ube\\\/?s={search_term_string}\"},\"query-input\":{\"@type\":\"PropertyValueSpecification\",\"valueRequired\":true,\"valueName\":\"search_term_string\"}}],\"inLanguage\":\"pt-BR\"}]}<\/script>\n<!-- \/ Yoast SEO plugin. -->","yoast_head_json":{"title":"W-POXI HBA 301 - Avenida Tintas","description":"DESCRI\u00c7\u00c3O DO PRODUTO:Tinta ep\u00f3xi autonivelante curada com poliamina sem solventes (Low VOC), podendo ser aplicado em ambientes internos. Trata-se de uma tinta de alto brilho, aplic\u00e1vel em altas espessuras em uma \u00fanica dem\u00e3o, compondo esquemas de pintura para pisos com excelente resist\u00eancia \u00e0 abras\u00e3o, resist\u00eancia mec\u00e2nica e resist\u00eancia qu\u00edmica.USOS RECOMENDADOS:O produto foi desenvolvido para a prote\u00e7\u00e3o de pisos de ind\u00fastrias aliment\u00edcias, hospitais, laborat\u00f3rios, f\u00e1bricas de papel e celulose, ind\u00fastrias qu\u00edmicas e petroqu\u00edmicas, usinas de a\u00e7\u00facar, destilarias de \u00e1lcool e outros pisos industriais. Esta tinta dever\u00e1 ser aplicada sobre o selador W-POXI CVS 301, W-POXI HSS 301 e primer W-POXI PRP 301 ou outro primer recomendado pelo departamento t\u00e9cnico da WEG.","robots":{"index":"index","follow":"follow","max-snippet":"max-snippet:-1","max-image-preview":"max-image-preview:large","max-video-preview":"max-video-preview:-1"},"canonical":"https:\/\/avenidatintas.com\/ube\/produto\/w-poxi-hba-301\/","og_locale":"pt_BR","og_type":"article","og_title":"W-POXI HBA 301 - Avenida Tintas","og_description":"DESCRI\u00c7\u00c3O DO PRODUTO:Tinta ep\u00f3xi autonivelante curada com poliamina sem solventes (Low VOC), podendo ser aplicado em ambientes internos. Trata-se de uma tinta de alto brilho, aplic\u00e1vel em altas espessuras em uma \u00fanica dem\u00e3o, compondo esquemas de pintura para pisos com excelente resist\u00eancia \u00e0 abras\u00e3o, resist\u00eancia mec\u00e2nica e resist\u00eancia qu\u00edmica.USOS RECOMENDADOS:O produto foi desenvolvido para a prote\u00e7\u00e3o de pisos de ind\u00fastrias aliment\u00edcias, hospitais, laborat\u00f3rios, f\u00e1bricas de papel e celulose, ind\u00fastrias qu\u00edmicas e petroqu\u00edmicas, usinas de a\u00e7\u00facar, destilarias de \u00e1lcool e outros pisos industriais. Esta tinta dever\u00e1 ser aplicada sobre o selador W-POXI CVS 301, W-POXI HSS 301 e primer W-POXI PRP 301 ou outro primer recomendado pelo departamento t\u00e9cnico da WEG.","og_url":"https:\/\/avenidatintas.com\/ube\/produto\/w-poxi-hba-301\/","og_site_name":"Avenida Tintas","article_publisher":"https:\/\/www.facebook.com\/Avenida-Distribuidora-de-Tintas-Revenda-autorizada-WEG-100369271992882","article_modified_time":"2021-09-14T12:31:56+00:00","og_image":[{"width":680,"height":680,"url":"https:\/\/avenidatintas.com\/ube\/wp-content\/uploads\/2021\/06\/W-VIARIA-CVP-605.jpg","type":"image\/jpeg"}],"schema":{"@context":"https:\/\/schema.org","@graph":[{"@type":"WebPage","@id":"https:\/\/avenidatintas.com\/ube\/produto\/w-poxi-hba-301\/","url":"https:\/\/avenidatintas.com\/ube\/produto\/w-poxi-hba-301\/","name":"W-POXI HBA 301 - Avenida Tintas","isPartOf":{"@id":"https:\/\/avenidatintas.com\/ube\/#website"},"primaryImageOfPage":{"@id":"https:\/\/avenidatintas.com\/ube\/produto\/w-poxi-hba-301\/#primaryimage"},"image":{"@id":"https:\/\/avenidatintas.com\/ube\/produto\/w-poxi-hba-301\/#primaryimage"},"thumbnailUrl":"https:\/\/avenidatintas.com\/ube\/wp-content\/uploads\/2021\/06\/W-VIARIA-CVP-605.jpg","datePublished":"2021-09-01T13:09:49+00:00","dateModified":"2021-09-14T12:31:56+00:00","description":"DESCRI\u00c7\u00c3O DO PRODUTO:Tinta ep\u00f3xi autonivelante curada com poliamina sem solventes (Low VOC), podendo ser aplicado em ambientes internos. Trata-se de uma tinta de alto brilho, aplic\u00e1vel em altas espessuras em uma \u00fanica dem\u00e3o, compondo esquemas de pintura para pisos com excelente resist\u00eancia \u00e0 abras\u00e3o, resist\u00eancia mec\u00e2nica e resist\u00eancia qu\u00edmica.USOS RECOMENDADOS:O produto foi desenvolvido para a prote\u00e7\u00e3o de pisos de ind\u00fastrias aliment\u00edcias, hospitais, laborat\u00f3rios, f\u00e1bricas de papel e celulose, ind\u00fastrias qu\u00edmicas e petroqu\u00edmicas, usinas de a\u00e7\u00facar, destilarias de \u00e1lcool e outros pisos industriais. Esta tinta dever\u00e1 ser aplicada sobre o selador W-POXI CVS 301, W-POXI HSS 301 e primer W-POXI PRP 301 ou outro primer recomendado pelo departamento t\u00e9cnico da WEG.","breadcrumb":{"@id":"https:\/\/avenidatintas.com\/ube\/produto\/w-poxi-hba-301\/#breadcrumb"},"inLanguage":"pt-BR","potentialAction":[{"@type":"ReadAction","target":["https:\/\/avenidatintas.com\/ube\/produto\/w-poxi-hba-301\/"]}]},{"@type":"ImageObject","inLanguage":"pt-BR","@id":"https:\/\/avenidatintas.com\/ube\/produto\/w-poxi-hba-301\/#primaryimage","url":"https:\/\/avenidatintas.com\/ube\/wp-content\/uploads\/2021\/06\/W-VIARIA-CVP-605.jpg","contentUrl":"https:\/\/avenidatintas.com\/ube\/wp-content\/uploads\/2021\/06\/W-VIARIA-CVP-605.jpg","width":680,"height":680},{"@type":"BreadcrumbList","@id":"https:\/\/avenidatintas.com\/ube\/produto\/w-poxi-hba-301\/#breadcrumb","itemListElement":[{"@type":"ListItem","position":1,"name":"In\u00edcio","item":"https:\/\/avenidatintas.com\/ube\/"},{"@type":"ListItem","position":2,"name":"Produtos","item":"https:\/\/avenidatintas.com\/ube\/loja\/"},{"@type":"ListItem","position":3,"name":"W-POXI HBA 301"}]},{"@type":"WebSite","@id":"https:\/\/avenidatintas.com\/ube\/#website","url":"https:\/\/avenidatintas.com\/ube\/","name":"Avenida Tintas","description":"Tintas para manuten\u00e7\u00e3o Industrial e Mar\u00edtima WEG; laborat\u00f3rio de prepara\u00e7\u00e3o de tintas","potentialAction":[{"@type":"SearchAction","target":{"@type":"EntryPoint","urlTemplate":"https:\/\/avenidatintas.com\/ube\/?s={search_term_string}"},"query-input":{"@type":"PropertyValueSpecification","valueRequired":true,"valueName":"search_term_string"}}],"inLanguage":"pt-BR"}]}},"_links":{"self":[{"href":"https:\/\/avenidatintas.com\/ube\/wp-json\/wp\/v2\/product\/1602","targetHints":{"allow":["GET"]}}],"collection":[{"href":"https:\/\/avenidatintas.com\/ube\/wp-json\/wp\/v2\/product"}],"about":[{"href":"https:\/\/avenidatintas.com\/ube\/wp-json\/wp\/v2\/types\/product"}],"wp:featuredmedia":[{"embeddable":true,"href":"https:\/\/avenidatintas.com\/ube\/wp-json\/wp\/v2\/media\/1114"}],"wp:attachment":[{"href":"https:\/\/avenidatintas.com\/ube\/wp-json\/wp\/v2\/media?parent=1602"}],"wp:term":[{"taxonomy":"product_brand","embeddable":true,"href":"https:\/\/avenidatintas.com\/ube\/wp-json\/wp\/v2\/product_brand?post=1602"},{"taxonomy":"product_cat","embeddable":true,"href":"https:\/\/avenidatintas.com\/ube\/wp-json\/wp\/v2\/product_cat?post=1602"},{"taxonomy":"product_tag","embeddable":true,"href":"https:\/\/avenidatintas.com\/ube\/wp-json\/wp\/v2\/product_tag?post=1602"}],"curies":[{"name":"wp","href":"https:\/\/api.w.org\/{rel}","templated":true}]}}