{"id":1407,"date":"2021-08-24T10:37:12","date_gmt":"2021-08-24T13:37:12","guid":{"rendered":"https:\/\/avenidatintas.com\/?post_type=product&#038;p=1407"},"modified":"2021-08-24T11:00:43","modified_gmt":"2021-08-24T14:00:43","slug":"wegpoxi-cvd-322","status":"publish","type":"product","link":"https:\/\/avenidatintas.com\/ube\/produto\/wegpoxi-cvd-322\/","title":{"rendered":"WEGPOXI CVD 322"},"content":{"rendered":"<p>DESCRI\u00c7\u00c3O DO PRODUTO<br \/>\nPrimer Acabamento ep\u00f3xi poliamida bicomponente, de alto teor de s\u00f3lidos e com pigmenta\u00e7\u00e3o anticorrosiva a base de fosfato de zinco, com secagem r\u00e1pida e boa aplicabilidade. Possui excelente ader\u00eancia ao a\u00e7o carbono tratada por jateamento abrasivo. Revestimento aplic\u00e1vel em uma \u00fanica dem\u00e3o em alta espessura simplificando o processo de pintura. Itens que atendem Diretiva Rohs possuem a descri\u00e7\u00e3o R na nomenclatura do produto.<\/p>\n","protected":false},"excerpt":{"rendered":"<p>RECOMENDA\u00c7\u00d5ES DE USO<br \/>\nRecomendado para pintura de estruturas met\u00e1licas, exterior de tanques, tubula\u00e7\u00f5es, silos e equipamentos diversos, sejam novos ou manuten\u00e7\u00e3o, nas ind\u00fastrias de papel e celulose, a\u00e7\u00facar e \u00e1lcool, qu\u00edmica e petroqu\u00edmica, entre outras. Recomendado para ambientes de baixa e m\u00e9dia agressividade.<\/p>\n","protected":false},"featured_media":1114,"template":"","meta":{"_et_pb_use_builder":"","_et_pb_old_content":"","_et_gb_content_width":""},"product_brand":[],"product_cat":[21,17],"product_tag":[149,139,133,154,156,183,182,145,138,148,45],"class_list":{"0":"post-1407","1":"product","2":"type-product","3":"status-publish","4":"has-post-thumbnail","6":"product_cat-industriais","7":"product_cat-tintas-liquidas","8":"product_tag-bicomponente","9":"product_tag-dupla-funcao","10":"product_tag-epoxi","11":"product_tag-estruturas-metalicas","12":"product_tag-maquinas","13":"product_tag-secagem-rapida","14":"product_tag-silos","15":"product_tag-tanques","16":"product_tag-tinta-epoxi","17":"product_tag-tubulacoes","18":"product_tag-weg","20":"first","21":"instock","22":"featured","23":"shipping-taxable","24":"purchasable","25":"product-type-variable"},"yoast_head":"<!-- This site is optimized with the Yoast SEO plugin v27.3 - https:\/\/yoast.com\/product\/yoast-seo-wordpress\/ -->\n<title>WEGPOXI CVD 322 - Avenida Tintas<\/title>\n<meta name=\"robots\" content=\"index, follow, max-snippet:-1, max-image-preview:large, max-video-preview:-1\" \/>\n<link rel=\"canonical\" href=\"https:\/\/avenidatintas.com\/ube\/produto\/wegpoxi-cvd-322\/\" \/>\n<meta property=\"og:locale\" content=\"pt_BR\" \/>\n<meta property=\"og:type\" content=\"article\" \/>\n<meta property=\"og:title\" content=\"WEGPOXI CVD 322 - Avenida Tintas\" \/>\n<meta property=\"og:description\" content=\"RECOMENDA\u00c7\u00d5ES DE USO Recomendado para pintura de estruturas met\u00e1licas, exterior de tanques, tubula\u00e7\u00f5es, silos e equipamentos diversos, sejam novos ou manuten\u00e7\u00e3o, nas ind\u00fastrias de papel e celulose, a\u00e7\u00facar e \u00e1lcool, qu\u00edmica e petroqu\u00edmica, entre outras. Recomendado para ambientes de baixa e m\u00e9dia agressividade.\" \/>\n<meta property=\"og:url\" content=\"https:\/\/avenidatintas.com\/ube\/produto\/wegpoxi-cvd-322\/\" \/>\n<meta property=\"og:site_name\" content=\"Avenida Tintas\" \/>\n<meta property=\"article:publisher\" content=\"https:\/\/www.facebook.com\/Avenida-Distribuidora-de-Tintas-Revenda-autorizada-WEG-100369271992882\" \/>\n<meta property=\"article:modified_time\" content=\"2021-08-24T14:00:43+00:00\" \/>\n<meta property=\"og:image\" content=\"https:\/\/avenidatintas.com\/ube\/wp-content\/uploads\/2021\/06\/W-VIARIA-CVP-605.jpg\" \/>\n\t<meta property=\"og:image:width\" content=\"680\" \/>\n\t<meta property=\"og:image:height\" content=\"680\" \/>\n\t<meta property=\"og:image:type\" content=\"image\/jpeg\" \/>\n<script type=\"application\/ld+json\" class=\"yoast-schema-graph\">{\"@context\":\"https:\\\/\\\/schema.org\",\"@graph\":[{\"@type\":\"WebPage\",\"@id\":\"https:\\\/\\\/avenidatintas.com\\\/ube\\\/produto\\\/wegpoxi-cvd-322\\\/\",\"url\":\"https:\\\/\\\/avenidatintas.com\\\/ube\\\/produto\\\/wegpoxi-cvd-322\\\/\",\"name\":\"WEGPOXI CVD 322 - Avenida Tintas\",\"isPartOf\":{\"@id\":\"https:\\\/\\\/avenidatintas.com\\\/ube\\\/#website\"},\"primaryImageOfPage\":{\"@id\":\"https:\\\/\\\/avenidatintas.com\\\/ube\\\/produto\\\/wegpoxi-cvd-322\\\/#primaryimage\"},\"image\":{\"@id\":\"https:\\\/\\\/avenidatintas.com\\\/ube\\\/produto\\\/wegpoxi-cvd-322\\\/#primaryimage\"},\"thumbnailUrl\":\"https:\\\/\\\/avenidatintas.com\\\/ube\\\/wp-content\\\/uploads\\\/2021\\\/06\\\/W-VIARIA-CVP-605.jpg\",\"datePublished\":\"2021-08-24T13:37:12+00:00\",\"dateModified\":\"2021-08-24T14:00:43+00:00\",\"breadcrumb\":{\"@id\":\"https:\\\/\\\/avenidatintas.com\\\/ube\\\/produto\\\/wegpoxi-cvd-322\\\/#breadcrumb\"},\"inLanguage\":\"pt-BR\",\"potentialAction\":[{\"@type\":\"ReadAction\",\"target\":[\"https:\\\/\\\/avenidatintas.com\\\/ube\\\/produto\\\/wegpoxi-cvd-322\\\/\"]}]},{\"@type\":\"ImageObject\",\"inLanguage\":\"pt-BR\",\"@id\":\"https:\\\/\\\/avenidatintas.com\\\/ube\\\/produto\\\/wegpoxi-cvd-322\\\/#primaryimage\",\"url\":\"https:\\\/\\\/avenidatintas.com\\\/ube\\\/wp-content\\\/uploads\\\/2021\\\/06\\\/W-VIARIA-CVP-605.jpg\",\"contentUrl\":\"https:\\\/\\\/avenidatintas.com\\\/ube\\\/wp-content\\\/uploads\\\/2021\\\/06\\\/W-VIARIA-CVP-605.jpg\",\"width\":680,\"height\":680},{\"@type\":\"BreadcrumbList\",\"@id\":\"https:\\\/\\\/avenidatintas.com\\\/ube\\\/produto\\\/wegpoxi-cvd-322\\\/#breadcrumb\",\"itemListElement\":[{\"@type\":\"ListItem\",\"position\":1,\"name\":\"In\u00edcio\",\"item\":\"https:\\\/\\\/avenidatintas.com\\\/ube\\\/\"},{\"@type\":\"ListItem\",\"position\":2,\"name\":\"Produtos\",\"item\":\"https:\\\/\\\/avenidatintas.com\\\/ube\\\/loja\\\/\"},{\"@type\":\"ListItem\",\"position\":3,\"name\":\"WEGPOXI CVD 322\"}]},{\"@type\":\"WebSite\",\"@id\":\"https:\\\/\\\/avenidatintas.com\\\/ube\\\/#website\",\"url\":\"https:\\\/\\\/avenidatintas.com\\\/ube\\\/\",\"name\":\"Avenida Tintas\",\"description\":\"Tintas para manuten\u00e7\u00e3o Industrial e Mar\u00edtima WEG; laborat\u00f3rio de prepara\u00e7\u00e3o de tintas\",\"potentialAction\":[{\"@type\":\"SearchAction\",\"target\":{\"@type\":\"EntryPoint\",\"urlTemplate\":\"https:\\\/\\\/avenidatintas.com\\\/ube\\\/?s={search_term_string}\"},\"query-input\":{\"@type\":\"PropertyValueSpecification\",\"valueRequired\":true,\"valueName\":\"search_term_string\"}}],\"inLanguage\":\"pt-BR\"}]}<\/script>\n<!-- \/ Yoast SEO plugin. -->","yoast_head_json":{"title":"WEGPOXI CVD 322 - Avenida Tintas","robots":{"index":"index","follow":"follow","max-snippet":"max-snippet:-1","max-image-preview":"max-image-preview:large","max-video-preview":"max-video-preview:-1"},"canonical":"https:\/\/avenidatintas.com\/ube\/produto\/wegpoxi-cvd-322\/","og_locale":"pt_BR","og_type":"article","og_title":"WEGPOXI CVD 322 - Avenida Tintas","og_description":"RECOMENDA\u00c7\u00d5ES DE USO Recomendado para pintura de estruturas met\u00e1licas, exterior de tanques, tubula\u00e7\u00f5es, silos e equipamentos diversos, sejam novos ou manuten\u00e7\u00e3o, nas ind\u00fastrias de papel e celulose, a\u00e7\u00facar e \u00e1lcool, qu\u00edmica e petroqu\u00edmica, entre outras. Recomendado para ambientes de baixa e m\u00e9dia agressividade.","og_url":"https:\/\/avenidatintas.com\/ube\/produto\/wegpoxi-cvd-322\/","og_site_name":"Avenida Tintas","article_publisher":"https:\/\/www.facebook.com\/Avenida-Distribuidora-de-Tintas-Revenda-autorizada-WEG-100369271992882","article_modified_time":"2021-08-24T14:00:43+00:00","og_image":[{"width":680,"height":680,"url":"https:\/\/avenidatintas.com\/ube\/wp-content\/uploads\/2021\/06\/W-VIARIA-CVP-605.jpg","type":"image\/jpeg"}],"schema":{"@context":"https:\/\/schema.org","@graph":[{"@type":"WebPage","@id":"https:\/\/avenidatintas.com\/ube\/produto\/wegpoxi-cvd-322\/","url":"https:\/\/avenidatintas.com\/ube\/produto\/wegpoxi-cvd-322\/","name":"WEGPOXI CVD 322 - Avenida Tintas","isPartOf":{"@id":"https:\/\/avenidatintas.com\/ube\/#website"},"primaryImageOfPage":{"@id":"https:\/\/avenidatintas.com\/ube\/produto\/wegpoxi-cvd-322\/#primaryimage"},"image":{"@id":"https:\/\/avenidatintas.com\/ube\/produto\/wegpoxi-cvd-322\/#primaryimage"},"thumbnailUrl":"https:\/\/avenidatintas.com\/ube\/wp-content\/uploads\/2021\/06\/W-VIARIA-CVP-605.jpg","datePublished":"2021-08-24T13:37:12+00:00","dateModified":"2021-08-24T14:00:43+00:00","breadcrumb":{"@id":"https:\/\/avenidatintas.com\/ube\/produto\/wegpoxi-cvd-322\/#breadcrumb"},"inLanguage":"pt-BR","potentialAction":[{"@type":"ReadAction","target":["https:\/\/avenidatintas.com\/ube\/produto\/wegpoxi-cvd-322\/"]}]},{"@type":"ImageObject","inLanguage":"pt-BR","@id":"https:\/\/avenidatintas.com\/ube\/produto\/wegpoxi-cvd-322\/#primaryimage","url":"https:\/\/avenidatintas.com\/ube\/wp-content\/uploads\/2021\/06\/W-VIARIA-CVP-605.jpg","contentUrl":"https:\/\/avenidatintas.com\/ube\/wp-content\/uploads\/2021\/06\/W-VIARIA-CVP-605.jpg","width":680,"height":680},{"@type":"BreadcrumbList","@id":"https:\/\/avenidatintas.com\/ube\/produto\/wegpoxi-cvd-322\/#breadcrumb","itemListElement":[{"@type":"ListItem","position":1,"name":"In\u00edcio","item":"https:\/\/avenidatintas.com\/ube\/"},{"@type":"ListItem","position":2,"name":"Produtos","item":"https:\/\/avenidatintas.com\/ube\/loja\/"},{"@type":"ListItem","position":3,"name":"WEGPOXI CVD 322"}]},{"@type":"WebSite","@id":"https:\/\/avenidatintas.com\/ube\/#website","url":"https:\/\/avenidatintas.com\/ube\/","name":"Avenida Tintas","description":"Tintas para manuten\u00e7\u00e3o Industrial e Mar\u00edtima WEG; laborat\u00f3rio de prepara\u00e7\u00e3o de tintas","potentialAction":[{"@type":"SearchAction","target":{"@type":"EntryPoint","urlTemplate":"https:\/\/avenidatintas.com\/ube\/?s={search_term_string}"},"query-input":{"@type":"PropertyValueSpecification","valueRequired":true,"valueName":"search_term_string"}}],"inLanguage":"pt-BR"}]}},"_links":{"self":[{"href":"https:\/\/avenidatintas.com\/ube\/wp-json\/wp\/v2\/product\/1407","targetHints":{"allow":["GET"]}}],"collection":[{"href":"https:\/\/avenidatintas.com\/ube\/wp-json\/wp\/v2\/product"}],"about":[{"href":"https:\/\/avenidatintas.com\/ube\/wp-json\/wp\/v2\/types\/product"}],"wp:featuredmedia":[{"embeddable":true,"href":"https:\/\/avenidatintas.com\/ube\/wp-json\/wp\/v2\/media\/1114"}],"wp:attachment":[{"href":"https:\/\/avenidatintas.com\/ube\/wp-json\/wp\/v2\/media?parent=1407"}],"wp:term":[{"taxonomy":"product_brand","embeddable":true,"href":"https:\/\/avenidatintas.com\/ube\/wp-json\/wp\/v2\/product_brand?post=1407"},{"taxonomy":"product_cat","embeddable":true,"href":"https:\/\/avenidatintas.com\/ube\/wp-json\/wp\/v2\/product_cat?post=1407"},{"taxonomy":"product_tag","embeddable":true,"href":"https:\/\/avenidatintas.com\/ube\/wp-json\/wp\/v2\/product_tag?post=1407"}],"curies":[{"name":"wp","href":"https:\/\/api.w.org\/{rel}","templated":true}]}}