{"id":1395,"date":"2021-08-12T11:14:25","date_gmt":"2021-08-12T14:14:25","guid":{"rendered":"https:\/\/avenidatintas.com\/?post_type=product&#038;p=1395"},"modified":"2021-08-12T11:31:48","modified_gmt":"2021-08-12T14:31:48","slug":"w-poxi-hidro-ava-413-nobac","status":"publish","type":"product","link":"https:\/\/avenidatintas.com\/ube\/produto\/w-poxi-hidro-ava-413-nobac\/","title":{"rendered":"W-POXI HIDRO AVA 413 NOBAC"},"content":{"rendered":"<p>DESCRI\u00c7\u00c3O DO PRODUTO:<br \/>\nAcabamento hidrossol\u00favel bicomponente a base de resinas ep\u00f3xi\/acr\u00edlica modificada. Oferece excelente aspecto decorativo, com resist\u00eancia a manchamentos, sujeiras e resist\u00eancia qu\u00edmica. Cont\u00e9m aditivos fungicidas e bactericidas at\u00f3xicos que permanecem no filme ap\u00f3s a secagem. Por ser uma tinta hidrossol\u00favel pode ser aplicada em locais fechados sem necessidade de interdi\u00e7\u00e3o.<\/p>\n","protected":false},"excerpt":{"rendered":"<p>USOS RECOMENDADOS:<br \/>\nRecomendado para aplica\u00e7\u00f5es internas de parede de alvenaria. Especialmente recomendado para pintura de paredes de hospitais, centros cir\u00fargicos, laborat\u00f3rios, cozinhas industriais e residenciais, ind\u00fastrias aliment\u00edcia e farmac\u00eautica.<\/p>\n","protected":false},"featured_media":877,"template":"","meta":{"_et_pb_use_builder":"","_et_pb_old_content":"","_et_gb_content_width":""},"product_brand":[],"product_cat":[21,17],"product_tag":[149,133,173,167,172,174,169,171,168,170,138,45],"class_list":{"0":"post-1395","1":"product","2":"type-product","3":"status-publish","4":"has-post-thumbnail","6":"product_cat-industriais","7":"product_cat-tintas-liquidas","8":"product_tag-bicomponente","9":"product_tag-epoxi","10":"product_tag-farmaceutica","11":"product_tag-hidrosoluvel","12":"product_tag-industria-alimenticia","13":"product_tag-nobac","14":"product_tag-parede-alvenaria-centro-cirurgicos","15":"product_tag-parede-alvenaria-cozinha-industrial","16":"product_tag-parede-alvenaria-hospitais","17":"product_tag-parede-alvenaria-laboratorios","18":"product_tag-tinta-epoxi","19":"product_tag-weg","21":"first","22":"instock","23":"shipping-taxable","24":"purchasable","25":"product-type-variable"},"yoast_head":"<!-- This site is optimized with the Yoast SEO plugin v27.3 - https:\/\/yoast.com\/product\/yoast-seo-wordpress\/ -->\n<title>W-POXI HIDRO AVA 413 NOBAC - Avenida Tintas<\/title>\n<meta name=\"robots\" content=\"index, follow, max-snippet:-1, max-image-preview:large, max-video-preview:-1\" \/>\n<link rel=\"canonical\" href=\"https:\/\/avenidatintas.com\/ube\/produto\/w-poxi-hidro-ava-413-nobac\/\" \/>\n<meta property=\"og:locale\" content=\"pt_BR\" \/>\n<meta property=\"og:type\" content=\"article\" \/>\n<meta property=\"og:title\" content=\"W-POXI HIDRO AVA 413 NOBAC - Avenida Tintas\" \/>\n<meta property=\"og:description\" content=\"USOS RECOMENDADOS: Recomendado para aplica\u00e7\u00f5es internas de parede de alvenaria. Especialmente recomendado para pintura de paredes de hospitais, centros cir\u00fargicos, laborat\u00f3rios, cozinhas industriais e residenciais, ind\u00fastrias aliment\u00edcia e farmac\u00eautica.\" \/>\n<meta property=\"og:url\" content=\"https:\/\/avenidatintas.com\/ube\/produto\/w-poxi-hidro-ava-413-nobac\/\" \/>\n<meta property=\"og:site_name\" content=\"Avenida Tintas\" \/>\n<meta property=\"article:publisher\" content=\"https:\/\/www.facebook.com\/Avenida-Distribuidora-de-Tintas-Revenda-autorizada-WEG-100369271992882\" \/>\n<meta property=\"article:modified_time\" content=\"2021-08-12T14:31:48+00:00\" \/>\n<meta property=\"og:image\" content=\"https:\/\/avenidatintas.com\/ube\/wp-content\/uploads\/2021\/06\/pintura-dicas.jpg\" \/>\n\t<meta property=\"og:image:width\" content=\"640\" \/>\n\t<meta property=\"og:image:height\" content=\"420\" \/>\n\t<meta property=\"og:image:type\" content=\"image\/jpeg\" \/>\n<script type=\"application\/ld+json\" class=\"yoast-schema-graph\">{\"@context\":\"https:\\\/\\\/schema.org\",\"@graph\":[{\"@type\":\"WebPage\",\"@id\":\"https:\\\/\\\/avenidatintas.com\\\/ube\\\/produto\\\/w-poxi-hidro-ava-413-nobac\\\/\",\"url\":\"https:\\\/\\\/avenidatintas.com\\\/ube\\\/produto\\\/w-poxi-hidro-ava-413-nobac\\\/\",\"name\":\"W-POXI HIDRO AVA 413 NOBAC - Avenida Tintas\",\"isPartOf\":{\"@id\":\"https:\\\/\\\/avenidatintas.com\\\/ube\\\/#website\"},\"primaryImageOfPage\":{\"@id\":\"https:\\\/\\\/avenidatintas.com\\\/ube\\\/produto\\\/w-poxi-hidro-ava-413-nobac\\\/#primaryimage\"},\"image\":{\"@id\":\"https:\\\/\\\/avenidatintas.com\\\/ube\\\/produto\\\/w-poxi-hidro-ava-413-nobac\\\/#primaryimage\"},\"thumbnailUrl\":\"https:\\\/\\\/avenidatintas.com\\\/ube\\\/wp-content\\\/uploads\\\/2021\\\/06\\\/pintura-dicas.jpg\",\"datePublished\":\"2021-08-12T14:14:25+00:00\",\"dateModified\":\"2021-08-12T14:31:48+00:00\",\"breadcrumb\":{\"@id\":\"https:\\\/\\\/avenidatintas.com\\\/ube\\\/produto\\\/w-poxi-hidro-ava-413-nobac\\\/#breadcrumb\"},\"inLanguage\":\"pt-BR\",\"potentialAction\":[{\"@type\":\"ReadAction\",\"target\":[\"https:\\\/\\\/avenidatintas.com\\\/ube\\\/produto\\\/w-poxi-hidro-ava-413-nobac\\\/\"]}]},{\"@type\":\"ImageObject\",\"inLanguage\":\"pt-BR\",\"@id\":\"https:\\\/\\\/avenidatintas.com\\\/ube\\\/produto\\\/w-poxi-hidro-ava-413-nobac\\\/#primaryimage\",\"url\":\"https:\\\/\\\/avenidatintas.com\\\/ube\\\/wp-content\\\/uploads\\\/2021\\\/06\\\/pintura-dicas.jpg\",\"contentUrl\":\"https:\\\/\\\/avenidatintas.com\\\/ube\\\/wp-content\\\/uploads\\\/2021\\\/06\\\/pintura-dicas.jpg\",\"width\":640,\"height\":420},{\"@type\":\"BreadcrumbList\",\"@id\":\"https:\\\/\\\/avenidatintas.com\\\/ube\\\/produto\\\/w-poxi-hidro-ava-413-nobac\\\/#breadcrumb\",\"itemListElement\":[{\"@type\":\"ListItem\",\"position\":1,\"name\":\"In\u00edcio\",\"item\":\"https:\\\/\\\/avenidatintas.com\\\/ube\\\/\"},{\"@type\":\"ListItem\",\"position\":2,\"name\":\"Produtos\",\"item\":\"https:\\\/\\\/avenidatintas.com\\\/ube\\\/loja\\\/\"},{\"@type\":\"ListItem\",\"position\":3,\"name\":\"W-POXI HIDRO AVA 413 NOBAC\"}]},{\"@type\":\"WebSite\",\"@id\":\"https:\\\/\\\/avenidatintas.com\\\/ube\\\/#website\",\"url\":\"https:\\\/\\\/avenidatintas.com\\\/ube\\\/\",\"name\":\"Avenida Tintas\",\"description\":\"Tintas para manuten\u00e7\u00e3o Industrial e Mar\u00edtima WEG; laborat\u00f3rio de prepara\u00e7\u00e3o de tintas\",\"potentialAction\":[{\"@type\":\"SearchAction\",\"target\":{\"@type\":\"EntryPoint\",\"urlTemplate\":\"https:\\\/\\\/avenidatintas.com\\\/ube\\\/?s={search_term_string}\"},\"query-input\":{\"@type\":\"PropertyValueSpecification\",\"valueRequired\":true,\"valueName\":\"search_term_string\"}}],\"inLanguage\":\"pt-BR\"}]}<\/script>\n<!-- \/ Yoast SEO plugin. -->","yoast_head_json":{"title":"W-POXI HIDRO AVA 413 NOBAC - Avenida Tintas","robots":{"index":"index","follow":"follow","max-snippet":"max-snippet:-1","max-image-preview":"max-image-preview:large","max-video-preview":"max-video-preview:-1"},"canonical":"https:\/\/avenidatintas.com\/ube\/produto\/w-poxi-hidro-ava-413-nobac\/","og_locale":"pt_BR","og_type":"article","og_title":"W-POXI HIDRO AVA 413 NOBAC - Avenida Tintas","og_description":"USOS RECOMENDADOS: Recomendado para aplica\u00e7\u00f5es internas de parede de alvenaria. Especialmente recomendado para pintura de paredes de hospitais, centros cir\u00fargicos, laborat\u00f3rios, cozinhas industriais e residenciais, ind\u00fastrias aliment\u00edcia e farmac\u00eautica.","og_url":"https:\/\/avenidatintas.com\/ube\/produto\/w-poxi-hidro-ava-413-nobac\/","og_site_name":"Avenida Tintas","article_publisher":"https:\/\/www.facebook.com\/Avenida-Distribuidora-de-Tintas-Revenda-autorizada-WEG-100369271992882","article_modified_time":"2021-08-12T14:31:48+00:00","og_image":[{"width":640,"height":420,"url":"https:\/\/avenidatintas.com\/ube\/wp-content\/uploads\/2021\/06\/pintura-dicas.jpg","type":"image\/jpeg"}],"schema":{"@context":"https:\/\/schema.org","@graph":[{"@type":"WebPage","@id":"https:\/\/avenidatintas.com\/ube\/produto\/w-poxi-hidro-ava-413-nobac\/","url":"https:\/\/avenidatintas.com\/ube\/produto\/w-poxi-hidro-ava-413-nobac\/","name":"W-POXI HIDRO AVA 413 NOBAC - Avenida Tintas","isPartOf":{"@id":"https:\/\/avenidatintas.com\/ube\/#website"},"primaryImageOfPage":{"@id":"https:\/\/avenidatintas.com\/ube\/produto\/w-poxi-hidro-ava-413-nobac\/#primaryimage"},"image":{"@id":"https:\/\/avenidatintas.com\/ube\/produto\/w-poxi-hidro-ava-413-nobac\/#primaryimage"},"thumbnailUrl":"https:\/\/avenidatintas.com\/ube\/wp-content\/uploads\/2021\/06\/pintura-dicas.jpg","datePublished":"2021-08-12T14:14:25+00:00","dateModified":"2021-08-12T14:31:48+00:00","breadcrumb":{"@id":"https:\/\/avenidatintas.com\/ube\/produto\/w-poxi-hidro-ava-413-nobac\/#breadcrumb"},"inLanguage":"pt-BR","potentialAction":[{"@type":"ReadAction","target":["https:\/\/avenidatintas.com\/ube\/produto\/w-poxi-hidro-ava-413-nobac\/"]}]},{"@type":"ImageObject","inLanguage":"pt-BR","@id":"https:\/\/avenidatintas.com\/ube\/produto\/w-poxi-hidro-ava-413-nobac\/#primaryimage","url":"https:\/\/avenidatintas.com\/ube\/wp-content\/uploads\/2021\/06\/pintura-dicas.jpg","contentUrl":"https:\/\/avenidatintas.com\/ube\/wp-content\/uploads\/2021\/06\/pintura-dicas.jpg","width":640,"height":420},{"@type":"BreadcrumbList","@id":"https:\/\/avenidatintas.com\/ube\/produto\/w-poxi-hidro-ava-413-nobac\/#breadcrumb","itemListElement":[{"@type":"ListItem","position":1,"name":"In\u00edcio","item":"https:\/\/avenidatintas.com\/ube\/"},{"@type":"ListItem","position":2,"name":"Produtos","item":"https:\/\/avenidatintas.com\/ube\/loja\/"},{"@type":"ListItem","position":3,"name":"W-POXI HIDRO AVA 413 NOBAC"}]},{"@type":"WebSite","@id":"https:\/\/avenidatintas.com\/ube\/#website","url":"https:\/\/avenidatintas.com\/ube\/","name":"Avenida Tintas","description":"Tintas para manuten\u00e7\u00e3o Industrial e Mar\u00edtima WEG; laborat\u00f3rio de prepara\u00e7\u00e3o de tintas","potentialAction":[{"@type":"SearchAction","target":{"@type":"EntryPoint","urlTemplate":"https:\/\/avenidatintas.com\/ube\/?s={search_term_string}"},"query-input":{"@type":"PropertyValueSpecification","valueRequired":true,"valueName":"search_term_string"}}],"inLanguage":"pt-BR"}]}},"_links":{"self":[{"href":"https:\/\/avenidatintas.com\/ube\/wp-json\/wp\/v2\/product\/1395","targetHints":{"allow":["GET"]}}],"collection":[{"href":"https:\/\/avenidatintas.com\/ube\/wp-json\/wp\/v2\/product"}],"about":[{"href":"https:\/\/avenidatintas.com\/ube\/wp-json\/wp\/v2\/types\/product"}],"wp:featuredmedia":[{"embeddable":true,"href":"https:\/\/avenidatintas.com\/ube\/wp-json\/wp\/v2\/media\/877"}],"wp:attachment":[{"href":"https:\/\/avenidatintas.com\/ube\/wp-json\/wp\/v2\/media?parent=1395"}],"wp:term":[{"taxonomy":"product_brand","embeddable":true,"href":"https:\/\/avenidatintas.com\/ube\/wp-json\/wp\/v2\/product_brand?post=1395"},{"taxonomy":"product_cat","embeddable":true,"href":"https:\/\/avenidatintas.com\/ube\/wp-json\/wp\/v2\/product_cat?post=1395"},{"taxonomy":"product_tag","embeddable":true,"href":"https:\/\/avenidatintas.com\/ube\/wp-json\/wp\/v2\/product_tag?post=1395"}],"curies":[{"name":"wp","href":"https:\/\/api.w.org\/{rel}","templated":true}]}}