{"id":1254,"date":"2021-07-28T12:36:26","date_gmt":"2021-07-28T15:36:26","guid":{"rendered":"https:\/\/avenidatintas.com\/?post_type=product&#038;p=1254"},"modified":"2021-10-01T13:11:36","modified_gmt":"2021-10-01T16:11:36","slug":"w-lack-sra-11","status":"publish","type":"product","link":"https:\/\/avenidatintas.com\/ube\/produto\/w-lack-sra-11\/","title":{"rendered":"W-LACK SRA 111 &#8211; SRA 112"},"content":{"rendered":"<p>DESCRI\u00c7\u00c3O DO PRODUTO:<br \/>\nTinta de acabamento a base de resina alqu\u00eddica. Possui alto desempenho e boa reten\u00e7\u00e3o de cor em ambientes externos.<\/p>\n","protected":false},"excerpt":{"rendered":"<p>USOS RECOMENDADOS:<br \/>\nIndicado para pintura de estruturas met\u00e1licas, implementos agr\u00edcolas e rodovi\u00e1rios, m\u00e1quinas e equipamentos.<\/p>\n","protected":false},"featured_media":415,"template":"","meta":{"_et_pb_use_builder":"","_et_pb_old_content":"","_et_gb_content_width":""},"product_brand":[],"product_cat":[198,21,17],"product_tag":[196,223,152,154,155,156,153,45],"class_list":{"0":"post-1254","1":"product","2":"type-product","3":"status-publish","4":"has-post-thumbnail","6":"product_cat-esmalte-sintetico","7":"product_cat-industriais","8":"product_cat-tintas-liquidas","9":"product_tag-acabamento","10":"product_tag-equipamentos","11":"product_tag-esmalte-sintetico","12":"product_tag-estruturas-metalicas","13":"product_tag-implementos-agricolas","14":"product_tag-maquinas","15":"product_tag-monocomponente","16":"product_tag-weg","18":"first","19":"instock","20":"featured","21":"shipping-taxable","22":"purchasable","23":"product-type-variable"},"yoast_head":"<!-- This site is optimized with the Yoast SEO plugin v27.3 - https:\/\/yoast.com\/product\/yoast-seo-wordpress\/ -->\n<title>W-LACK SRA 111 - SRA 112 - Avenida Tintas<\/title>\n<meta name=\"description\" content=\"DESCRI\u00c7\u00c3O DO PRODUTO:Tinta de acabamento a base de resina alqu\u00eddica. Possui alto desempenho e boa reten\u00e7\u00e3o de cor em ambientes externos.USOS RECOMENDADOS:Indicado para pintura de estruturas met\u00e1licas, implementos agr\u00edcolas e rodovi\u00e1rios, m\u00e1quinas e equipamentos.\" \/>\n<meta name=\"robots\" content=\"index, follow, max-snippet:-1, max-image-preview:large, max-video-preview:-1\" \/>\n<link rel=\"canonical\" href=\"https:\/\/avenidatintas.com\/ube\/produto\/w-lack-sra-11\/\" \/>\n<meta property=\"og:locale\" content=\"pt_BR\" \/>\n<meta property=\"og:type\" content=\"article\" \/>\n<meta property=\"og:title\" content=\"W-LACK SRA 111 - SRA 112 - Avenida Tintas\" \/>\n<meta property=\"og:description\" content=\"DESCRI\u00c7\u00c3O DO PRODUTO:Tinta de acabamento a base de resina alqu\u00eddica. Possui alto desempenho e boa reten\u00e7\u00e3o de cor em ambientes externos.USOS RECOMENDADOS:Indicado para pintura de estruturas met\u00e1licas, implementos agr\u00edcolas e rodovi\u00e1rios, m\u00e1quinas e equipamentos.\" \/>\n<meta property=\"og:url\" content=\"https:\/\/avenidatintas.com\/ube\/produto\/w-lack-sra-11\/\" \/>\n<meta property=\"og:site_name\" content=\"Avenida Tintas\" \/>\n<meta property=\"article:publisher\" content=\"https:\/\/www.facebook.com\/Avenida-Distribuidora-de-Tintas-Revenda-autorizada-WEG-100369271992882\" \/>\n<meta property=\"article:modified_time\" content=\"2021-10-01T16:11:36+00:00\" \/>\n<meta property=\"og:image\" content=\"https:\/\/avenidatintas.com\/ube\/wp-content\/uploads\/2017\/07\/tintas-industriais.jpg\" \/>\n\t<meta property=\"og:image:width\" content=\"386\" \/>\n\t<meta property=\"og:image:height\" content=\"342\" \/>\n\t<meta property=\"og:image:type\" content=\"image\/jpeg\" \/>\n<script type=\"application\/ld+json\" class=\"yoast-schema-graph\">{\"@context\":\"https:\\\/\\\/schema.org\",\"@graph\":[{\"@type\":\"WebPage\",\"@id\":\"https:\\\/\\\/avenidatintas.com\\\/ube\\\/produto\\\/w-lack-sra-11\\\/\",\"url\":\"https:\\\/\\\/avenidatintas.com\\\/ube\\\/produto\\\/w-lack-sra-11\\\/\",\"name\":\"W-LACK SRA 111 - SRA 112 - Avenida Tintas\",\"isPartOf\":{\"@id\":\"https:\\\/\\\/avenidatintas.com\\\/ube\\\/#website\"},\"primaryImageOfPage\":{\"@id\":\"https:\\\/\\\/avenidatintas.com\\\/ube\\\/produto\\\/w-lack-sra-11\\\/#primaryimage\"},\"image\":{\"@id\":\"https:\\\/\\\/avenidatintas.com\\\/ube\\\/produto\\\/w-lack-sra-11\\\/#primaryimage\"},\"thumbnailUrl\":\"https:\\\/\\\/avenidatintas.com\\\/ube\\\/wp-content\\\/uploads\\\/2017\\\/07\\\/tintas-industriais.jpg\",\"datePublished\":\"2021-07-28T15:36:26+00:00\",\"dateModified\":\"2021-10-01T16:11:36+00:00\",\"description\":\"DESCRI\u00c7\u00c3O DO PRODUTO:Tinta de acabamento a base de resina alqu\u00eddica. Possui alto desempenho e boa reten\u00e7\u00e3o de cor em ambientes externos.USOS RECOMENDADOS:Indicado para pintura de estruturas met\u00e1licas, implementos agr\u00edcolas e rodovi\u00e1rios, m\u00e1quinas e equipamentos.\",\"breadcrumb\":{\"@id\":\"https:\\\/\\\/avenidatintas.com\\\/ube\\\/produto\\\/w-lack-sra-11\\\/#breadcrumb\"},\"inLanguage\":\"pt-BR\",\"potentialAction\":[{\"@type\":\"ReadAction\",\"target\":[\"https:\\\/\\\/avenidatintas.com\\\/ube\\\/produto\\\/w-lack-sra-11\\\/\"]}]},{\"@type\":\"ImageObject\",\"inLanguage\":\"pt-BR\",\"@id\":\"https:\\\/\\\/avenidatintas.com\\\/ube\\\/produto\\\/w-lack-sra-11\\\/#primaryimage\",\"url\":\"https:\\\/\\\/avenidatintas.com\\\/ube\\\/wp-content\\\/uploads\\\/2017\\\/07\\\/tintas-industriais.jpg\",\"contentUrl\":\"https:\\\/\\\/avenidatintas.com\\\/ube\\\/wp-content\\\/uploads\\\/2017\\\/07\\\/tintas-industriais.jpg\",\"width\":386,\"height\":342},{\"@type\":\"BreadcrumbList\",\"@id\":\"https:\\\/\\\/avenidatintas.com\\\/ube\\\/produto\\\/w-lack-sra-11\\\/#breadcrumb\",\"itemListElement\":[{\"@type\":\"ListItem\",\"position\":1,\"name\":\"In\u00edcio\",\"item\":\"https:\\\/\\\/avenidatintas.com\\\/ube\\\/\"},{\"@type\":\"ListItem\",\"position\":2,\"name\":\"Produtos\",\"item\":\"https:\\\/\\\/avenidatintas.com\\\/ube\\\/loja\\\/\"},{\"@type\":\"ListItem\",\"position\":3,\"name\":\"W-LACK SRA 111 &#8211; SRA 112\"}]},{\"@type\":\"WebSite\",\"@id\":\"https:\\\/\\\/avenidatintas.com\\\/ube\\\/#website\",\"url\":\"https:\\\/\\\/avenidatintas.com\\\/ube\\\/\",\"name\":\"Avenida Tintas\",\"description\":\"Tintas para manuten\u00e7\u00e3o Industrial e Mar\u00edtima WEG; laborat\u00f3rio de prepara\u00e7\u00e3o de tintas\",\"potentialAction\":[{\"@type\":\"SearchAction\",\"target\":{\"@type\":\"EntryPoint\",\"urlTemplate\":\"https:\\\/\\\/avenidatintas.com\\\/ube\\\/?s={search_term_string}\"},\"query-input\":{\"@type\":\"PropertyValueSpecification\",\"valueRequired\":true,\"valueName\":\"search_term_string\"}}],\"inLanguage\":\"pt-BR\"}]}<\/script>\n<!-- \/ Yoast SEO plugin. -->","yoast_head_json":{"title":"W-LACK SRA 111 - SRA 112 - Avenida Tintas","description":"DESCRI\u00c7\u00c3O DO PRODUTO:Tinta de acabamento a base de resina alqu\u00eddica. Possui alto desempenho e boa reten\u00e7\u00e3o de cor em ambientes externos.USOS RECOMENDADOS:Indicado para pintura de estruturas met\u00e1licas, implementos agr\u00edcolas e rodovi\u00e1rios, m\u00e1quinas e equipamentos.","robots":{"index":"index","follow":"follow","max-snippet":"max-snippet:-1","max-image-preview":"max-image-preview:large","max-video-preview":"max-video-preview:-1"},"canonical":"https:\/\/avenidatintas.com\/ube\/produto\/w-lack-sra-11\/","og_locale":"pt_BR","og_type":"article","og_title":"W-LACK SRA 111 - SRA 112 - Avenida Tintas","og_description":"DESCRI\u00c7\u00c3O DO PRODUTO:Tinta de acabamento a base de resina alqu\u00eddica. Possui alto desempenho e boa reten\u00e7\u00e3o de cor em ambientes externos.USOS RECOMENDADOS:Indicado para pintura de estruturas met\u00e1licas, implementos agr\u00edcolas e rodovi\u00e1rios, m\u00e1quinas e equipamentos.","og_url":"https:\/\/avenidatintas.com\/ube\/produto\/w-lack-sra-11\/","og_site_name":"Avenida Tintas","article_publisher":"https:\/\/www.facebook.com\/Avenida-Distribuidora-de-Tintas-Revenda-autorizada-WEG-100369271992882","article_modified_time":"2021-10-01T16:11:36+00:00","og_image":[{"width":386,"height":342,"url":"https:\/\/avenidatintas.com\/ube\/wp-content\/uploads\/2017\/07\/tintas-industriais.jpg","type":"image\/jpeg"}],"schema":{"@context":"https:\/\/schema.org","@graph":[{"@type":"WebPage","@id":"https:\/\/avenidatintas.com\/ube\/produto\/w-lack-sra-11\/","url":"https:\/\/avenidatintas.com\/ube\/produto\/w-lack-sra-11\/","name":"W-LACK SRA 111 - SRA 112 - Avenida Tintas","isPartOf":{"@id":"https:\/\/avenidatintas.com\/ube\/#website"},"primaryImageOfPage":{"@id":"https:\/\/avenidatintas.com\/ube\/produto\/w-lack-sra-11\/#primaryimage"},"image":{"@id":"https:\/\/avenidatintas.com\/ube\/produto\/w-lack-sra-11\/#primaryimage"},"thumbnailUrl":"https:\/\/avenidatintas.com\/ube\/wp-content\/uploads\/2017\/07\/tintas-industriais.jpg","datePublished":"2021-07-28T15:36:26+00:00","dateModified":"2021-10-01T16:11:36+00:00","description":"DESCRI\u00c7\u00c3O DO PRODUTO:Tinta de acabamento a base de resina alqu\u00eddica. Possui alto desempenho e boa reten\u00e7\u00e3o de cor em ambientes externos.USOS RECOMENDADOS:Indicado para pintura de estruturas met\u00e1licas, implementos agr\u00edcolas e rodovi\u00e1rios, m\u00e1quinas e equipamentos.","breadcrumb":{"@id":"https:\/\/avenidatintas.com\/ube\/produto\/w-lack-sra-11\/#breadcrumb"},"inLanguage":"pt-BR","potentialAction":[{"@type":"ReadAction","target":["https:\/\/avenidatintas.com\/ube\/produto\/w-lack-sra-11\/"]}]},{"@type":"ImageObject","inLanguage":"pt-BR","@id":"https:\/\/avenidatintas.com\/ube\/produto\/w-lack-sra-11\/#primaryimage","url":"https:\/\/avenidatintas.com\/ube\/wp-content\/uploads\/2017\/07\/tintas-industriais.jpg","contentUrl":"https:\/\/avenidatintas.com\/ube\/wp-content\/uploads\/2017\/07\/tintas-industriais.jpg","width":386,"height":342},{"@type":"BreadcrumbList","@id":"https:\/\/avenidatintas.com\/ube\/produto\/w-lack-sra-11\/#breadcrumb","itemListElement":[{"@type":"ListItem","position":1,"name":"In\u00edcio","item":"https:\/\/avenidatintas.com\/ube\/"},{"@type":"ListItem","position":2,"name":"Produtos","item":"https:\/\/avenidatintas.com\/ube\/loja\/"},{"@type":"ListItem","position":3,"name":"W-LACK SRA 111 &#8211; SRA 112"}]},{"@type":"WebSite","@id":"https:\/\/avenidatintas.com\/ube\/#website","url":"https:\/\/avenidatintas.com\/ube\/","name":"Avenida Tintas","description":"Tintas para manuten\u00e7\u00e3o Industrial e Mar\u00edtima WEG; laborat\u00f3rio de prepara\u00e7\u00e3o de tintas","potentialAction":[{"@type":"SearchAction","target":{"@type":"EntryPoint","urlTemplate":"https:\/\/avenidatintas.com\/ube\/?s={search_term_string}"},"query-input":{"@type":"PropertyValueSpecification","valueRequired":true,"valueName":"search_term_string"}}],"inLanguage":"pt-BR"}]}},"_links":{"self":[{"href":"https:\/\/avenidatintas.com\/ube\/wp-json\/wp\/v2\/product\/1254","targetHints":{"allow":["GET"]}}],"collection":[{"href":"https:\/\/avenidatintas.com\/ube\/wp-json\/wp\/v2\/product"}],"about":[{"href":"https:\/\/avenidatintas.com\/ube\/wp-json\/wp\/v2\/types\/product"}],"wp:featuredmedia":[{"embeddable":true,"href":"https:\/\/avenidatintas.com\/ube\/wp-json\/wp\/v2\/media\/415"}],"wp:attachment":[{"href":"https:\/\/avenidatintas.com\/ube\/wp-json\/wp\/v2\/media?parent=1254"}],"wp:term":[{"taxonomy":"product_brand","embeddable":true,"href":"https:\/\/avenidatintas.com\/ube\/wp-json\/wp\/v2\/product_brand?post=1254"},{"taxonomy":"product_cat","embeddable":true,"href":"https:\/\/avenidatintas.com\/ube\/wp-json\/wp\/v2\/product_cat?post=1254"},{"taxonomy":"product_tag","embeddable":true,"href":"https:\/\/avenidatintas.com\/ube\/wp-json\/wp\/v2\/product_tag?post=1254"}],"curies":[{"name":"wp","href":"https:\/\/api.w.org\/{rel}","templated":true}]}}