{"id":1245,"date":"2021-07-27T10:51:39","date_gmt":"2021-07-27T13:51:39","guid":{"rendered":"https:\/\/avenidatintas.com\/?post_type=product&#038;p=1245"},"modified":"2022-10-26T16:44:14","modified_gmt":"2022-10-26T19:44:14","slug":"wegpoxi-wet-surface-88-ht","status":"publish","type":"product","link":"https:\/\/avenidatintas.com\/ube\/produto\/wegpoxi-wet-surface-88-ht\/","title":{"rendered":"WEGPOXI WET SURFACE 88 HT"},"content":{"rendered":"<p>DESCRI\u00c7\u00c3O DO PRODUTO:<br \/>\nPrimer acabamento ep\u00f3xi poliamina bicomponente, de alta espessura e com pigmenta\u00e7\u00e3o anticorrosiva, para superf\u00edcies de a\u00e7o. Produto desenvolvido para a aplica\u00e7\u00e3o em superf\u00edcies secas, \u00famidas, hidrojateadas e sobre primer espec\u00edfico.<\/p>\n<p>USOS RECOMENDADOS:<br \/>\nNavios, estruturas mar\u00edtimas e offshore:<br \/>\nTanques de lastro e combust\u00edvel, decks, plataformas de explora\u00e7\u00e3o de petr\u00f3leo e maquinaria a bordo. Estacas em toda a sua extens\u00e3o, estruturas de servi\u00e7o em condi\u00e7\u00f5es de imers\u00e3o permanente em \u00e1gua doce ou salgada em instala\u00e7\u00f5es portu\u00e1rias (em consulta com o Departamento T\u00e9cnico WEG).<br \/>\nAplica\u00e7\u00f5es industriais: Papel e celulose, qu\u00edmica e petroqu\u00edmica, pontes, estruturas met\u00e1licas, interior de espessadores e mecanismos, como c\u00e9lulas de flota\u00e7\u00e3o (sob consulta).<br \/>\nTubula\u00e7\u00f5es: Pode ser aplicado no interior e exterior de tubula\u00e7\u00f5es (a\u00e9reo e enterrado).<br \/>\nPintura de manuten\u00e7\u00e3o: Este produto pode ser utilizado na pintura de manuten\u00e7\u00e3o externa de tanques em opera\u00e7\u00e3o, onde a temperatura do substrato n\u00e3o esteja acima de 70\u00b0C. Para esta situa\u00e7\u00e3o utilizar 150 micrometros de espessura seca.<br \/>\nAtende a Portaria do Minist\u00e9rio da Sa\u00fade N\u00b0 2914 no que diz respeito a \u00e1gua para consumo humano (pot\u00e1vel).<\/p>\n","protected":false},"excerpt":{"rendered":"<p>USOS RECOMENDADOS:<br \/>\nNavios, estruturas mar\u00edtimas e offshore:<br \/>\nTanques de lastro e combust\u00edvel, decks, plataformas de explora\u00e7\u00e3o de petr\u00f3leo e maquinaria a bordo. Estacas em toda a sua extens\u00e3o, estruturas de servi\u00e7o em condi\u00e7\u00f5es de imers\u00e3o permanente em \u00e1gua doce ou salgada em instala\u00e7\u00f5es portu\u00e1rias (em consulta com o Departamento T\u00e9cnico WEG).<br \/>\nAplica\u00e7\u00f5es industriais: Papel e celulose, qu\u00edmica e petroqu\u00edmica, pontes, estruturas met\u00e1licas, interior de espessadores e mecanismos, como c\u00e9lulas de flota\u00e7\u00e3o (sob consulta).<br \/>\nTubula\u00e7\u00f5es: Pode ser aplicado no interior e exterior de tubula\u00e7\u00f5es (a\u00e9reo e enterrado).<br \/>\nPintura de manuten\u00e7\u00e3o: Este produto pode ser utilizado na pintura de manuten\u00e7\u00e3o externa de tanques em opera\u00e7\u00e3o, onde a temperatura do substrato n\u00e3o esteja acima de 70\u00b0C. Para esta situa\u00e7\u00e3o utilizar 150 micrometros de espessura seca.<br \/>\nAtende a Portaria do Minist\u00e9rio da Sa\u00fade N\u00b0 2914 no que diz respeito a \u00e1gua para consumo humano (pot\u00e1vel).<\/p>\n","protected":false},"featured_media":1114,"template":"","meta":{"_et_pb_use_builder":"","_et_pb_old_content":"","_et_gb_content_width":""},"product_brand":[],"product_cat":[197,21,17],"product_tag":[147,150,220,149,146,139,154,204,143,144,145,138,148,45],"class_list":{"0":"post-1245","1":"product","2":"type-product","3":"status-publish","4":"has-post-thumbnail","6":"product_cat-epoxi-industriais","7":"product_cat-industriais","8":"product_cat-tintas-liquidas","9":"product_tag-aco","10":"product_tag-agua-potavel","11":"product_tag-anticorrosiva","12":"product_tag-bicomponente","13":"product_tag-combustivel","14":"product_tag-dupla-funcao","15":"product_tag-estruturas-metalicas","16":"product_tag-exterior-de-tanques","17":"product_tag-navio","18":"product_tag-offshore","19":"product_tag-tanques","20":"product_tag-tinta-epoxi","21":"product_tag-tubulacoes","22":"product_tag-weg","24":"first","25":"instock","26":"featured","27":"shipping-taxable","28":"purchasable","29":"product-type-variable","30":"has-default-attributes"},"yoast_head":"<!-- This site is optimized with the Yoast SEO plugin v27.3 - https:\/\/yoast.com\/product\/yoast-seo-wordpress\/ -->\n<title>WEGPOXI WET SURFACE 88 HT - Avenida Tintas<\/title>\n<meta name=\"robots\" content=\"index, follow, max-snippet:-1, max-image-preview:large, max-video-preview:-1\" \/>\n<link rel=\"canonical\" href=\"https:\/\/avenidatintas.com\/ube\/produto\/wegpoxi-wet-surface-88-ht\/\" \/>\n<meta property=\"og:locale\" content=\"pt_BR\" \/>\n<meta property=\"og:type\" content=\"article\" \/>\n<meta property=\"og:title\" content=\"WEGPOXI WET SURFACE 88 HT - Avenida Tintas\" \/>\n<meta property=\"og:description\" content=\"USOS RECOMENDADOS: Navios, estruturas mar\u00edtimas e offshore: Tanques de lastro e combust\u00edvel, decks, plataformas de explora\u00e7\u00e3o de petr\u00f3leo e maquinaria a bordo. Estacas em toda a sua extens\u00e3o, estruturas de servi\u00e7o em condi\u00e7\u00f5es de imers\u00e3o permanente em \u00e1gua doce ou salgada em instala\u00e7\u00f5es portu\u00e1rias (em consulta com o Departamento T\u00e9cnico WEG). Aplica\u00e7\u00f5es industriais: Papel e celulose, qu\u00edmica e petroqu\u00edmica, pontes, estruturas met\u00e1licas, interior de espessadores e mecanismos, como c\u00e9lulas de flota\u00e7\u00e3o (sob consulta). Tubula\u00e7\u00f5es: Pode ser aplicado no interior e exterior de tubula\u00e7\u00f5es (a\u00e9reo e enterrado). Pintura de manuten\u00e7\u00e3o: Este produto pode ser utilizado na pintura de manuten\u00e7\u00e3o externa de tanques em opera\u00e7\u00e3o, onde a temperatura do substrato n\u00e3o esteja acima de 70\u00b0C. Para esta situa\u00e7\u00e3o utilizar 150 micrometros de espessura seca. Atende a Portaria do Minist\u00e9rio da Sa\u00fade N\u00b0 2914 no que diz respeito a \u00e1gua para consumo humano (pot\u00e1vel).\" \/>\n<meta property=\"og:url\" content=\"https:\/\/avenidatintas.com\/ube\/produto\/wegpoxi-wet-surface-88-ht\/\" \/>\n<meta property=\"og:site_name\" content=\"Avenida Tintas\" \/>\n<meta property=\"article:publisher\" content=\"https:\/\/www.facebook.com\/Avenida-Distribuidora-de-Tintas-Revenda-autorizada-WEG-100369271992882\" \/>\n<meta property=\"article:modified_time\" content=\"2022-10-26T19:44:14+00:00\" \/>\n<meta property=\"og:image\" content=\"https:\/\/avenidatintas.com\/ube\/wp-content\/uploads\/2021\/06\/W-VIARIA-CVP-605.jpg\" \/>\n\t<meta property=\"og:image:width\" content=\"680\" \/>\n\t<meta property=\"og:image:height\" content=\"680\" \/>\n\t<meta property=\"og:image:type\" content=\"image\/jpeg\" \/>\n<meta name=\"twitter:label1\" content=\"Est. tempo de leitura\" \/>\n\t<meta name=\"twitter:data1\" content=\"1 minuto\" \/>\n<script type=\"application\/ld+json\" class=\"yoast-schema-graph\">{\"@context\":\"https:\\\/\\\/schema.org\",\"@graph\":[{\"@type\":\"WebPage\",\"@id\":\"https:\\\/\\\/avenidatintas.com\\\/ube\\\/produto\\\/wegpoxi-wet-surface-88-ht\\\/\",\"url\":\"https:\\\/\\\/avenidatintas.com\\\/ube\\\/produto\\\/wegpoxi-wet-surface-88-ht\\\/\",\"name\":\"WEGPOXI WET SURFACE 88 HT - Avenida Tintas\",\"isPartOf\":{\"@id\":\"https:\\\/\\\/avenidatintas.com\\\/ube\\\/#website\"},\"primaryImageOfPage\":{\"@id\":\"https:\\\/\\\/avenidatintas.com\\\/ube\\\/produto\\\/wegpoxi-wet-surface-88-ht\\\/#primaryimage\"},\"image\":{\"@id\":\"https:\\\/\\\/avenidatintas.com\\\/ube\\\/produto\\\/wegpoxi-wet-surface-88-ht\\\/#primaryimage\"},\"thumbnailUrl\":\"https:\\\/\\\/avenidatintas.com\\\/ube\\\/wp-content\\\/uploads\\\/2021\\\/06\\\/W-VIARIA-CVP-605.jpg\",\"datePublished\":\"2021-07-27T13:51:39+00:00\",\"dateModified\":\"2022-10-26T19:44:14+00:00\",\"breadcrumb\":{\"@id\":\"https:\\\/\\\/avenidatintas.com\\\/ube\\\/produto\\\/wegpoxi-wet-surface-88-ht\\\/#breadcrumb\"},\"inLanguage\":\"pt-BR\",\"potentialAction\":[{\"@type\":\"ReadAction\",\"target\":[\"https:\\\/\\\/avenidatintas.com\\\/ube\\\/produto\\\/wegpoxi-wet-surface-88-ht\\\/\"]}]},{\"@type\":\"ImageObject\",\"inLanguage\":\"pt-BR\",\"@id\":\"https:\\\/\\\/avenidatintas.com\\\/ube\\\/produto\\\/wegpoxi-wet-surface-88-ht\\\/#primaryimage\",\"url\":\"https:\\\/\\\/avenidatintas.com\\\/ube\\\/wp-content\\\/uploads\\\/2021\\\/06\\\/W-VIARIA-CVP-605.jpg\",\"contentUrl\":\"https:\\\/\\\/avenidatintas.com\\\/ube\\\/wp-content\\\/uploads\\\/2021\\\/06\\\/W-VIARIA-CVP-605.jpg\",\"width\":680,\"height\":680},{\"@type\":\"BreadcrumbList\",\"@id\":\"https:\\\/\\\/avenidatintas.com\\\/ube\\\/produto\\\/wegpoxi-wet-surface-88-ht\\\/#breadcrumb\",\"itemListElement\":[{\"@type\":\"ListItem\",\"position\":1,\"name\":\"In\u00edcio\",\"item\":\"https:\\\/\\\/avenidatintas.com\\\/ube\\\/\"},{\"@type\":\"ListItem\",\"position\":2,\"name\":\"Produtos\",\"item\":\"https:\\\/\\\/avenidatintas.com\\\/ube\\\/loja\\\/\"},{\"@type\":\"ListItem\",\"position\":3,\"name\":\"WEGPOXI WET SURFACE 88 HT\"}]},{\"@type\":\"WebSite\",\"@id\":\"https:\\\/\\\/avenidatintas.com\\\/ube\\\/#website\",\"url\":\"https:\\\/\\\/avenidatintas.com\\\/ube\\\/\",\"name\":\"Avenida Tintas\",\"description\":\"Tintas para manuten\u00e7\u00e3o Industrial e Mar\u00edtima WEG; laborat\u00f3rio de prepara\u00e7\u00e3o de tintas\",\"potentialAction\":[{\"@type\":\"SearchAction\",\"target\":{\"@type\":\"EntryPoint\",\"urlTemplate\":\"https:\\\/\\\/avenidatintas.com\\\/ube\\\/?s={search_term_string}\"},\"query-input\":{\"@type\":\"PropertyValueSpecification\",\"valueRequired\":true,\"valueName\":\"search_term_string\"}}],\"inLanguage\":\"pt-BR\"}]}<\/script>\n<!-- \/ Yoast SEO plugin. -->","yoast_head_json":{"title":"WEGPOXI WET SURFACE 88 HT - Avenida Tintas","robots":{"index":"index","follow":"follow","max-snippet":"max-snippet:-1","max-image-preview":"max-image-preview:large","max-video-preview":"max-video-preview:-1"},"canonical":"https:\/\/avenidatintas.com\/ube\/produto\/wegpoxi-wet-surface-88-ht\/","og_locale":"pt_BR","og_type":"article","og_title":"WEGPOXI WET SURFACE 88 HT - Avenida Tintas","og_description":"USOS RECOMENDADOS: Navios, estruturas mar\u00edtimas e offshore: Tanques de lastro e combust\u00edvel, decks, plataformas de explora\u00e7\u00e3o de petr\u00f3leo e maquinaria a bordo. Estacas em toda a sua extens\u00e3o, estruturas de servi\u00e7o em condi\u00e7\u00f5es de imers\u00e3o permanente em \u00e1gua doce ou salgada em instala\u00e7\u00f5es portu\u00e1rias (em consulta com o Departamento T\u00e9cnico WEG). Aplica\u00e7\u00f5es industriais: Papel e celulose, qu\u00edmica e petroqu\u00edmica, pontes, estruturas met\u00e1licas, interior de espessadores e mecanismos, como c\u00e9lulas de flota\u00e7\u00e3o (sob consulta). Tubula\u00e7\u00f5es: Pode ser aplicado no interior e exterior de tubula\u00e7\u00f5es (a\u00e9reo e enterrado). Pintura de manuten\u00e7\u00e3o: Este produto pode ser utilizado na pintura de manuten\u00e7\u00e3o externa de tanques em opera\u00e7\u00e3o, onde a temperatura do substrato n\u00e3o esteja acima de 70\u00b0C. Para esta situa\u00e7\u00e3o utilizar 150 micrometros de espessura seca. Atende a Portaria do Minist\u00e9rio da Sa\u00fade N\u00b0 2914 no que diz respeito a \u00e1gua para consumo humano (pot\u00e1vel).","og_url":"https:\/\/avenidatintas.com\/ube\/produto\/wegpoxi-wet-surface-88-ht\/","og_site_name":"Avenida Tintas","article_publisher":"https:\/\/www.facebook.com\/Avenida-Distribuidora-de-Tintas-Revenda-autorizada-WEG-100369271992882","article_modified_time":"2022-10-26T19:44:14+00:00","og_image":[{"width":680,"height":680,"url":"https:\/\/avenidatintas.com\/ube\/wp-content\/uploads\/2021\/06\/W-VIARIA-CVP-605.jpg","type":"image\/jpeg"}],"twitter_misc":{"Est. tempo de leitura":"1 minuto"},"schema":{"@context":"https:\/\/schema.org","@graph":[{"@type":"WebPage","@id":"https:\/\/avenidatintas.com\/ube\/produto\/wegpoxi-wet-surface-88-ht\/","url":"https:\/\/avenidatintas.com\/ube\/produto\/wegpoxi-wet-surface-88-ht\/","name":"WEGPOXI WET SURFACE 88 HT - Avenida Tintas","isPartOf":{"@id":"https:\/\/avenidatintas.com\/ube\/#website"},"primaryImageOfPage":{"@id":"https:\/\/avenidatintas.com\/ube\/produto\/wegpoxi-wet-surface-88-ht\/#primaryimage"},"image":{"@id":"https:\/\/avenidatintas.com\/ube\/produto\/wegpoxi-wet-surface-88-ht\/#primaryimage"},"thumbnailUrl":"https:\/\/avenidatintas.com\/ube\/wp-content\/uploads\/2021\/06\/W-VIARIA-CVP-605.jpg","datePublished":"2021-07-27T13:51:39+00:00","dateModified":"2022-10-26T19:44:14+00:00","breadcrumb":{"@id":"https:\/\/avenidatintas.com\/ube\/produto\/wegpoxi-wet-surface-88-ht\/#breadcrumb"},"inLanguage":"pt-BR","potentialAction":[{"@type":"ReadAction","target":["https:\/\/avenidatintas.com\/ube\/produto\/wegpoxi-wet-surface-88-ht\/"]}]},{"@type":"ImageObject","inLanguage":"pt-BR","@id":"https:\/\/avenidatintas.com\/ube\/produto\/wegpoxi-wet-surface-88-ht\/#primaryimage","url":"https:\/\/avenidatintas.com\/ube\/wp-content\/uploads\/2021\/06\/W-VIARIA-CVP-605.jpg","contentUrl":"https:\/\/avenidatintas.com\/ube\/wp-content\/uploads\/2021\/06\/W-VIARIA-CVP-605.jpg","width":680,"height":680},{"@type":"BreadcrumbList","@id":"https:\/\/avenidatintas.com\/ube\/produto\/wegpoxi-wet-surface-88-ht\/#breadcrumb","itemListElement":[{"@type":"ListItem","position":1,"name":"In\u00edcio","item":"https:\/\/avenidatintas.com\/ube\/"},{"@type":"ListItem","position":2,"name":"Produtos","item":"https:\/\/avenidatintas.com\/ube\/loja\/"},{"@type":"ListItem","position":3,"name":"WEGPOXI WET SURFACE 88 HT"}]},{"@type":"WebSite","@id":"https:\/\/avenidatintas.com\/ube\/#website","url":"https:\/\/avenidatintas.com\/ube\/","name":"Avenida Tintas","description":"Tintas para manuten\u00e7\u00e3o Industrial e Mar\u00edtima WEG; laborat\u00f3rio de prepara\u00e7\u00e3o de tintas","potentialAction":[{"@type":"SearchAction","target":{"@type":"EntryPoint","urlTemplate":"https:\/\/avenidatintas.com\/ube\/?s={search_term_string}"},"query-input":{"@type":"PropertyValueSpecification","valueRequired":true,"valueName":"search_term_string"}}],"inLanguage":"pt-BR"}]}},"_links":{"self":[{"href":"https:\/\/avenidatintas.com\/ube\/wp-json\/wp\/v2\/product\/1245","targetHints":{"allow":["GET"]}}],"collection":[{"href":"https:\/\/avenidatintas.com\/ube\/wp-json\/wp\/v2\/product"}],"about":[{"href":"https:\/\/avenidatintas.com\/ube\/wp-json\/wp\/v2\/types\/product"}],"wp:featuredmedia":[{"embeddable":true,"href":"https:\/\/avenidatintas.com\/ube\/wp-json\/wp\/v2\/media\/1114"}],"wp:attachment":[{"href":"https:\/\/avenidatintas.com\/ube\/wp-json\/wp\/v2\/media?parent=1245"}],"wp:term":[{"taxonomy":"product_brand","embeddable":true,"href":"https:\/\/avenidatintas.com\/ube\/wp-json\/wp\/v2\/product_brand?post=1245"},{"taxonomy":"product_cat","embeddable":true,"href":"https:\/\/avenidatintas.com\/ube\/wp-json\/wp\/v2\/product_cat?post=1245"},{"taxonomy":"product_tag","embeddable":true,"href":"https:\/\/avenidatintas.com\/ube\/wp-json\/wp\/v2\/product_tag?post=1245"}],"curies":[{"name":"wp","href":"https:\/\/api.w.org\/{rel}","templated":true}]}}