{"id":1105,"date":"2021-06-25T13:13:19","date_gmt":"2021-06-25T16:13:19","guid":{"rendered":"https:\/\/avenidatintas.com\/?post_type=product&#038;p=1105"},"modified":"2022-06-15T08:40:32","modified_gmt":"2022-06-15T11:40:32","slug":"w-viaria-cvp-605","status":"publish","type":"product","link":"https:\/\/avenidatintas.com\/ube\/produto\/w-viaria-cvp-605\/","title":{"rendered":"W-VIARIA CVP 605"},"content":{"rendered":"<p>A tinta W-VIARIA CVP 605 \u00e9 fruto de intensas pesquisas relacionadas ao segmento de sinaliza\u00e7\u00e3o vi\u00e1ria, passando por rigorosos testes de qualidade a fim de atender as mais altas exig\u00eancias de tr\u00e1fego. A tinta monocomponente convencional a base de resina acr\u00edlica garante excelente resist\u00eancia a abras\u00e3o, f\u00e1cil aplica\u00e7\u00e3o e secagem r\u00e1pida.<\/p>\n<p><strong>Aplica\u00e7\u00e3o:<\/strong><br \/>\n\u00c9 utilizado como revestimentos de pavimentos rodovi\u00e1rios (asfaltos) e de concreto para a sinaliza\u00e7\u00e3o de tr\u00e1fego e de demarca\u00e7\u00e3o de pisos industriais. Aplica\u00e7\u00f5es atrav\u00e9s de Spray, trincha e rolo.<\/p>\n<p><strong>Destaque:<\/strong><br \/>\nTinta monocomponente.<br \/>\nPermite a r\u00e1pida libera\u00e7\u00e3o das \u00e1reas \u2013 cerca de 30 a 40 minutos.<br \/>\nAlta espessura em cada dem\u00e3o.<\/p>\n","protected":false},"excerpt":{"rendered":"<div>DESCRI\u00c7\u00c3O DO PRODUTO:<\/div>\n<div>Tinta monocomponente de alta espessura \u00e0 base de resina acr\u00edlica especial, para demarca\u00e7\u00e3o vi\u00e1ria. F\u00e1cil aplica\u00e7\u00e3o e secagem r\u00e1pida, permitindo a libera\u00e7\u00e3o da \u00e1rea em 30 \u2013 40 minutos (dependendo da temperatura). Oferece excelente resist\u00eancia \u00e0 abras\u00e3o e maior durabilidade ao intemperismo.<\/div>\n<div>\n<p>USOS RECOMENDADOS:<br \/>\nComo revestimento de pavimentos rodovi\u00e1rios (asfalto) e de concreto. Sinaliza\u00e7\u00e3o de trafego e demarca\u00e7\u00e3o de pisos industriais.<\/p>\n<\/div>\n","protected":false},"featured_media":1117,"template":"","meta":{"_et_pb_use_builder":"","_et_pb_old_content":"","_et_gb_content_width":""},"product_brand":[],"product_cat":[21],"product_tag":[129,128],"class_list":{"0":"post-1105","1":"product","2":"type-product","3":"status-publish","4":"has-post-thumbnail","6":"product_cat-industriais","7":"product_tag-cvp-605","8":"product_tag-w-viaria","10":"first","11":"instock","12":"featured","13":"shipping-taxable","14":"purchasable","15":"product-type-variable"},"yoast_head":"<!-- This site is optimized with the Yoast SEO plugin v27.3 - https:\/\/yoast.com\/product\/yoast-seo-wordpress\/ -->\n<title>W-VIARIA CVP 605 - Avenida Tintas<\/title>\n<meta name=\"robots\" content=\"index, follow, max-snippet:-1, max-image-preview:large, max-video-preview:-1\" \/>\n<link rel=\"canonical\" href=\"https:\/\/avenidatintas.com\/ube\/produto\/w-viaria-cvp-605\/\" \/>\n<meta property=\"og:locale\" content=\"pt_BR\" \/>\n<meta property=\"og:type\" content=\"article\" \/>\n<meta property=\"og:title\" content=\"W-VIARIA CVP 605 - Avenida Tintas\" \/>\n<meta property=\"og:description\" content=\"DESCRI\u00c7\u00c3O DO PRODUTO: Tinta monocomponente de alta espessura \u00e0 base de resina acr\u00edlica especial, para demarca\u00e7\u00e3o vi\u00e1ria. F\u00e1cil aplica\u00e7\u00e3o e secagem r\u00e1pida, permitindo a libera\u00e7\u00e3o da \u00e1rea em 30 \u2013 40 minutos (dependendo da temperatura). Oferece excelente resist\u00eancia \u00e0 abras\u00e3o e maior durabilidade ao intemperismo.   USOS RECOMENDADOS: Como revestimento de pavimentos rodovi\u00e1rios (asfalto) e de concreto. Sinaliza\u00e7\u00e3o de trafego e demarca\u00e7\u00e3o de pisos industriais.\" \/>\n<meta property=\"og:url\" content=\"https:\/\/avenidatintas.com\/ube\/produto\/w-viaria-cvp-605\/\" \/>\n<meta property=\"og:site_name\" content=\"Avenida Tintas\" \/>\n<meta property=\"article:publisher\" content=\"https:\/\/www.facebook.com\/Avenida-Distribuidora-de-Tintas-Revenda-autorizada-WEG-100369271992882\" \/>\n<meta property=\"article:modified_time\" content=\"2022-06-15T11:40:32+00:00\" \/>\n<meta property=\"og:image\" content=\"https:\/\/avenidatintas.com\/ube\/wp-content\/uploads\/2021\/06\/W-VIARIA-CVP-605_1.jpg\" \/>\n\t<meta property=\"og:image:width\" content=\"600\" \/>\n\t<meta property=\"og:image:height\" content=\"600\" \/>\n\t<meta property=\"og:image:type\" content=\"image\/jpeg\" \/>\n<meta name=\"twitter:label1\" content=\"Est. tempo de leitura\" \/>\n\t<meta name=\"twitter:data1\" content=\"1 minuto\" \/>\n<script type=\"application\/ld+json\" class=\"yoast-schema-graph\">{\"@context\":\"https:\\\/\\\/schema.org\",\"@graph\":[{\"@type\":\"WebPage\",\"@id\":\"https:\\\/\\\/avenidatintas.com\\\/ube\\\/produto\\\/w-viaria-cvp-605\\\/\",\"url\":\"https:\\\/\\\/avenidatintas.com\\\/ube\\\/produto\\\/w-viaria-cvp-605\\\/\",\"name\":\"W-VIARIA CVP 605 - Avenida Tintas\",\"isPartOf\":{\"@id\":\"https:\\\/\\\/avenidatintas.com\\\/ube\\\/#website\"},\"primaryImageOfPage\":{\"@id\":\"https:\\\/\\\/avenidatintas.com\\\/ube\\\/produto\\\/w-viaria-cvp-605\\\/#primaryimage\"},\"image\":{\"@id\":\"https:\\\/\\\/avenidatintas.com\\\/ube\\\/produto\\\/w-viaria-cvp-605\\\/#primaryimage\"},\"thumbnailUrl\":\"https:\\\/\\\/avenidatintas.com\\\/ube\\\/wp-content\\\/uploads\\\/2021\\\/06\\\/W-VIARIA-CVP-605_1.jpg\",\"datePublished\":\"2021-06-25T16:13:19+00:00\",\"dateModified\":\"2022-06-15T11:40:32+00:00\",\"breadcrumb\":{\"@id\":\"https:\\\/\\\/avenidatintas.com\\\/ube\\\/produto\\\/w-viaria-cvp-605\\\/#breadcrumb\"},\"inLanguage\":\"pt-BR\",\"potentialAction\":[{\"@type\":\"ReadAction\",\"target\":[\"https:\\\/\\\/avenidatintas.com\\\/ube\\\/produto\\\/w-viaria-cvp-605\\\/\"]}]},{\"@type\":\"ImageObject\",\"inLanguage\":\"pt-BR\",\"@id\":\"https:\\\/\\\/avenidatintas.com\\\/ube\\\/produto\\\/w-viaria-cvp-605\\\/#primaryimage\",\"url\":\"https:\\\/\\\/avenidatintas.com\\\/ube\\\/wp-content\\\/uploads\\\/2021\\\/06\\\/W-VIARIA-CVP-605_1.jpg\",\"contentUrl\":\"https:\\\/\\\/avenidatintas.com\\\/ube\\\/wp-content\\\/uploads\\\/2021\\\/06\\\/W-VIARIA-CVP-605_1.jpg\",\"width\":600,\"height\":600,\"caption\":\"Revestimento de pavimentos rodovi\u00e1rios (asfalto) e de concreto. Sinaliza\u00e7\u00e3o de trafego e demarca\u00e7\u00e3o de pisos industriais.\"},{\"@type\":\"BreadcrumbList\",\"@id\":\"https:\\\/\\\/avenidatintas.com\\\/ube\\\/produto\\\/w-viaria-cvp-605\\\/#breadcrumb\",\"itemListElement\":[{\"@type\":\"ListItem\",\"position\":1,\"name\":\"In\u00edcio\",\"item\":\"https:\\\/\\\/avenidatintas.com\\\/ube\\\/\"},{\"@type\":\"ListItem\",\"position\":2,\"name\":\"Produtos\",\"item\":\"https:\\\/\\\/avenidatintas.com\\\/ube\\\/loja\\\/\"},{\"@type\":\"ListItem\",\"position\":3,\"name\":\"W-VIARIA CVP 605\"}]},{\"@type\":\"WebSite\",\"@id\":\"https:\\\/\\\/avenidatintas.com\\\/ube\\\/#website\",\"url\":\"https:\\\/\\\/avenidatintas.com\\\/ube\\\/\",\"name\":\"Avenida Tintas\",\"description\":\"Tintas para manuten\u00e7\u00e3o Industrial e Mar\u00edtima WEG; laborat\u00f3rio de prepara\u00e7\u00e3o de tintas\",\"potentialAction\":[{\"@type\":\"SearchAction\",\"target\":{\"@type\":\"EntryPoint\",\"urlTemplate\":\"https:\\\/\\\/avenidatintas.com\\\/ube\\\/?s={search_term_string}\"},\"query-input\":{\"@type\":\"PropertyValueSpecification\",\"valueRequired\":true,\"valueName\":\"search_term_string\"}}],\"inLanguage\":\"pt-BR\"}]}<\/script>\n<!-- \/ Yoast SEO plugin. -->","yoast_head_json":{"title":"W-VIARIA CVP 605 - Avenida Tintas","robots":{"index":"index","follow":"follow","max-snippet":"max-snippet:-1","max-image-preview":"max-image-preview:large","max-video-preview":"max-video-preview:-1"},"canonical":"https:\/\/avenidatintas.com\/ube\/produto\/w-viaria-cvp-605\/","og_locale":"pt_BR","og_type":"article","og_title":"W-VIARIA CVP 605 - Avenida Tintas","og_description":"DESCRI\u00c7\u00c3O DO PRODUTO: Tinta monocomponente de alta espessura \u00e0 base de resina acr\u00edlica especial, para demarca\u00e7\u00e3o vi\u00e1ria. F\u00e1cil aplica\u00e7\u00e3o e secagem r\u00e1pida, permitindo a libera\u00e7\u00e3o da \u00e1rea em 30 \u2013 40 minutos (dependendo da temperatura). Oferece excelente resist\u00eancia \u00e0 abras\u00e3o e maior durabilidade ao intemperismo.   USOS RECOMENDADOS: Como revestimento de pavimentos rodovi\u00e1rios (asfalto) e de concreto. Sinaliza\u00e7\u00e3o de trafego e demarca\u00e7\u00e3o de pisos industriais.","og_url":"https:\/\/avenidatintas.com\/ube\/produto\/w-viaria-cvp-605\/","og_site_name":"Avenida Tintas","article_publisher":"https:\/\/www.facebook.com\/Avenida-Distribuidora-de-Tintas-Revenda-autorizada-WEG-100369271992882","article_modified_time":"2022-06-15T11:40:32+00:00","og_image":[{"width":600,"height":600,"url":"https:\/\/avenidatintas.com\/ube\/wp-content\/uploads\/2021\/06\/W-VIARIA-CVP-605_1.jpg","type":"image\/jpeg"}],"twitter_misc":{"Est. tempo de leitura":"1 minuto"},"schema":{"@context":"https:\/\/schema.org","@graph":[{"@type":"WebPage","@id":"https:\/\/avenidatintas.com\/ube\/produto\/w-viaria-cvp-605\/","url":"https:\/\/avenidatintas.com\/ube\/produto\/w-viaria-cvp-605\/","name":"W-VIARIA CVP 605 - Avenida Tintas","isPartOf":{"@id":"https:\/\/avenidatintas.com\/ube\/#website"},"primaryImageOfPage":{"@id":"https:\/\/avenidatintas.com\/ube\/produto\/w-viaria-cvp-605\/#primaryimage"},"image":{"@id":"https:\/\/avenidatintas.com\/ube\/produto\/w-viaria-cvp-605\/#primaryimage"},"thumbnailUrl":"https:\/\/avenidatintas.com\/ube\/wp-content\/uploads\/2021\/06\/W-VIARIA-CVP-605_1.jpg","datePublished":"2021-06-25T16:13:19+00:00","dateModified":"2022-06-15T11:40:32+00:00","breadcrumb":{"@id":"https:\/\/avenidatintas.com\/ube\/produto\/w-viaria-cvp-605\/#breadcrumb"},"inLanguage":"pt-BR","potentialAction":[{"@type":"ReadAction","target":["https:\/\/avenidatintas.com\/ube\/produto\/w-viaria-cvp-605\/"]}]},{"@type":"ImageObject","inLanguage":"pt-BR","@id":"https:\/\/avenidatintas.com\/ube\/produto\/w-viaria-cvp-605\/#primaryimage","url":"https:\/\/avenidatintas.com\/ube\/wp-content\/uploads\/2021\/06\/W-VIARIA-CVP-605_1.jpg","contentUrl":"https:\/\/avenidatintas.com\/ube\/wp-content\/uploads\/2021\/06\/W-VIARIA-CVP-605_1.jpg","width":600,"height":600,"caption":"Revestimento de pavimentos rodovi\u00e1rios (asfalto) e de concreto. Sinaliza\u00e7\u00e3o de trafego e demarca\u00e7\u00e3o de pisos industriais."},{"@type":"BreadcrumbList","@id":"https:\/\/avenidatintas.com\/ube\/produto\/w-viaria-cvp-605\/#breadcrumb","itemListElement":[{"@type":"ListItem","position":1,"name":"In\u00edcio","item":"https:\/\/avenidatintas.com\/ube\/"},{"@type":"ListItem","position":2,"name":"Produtos","item":"https:\/\/avenidatintas.com\/ube\/loja\/"},{"@type":"ListItem","position":3,"name":"W-VIARIA CVP 605"}]},{"@type":"WebSite","@id":"https:\/\/avenidatintas.com\/ube\/#website","url":"https:\/\/avenidatintas.com\/ube\/","name":"Avenida Tintas","description":"Tintas para manuten\u00e7\u00e3o Industrial e Mar\u00edtima WEG; laborat\u00f3rio de prepara\u00e7\u00e3o de tintas","potentialAction":[{"@type":"SearchAction","target":{"@type":"EntryPoint","urlTemplate":"https:\/\/avenidatintas.com\/ube\/?s={search_term_string}"},"query-input":{"@type":"PropertyValueSpecification","valueRequired":true,"valueName":"search_term_string"}}],"inLanguage":"pt-BR"}]}},"_links":{"self":[{"href":"https:\/\/avenidatintas.com\/ube\/wp-json\/wp\/v2\/product\/1105","targetHints":{"allow":["GET"]}}],"collection":[{"href":"https:\/\/avenidatintas.com\/ube\/wp-json\/wp\/v2\/product"}],"about":[{"href":"https:\/\/avenidatintas.com\/ube\/wp-json\/wp\/v2\/types\/product"}],"wp:featuredmedia":[{"embeddable":true,"href":"https:\/\/avenidatintas.com\/ube\/wp-json\/wp\/v2\/media\/1117"}],"wp:attachment":[{"href":"https:\/\/avenidatintas.com\/ube\/wp-json\/wp\/v2\/media?parent=1105"}],"wp:term":[{"taxonomy":"product_brand","embeddable":true,"href":"https:\/\/avenidatintas.com\/ube\/wp-json\/wp\/v2\/product_brand?post=1105"},{"taxonomy":"product_cat","embeddable":true,"href":"https:\/\/avenidatintas.com\/ube\/wp-json\/wp\/v2\/product_cat?post=1105"},{"taxonomy":"product_tag","embeddable":true,"href":"https:\/\/avenidatintas.com\/ube\/wp-json\/wp\/v2\/product_tag?post=1105"}],"curies":[{"name":"wp","href":"https:\/\/api.w.org\/{rel}","templated":true}]}}