{"id":549,"date":"2017-07-18T17:06:33","date_gmt":"2017-07-18T17:06:33","guid":{"rendered":"https:\/\/avenidatintas.com\/?page_id=549"},"modified":"2021-06-21T16:56:14","modified_gmt":"2021-06-21T19:56:14","slug":"weg-poliester","status":"publish","type":"page","link":"https:\/\/avenidatintas.com\/ube\/pintura-eletrostatica\/weg-poliester\/","title":{"rendered":"weg poliester"},"content":{"rendered":"<p>[et_pb_section bb_built=&#8221;1&#8243; inner_width=&#8221;auto&#8221; inner_max_width=&#8221;1080px&#8221;][et_pb_row][et_pb_column type=&#8221;1_2&#8243; custom_padding__hover=&#8221;|||&#8221; custom_padding=&#8221;|||&#8221;][et_pb_text admin_label=&#8221;Poli\u00e9ster&#8221; _builder_version=&#8221;3.0.62&#8243; background_layout=&#8221;light&#8221; text_orientation=&#8221;left&#8221; border_style=&#8221;solid&#8221;]<\/p>\n<h2><strong>Pintura Eletrost\u00e1tica\u00a0<\/strong><strong>&#8211; Poli\u00e9ster<\/strong><\/h2>\n<p>[\/et_pb_text][et_pb_text admin_label=&#8221;Caracter\u00edsticas&#8221; _builder_version=&#8221;3.0.62&#8243; background_layout=&#8221;light&#8221; text_orientation=&#8221;left&#8221; border_style=&#8221;solid&#8221;]<\/p>\n<h3><strong>Caracter\u00edsticas<\/strong><\/h3>\n<p style=\"text-align: justify;\">A WEG oferece uma diversificada gama de tintas em p\u00f3, com base em tecnologia de ponta e adequadas \u00e0s exig\u00eancias e necessidades de cada cliente.<\/p>\n<p style=\"text-align: justify;\">Formuladas \u00e0 base de resinas poli\u00e9ster, com boa ader\u00eancia, flexibilidade e boa resist\u00eancia f\u00edsica e qu\u00edmica. Apresenta, \u00f3tima resist\u00eancia ao intemperismo e ao amarelamento.<\/p>\n<p>[\/et_pb_text][et_pb_text admin_label=&#8221;Segmentos de Atua\u00e7\u00e3o:&#8221; _builder_version=&#8221;3.0.62&#8243; background_layout=&#8221;light&#8221; text_orientation=&#8221;left&#8221; border_style=&#8221;solid&#8221;]<\/p>\n<h3><strong>Aplica\u00e7\u00e3o:<\/strong><\/h3>\n<p>[\/et_pb_text][et_pb_text _builder_version=&#8221;3.0.62&#8243; background_layout=&#8221;light&#8221; text_orientation=&#8221;left&#8221; border_style=&#8221;solid&#8221;]<\/p>\n<p style=\"text-align: justify;\"><strong>Indicado para uso em superf\u00edcies que ficar\u00e3o expostas \u00e0 intemp\u00e9ries e aos raios solares.<\/strong><\/p>\n<p style=\"text-align: justify;\"><strong>Vantagens da tinta em p\u00f3:<\/strong><\/p>\n<p style=\"text-align: justify;\">&#8211; N\u00e3o cont\u00e9m solventes; baixo risco de inc\u00eandio;<\/p>\n<p style=\"text-align: justify;\">&#8211; N\u00e3o requer prepara\u00e7\u00e3o; apresenta-se pronta para uso;<\/p>\n<p style=\"text-align: justify;\">&#8211; Excelente qualidade de acabamento;<\/p>\n<p style=\"text-align: justify;\">&#8211; Na maioria dos casos aplica-se em uma s\u00f3 dem\u00e3o; dispensa o uso de tinta fundo;<\/p>\n<p style=\"text-align: justify;\">&#8211; Possui alta resist\u00eancia qu\u00edmica com excelentes propriedades;<\/p>\n<p style=\"text-align: justify;\">&#8211; Praticamente n\u00e3o existe perda de material, pois quase todo o p\u00f3 que n\u00e3o adere a pe\u00e7a \u00e9 reaproveitado, obtendo-se um rendimento aproximado de 98%;<\/p>\n<p style=\"text-align: justify;\">&#8211; Baixo impacto ambiental. N\u00e3o geram poluentes;<\/p>\n<p style=\"text-align: justify;\">&#8211; Economia de tempo; assim que as pe\u00e7as resfriam ap\u00f3s o forneio j\u00e1 podem ser manuseadas.<\/p>\n<p>[\/et_pb_text][\/et_pb_column][et_pb_column type=&#8221;1_2&#8243; custom_padding__hover=&#8221;|||&#8221; custom_padding=&#8221;|||&#8221;][et_pb_image _builder_version=&#8221;3.0.62&#8243; src=&#8221;https:\/\/avenidatintas.com\/ube\/wp-content\/uploads\/2017\/07\/tinta-em-po.jpg&#8221; show_in_lightbox=&#8221;off&#8221; url_new_window=&#8221;off&#8221; use_overlay=&#8221;off&#8221; sticky=&#8221;off&#8221; align=&#8221;center&#8221; always_center_on_mobile=&#8221;on&#8221; border_style=&#8221;solid&#8221; force_fullwidth=&#8221;off&#8221; animation=&#8221;off&#8221; animation_style=&#8221;none&#8221; animation_duration=&#8221;1000ms&#8221; animation_intensity_slide=&#8221;50%&#8221; show_bottom_space=&#8221;on&#8221; align_last_edited=&#8221;on|desktop&#8221; align_tablet=&#8221;center&#8221; \/][et_pb_button _builder_version=&#8221;3.0.62&#8243; button_text=&#8221;voltar&#8221; url_new_window=&#8221;off&#8221; button_alignment=&#8221;right&#8221; background_layout=&#8221;dark&#8221; custom_button=&#8221;on&#8221; button_text_size=&#8221;15&#8243; button_text_color=&#8221;#ffffff&#8221; button_bg_color=&#8221;#ff0d00&#8243; button_border_width=&#8221;0&#8243; button_border_radius=&#8221;5&#8243; button_letter_spacing=&#8221;0&#8243; button_icon=&#8221;%%41%%&#8221; button_icon_placement=&#8221;left&#8221; button_border_radius_hover=&#8221;5&#8243; button_letter_spacing_hover=&#8221;0&#8243; button_url=&#8221;https:\/\/avenidatintas.com\/ube\/pintura-eletrostatica\/&#8221; button_font=&#8221;|on|||&#8221; button_text_size__hover_enabled=&#8221;off&#8221; button_text_size__hover=&#8221;null&#8221; button_one_text_size__hover_enabled=&#8221;off&#8221; button_one_text_size__hover=&#8221;null&#8221; button_two_text_size__hover_enabled=&#8221;off&#8221; button_two_text_size__hover=&#8221;null&#8221; button_text_color__hover_enabled=&#8221;off&#8221; button_text_color__hover=&#8221;null&#8221; button_one_text_color__hover_enabled=&#8221;off&#8221; button_one_text_color__hover=&#8221;null&#8221; button_two_text_color__hover_enabled=&#8221;off&#8221; button_two_text_color__hover=&#8221;null&#8221; button_border_width__hover_enabled=&#8221;off&#8221; button_border_width__hover=&#8221;null&#8221; button_one_border_width__hover_enabled=&#8221;off&#8221; button_one_border_width__hover=&#8221;null&#8221; button_two_border_width__hover_enabled=&#8221;off&#8221; button_two_border_width__hover=&#8221;null&#8221; button_border_color__hover_enabled=&#8221;off&#8221; button_border_color__hover=&#8221;null&#8221; button_one_border_color__hover_enabled=&#8221;off&#8221; button_one_border_color__hover=&#8221;null&#8221; button_two_border_color__hover_enabled=&#8221;off&#8221; button_two_border_color__hover=&#8221;null&#8221; button_border_radius__hover_enabled=&#8221;on&#8221; button_border_radius__hover=&#8221;5&#8243; button_one_border_radius__hover_enabled=&#8221;off&#8221; button_one_border_radius__hover=&#8221;null&#8221; button_two_border_radius__hover_enabled=&#8221;off&#8221; button_two_border_radius__hover=&#8221;null&#8221; button_letter_spacing__hover_enabled=&#8221;on&#8221; button_letter_spacing__hover=&#8221;0&#8243; button_one_letter_spacing__hover_enabled=&#8221;off&#8221; button_one_letter_spacing__hover=&#8221;null&#8221; button_two_letter_spacing__hover_enabled=&#8221;off&#8221; button_two_letter_spacing__hover=&#8221;null&#8221; button_bg_color__hover_enabled=&#8221;off&#8221; button_bg_color__hover=&#8221;null&#8221; button_one_bg_color__hover_enabled=&#8221;off&#8221; button_one_bg_color__hover=&#8221;null&#8221; button_two_bg_color__hover_enabled=&#8221;off&#8221; button_two_bg_color__hover=&#8221;null&#8221; \/][\/et_pb_column][\/et_pb_row][\/et_pb_section]<\/p>\n","protected":false},"excerpt":{"rendered":"<p><div class=\"et_pb_row et_pb_row_0 et_pb_row_empty\">\n\t\t\t\t\n\t\t\t\t\n\t\t\t\t\n\t\t\t\t\n\t\t\t\t\n\t\t\t<\/div> Pintura Eletrost\u00e1tica\u00a0&#8211; Poli\u00e9ster Caracter\u00edsticas A WEG oferece uma diversificada gama de tintas em p\u00f3, com base em tecnologia de ponta e adequadas \u00e0s exig\u00eancias e necessidades de cada cliente. Formuladas \u00e0 base de resinas poli\u00e9ster, com boa ader\u00eancia, flexibilidade e boa resist\u00eancia f\u00edsica e qu\u00edmica. Apresenta, \u00f3tima resist\u00eancia ao intemperismo e ao amarelamento. Aplica\u00e7\u00e3o: [&hellip;]<\/p>\n","protected":false},"author":1,"featured_media":0,"parent":54,"menu_order":0,"comment_status":"closed","ping_status":"closed","template":"","meta":{"_et_pb_use_builder":"on","_et_pb_old_content":"","_et_gb_content_width":"","footnotes":""},"class_list":["post-549","page","type-page","status-publish","hentry"],"yoast_head":"<!-- This site is optimized with the Yoast SEO plugin v27.3 - https:\/\/yoast.com\/product\/yoast-seo-wordpress\/ -->\n<title>weg poliester - Avenida Tintas<\/title>\n<meta name=\"robots\" content=\"index, follow, max-snippet:-1, max-image-preview:large, max-video-preview:-1\" \/>\n<link rel=\"canonical\" href=\"https:\/\/avenidatintas.com\/ube\/pintura-eletrostatica\/weg-poliester\/\" \/>\n<meta property=\"og:locale\" content=\"pt_BR\" \/>\n<meta property=\"og:type\" content=\"article\" \/>\n<meta property=\"og:title\" content=\"weg poliester - Avenida Tintas\" \/>\n<meta property=\"og:description\" content=\"Pintura Eletrost\u00e1tica\u00a0- Poli\u00e9ster Caracter\u00edsticas A WEG oferece uma diversificada gama de tintas em p\u00f3, com base em tecnologia de ponta e adequadas \u00e0s exig\u00eancias e necessidades de cada cliente. Formuladas \u00e0 base de resinas poli\u00e9ster, com boa ader\u00eancia, flexibilidade e boa resist\u00eancia f\u00edsica e qu\u00edmica. Apresenta, \u00f3tima resist\u00eancia ao intemperismo e ao amarelamento. Aplica\u00e7\u00e3o: [&hellip;]\" \/>\n<meta property=\"og:url\" content=\"https:\/\/avenidatintas.com\/ube\/pintura-eletrostatica\/weg-poliester\/\" \/>\n<meta property=\"og:site_name\" content=\"Avenida Tintas\" \/>\n<meta property=\"article:publisher\" content=\"https:\/\/www.facebook.com\/Avenida-Distribuidora-de-Tintas-Revenda-autorizada-WEG-100369271992882\" \/>\n<meta property=\"article:modified_time\" content=\"2021-06-21T19:56:14+00:00\" \/>\n<meta name=\"twitter:label1\" content=\"Est. tempo de leitura\" \/>\n\t<meta name=\"twitter:data1\" content=\"4 minutos\" \/>\n<script type=\"application\/ld+json\" class=\"yoast-schema-graph\">{\"@context\":\"https:\\\/\\\/schema.org\",\"@graph\":[{\"@type\":\"WebPage\",\"@id\":\"https:\\\/\\\/avenidatintas.com\\\/ube\\\/pintura-eletrostatica\\\/weg-poliester\\\/\",\"url\":\"https:\\\/\\\/avenidatintas.com\\\/ube\\\/pintura-eletrostatica\\\/weg-poliester\\\/\",\"name\":\"weg poliester - Avenida Tintas\",\"isPartOf\":{\"@id\":\"https:\\\/\\\/avenidatintas.com\\\/ube\\\/#website\"},\"datePublished\":\"2017-07-18T17:06:33+00:00\",\"dateModified\":\"2021-06-21T19:56:14+00:00\",\"breadcrumb\":{\"@id\":\"https:\\\/\\\/avenidatintas.com\\\/ube\\\/pintura-eletrostatica\\\/weg-poliester\\\/#breadcrumb\"},\"inLanguage\":\"pt-BR\",\"potentialAction\":[{\"@type\":\"ReadAction\",\"target\":[\"https:\\\/\\\/avenidatintas.com\\\/ube\\\/pintura-eletrostatica\\\/weg-poliester\\\/\"]}]},{\"@type\":\"BreadcrumbList\",\"@id\":\"https:\\\/\\\/avenidatintas.com\\\/ube\\\/pintura-eletrostatica\\\/weg-poliester\\\/#breadcrumb\",\"itemListElement\":[{\"@type\":\"ListItem\",\"position\":1,\"name\":\"In\u00edcio\",\"item\":\"https:\\\/\\\/avenidatintas.com\\\/ube\\\/\"},{\"@type\":\"ListItem\",\"position\":2,\"name\":\"Pintura Eletrost\u00e1tica\",\"item\":\"https:\\\/\\\/avenidatintas.com\\\/ube\\\/pintura-eletrostatica\\\/\"},{\"@type\":\"ListItem\",\"position\":3,\"name\":\"weg poliester\"}]},{\"@type\":\"WebSite\",\"@id\":\"https:\\\/\\\/avenidatintas.com\\\/ube\\\/#website\",\"url\":\"https:\\\/\\\/avenidatintas.com\\\/ube\\\/\",\"name\":\"Avenida Tintas\",\"description\":\"Tintas para manuten\u00e7\u00e3o Industrial e Mar\u00edtima WEG; laborat\u00f3rio de prepara\u00e7\u00e3o de tintas\",\"potentialAction\":[{\"@type\":\"SearchAction\",\"target\":{\"@type\":\"EntryPoint\",\"urlTemplate\":\"https:\\\/\\\/avenidatintas.com\\\/ube\\\/?s={search_term_string}\"},\"query-input\":{\"@type\":\"PropertyValueSpecification\",\"valueRequired\":true,\"valueName\":\"search_term_string\"}}],\"inLanguage\":\"pt-BR\"}]}<\/script>\n<!-- \/ Yoast SEO plugin. -->","yoast_head_json":{"title":"weg poliester - Avenida Tintas","robots":{"index":"index","follow":"follow","max-snippet":"max-snippet:-1","max-image-preview":"max-image-preview:large","max-video-preview":"max-video-preview:-1"},"canonical":"https:\/\/avenidatintas.com\/ube\/pintura-eletrostatica\/weg-poliester\/","og_locale":"pt_BR","og_type":"article","og_title":"weg poliester - Avenida Tintas","og_description":"Pintura Eletrost\u00e1tica\u00a0- Poli\u00e9ster Caracter\u00edsticas A WEG oferece uma diversificada gama de tintas em p\u00f3, com base em tecnologia de ponta e adequadas \u00e0s exig\u00eancias e necessidades de cada cliente. Formuladas \u00e0 base de resinas poli\u00e9ster, com boa ader\u00eancia, flexibilidade e boa resist\u00eancia f\u00edsica e qu\u00edmica. Apresenta, \u00f3tima resist\u00eancia ao intemperismo e ao amarelamento. Aplica\u00e7\u00e3o: [&hellip;]","og_url":"https:\/\/avenidatintas.com\/ube\/pintura-eletrostatica\/weg-poliester\/","og_site_name":"Avenida Tintas","article_publisher":"https:\/\/www.facebook.com\/Avenida-Distribuidora-de-Tintas-Revenda-autorizada-WEG-100369271992882","article_modified_time":"2021-06-21T19:56:14+00:00","twitter_misc":{"Est. tempo de leitura":"4 minutos"},"schema":{"@context":"https:\/\/schema.org","@graph":[{"@type":"WebPage","@id":"https:\/\/avenidatintas.com\/ube\/pintura-eletrostatica\/weg-poliester\/","url":"https:\/\/avenidatintas.com\/ube\/pintura-eletrostatica\/weg-poliester\/","name":"weg poliester - Avenida Tintas","isPartOf":{"@id":"https:\/\/avenidatintas.com\/ube\/#website"},"datePublished":"2017-07-18T17:06:33+00:00","dateModified":"2021-06-21T19:56:14+00:00","breadcrumb":{"@id":"https:\/\/avenidatintas.com\/ube\/pintura-eletrostatica\/weg-poliester\/#breadcrumb"},"inLanguage":"pt-BR","potentialAction":[{"@type":"ReadAction","target":["https:\/\/avenidatintas.com\/ube\/pintura-eletrostatica\/weg-poliester\/"]}]},{"@type":"BreadcrumbList","@id":"https:\/\/avenidatintas.com\/ube\/pintura-eletrostatica\/weg-poliester\/#breadcrumb","itemListElement":[{"@type":"ListItem","position":1,"name":"In\u00edcio","item":"https:\/\/avenidatintas.com\/ube\/"},{"@type":"ListItem","position":2,"name":"Pintura Eletrost\u00e1tica","item":"https:\/\/avenidatintas.com\/ube\/pintura-eletrostatica\/"},{"@type":"ListItem","position":3,"name":"weg poliester"}]},{"@type":"WebSite","@id":"https:\/\/avenidatintas.com\/ube\/#website","url":"https:\/\/avenidatintas.com\/ube\/","name":"Avenida Tintas","description":"Tintas para manuten\u00e7\u00e3o Industrial e Mar\u00edtima WEG; laborat\u00f3rio de prepara\u00e7\u00e3o de tintas","potentialAction":[{"@type":"SearchAction","target":{"@type":"EntryPoint","urlTemplate":"https:\/\/avenidatintas.com\/ube\/?s={search_term_string}"},"query-input":{"@type":"PropertyValueSpecification","valueRequired":true,"valueName":"search_term_string"}}],"inLanguage":"pt-BR"}]}},"_links":{"self":[{"href":"https:\/\/avenidatintas.com\/ube\/wp-json\/wp\/v2\/pages\/549","targetHints":{"allow":["GET"]}}],"collection":[{"href":"https:\/\/avenidatintas.com\/ube\/wp-json\/wp\/v2\/pages"}],"about":[{"href":"https:\/\/avenidatintas.com\/ube\/wp-json\/wp\/v2\/types\/page"}],"author":[{"embeddable":true,"href":"https:\/\/avenidatintas.com\/ube\/wp-json\/wp\/v2\/users\/1"}],"replies":[{"embeddable":true,"href":"https:\/\/avenidatintas.com\/ube\/wp-json\/wp\/v2\/comments?post=549"}],"version-history":[{"count":7,"href":"https:\/\/avenidatintas.com\/ube\/wp-json\/wp\/v2\/pages\/549\/revisions"}],"predecessor-version":[{"id":593,"href":"https:\/\/avenidatintas.com\/ube\/wp-json\/wp\/v2\/pages\/549\/revisions\/593"}],"up":[{"embeddable":true,"href":"https:\/\/avenidatintas.com\/ube\/wp-json\/wp\/v2\/pages\/54"}],"wp:attachment":[{"href":"https:\/\/avenidatintas.com\/ube\/wp-json\/wp\/v2\/media?parent=549"}],"curies":[{"name":"wp","href":"https:\/\/api.w.org\/{rel}","templated":true}]}}