{"id":52,"date":"2017-07-08T13:01:18","date_gmt":"2017-07-08T13:01:18","guid":{"rendered":"https:\/\/avenidatintas.com\/?page_id=52"},"modified":"2017-07-18T13:55:29","modified_gmt":"2017-07-18T13:55:29","slug":"linha-industrial","status":"publish","type":"page","link":"https:\/\/avenidatintas.com\/ube\/linha-industrial\/","title":{"rendered":"Linha Industrial"},"content":{"rendered":"<p>[et_pb_section bb_built=&#8221;1&#8243; fullwidth=&#8221;on&#8221; specialty=&#8221;off&#8221; _builder_version=&#8221;3.0.62&#8243;][et_pb_fullwidth_menu _builder_version=&#8221;3.0.62&#8243; menu_id=&#8221;2&#8243; submenu_direction=&#8221;downwards&#8221; fullwidth_menu=&#8221;off&#8221; background_layout=&#8221;light&#8221; text_orientation=&#8221;left&#8221; dropdown_menu_animation=&#8221;fade&#8221; background_color=&#8221;#f8f8f8&#8243; active_link_color=&#8221;#ffffff&#8221; dropdown_menu_text_color=&#8221;#000000&#8243; mobile_menu_text_color=&#8221;#000000&#8243; menu_font=&#8221;Cuprum|on|||&#8221; menu_font_size=&#8221;17px&#8221; custom_css_menu_link=&#8221;hover color: #F2C582;&#8221; custom_css_active_menu_link=&#8221;color: #F2C582;||padding: 10px 10px 10px;||padding-bottom: 10px !important;||background: #EE2031;||border-radius: 6px 6px 6px 6px;&#8221; menu_text_color=&#8221;#000000&#8243; \/][\/et_pb_section][et_pb_section bb_built=&#8221;1&#8243;][et_pb_row][et_pb_column type=&#8221;4_4&#8243;][et_pb_text admin_label=&#8221;Tintas L\u00edquidas WEG&#8221; _builder_version=&#8221;3.0.62&#8243; background_layout=&#8221;light&#8221; text_orientation=&#8221;left&#8221; border_style=&#8221;solid&#8221;]<\/p>\n<h2><strong>Tintas L\u00edquidas WEG<\/strong><\/h2>\n<p style=\"text-align: justify;\">As tintas l\u00edquidas desenvolvidas pela WEG seguem tend\u00eancias mundiais, como as tintas com alto teor de s\u00f3lidos (LOW VOC), alta espessura, base d&#8217;\u00e1gua, tintas de secagem r\u00e1pida, isentas de metais pesados, al\u00e9m de atenderem as mais diversas aplica\u00e7\u00f5es e segmentos de mercado.<\/p>\n<p>[\/et_pb_text][\/et_pb_column][\/et_pb_row][et_pb_row][et_pb_column type=&#8221;1_3&#8243;][et_pb_blurb admin_label=&#8221;Industriais&#8221; _builder_version=&#8221;3.0.62&#8243; title=&#8221;Industriais&#8221; url_new_window=&#8221;off&#8221; use_icon=&#8221;off&#8221; use_circle=&#8221;off&#8221; use_circle_border=&#8221;off&#8221; icon_placement=&#8221;top&#8221; use_icon_font_size=&#8221;off&#8221; background_layout=&#8221;light&#8221; header_font=&#8221;|on|||&#8221; border_style=&#8221;solid&#8221; animation=&#8221;off&#8221; header_font_size=&#8221;20&#8243; text_orientation=&#8221;center&#8221; image=&#8221;https:\/\/avenidatintas.com\/ube\/wp-content\/uploads\/2017\/07\/tintas-industriaisc.jpg&#8221; url=&#8221;https:\/\/avenidatintas.com\/ube\/weg-tintas-industriais\/&#8221;]<\/p>\n<p style=\"text-align: justify;\"><strong>Segmentos de aplica\u00e7\u00e3o das tintas da linha ind\u00fastria:<\/strong> implementos rodovi\u00e1rios, implementos agr\u00edcolas, estruturas met\u00e1licas, m\u00e1quinas e equipamentos, demarca\u00e7\u00e3o vi\u00e1ria, siderurgia, metalurgia e fundi\u00e7\u00f5es.<\/p>\n<p>[\/et_pb_blurb][et_pb_blurb admin_label=&#8221;Madeira e Metal&#8221; _builder_version=&#8221;3.0.62&#8243; title=&#8221;Madeira e Metal&#8221; url_new_window=&#8221;off&#8221; use_icon=&#8221;off&#8221; use_circle=&#8221;off&#8221; use_circle_border=&#8221;off&#8221; icon_placement=&#8221;top&#8221; use_icon_font_size=&#8221;off&#8221; background_layout=&#8221;light&#8221; header_font=&#8221;|on|||&#8221; border_style=&#8221;solid&#8221; animation=&#8221;off&#8221; header_font_size=&#8221;20&#8243; text_orientation=&#8221;center&#8221; image=&#8221;https:\/\/avenidatintas.com\/ube\/wp-content\/uploads\/2017\/07\/esmalte-sintetico.jpg&#8221; url=&#8221;https:\/\/avenidatintas.com\/ube\/weg-madeira-metal\/&#8221;]<\/p>\n<p style=\"text-align: justify;\">O Esmalte Sint\u00e9tico Madeira e Metal \u00e9 indicado para estruturas e esquadrias, pintura e repintura em geral, pintura de galvanizado e alum\u00ednio (desde que com um promotor de ader\u00eancia).<\/p>\n<p>[\/et_pb_blurb][\/et_pb_column][et_pb_column type=&#8221;1_3&#8243;][et_pb_blurb admin_label=&#8221;Manuten\u00e7\u00e3o&#8221; _builder_version=&#8221;3.0.62&#8243; title=&#8221;Manuten\u00e7\u00e3o&#8221; url_new_window=&#8221;off&#8221; use_icon=&#8221;off&#8221; use_circle=&#8221;off&#8221; use_circle_border=&#8221;off&#8221; icon_placement=&#8221;top&#8221; use_icon_font_size=&#8221;off&#8221; background_layout=&#8221;light&#8221; header_font=&#8221;|on|||&#8221; border_style=&#8221;solid&#8221; animation=&#8221;off&#8221; header_font_size=&#8221;20&#8243; text_orientation=&#8221;center&#8221; image=&#8221;https:\/\/avenidatintas.com\/ube\/wp-content\/uploads\/2017\/07\/tintas-manutencao.jpg&#8221; url=&#8221;https:\/\/avenidatintas.com\/ube\/weg-manutencao\/&#8221;]<\/p>\n<p style=\"text-align: justify;\"><strong>Os segmentos atendidos pelas tintas de manuten\u00e7\u00e3o s\u00e3o diversos:<\/strong> a\u00e7\u00facar e \u00e1lcool, papel e celulose, ind\u00fastrias aliment\u00edcias, qu\u00edmica e petroqu\u00edmica, estruturas met\u00e1licas, m\u00e1quinas e equipamentos.<\/p>\n<p>[\/et_pb_blurb][et_pb_blurb admin_label=&#8221;Normas Petrobras&#8221; _builder_version=&#8221;3.0.62&#8243; title=&#8221;Normas Petrobras&#8221; url_new_window=&#8221;off&#8221; use_icon=&#8221;off&#8221; use_circle=&#8221;off&#8221; use_circle_border=&#8221;off&#8221; icon_placement=&#8221;top&#8221; use_icon_font_size=&#8221;off&#8221; background_layout=&#8221;light&#8221; header_font=&#8221;|on|||&#8221; border_style=&#8221;solid&#8221; animation=&#8221;off&#8221; header_font_size=&#8221;20&#8243; text_orientation=&#8221;center&#8221; image=&#8221;https:\/\/avenidatintas.com\/ube\/wp-content\/uploads\/2017\/07\/normas.jpg&#8221; url=&#8221;https:\/\/avenidatintas.com\/ube\/weg-normas-petrobras\/&#8221;]<\/p>\n<p style=\"text-align: justify;\">Alto desempenho para combater a corros\u00e3o de forma eficaz e duradoura em ambientes de baixa, m\u00e9dia ou alta agressividade. Constam no CRCC da Petrobras e foram aprovados no Master Vendor List.<\/p>\n<p>[\/et_pb_blurb][\/et_pb_column][et_pb_column type=&#8221;1_3&#8243;][et_pb_blurb admin_label=&#8221;Mar\u00edtima&#8221; _builder_version=&#8221;3.0.62&#8243; title=&#8221;Mar\u00edtima&#8221; url_new_window=&#8221;off&#8221; use_icon=&#8221;off&#8221; use_circle=&#8221;off&#8221; use_circle_border=&#8221;off&#8221; icon_placement=&#8221;top&#8221; use_icon_font_size=&#8221;off&#8221; background_layout=&#8221;light&#8221; header_font=&#8221;|on|||&#8221; border_style=&#8221;solid&#8221; animation=&#8221;off&#8221; header_font_size=&#8221;20&#8243; text_orientation=&#8221;center&#8221; image=&#8221;https:\/\/avenidatintas.com\/ube\/wp-content\/uploads\/2017\/07\/tintas-maritima.jpg&#8221; url=&#8221;https:\/\/avenidatintas.com\/ube\/weg-maritima\/&#8221;]<\/p>\n<p style=\"text-align: justify;\">Para pintura e conserva\u00e7\u00e3o de constru\u00e7\u00f5es novas, manuten\u00e7\u00e3o e reparos. Destaca-se o anti-incrustante WEG Ecoloflex SPC (100, 200 e 600), tecnologia patenteada pela Nippon Paint, e produzido pela WEG.<\/p>\n<p>[\/et_pb_blurb][\/et_pb_column][\/et_pb_row][\/et_pb_section]<\/p>\n","protected":false},"excerpt":{"rendered":"<p><div class=\"et_pb_row et_pb_row_0 et_pb_row_empty\">\n\t\t\t\t\n\t\t\t\t\n\t\t\t\t\n\t\t\t\t\n\t\t\t\t\n\t\t\t<\/div> Tintas L\u00edquidas WEG As tintas l\u00edquidas desenvolvidas pela WEG seguem tend\u00eancias mundiais, como as tintas com alto teor de s\u00f3lidos (LOW VOC), alta espessura, base d&#8217;\u00e1gua, tintas de secagem r\u00e1pida, isentas de metais pesados, al\u00e9m de atenderem as mais diversas aplica\u00e7\u00f5es e segmentos de mercado. <div class=\"et_pb_row et_pb_row_1 et_pb_row_empty\">\n\t\t\t\t\n\t\t\t\t\n\t\t\t\t\n\t\t\t\t\n\t\t\t\t\n\t\t\t<\/div> Segmentos de aplica\u00e7\u00e3o das tintas da linha ind\u00fastria: [&hellip;]<\/p>\n","protected":false},"author":1,"featured_media":0,"parent":0,"menu_order":0,"comment_status":"closed","ping_status":"closed","template":"","meta":{"_et_pb_use_builder":"on","_et_pb_old_content":"","_et_gb_content_width":"","footnotes":""},"class_list":["post-52","page","type-page","status-publish","hentry"],"yoast_head":"<!-- This site is optimized with the Yoast SEO plugin v27.3 - https:\/\/yoast.com\/product\/yoast-seo-wordpress\/ -->\n<title>Linha Industrial - Avenida Tintas<\/title>\n<meta name=\"robots\" content=\"index, follow, max-snippet:-1, max-image-preview:large, max-video-preview:-1\" \/>\n<link rel=\"canonical\" href=\"https:\/\/avenidatintas.com\/ube\/linha-industrial\/\" \/>\n<meta property=\"og:locale\" content=\"pt_BR\" \/>\n<meta property=\"og:type\" content=\"article\" \/>\n<meta property=\"og:title\" content=\"Linha Industrial - Avenida Tintas\" \/>\n<meta property=\"og:description\" content=\"Tintas L\u00edquidas WEG As tintas l\u00edquidas desenvolvidas pela WEG seguem tend\u00eancias mundiais, como as tintas com alto teor de s\u00f3lidos (LOW VOC), alta espessura, base d&#039;\u00e1gua, tintas de secagem r\u00e1pida, isentas de metais pesados, al\u00e9m de atenderem as mais diversas aplica\u00e7\u00f5es e segmentos de mercado. Segmentos de aplica\u00e7\u00e3o das tintas da linha ind\u00fastria: [&hellip;]\" \/>\n<meta property=\"og:url\" content=\"https:\/\/avenidatintas.com\/ube\/linha-industrial\/\" \/>\n<meta property=\"og:site_name\" content=\"Avenida Tintas\" \/>\n<meta property=\"article:publisher\" content=\"https:\/\/www.facebook.com\/Avenida-Distribuidora-de-Tintas-Revenda-autorizada-WEG-100369271992882\" \/>\n<meta property=\"article:modified_time\" content=\"2017-07-18T13:55:29+00:00\" \/>\n<meta name=\"twitter:label1\" content=\"Est. tempo de leitura\" \/>\n\t<meta name=\"twitter:data1\" content=\"4 minutos\" \/>\n<script type=\"application\/ld+json\" class=\"yoast-schema-graph\">{\"@context\":\"https:\\\/\\\/schema.org\",\"@graph\":[{\"@type\":\"WebPage\",\"@id\":\"https:\\\/\\\/avenidatintas.com\\\/ube\\\/linha-industrial\\\/\",\"url\":\"https:\\\/\\\/avenidatintas.com\\\/ube\\\/linha-industrial\\\/\",\"name\":\"Linha Industrial - Avenida Tintas\",\"isPartOf\":{\"@id\":\"https:\\\/\\\/avenidatintas.com\\\/ube\\\/#website\"},\"datePublished\":\"2017-07-08T13:01:18+00:00\",\"dateModified\":\"2017-07-18T13:55:29+00:00\",\"breadcrumb\":{\"@id\":\"https:\\\/\\\/avenidatintas.com\\\/ube\\\/linha-industrial\\\/#breadcrumb\"},\"inLanguage\":\"pt-BR\",\"potentialAction\":[{\"@type\":\"ReadAction\",\"target\":[\"https:\\\/\\\/avenidatintas.com\\\/ube\\\/linha-industrial\\\/\"]}]},{\"@type\":\"BreadcrumbList\",\"@id\":\"https:\\\/\\\/avenidatintas.com\\\/ube\\\/linha-industrial\\\/#breadcrumb\",\"itemListElement\":[{\"@type\":\"ListItem\",\"position\":1,\"name\":\"In\u00edcio\",\"item\":\"https:\\\/\\\/avenidatintas.com\\\/ube\\\/\"},{\"@type\":\"ListItem\",\"position\":2,\"name\":\"Linha Industrial\"}]},{\"@type\":\"WebSite\",\"@id\":\"https:\\\/\\\/avenidatintas.com\\\/ube\\\/#website\",\"url\":\"https:\\\/\\\/avenidatintas.com\\\/ube\\\/\",\"name\":\"Avenida Tintas\",\"description\":\"Tintas para manuten\u00e7\u00e3o Industrial e Mar\u00edtima WEG; laborat\u00f3rio de prepara\u00e7\u00e3o de tintas\",\"potentialAction\":[{\"@type\":\"SearchAction\",\"target\":{\"@type\":\"EntryPoint\",\"urlTemplate\":\"https:\\\/\\\/avenidatintas.com\\\/ube\\\/?s={search_term_string}\"},\"query-input\":{\"@type\":\"PropertyValueSpecification\",\"valueRequired\":true,\"valueName\":\"search_term_string\"}}],\"inLanguage\":\"pt-BR\"}]}<\/script>\n<!-- \/ Yoast SEO plugin. -->","yoast_head_json":{"title":"Linha Industrial - Avenida Tintas","robots":{"index":"index","follow":"follow","max-snippet":"max-snippet:-1","max-image-preview":"max-image-preview:large","max-video-preview":"max-video-preview:-1"},"canonical":"https:\/\/avenidatintas.com\/ube\/linha-industrial\/","og_locale":"pt_BR","og_type":"article","og_title":"Linha Industrial - Avenida Tintas","og_description":"Tintas L\u00edquidas WEG As tintas l\u00edquidas desenvolvidas pela WEG seguem tend\u00eancias mundiais, como as tintas com alto teor de s\u00f3lidos (LOW VOC), alta espessura, base d'\u00e1gua, tintas de secagem r\u00e1pida, isentas de metais pesados, al\u00e9m de atenderem as mais diversas aplica\u00e7\u00f5es e segmentos de mercado. Segmentos de aplica\u00e7\u00e3o das tintas da linha ind\u00fastria: [&hellip;]","og_url":"https:\/\/avenidatintas.com\/ube\/linha-industrial\/","og_site_name":"Avenida Tintas","article_publisher":"https:\/\/www.facebook.com\/Avenida-Distribuidora-de-Tintas-Revenda-autorizada-WEG-100369271992882","article_modified_time":"2017-07-18T13:55:29+00:00","twitter_misc":{"Est. tempo de leitura":"4 minutos"},"schema":{"@context":"https:\/\/schema.org","@graph":[{"@type":"WebPage","@id":"https:\/\/avenidatintas.com\/ube\/linha-industrial\/","url":"https:\/\/avenidatintas.com\/ube\/linha-industrial\/","name":"Linha Industrial - Avenida Tintas","isPartOf":{"@id":"https:\/\/avenidatintas.com\/ube\/#website"},"datePublished":"2017-07-08T13:01:18+00:00","dateModified":"2017-07-18T13:55:29+00:00","breadcrumb":{"@id":"https:\/\/avenidatintas.com\/ube\/linha-industrial\/#breadcrumb"},"inLanguage":"pt-BR","potentialAction":[{"@type":"ReadAction","target":["https:\/\/avenidatintas.com\/ube\/linha-industrial\/"]}]},{"@type":"BreadcrumbList","@id":"https:\/\/avenidatintas.com\/ube\/linha-industrial\/#breadcrumb","itemListElement":[{"@type":"ListItem","position":1,"name":"In\u00edcio","item":"https:\/\/avenidatintas.com\/ube\/"},{"@type":"ListItem","position":2,"name":"Linha Industrial"}]},{"@type":"WebSite","@id":"https:\/\/avenidatintas.com\/ube\/#website","url":"https:\/\/avenidatintas.com\/ube\/","name":"Avenida Tintas","description":"Tintas para manuten\u00e7\u00e3o Industrial e Mar\u00edtima WEG; laborat\u00f3rio de prepara\u00e7\u00e3o de tintas","potentialAction":[{"@type":"SearchAction","target":{"@type":"EntryPoint","urlTemplate":"https:\/\/avenidatintas.com\/ube\/?s={search_term_string}"},"query-input":{"@type":"PropertyValueSpecification","valueRequired":true,"valueName":"search_term_string"}}],"inLanguage":"pt-BR"}]}},"_links":{"self":[{"href":"https:\/\/avenidatintas.com\/ube\/wp-json\/wp\/v2\/pages\/52","targetHints":{"allow":["GET"]}}],"collection":[{"href":"https:\/\/avenidatintas.com\/ube\/wp-json\/wp\/v2\/pages"}],"about":[{"href":"https:\/\/avenidatintas.com\/ube\/wp-json\/wp\/v2\/types\/page"}],"author":[{"embeddable":true,"href":"https:\/\/avenidatintas.com\/ube\/wp-json\/wp\/v2\/users\/1"}],"replies":[{"embeddable":true,"href":"https:\/\/avenidatintas.com\/ube\/wp-json\/wp\/v2\/comments?post=52"}],"version-history":[{"count":24,"href":"https:\/\/avenidatintas.com\/ube\/wp-json\/wp\/v2\/pages\/52\/revisions"}],"predecessor-version":[{"id":450,"href":"https:\/\/avenidatintas.com\/ube\/wp-json\/wp\/v2\/pages\/52\/revisions\/450"}],"wp:attachment":[{"href":"https:\/\/avenidatintas.com\/ube\/wp-json\/wp\/v2\/media?parent=52"}],"curies":[{"name":"wp","href":"https:\/\/api.w.org\/{rel}","templated":true}]}}