{"id":1913,"date":"2021-10-01T10:59:51","date_gmt":"2021-10-01T13:59:51","guid":{"rendered":"https:\/\/avenidatintas.com\/?post_type=product&#038;p=1913"},"modified":"2021-10-01T10:59:52","modified_gmt":"2021-10-01T13:59:52","slug":"w-poxi-rva-piso-e-estrutura","status":"publish","type":"product","link":"https:\/\/avenidatintas.com\/stz\/produto\/w-poxi-rva-piso-e-estrutura\/","title":{"rendered":"W- POXI RVA PISO E ESTRUTURA"},"content":{"rendered":"<p>DESCRI\u00c7\u00c3O DO PRODUTO: Tinta de acabamento ep\u00f3xi para estrutura met\u00e1lica e pisos.<br \/>\nEsta tinta dever\u00e1 ser aplicada sobre o selador W-POXI CVS 301 ou outro primer recomendado pelo departamento t\u00e9cnico.<\/p>\n","protected":false},"excerpt":{"rendered":"<p>RECOMENDA\u00c7\u00d5ES DE USO: Recomendado para a pintura de pisos comerciais de tr\u00e1fego leve (pessoas) e estrutura em geral.<\/p>\n","protected":false},"featured_media":382,"template":"","meta":{"_et_pb_use_builder":"","_et_pb_old_content":"","_et_gb_content_width":""},"product_brand":[],"product_cat":[197,21,17],"product_tag":[149,133,154,161,138,45],"class_list":{"0":"post-1913","1":"product","2":"type-product","3":"status-publish","4":"has-post-thumbnail","6":"product_cat-epoxi-industriais","7":"product_cat-industriais","8":"product_cat-tintas-liquidas","9":"product_tag-bicomponente","10":"product_tag-epoxi","11":"product_tag-estruturas-metalicas","12":"product_tag-pisos-industriais","13":"product_tag-tinta-epoxi","14":"product_tag-weg","16":"first","17":"instock","18":"shipping-taxable","19":"purchasable","20":"product-type-variable"},"yoast_head":"<!-- This site is optimized with the Yoast SEO plugin v27.4 - https:\/\/yoast.com\/product\/yoast-seo-wordpress\/ -->\n<title>W- POXI RVA PISO E ESTRUTURA - Avenida Tintas, Sert\u00e3ozinho - SP<\/title>\n<meta name=\"description\" content=\"DESCRI\u00c7\u00c3O DO PRODUTO: Tinta de acabamento ep\u00f3xi para estrutura met\u00e1lica e pisos.Produto exclusivo para comercializa\u00e7\u00e3o via revenda.RECOMENDA\u00c7\u00d5ES DE USO: Recomendado para a pintura de pisos comerciais de tr\u00e1fego leve (pessoas) e estrutura em geral.\" \/>\n<meta name=\"robots\" content=\"index, follow, max-snippet:-1, max-image-preview:large, max-video-preview:-1\" \/>\n<link rel=\"canonical\" href=\"https:\/\/avenidatintas.com\/stz\/produto\/w-poxi-rva-piso-e-estrutura\/\" \/>\n<meta property=\"og:locale\" content=\"pt_BR\" \/>\n<meta property=\"og:type\" content=\"article\" \/>\n<meta property=\"og:title\" content=\"W- POXI RVA PISO E ESTRUTURA - Avenida Tintas, Sert\u00e3ozinho - SP\" \/>\n<meta property=\"og:description\" content=\"DESCRI\u00c7\u00c3O DO PRODUTO: Tinta de acabamento ep\u00f3xi para estrutura met\u00e1lica e pisos.Produto exclusivo para comercializa\u00e7\u00e3o via revenda.RECOMENDA\u00c7\u00d5ES DE USO: Recomendado para a pintura de pisos comerciais de tr\u00e1fego leve (pessoas) e estrutura em geral.\" \/>\n<meta property=\"og:url\" content=\"https:\/\/avenidatintas.com\/stz\/produto\/w-poxi-rva-piso-e-estrutura\/\" \/>\n<meta property=\"og:site_name\" content=\"Avenida Tintas, Sert\u00e3ozinho - SP\" \/>\n<meta property=\"article:publisher\" content=\"https:\/\/www.facebook.com\/Avenida-Distribuidora-de-Tintas-Revenda-autorizada-WEG-100369271992882\" \/>\n<meta property=\"article:modified_time\" content=\"2021-10-01T13:59:52+00:00\" \/>\n<meta property=\"og:image\" content=\"https:\/\/avenidatintas.com\/stz\/wp-content\/uploads\/2017\/07\/prod-complementares.jpg\" \/>\n\t<meta property=\"og:image:width\" content=\"377\" \/>\n\t<meta property=\"og:image:height\" content=\"290\" \/>\n\t<meta property=\"og:image:type\" content=\"image\/jpeg\" \/>\n<script type=\"application\/ld+json\" class=\"yoast-schema-graph\">{\"@context\":\"https:\\\/\\\/schema.org\",\"@graph\":[{\"@type\":\"WebPage\",\"@id\":\"https:\\\/\\\/avenidatintas.com\\\/stz\\\/produto\\\/w-poxi-rva-piso-e-estrutura\\\/\",\"url\":\"https:\\\/\\\/avenidatintas.com\\\/stz\\\/produto\\\/w-poxi-rva-piso-e-estrutura\\\/\",\"name\":\"W- POXI RVA PISO E ESTRUTURA - Avenida Tintas, Sert\u00e3ozinho - SP\",\"isPartOf\":{\"@id\":\"https:\\\/\\\/avenidatintas.com\\\/stz\\\/#website\"},\"primaryImageOfPage\":{\"@id\":\"https:\\\/\\\/avenidatintas.com\\\/stz\\\/produto\\\/w-poxi-rva-piso-e-estrutura\\\/#primaryimage\"},\"image\":{\"@id\":\"https:\\\/\\\/avenidatintas.com\\\/stz\\\/produto\\\/w-poxi-rva-piso-e-estrutura\\\/#primaryimage\"},\"thumbnailUrl\":\"https:\\\/\\\/avenidatintas.com\\\/stz\\\/wp-content\\\/uploads\\\/2017\\\/07\\\/prod-complementares.jpg\",\"datePublished\":\"2021-10-01T13:59:51+00:00\",\"dateModified\":\"2021-10-01T13:59:52+00:00\",\"description\":\"DESCRI\u00c7\u00c3O DO PRODUTO: Tinta de acabamento ep\u00f3xi para estrutura met\u00e1lica e pisos.Produto exclusivo para comercializa\u00e7\u00e3o via revenda.RECOMENDA\u00c7\u00d5ES DE USO: Recomendado para a pintura de pisos comerciais de tr\u00e1fego leve (pessoas) e estrutura em geral.\",\"breadcrumb\":{\"@id\":\"https:\\\/\\\/avenidatintas.com\\\/stz\\\/produto\\\/w-poxi-rva-piso-e-estrutura\\\/#breadcrumb\"},\"inLanguage\":\"pt-BR\",\"potentialAction\":[{\"@type\":\"ReadAction\",\"target\":[\"https:\\\/\\\/avenidatintas.com\\\/stz\\\/produto\\\/w-poxi-rva-piso-e-estrutura\\\/\"]}]},{\"@type\":\"ImageObject\",\"inLanguage\":\"pt-BR\",\"@id\":\"https:\\\/\\\/avenidatintas.com\\\/stz\\\/produto\\\/w-poxi-rva-piso-e-estrutura\\\/#primaryimage\",\"url\":\"https:\\\/\\\/avenidatintas.com\\\/stz\\\/wp-content\\\/uploads\\\/2017\\\/07\\\/prod-complementares.jpg\",\"contentUrl\":\"https:\\\/\\\/avenidatintas.com\\\/stz\\\/wp-content\\\/uploads\\\/2017\\\/07\\\/prod-complementares.jpg\",\"width\":377,\"height\":290},{\"@type\":\"BreadcrumbList\",\"@id\":\"https:\\\/\\\/avenidatintas.com\\\/stz\\\/produto\\\/w-poxi-rva-piso-e-estrutura\\\/#breadcrumb\",\"itemListElement\":[{\"@type\":\"ListItem\",\"position\":1,\"name\":\"In\u00edcio\",\"item\":\"https:\\\/\\\/avenidatintas.com\\\/stz\\\/\"},{\"@type\":\"ListItem\",\"position\":2,\"name\":\"Produtos\",\"item\":\"https:\\\/\\\/avenidatintas.com\\\/stz\\\/loja\\\/\"},{\"@type\":\"ListItem\",\"position\":3,\"name\":\"W- POXI RVA PISO E ESTRUTURA\"}]},{\"@type\":\"WebSite\",\"@id\":\"https:\\\/\\\/avenidatintas.com\\\/stz\\\/#website\",\"url\":\"https:\\\/\\\/avenidatintas.com\\\/stz\\\/\",\"name\":\"Avenida Tintas, Sert\u00e3ozinho - SP\",\"description\":\"Tintas para manuten\u00e7\u00e3o Industrial e Mar\u00edtima WEG; laborat\u00f3rio de prepara\u00e7\u00e3o de tintas\",\"publisher\":{\"@id\":\"https:\\\/\\\/avenidatintas.com\\\/stz\\\/#organization\"},\"potentialAction\":[{\"@type\":\"SearchAction\",\"target\":{\"@type\":\"EntryPoint\",\"urlTemplate\":\"https:\\\/\\\/avenidatintas.com\\\/stz\\\/?s={search_term_string}\"},\"query-input\":{\"@type\":\"PropertyValueSpecification\",\"valueRequired\":true,\"valueName\":\"search_term_string\"}}],\"inLanguage\":\"pt-BR\"},{\"@type\":\"Organization\",\"@id\":\"https:\\\/\\\/avenidatintas.com\\\/stz\\\/#organization\",\"name\":\"Avenida Tintas, Sert\u00e3ozinho - SP\",\"url\":\"https:\\\/\\\/avenidatintas.com\\\/stz\\\/\",\"logo\":{\"@type\":\"ImageObject\",\"inLanguage\":\"pt-BR\",\"@id\":\"https:\\\/\\\/avenidatintas.com\\\/stz\\\/#\\\/schema\\\/logo\\\/image\\\/\",\"url\":\"https:\\\/\\\/avenidatintas.com\\\/stz\\\/wp-content\\\/uploads\\\/2021\\\/06\\\/logo-avenida-tintasG2.jpg\",\"contentUrl\":\"https:\\\/\\\/avenidatintas.com\\\/stz\\\/wp-content\\\/uploads\\\/2021\\\/06\\\/logo-avenida-tintasG2.jpg\",\"width\":640,\"height\":105,\"caption\":\"Avenida Tintas, Sert\u00e3ozinho - SP\"},\"image\":{\"@id\":\"https:\\\/\\\/avenidatintas.com\\\/stz\\\/#\\\/schema\\\/logo\\\/image\\\/\"},\"sameAs\":[\"https:\\\/\\\/www.facebook.com\\\/Avenida-Distribuidora-de-Tintas-Revenda-autorizada-WEG-100369271992882\",\"https:\\\/\\\/www.instagram.com\\\/wegavenida\\\/\"]}]}<\/script>\n<!-- \/ Yoast SEO plugin. -->","yoast_head_json":{"title":"W- POXI RVA PISO E ESTRUTURA - Avenida Tintas, Sert\u00e3ozinho - SP","description":"DESCRI\u00c7\u00c3O DO PRODUTO: Tinta de acabamento ep\u00f3xi para estrutura met\u00e1lica e pisos.Produto exclusivo para comercializa\u00e7\u00e3o via revenda.RECOMENDA\u00c7\u00d5ES DE USO: Recomendado para a pintura de pisos comerciais de tr\u00e1fego leve (pessoas) e estrutura em geral.","robots":{"index":"index","follow":"follow","max-snippet":"max-snippet:-1","max-image-preview":"max-image-preview:large","max-video-preview":"max-video-preview:-1"},"canonical":"https:\/\/avenidatintas.com\/stz\/produto\/w-poxi-rva-piso-e-estrutura\/","og_locale":"pt_BR","og_type":"article","og_title":"W- POXI RVA PISO E ESTRUTURA - Avenida Tintas, Sert\u00e3ozinho - SP","og_description":"DESCRI\u00c7\u00c3O DO PRODUTO: Tinta de acabamento ep\u00f3xi para estrutura met\u00e1lica e pisos.Produto exclusivo para comercializa\u00e7\u00e3o via revenda.RECOMENDA\u00c7\u00d5ES DE USO: Recomendado para a pintura de pisos comerciais de tr\u00e1fego leve (pessoas) e estrutura em geral.","og_url":"https:\/\/avenidatintas.com\/stz\/produto\/w-poxi-rva-piso-e-estrutura\/","og_site_name":"Avenida Tintas, Sert\u00e3ozinho - SP","article_publisher":"https:\/\/www.facebook.com\/Avenida-Distribuidora-de-Tintas-Revenda-autorizada-WEG-100369271992882","article_modified_time":"2021-10-01T13:59:52+00:00","og_image":[{"width":377,"height":290,"url":"https:\/\/avenidatintas.com\/stz\/wp-content\/uploads\/2017\/07\/prod-complementares.jpg","type":"image\/jpeg"}],"schema":{"@context":"https:\/\/schema.org","@graph":[{"@type":"WebPage","@id":"https:\/\/avenidatintas.com\/stz\/produto\/w-poxi-rva-piso-e-estrutura\/","url":"https:\/\/avenidatintas.com\/stz\/produto\/w-poxi-rva-piso-e-estrutura\/","name":"W- POXI RVA PISO E ESTRUTURA - Avenida Tintas, Sert\u00e3ozinho - SP","isPartOf":{"@id":"https:\/\/avenidatintas.com\/stz\/#website"},"primaryImageOfPage":{"@id":"https:\/\/avenidatintas.com\/stz\/produto\/w-poxi-rva-piso-e-estrutura\/#primaryimage"},"image":{"@id":"https:\/\/avenidatintas.com\/stz\/produto\/w-poxi-rva-piso-e-estrutura\/#primaryimage"},"thumbnailUrl":"https:\/\/avenidatintas.com\/stz\/wp-content\/uploads\/2017\/07\/prod-complementares.jpg","datePublished":"2021-10-01T13:59:51+00:00","dateModified":"2021-10-01T13:59:52+00:00","description":"DESCRI\u00c7\u00c3O DO PRODUTO: Tinta de acabamento ep\u00f3xi para estrutura met\u00e1lica e pisos.Produto exclusivo para comercializa\u00e7\u00e3o via revenda.RECOMENDA\u00c7\u00d5ES DE USO: Recomendado para a pintura de pisos comerciais de tr\u00e1fego leve (pessoas) e estrutura em geral.","breadcrumb":{"@id":"https:\/\/avenidatintas.com\/stz\/produto\/w-poxi-rva-piso-e-estrutura\/#breadcrumb"},"inLanguage":"pt-BR","potentialAction":[{"@type":"ReadAction","target":["https:\/\/avenidatintas.com\/stz\/produto\/w-poxi-rva-piso-e-estrutura\/"]}]},{"@type":"ImageObject","inLanguage":"pt-BR","@id":"https:\/\/avenidatintas.com\/stz\/produto\/w-poxi-rva-piso-e-estrutura\/#primaryimage","url":"https:\/\/avenidatintas.com\/stz\/wp-content\/uploads\/2017\/07\/prod-complementares.jpg","contentUrl":"https:\/\/avenidatintas.com\/stz\/wp-content\/uploads\/2017\/07\/prod-complementares.jpg","width":377,"height":290},{"@type":"BreadcrumbList","@id":"https:\/\/avenidatintas.com\/stz\/produto\/w-poxi-rva-piso-e-estrutura\/#breadcrumb","itemListElement":[{"@type":"ListItem","position":1,"name":"In\u00edcio","item":"https:\/\/avenidatintas.com\/stz\/"},{"@type":"ListItem","position":2,"name":"Produtos","item":"https:\/\/avenidatintas.com\/stz\/loja\/"},{"@type":"ListItem","position":3,"name":"W- POXI RVA PISO E ESTRUTURA"}]},{"@type":"WebSite","@id":"https:\/\/avenidatintas.com\/stz\/#website","url":"https:\/\/avenidatintas.com\/stz\/","name":"Avenida Tintas, Sert\u00e3ozinho - SP","description":"Tintas para manuten\u00e7\u00e3o Industrial e Mar\u00edtima WEG; laborat\u00f3rio de prepara\u00e7\u00e3o de tintas","publisher":{"@id":"https:\/\/avenidatintas.com\/stz\/#organization"},"potentialAction":[{"@type":"SearchAction","target":{"@type":"EntryPoint","urlTemplate":"https:\/\/avenidatintas.com\/stz\/?s={search_term_string}"},"query-input":{"@type":"PropertyValueSpecification","valueRequired":true,"valueName":"search_term_string"}}],"inLanguage":"pt-BR"},{"@type":"Organization","@id":"https:\/\/avenidatintas.com\/stz\/#organization","name":"Avenida Tintas, Sert\u00e3ozinho - SP","url":"https:\/\/avenidatintas.com\/stz\/","logo":{"@type":"ImageObject","inLanguage":"pt-BR","@id":"https:\/\/avenidatintas.com\/stz\/#\/schema\/logo\/image\/","url":"https:\/\/avenidatintas.com\/stz\/wp-content\/uploads\/2021\/06\/logo-avenida-tintasG2.jpg","contentUrl":"https:\/\/avenidatintas.com\/stz\/wp-content\/uploads\/2021\/06\/logo-avenida-tintasG2.jpg","width":640,"height":105,"caption":"Avenida Tintas, Sert\u00e3ozinho - SP"},"image":{"@id":"https:\/\/avenidatintas.com\/stz\/#\/schema\/logo\/image\/"},"sameAs":["https:\/\/www.facebook.com\/Avenida-Distribuidora-de-Tintas-Revenda-autorizada-WEG-100369271992882","https:\/\/www.instagram.com\/wegavenida\/"]}]}},"_links":{"self":[{"href":"https:\/\/avenidatintas.com\/stz\/wp-json\/wp\/v2\/product\/1913","targetHints":{"allow":["GET"]}}],"collection":[{"href":"https:\/\/avenidatintas.com\/stz\/wp-json\/wp\/v2\/product"}],"about":[{"href":"https:\/\/avenidatintas.com\/stz\/wp-json\/wp\/v2\/types\/product"}],"wp:featuredmedia":[{"embeddable":true,"href":"https:\/\/avenidatintas.com\/stz\/wp-json\/wp\/v2\/media\/382"}],"wp:attachment":[{"href":"https:\/\/avenidatintas.com\/stz\/wp-json\/wp\/v2\/media?parent=1913"}],"wp:term":[{"taxonomy":"product_brand","embeddable":true,"href":"https:\/\/avenidatintas.com\/stz\/wp-json\/wp\/v2\/product_brand?post=1913"},{"taxonomy":"product_cat","embeddable":true,"href":"https:\/\/avenidatintas.com\/stz\/wp-json\/wp\/v2\/product_cat?post=1913"},{"taxonomy":"product_tag","embeddable":true,"href":"https:\/\/avenidatintas.com\/stz\/wp-json\/wp\/v2\/product_tag?post=1913"}],"curies":[{"name":"wp","href":"https:\/\/api.w.org\/{rel}","templated":true}]}}