{"id":1733,"date":"2021-09-13T11:39:15","date_gmt":"2021-09-13T14:39:15","guid":{"rendered":"https:\/\/avenidatintas.com\/?post_type=product&#038;p=1733"},"modified":"2021-09-14T09:31:52","modified_gmt":"2021-09-14T12:31:52","slug":"w-poxi-verniz-hss-301","status":"publish","type":"product","link":"https:\/\/avenidatintas.com\/sjc\/produto\/w-poxi-verniz-hss-301\/","title":{"rendered":"W-POXI VERNIZ HSS 301"},"content":{"rendered":"<p>DESCRI\u00c7\u00c3O DO PRODUTO:<br \/>\nVerniz ep\u00f3xi modificado bicomponente sem solvente. Verniz selante para opromover ader\u00eancia em superf\u00edcies de concreto, cimento amianto, alvenaria, azulejos e madeira, assim como diminuir a absor\u00e7\u00e3o excessiva ou irregular do acabamento quando aplicado sobre substratos porosos.<\/p>\n","protected":false},"excerpt":{"rendered":"<p>USOS RECOMENDADOS:<br \/>\nIndicado como verniz de impregna\u00e7\u00e3o e selagem da superf\u00edcie e oferece uma base de ader\u00eancia ao sistema de pintura espec\u00edfico. Normalmente \u00e9 utilizado na pintura de pisos, tanques de concreto, paredes, colunas estruturais entre outros. Para tornar uma superf\u00edcie pintada mais lisa e brilhante, recomenda-se aplica\u00e7\u00e3o em duas dem\u00e3os.<\/p>\n","protected":false},"featured_media":1073,"template":"","meta":{"_et_pb_use_builder":"","_et_pb_old_content":"","_et_gb_content_width":""},"product_brand":[],"product_cat":[197,21,17,19],"product_tag":[193,230,149,192,164,194,161,191,229,231,138,205,45],"class_list":{"0":"post-1733","1":"product","2":"type-product","3":"status-publish","4":"has-post-thumbnail","6":"product_cat-epoxi-industriais","7":"product_cat-industriais","8":"product_cat-tintas-liquidas","9":"product_cat-vernizes","10":"product_tag-alvenaria","11":"product_tag-azulejo","12":"product_tag-bicomponente","13":"product_tag-cimento-amianto","14":"product_tag-concreto","15":"product_tag-madeira","16":"product_tag-pisos-industriais","17":"product_tag-selante","18":"product_tag-sem-solvente","19":"product_tag-tanques-de-concreto","20":"product_tag-tinta-epoxi","21":"product_tag-verniz","22":"product_tag-weg","24":"first","25":"instock","26":"featured","27":"shipping-taxable","28":"purchasable","29":"product-type-variable"},"yoast_head":"<!-- This site is optimized with the Yoast SEO plugin v27.4 - https:\/\/yoast.com\/product\/yoast-seo-wordpress\/ -->\n<title>W-POXI VERNIZ HSS 301 - Avenida Tintas, S\u00e3o Jos\u00e9 dos Campos, S\u00e3o Paulo\/SP e regi\u00e3o,<\/title>\n<meta name=\"description\" content=\"DESCRI\u00c7\u00c3O DO PRODUTO:Verniz ep\u00f3xi modificado bicomponente sem solvente. Verniz selante para opromover ader\u00eancia em superf\u00edcies de concreto, cimento amianto, alvenaria, azulejos e madeira, assim como diminuir a absor\u00e7\u00e3o excessiva ou irregular do acabamento quando aplicado sobre substratos porosos.USOS RECOMENDADOS:Indicado como verniz de impregna\u00e7\u00e3o e selagem da superf\u00edcie e oferece uma base de ader\u00eancia ao sistema de pintura espec\u00edfico. Normalmente \u00e9 utilizado na pintura de pisos, tanques de concreto, paredes, colunas estruturais entre outros. Para tornar uma superf\u00edcie pintada mais lisa e brilhante, recomenda-se aplica\u00e7\u00e3o em duas dem\u00e3os.\" \/>\n<meta name=\"robots\" content=\"index, follow, max-snippet:-1, max-image-preview:large, max-video-preview:-1\" \/>\n<link rel=\"canonical\" href=\"https:\/\/avenidatintas.com\/sjc\/produto\/w-poxi-verniz-hss-301\/\" \/>\n<meta property=\"og:locale\" content=\"pt_BR\" \/>\n<meta property=\"og:type\" content=\"article\" \/>\n<meta property=\"og:title\" content=\"W-POXI VERNIZ HSS 301 - Avenida Tintas, S\u00e3o Jos\u00e9 dos Campos, S\u00e3o Paulo\/SP e regi\u00e3o,\" \/>\n<meta property=\"og:description\" content=\"DESCRI\u00c7\u00c3O DO PRODUTO:Verniz ep\u00f3xi modificado bicomponente sem solvente. Verniz selante para opromover ader\u00eancia em superf\u00edcies de concreto, cimento amianto, alvenaria, azulejos e madeira, assim como diminuir a absor\u00e7\u00e3o excessiva ou irregular do acabamento quando aplicado sobre substratos porosos.USOS RECOMENDADOS:Indicado como verniz de impregna\u00e7\u00e3o e selagem da superf\u00edcie e oferece uma base de ader\u00eancia ao sistema de pintura espec\u00edfico. Normalmente \u00e9 utilizado na pintura de pisos, tanques de concreto, paredes, colunas estruturais entre outros. Para tornar uma superf\u00edcie pintada mais lisa e brilhante, recomenda-se aplica\u00e7\u00e3o em duas dem\u00e3os.\" \/>\n<meta property=\"og:url\" content=\"https:\/\/avenidatintas.com\/sjc\/produto\/w-poxi-verniz-hss-301\/\" \/>\n<meta property=\"og:site_name\" content=\"Avenida Tintas, S\u00e3o Jos\u00e9 dos Campos, S\u00e3o Paulo\/SP e regi\u00e3o,\" \/>\n<meta property=\"article:publisher\" content=\"https:\/\/www.facebook.com\/Avenida-Distribuidora-de-Tintas-Revenda-autorizada-WEG-100369271992882\" \/>\n<meta property=\"article:modified_time\" content=\"2021-09-14T12:31:52+00:00\" \/>\n<meta property=\"og:image\" content=\"https:\/\/avenidatintas.com\/sjc\/wp-content\/uploads\/2021\/06\/weg-vernizes.jpg\" \/>\n\t<meta property=\"og:image:width\" content=\"600\" \/>\n\t<meta property=\"og:image:height\" content=\"460\" \/>\n\t<meta property=\"og:image:type\" content=\"image\/jpeg\" \/>\n<script type=\"application\/ld+json\" class=\"yoast-schema-graph\">{\"@context\":\"https:\\\/\\\/schema.org\",\"@graph\":[{\"@type\":\"WebPage\",\"@id\":\"https:\\\/\\\/avenidatintas.com\\\/sjc\\\/produto\\\/w-poxi-verniz-hss-301\\\/\",\"url\":\"https:\\\/\\\/avenidatintas.com\\\/sjc\\\/produto\\\/w-poxi-verniz-hss-301\\\/\",\"name\":\"W-POXI VERNIZ HSS 301 - Avenida Tintas, S\u00e3o Jos\u00e9 dos Campos, S\u00e3o Paulo\\\/SP e regi\u00e3o,\",\"isPartOf\":{\"@id\":\"https:\\\/\\\/avenidatintas.com\\\/sjc\\\/#website\"},\"primaryImageOfPage\":{\"@id\":\"https:\\\/\\\/avenidatintas.com\\\/sjc\\\/produto\\\/w-poxi-verniz-hss-301\\\/#primaryimage\"},\"image\":{\"@id\":\"https:\\\/\\\/avenidatintas.com\\\/sjc\\\/produto\\\/w-poxi-verniz-hss-301\\\/#primaryimage\"},\"thumbnailUrl\":\"https:\\\/\\\/avenidatintas.com\\\/sjc\\\/wp-content\\\/uploads\\\/2021\\\/06\\\/weg-vernizes.jpg\",\"datePublished\":\"2021-09-13T14:39:15+00:00\",\"dateModified\":\"2021-09-14T12:31:52+00:00\",\"description\":\"DESCRI\u00c7\u00c3O DO PRODUTO:Verniz ep\u00f3xi modificado bicomponente sem solvente. Verniz selante para opromover ader\u00eancia em superf\u00edcies de concreto, cimento amianto, alvenaria, azulejos e madeira, assim como diminuir a absor\u00e7\u00e3o excessiva ou irregular do acabamento quando aplicado sobre substratos porosos.USOS RECOMENDADOS:Indicado como verniz de impregna\u00e7\u00e3o e selagem da superf\u00edcie e oferece uma base de ader\u00eancia ao sistema de pintura espec\u00edfico. Normalmente \u00e9 utilizado na pintura de pisos, tanques de concreto, paredes, colunas estruturais entre outros. Para tornar uma superf\u00edcie pintada mais lisa e brilhante, recomenda-se aplica\u00e7\u00e3o em duas dem\u00e3os.\",\"breadcrumb\":{\"@id\":\"https:\\\/\\\/avenidatintas.com\\\/sjc\\\/produto\\\/w-poxi-verniz-hss-301\\\/#breadcrumb\"},\"inLanguage\":\"pt-BR\",\"potentialAction\":[{\"@type\":\"ReadAction\",\"target\":[\"https:\\\/\\\/avenidatintas.com\\\/sjc\\\/produto\\\/w-poxi-verniz-hss-301\\\/\"]}]},{\"@type\":\"ImageObject\",\"inLanguage\":\"pt-BR\",\"@id\":\"https:\\\/\\\/avenidatintas.com\\\/sjc\\\/produto\\\/w-poxi-verniz-hss-301\\\/#primaryimage\",\"url\":\"https:\\\/\\\/avenidatintas.com\\\/sjc\\\/wp-content\\\/uploads\\\/2021\\\/06\\\/weg-vernizes.jpg\",\"contentUrl\":\"https:\\\/\\\/avenidatintas.com\\\/sjc\\\/wp-content\\\/uploads\\\/2021\\\/06\\\/weg-vernizes.jpg\",\"width\":600,\"height\":460},{\"@type\":\"BreadcrumbList\",\"@id\":\"https:\\\/\\\/avenidatintas.com\\\/sjc\\\/produto\\\/w-poxi-verniz-hss-301\\\/#breadcrumb\",\"itemListElement\":[{\"@type\":\"ListItem\",\"position\":1,\"name\":\"In\u00edcio\",\"item\":\"https:\\\/\\\/avenidatintas.com\\\/sjc\\\/\"},{\"@type\":\"ListItem\",\"position\":2,\"name\":\"Produtos\",\"item\":\"https:\\\/\\\/avenidatintas.com\\\/sjc\\\/loja\\\/\"},{\"@type\":\"ListItem\",\"position\":3,\"name\":\"W-POXI VERNIZ HSS 301\"}]},{\"@type\":\"WebSite\",\"@id\":\"https:\\\/\\\/avenidatintas.com\\\/sjc\\\/#website\",\"url\":\"https:\\\/\\\/avenidatintas.com\\\/sjc\\\/\",\"name\":\"Avenida Tintas, S\u00e3o Jos\u00e9 dos Campos, S\u00e3o Paulo\\\/SP e regi\u00e3o,\",\"description\":\"Tintas para manuten\u00e7\u00e3o Industrial e Mar\u00edtima WEG; laborat\u00f3rio de prepara\u00e7\u00e3o de tintas\",\"publisher\":{\"@id\":\"https:\\\/\\\/avenidatintas.com\\\/sjc\\\/#organization\"},\"potentialAction\":[{\"@type\":\"SearchAction\",\"target\":{\"@type\":\"EntryPoint\",\"urlTemplate\":\"https:\\\/\\\/avenidatintas.com\\\/sjc\\\/?s={search_term_string}\"},\"query-input\":{\"@type\":\"PropertyValueSpecification\",\"valueRequired\":true,\"valueName\":\"search_term_string\"}}],\"inLanguage\":\"pt-BR\"},{\"@type\":\"Organization\",\"@id\":\"https:\\\/\\\/avenidatintas.com\\\/sjc\\\/#organization\",\"name\":\"Avenida Tintas, S\u00e3o Jos\u00e9 dos Campos, S\u00e3o Paulo\\\/SP e regi\u00e3o,\",\"url\":\"https:\\\/\\\/avenidatintas.com\\\/sjc\\\/\",\"logo\":{\"@type\":\"ImageObject\",\"inLanguage\":\"pt-BR\",\"@id\":\"https:\\\/\\\/avenidatintas.com\\\/sjc\\\/#\\\/schema\\\/logo\\\/image\\\/\",\"url\":\"https:\\\/\\\/avenidatintas.com\\\/sjc\\\/wp-content\\\/uploads\\\/2021\\\/06\\\/logo-avenida-tintasG2.jpg\",\"contentUrl\":\"https:\\\/\\\/avenidatintas.com\\\/sjc\\\/wp-content\\\/uploads\\\/2021\\\/06\\\/logo-avenida-tintasG2.jpg\",\"width\":640,\"height\":105,\"caption\":\"Avenida Tintas, S\u00e3o Jos\u00e9 dos Campos, S\u00e3o Paulo\\\/SP e regi\u00e3o,\"},\"image\":{\"@id\":\"https:\\\/\\\/avenidatintas.com\\\/sjc\\\/#\\\/schema\\\/logo\\\/image\\\/\"},\"sameAs\":[\"https:\\\/\\\/www.facebook.com\\\/Avenida-Distribuidora-de-Tintas-Revenda-autorizada-WEG-100369271992882\",\"https:\\\/\\\/www.instagram.com\\\/wegavenida\\\/\"]}]}<\/script>\n<!-- \/ Yoast SEO plugin. -->","yoast_head_json":{"title":"W-POXI VERNIZ HSS 301 - Avenida Tintas, S\u00e3o Jos\u00e9 dos Campos, S\u00e3o Paulo\/SP e regi\u00e3o,","description":"DESCRI\u00c7\u00c3O DO PRODUTO:Verniz ep\u00f3xi modificado bicomponente sem solvente. Verniz selante para opromover ader\u00eancia em superf\u00edcies de concreto, cimento amianto, alvenaria, azulejos e madeira, assim como diminuir a absor\u00e7\u00e3o excessiva ou irregular do acabamento quando aplicado sobre substratos porosos.USOS RECOMENDADOS:Indicado como verniz de impregna\u00e7\u00e3o e selagem da superf\u00edcie e oferece uma base de ader\u00eancia ao sistema de pintura espec\u00edfico. Normalmente \u00e9 utilizado na pintura de pisos, tanques de concreto, paredes, colunas estruturais entre outros. Para tornar uma superf\u00edcie pintada mais lisa e brilhante, recomenda-se aplica\u00e7\u00e3o em duas dem\u00e3os.","robots":{"index":"index","follow":"follow","max-snippet":"max-snippet:-1","max-image-preview":"max-image-preview:large","max-video-preview":"max-video-preview:-1"},"canonical":"https:\/\/avenidatintas.com\/sjc\/produto\/w-poxi-verniz-hss-301\/","og_locale":"pt_BR","og_type":"article","og_title":"W-POXI VERNIZ HSS 301 - Avenida Tintas, S\u00e3o Jos\u00e9 dos Campos, S\u00e3o Paulo\/SP e regi\u00e3o,","og_description":"DESCRI\u00c7\u00c3O DO PRODUTO:Verniz ep\u00f3xi modificado bicomponente sem solvente. Verniz selante para opromover ader\u00eancia em superf\u00edcies de concreto, cimento amianto, alvenaria, azulejos e madeira, assim como diminuir a absor\u00e7\u00e3o excessiva ou irregular do acabamento quando aplicado sobre substratos porosos.USOS RECOMENDADOS:Indicado como verniz de impregna\u00e7\u00e3o e selagem da superf\u00edcie e oferece uma base de ader\u00eancia ao sistema de pintura espec\u00edfico. Normalmente \u00e9 utilizado na pintura de pisos, tanques de concreto, paredes, colunas estruturais entre outros. Para tornar uma superf\u00edcie pintada mais lisa e brilhante, recomenda-se aplica\u00e7\u00e3o em duas dem\u00e3os.","og_url":"https:\/\/avenidatintas.com\/sjc\/produto\/w-poxi-verniz-hss-301\/","og_site_name":"Avenida Tintas, S\u00e3o Jos\u00e9 dos Campos, S\u00e3o Paulo\/SP e regi\u00e3o,","article_publisher":"https:\/\/www.facebook.com\/Avenida-Distribuidora-de-Tintas-Revenda-autorizada-WEG-100369271992882","article_modified_time":"2021-09-14T12:31:52+00:00","og_image":[{"width":600,"height":460,"url":"https:\/\/avenidatintas.com\/sjc\/wp-content\/uploads\/2021\/06\/weg-vernizes.jpg","type":"image\/jpeg"}],"schema":{"@context":"https:\/\/schema.org","@graph":[{"@type":"WebPage","@id":"https:\/\/avenidatintas.com\/sjc\/produto\/w-poxi-verniz-hss-301\/","url":"https:\/\/avenidatintas.com\/sjc\/produto\/w-poxi-verniz-hss-301\/","name":"W-POXI VERNIZ HSS 301 - Avenida Tintas, S\u00e3o Jos\u00e9 dos Campos, S\u00e3o Paulo\/SP e regi\u00e3o,","isPartOf":{"@id":"https:\/\/avenidatintas.com\/sjc\/#website"},"primaryImageOfPage":{"@id":"https:\/\/avenidatintas.com\/sjc\/produto\/w-poxi-verniz-hss-301\/#primaryimage"},"image":{"@id":"https:\/\/avenidatintas.com\/sjc\/produto\/w-poxi-verniz-hss-301\/#primaryimage"},"thumbnailUrl":"https:\/\/avenidatintas.com\/sjc\/wp-content\/uploads\/2021\/06\/weg-vernizes.jpg","datePublished":"2021-09-13T14:39:15+00:00","dateModified":"2021-09-14T12:31:52+00:00","description":"DESCRI\u00c7\u00c3O DO PRODUTO:Verniz ep\u00f3xi modificado bicomponente sem solvente. Verniz selante para opromover ader\u00eancia em superf\u00edcies de concreto, cimento amianto, alvenaria, azulejos e madeira, assim como diminuir a absor\u00e7\u00e3o excessiva ou irregular do acabamento quando aplicado sobre substratos porosos.USOS RECOMENDADOS:Indicado como verniz de impregna\u00e7\u00e3o e selagem da superf\u00edcie e oferece uma base de ader\u00eancia ao sistema de pintura espec\u00edfico. Normalmente \u00e9 utilizado na pintura de pisos, tanques de concreto, paredes, colunas estruturais entre outros. Para tornar uma superf\u00edcie pintada mais lisa e brilhante, recomenda-se aplica\u00e7\u00e3o em duas dem\u00e3os.","breadcrumb":{"@id":"https:\/\/avenidatintas.com\/sjc\/produto\/w-poxi-verniz-hss-301\/#breadcrumb"},"inLanguage":"pt-BR","potentialAction":[{"@type":"ReadAction","target":["https:\/\/avenidatintas.com\/sjc\/produto\/w-poxi-verniz-hss-301\/"]}]},{"@type":"ImageObject","inLanguage":"pt-BR","@id":"https:\/\/avenidatintas.com\/sjc\/produto\/w-poxi-verniz-hss-301\/#primaryimage","url":"https:\/\/avenidatintas.com\/sjc\/wp-content\/uploads\/2021\/06\/weg-vernizes.jpg","contentUrl":"https:\/\/avenidatintas.com\/sjc\/wp-content\/uploads\/2021\/06\/weg-vernizes.jpg","width":600,"height":460},{"@type":"BreadcrumbList","@id":"https:\/\/avenidatintas.com\/sjc\/produto\/w-poxi-verniz-hss-301\/#breadcrumb","itemListElement":[{"@type":"ListItem","position":1,"name":"In\u00edcio","item":"https:\/\/avenidatintas.com\/sjc\/"},{"@type":"ListItem","position":2,"name":"Produtos","item":"https:\/\/avenidatintas.com\/sjc\/loja\/"},{"@type":"ListItem","position":3,"name":"W-POXI VERNIZ HSS 301"}]},{"@type":"WebSite","@id":"https:\/\/avenidatintas.com\/sjc\/#website","url":"https:\/\/avenidatintas.com\/sjc\/","name":"Avenida Tintas, S\u00e3o Jos\u00e9 dos Campos, S\u00e3o Paulo\/SP e regi\u00e3o,","description":"Tintas para manuten\u00e7\u00e3o Industrial e Mar\u00edtima WEG; laborat\u00f3rio de prepara\u00e7\u00e3o de tintas","publisher":{"@id":"https:\/\/avenidatintas.com\/sjc\/#organization"},"potentialAction":[{"@type":"SearchAction","target":{"@type":"EntryPoint","urlTemplate":"https:\/\/avenidatintas.com\/sjc\/?s={search_term_string}"},"query-input":{"@type":"PropertyValueSpecification","valueRequired":true,"valueName":"search_term_string"}}],"inLanguage":"pt-BR"},{"@type":"Organization","@id":"https:\/\/avenidatintas.com\/sjc\/#organization","name":"Avenida Tintas, S\u00e3o Jos\u00e9 dos Campos, S\u00e3o Paulo\/SP e regi\u00e3o,","url":"https:\/\/avenidatintas.com\/sjc\/","logo":{"@type":"ImageObject","inLanguage":"pt-BR","@id":"https:\/\/avenidatintas.com\/sjc\/#\/schema\/logo\/image\/","url":"https:\/\/avenidatintas.com\/sjc\/wp-content\/uploads\/2021\/06\/logo-avenida-tintasG2.jpg","contentUrl":"https:\/\/avenidatintas.com\/sjc\/wp-content\/uploads\/2021\/06\/logo-avenida-tintasG2.jpg","width":640,"height":105,"caption":"Avenida Tintas, S\u00e3o Jos\u00e9 dos Campos, S\u00e3o Paulo\/SP e regi\u00e3o,"},"image":{"@id":"https:\/\/avenidatintas.com\/sjc\/#\/schema\/logo\/image\/"},"sameAs":["https:\/\/www.facebook.com\/Avenida-Distribuidora-de-Tintas-Revenda-autorizada-WEG-100369271992882","https:\/\/www.instagram.com\/wegavenida\/"]}]}},"_links":{"self":[{"href":"https:\/\/avenidatintas.com\/sjc\/wp-json\/wp\/v2\/product\/1733","targetHints":{"allow":["GET"]}}],"collection":[{"href":"https:\/\/avenidatintas.com\/sjc\/wp-json\/wp\/v2\/product"}],"about":[{"href":"https:\/\/avenidatintas.com\/sjc\/wp-json\/wp\/v2\/types\/product"}],"wp:featuredmedia":[{"embeddable":true,"href":"https:\/\/avenidatintas.com\/sjc\/wp-json\/wp\/v2\/media\/1073"}],"wp:attachment":[{"href":"https:\/\/avenidatintas.com\/sjc\/wp-json\/wp\/v2\/media?parent=1733"}],"wp:term":[{"taxonomy":"product_brand","embeddable":true,"href":"https:\/\/avenidatintas.com\/sjc\/wp-json\/wp\/v2\/product_brand?post=1733"},{"taxonomy":"product_cat","embeddable":true,"href":"https:\/\/avenidatintas.com\/sjc\/wp-json\/wp\/v2\/product_cat?post=1733"},{"taxonomy":"product_tag","embeddable":true,"href":"https:\/\/avenidatintas.com\/sjc\/wp-json\/wp\/v2\/product_tag?post=1733"}],"curies":[{"name":"wp","href":"https:\/\/api.w.org\/{rel}","templated":true}]}}