{"id":1980,"date":"2021-10-01T14:03:57","date_gmt":"2021-10-01T17:03:57","guid":{"rendered":"https:\/\/avenidatintas.com\/?post_type=product&#038;p=1980"},"modified":"2021-10-01T14:04:36","modified_gmt":"2021-10-01T17:04:36","slug":"stardur-hb-hs-470","status":"publish","type":"product","link":"https:\/\/avenidatintas.com\/jundiai\/produto\/stardur-hb-hs-470\/","title":{"rendered":"STARDUR HB\/HS 470"},"content":{"rendered":"<p>DESCRI\u00c7\u00c3O DO PRODUTO:<br \/>\nTinta de acabamento poliuretano acr\u00edlico alif\u00e1tico bicomponente, de altos s\u00f3lidos por volume e alto rendimento. Possui excelente reten\u00e7\u00e3o de cor e brilho, flexibilidade e dureza.<\/p>\n","protected":false},"excerpt":{"rendered":"<p>USOS RECOMENDADOS:<br \/>\nRecomendado para pintura de transformadores, radiadores, refinarias, ind\u00fastria qu\u00edmica e petroqu\u00edmica, f\u00e1brica de papel e celulose, maquinas e equipamentos industriais. Recomendado para ambientes de m\u00e9dia e alta agressividade.<\/p>\n","protected":false},"featured_media":882,"template":"","meta":{"_et_pb_use_builder":"","_et_pb_old_content":"","_et_gb_content_width":""},"product_brand":[],"product_cat":[21,199,17],"product_tag":[196,296,324,305,223,241,328,156,213,322,323,160,45],"class_list":{"0":"post-1980","1":"product","2":"type-product","3":"status-publish","4":"has-post-thumbnail","6":"product_cat-industriais","7":"product_cat-poliuretano-pu","8":"product_cat-tintas-liquidas","9":"product_tag-acabamento","10":"product_tag-alto-solido","11":"product_tag-baixa-e-media-agressividade","12":"product_tag-dureza-superficial","13":"product_tag-equipamentos","14":"product_tag-industria-petroquimica","15":"product_tag-industria-quimica","16":"product_tag-maquinas","17":"product_tag-poliuretano","18":"product_tag-radiador","19":"product_tag-refinaria","20":"product_tag-transformador","21":"product_tag-weg","23":"first","24":"instock","25":"shipping-taxable","26":"purchasable","27":"product-type-variable"},"yoast_head":"<!-- This site is optimized with the Yoast SEO plugin v27.3 - https:\/\/yoast.com\/product\/yoast-seo-wordpress\/ -->\n<title>STARDUR HB\/HS 470 - Avenida Tintas<\/title>\n<meta name=\"description\" content=\"DESCRI\u00c7\u00c3O DO PRODUTO:Tinta de acabamento poliuretano acr\u00edlico alif\u00e1tico bicomponente, de altos s\u00f3lidos por volume e alto rendimento. Possui excelente reten\u00e7\u00e3o de cor e brilho, flexibilidade e dureza.USOS RECOMENDADOS:Recomendado para pintura de transformadores, radiadores, refinarias, ind\u00fastria qu\u00edmica e petroqu\u00edmica, f\u00e1brica de papel e celulose, maquinas e equipamentos industriais. Recomendado para ambientes de m\u00e9dia e alta agressividade.\" \/>\n<meta name=\"robots\" content=\"index, follow, max-snippet:-1, max-image-preview:large, max-video-preview:-1\" \/>\n<link rel=\"canonical\" href=\"https:\/\/avenidatintas.com\/jundiai\/produto\/stardur-hb-hs-470\/\" \/>\n<meta property=\"og:locale\" content=\"pt_BR\" \/>\n<meta property=\"og:type\" content=\"article\" \/>\n<meta property=\"og:title\" content=\"STARDUR HB\/HS 470 - Avenida Tintas\" \/>\n<meta property=\"og:description\" content=\"DESCRI\u00c7\u00c3O DO PRODUTO:Tinta de acabamento poliuretano acr\u00edlico alif\u00e1tico bicomponente, de altos s\u00f3lidos por volume e alto rendimento. Possui excelente reten\u00e7\u00e3o de cor e brilho, flexibilidade e dureza.USOS RECOMENDADOS:Recomendado para pintura de transformadores, radiadores, refinarias, ind\u00fastria qu\u00edmica e petroqu\u00edmica, f\u00e1brica de papel e celulose, maquinas e equipamentos industriais. Recomendado para ambientes de m\u00e9dia e alta agressividade.\" \/>\n<meta property=\"og:url\" content=\"https:\/\/avenidatintas.com\/jundiai\/produto\/stardur-hb-hs-470\/\" \/>\n<meta property=\"og:site_name\" content=\"Avenida Tintas\" \/>\n<meta property=\"article:publisher\" content=\"https:\/\/www.facebook.com\/Avenida-Distribuidora-de-Tintas-Revenda-autorizada-WEG-100369271992882\" \/>\n<meta property=\"article:modified_time\" content=\"2021-10-01T17:04:36+00:00\" \/>\n<meta property=\"og:image\" content=\"https:\/\/avenidatintas.com\/jundiai\/wp-content\/uploads\/2021\/06\/diluentes.jpg\" \/>\n\t<meta property=\"og:image:width\" content=\"600\" \/>\n\t<meta property=\"og:image:height\" content=\"600\" \/>\n\t<meta property=\"og:image:type\" content=\"image\/jpeg\" \/>\n<script type=\"application\/ld+json\" class=\"yoast-schema-graph\">{\"@context\":\"https:\\\/\\\/schema.org\",\"@graph\":[{\"@type\":\"WebPage\",\"@id\":\"https:\\\/\\\/avenidatintas.com\\\/jundiai\\\/produto\\\/stardur-hb-hs-470\\\/\",\"url\":\"https:\\\/\\\/avenidatintas.com\\\/jundiai\\\/produto\\\/stardur-hb-hs-470\\\/\",\"name\":\"STARDUR HB\\\/HS 470 - Avenida Tintas\",\"isPartOf\":{\"@id\":\"https:\\\/\\\/avenidatintas.com\\\/jundiai\\\/#website\"},\"primaryImageOfPage\":{\"@id\":\"https:\\\/\\\/avenidatintas.com\\\/jundiai\\\/produto\\\/stardur-hb-hs-470\\\/#primaryimage\"},\"image\":{\"@id\":\"https:\\\/\\\/avenidatintas.com\\\/jundiai\\\/produto\\\/stardur-hb-hs-470\\\/#primaryimage\"},\"thumbnailUrl\":\"https:\\\/\\\/avenidatintas.com\\\/jundiai\\\/wp-content\\\/uploads\\\/2021\\\/06\\\/diluentes.jpg\",\"datePublished\":\"2021-10-01T17:03:57+00:00\",\"dateModified\":\"2021-10-01T17:04:36+00:00\",\"description\":\"DESCRI\u00c7\u00c3O DO PRODUTO:Tinta de acabamento poliuretano acr\u00edlico alif\u00e1tico bicomponente, de altos s\u00f3lidos por volume e alto rendimento. Possui excelente reten\u00e7\u00e3o de cor e brilho, flexibilidade e dureza.USOS RECOMENDADOS:Recomendado para pintura de transformadores, radiadores, refinarias, ind\u00fastria qu\u00edmica e petroqu\u00edmica, f\u00e1brica de papel e celulose, maquinas e equipamentos industriais. Recomendado para ambientes de m\u00e9dia e alta agressividade.\",\"breadcrumb\":{\"@id\":\"https:\\\/\\\/avenidatintas.com\\\/jundiai\\\/produto\\\/stardur-hb-hs-470\\\/#breadcrumb\"},\"inLanguage\":\"pt-BR\",\"potentialAction\":[{\"@type\":\"ReadAction\",\"target\":[\"https:\\\/\\\/avenidatintas.com\\\/jundiai\\\/produto\\\/stardur-hb-hs-470\\\/\"]}]},{\"@type\":\"ImageObject\",\"inLanguage\":\"pt-BR\",\"@id\":\"https:\\\/\\\/avenidatintas.com\\\/jundiai\\\/produto\\\/stardur-hb-hs-470\\\/#primaryimage\",\"url\":\"https:\\\/\\\/avenidatintas.com\\\/jundiai\\\/wp-content\\\/uploads\\\/2021\\\/06\\\/diluentes.jpg\",\"contentUrl\":\"https:\\\/\\\/avenidatintas.com\\\/jundiai\\\/wp-content\\\/uploads\\\/2021\\\/06\\\/diluentes.jpg\",\"width\":600,\"height\":600},{\"@type\":\"BreadcrumbList\",\"@id\":\"https:\\\/\\\/avenidatintas.com\\\/jundiai\\\/produto\\\/stardur-hb-hs-470\\\/#breadcrumb\",\"itemListElement\":[{\"@type\":\"ListItem\",\"position\":1,\"name\":\"In\u00edcio\",\"item\":\"https:\\\/\\\/avenidatintas.com\\\/jundiai\\\/\"},{\"@type\":\"ListItem\",\"position\":2,\"name\":\"Produtos\",\"item\":\"https:\\\/\\\/avenidatintas.com\\\/jundiai\\\/loja\\\/\"},{\"@type\":\"ListItem\",\"position\":3,\"name\":\"STARDUR HB\\\/HS 470\"}]},{\"@type\":\"WebSite\",\"@id\":\"https:\\\/\\\/avenidatintas.com\\\/jundiai\\\/#website\",\"url\":\"https:\\\/\\\/avenidatintas.com\\\/jundiai\\\/\",\"name\":\"Avenida Tintas em Jundia\u00ed\",\"description\":\"Tintas para manuten\u00e7\u00e3o Industrial e Mar\u00edtima WEG; laborat\u00f3rio de prepara\u00e7\u00e3o de tintas\",\"publisher\":{\"@id\":\"https:\\\/\\\/avenidatintas.com\\\/jundiai\\\/#organization\"},\"potentialAction\":[{\"@type\":\"SearchAction\",\"target\":{\"@type\":\"EntryPoint\",\"urlTemplate\":\"https:\\\/\\\/avenidatintas.com\\\/jundiai\\\/?s={search_term_string}\"},\"query-input\":{\"@type\":\"PropertyValueSpecification\",\"valueRequired\":true,\"valueName\":\"search_term_string\"}}],\"inLanguage\":\"pt-BR\"},{\"@type\":\"Organization\",\"@id\":\"https:\\\/\\\/avenidatintas.com\\\/jundiai\\\/#organization\",\"name\":\"Avenida Tintas\",\"url\":\"https:\\\/\\\/avenidatintas.com\\\/jundiai\\\/\",\"logo\":{\"@type\":\"ImageObject\",\"inLanguage\":\"pt-BR\",\"@id\":\"https:\\\/\\\/avenidatintas.com\\\/jundiai\\\/#\\\/schema\\\/logo\\\/image\\\/\",\"url\":\"https:\\\/\\\/avenidatintas.com\\\/jundiai\\\/wp-content\\\/uploads\\\/2021\\\/06\\\/logo-avenida-tintasG2.jpg\",\"contentUrl\":\"https:\\\/\\\/avenidatintas.com\\\/jundiai\\\/wp-content\\\/uploads\\\/2021\\\/06\\\/logo-avenida-tintasG2.jpg\",\"width\":640,\"height\":105,\"caption\":\"Avenida Tintas\"},\"image\":{\"@id\":\"https:\\\/\\\/avenidatintas.com\\\/jundiai\\\/#\\\/schema\\\/logo\\\/image\\\/\"},\"sameAs\":[\"https:\\\/\\\/www.facebook.com\\\/Avenida-Distribuidora-de-Tintas-Revenda-autorizada-WEG-100369271992882\",\"https:\\\/\\\/www.instagram.com\\\/wegavenida\\\/\"]}]}<\/script>\n<!-- \/ Yoast SEO plugin. -->","yoast_head_json":{"title":"STARDUR HB\/HS 470 - Avenida Tintas","description":"DESCRI\u00c7\u00c3O DO PRODUTO:Tinta de acabamento poliuretano acr\u00edlico alif\u00e1tico bicomponente, de altos s\u00f3lidos por volume e alto rendimento. Possui excelente reten\u00e7\u00e3o de cor e brilho, flexibilidade e dureza.USOS RECOMENDADOS:Recomendado para pintura de transformadores, radiadores, refinarias, ind\u00fastria qu\u00edmica e petroqu\u00edmica, f\u00e1brica de papel e celulose, maquinas e equipamentos industriais. Recomendado para ambientes de m\u00e9dia e alta agressividade.","robots":{"index":"index","follow":"follow","max-snippet":"max-snippet:-1","max-image-preview":"max-image-preview:large","max-video-preview":"max-video-preview:-1"},"canonical":"https:\/\/avenidatintas.com\/jundiai\/produto\/stardur-hb-hs-470\/","og_locale":"pt_BR","og_type":"article","og_title":"STARDUR HB\/HS 470 - Avenida Tintas","og_description":"DESCRI\u00c7\u00c3O DO PRODUTO:Tinta de acabamento poliuretano acr\u00edlico alif\u00e1tico bicomponente, de altos s\u00f3lidos por volume e alto rendimento. Possui excelente reten\u00e7\u00e3o de cor e brilho, flexibilidade e dureza.USOS RECOMENDADOS:Recomendado para pintura de transformadores, radiadores, refinarias, ind\u00fastria qu\u00edmica e petroqu\u00edmica, f\u00e1brica de papel e celulose, maquinas e equipamentos industriais. Recomendado para ambientes de m\u00e9dia e alta agressividade.","og_url":"https:\/\/avenidatintas.com\/jundiai\/produto\/stardur-hb-hs-470\/","og_site_name":"Avenida Tintas","article_publisher":"https:\/\/www.facebook.com\/Avenida-Distribuidora-de-Tintas-Revenda-autorizada-WEG-100369271992882","article_modified_time":"2021-10-01T17:04:36+00:00","og_image":[{"width":600,"height":600,"url":"https:\/\/avenidatintas.com\/jundiai\/wp-content\/uploads\/2021\/06\/diluentes.jpg","type":"image\/jpeg"}],"schema":{"@context":"https:\/\/schema.org","@graph":[{"@type":"WebPage","@id":"https:\/\/avenidatintas.com\/jundiai\/produto\/stardur-hb-hs-470\/","url":"https:\/\/avenidatintas.com\/jundiai\/produto\/stardur-hb-hs-470\/","name":"STARDUR HB\/HS 470 - Avenida Tintas","isPartOf":{"@id":"https:\/\/avenidatintas.com\/jundiai\/#website"},"primaryImageOfPage":{"@id":"https:\/\/avenidatintas.com\/jundiai\/produto\/stardur-hb-hs-470\/#primaryimage"},"image":{"@id":"https:\/\/avenidatintas.com\/jundiai\/produto\/stardur-hb-hs-470\/#primaryimage"},"thumbnailUrl":"https:\/\/avenidatintas.com\/jundiai\/wp-content\/uploads\/2021\/06\/diluentes.jpg","datePublished":"2021-10-01T17:03:57+00:00","dateModified":"2021-10-01T17:04:36+00:00","description":"DESCRI\u00c7\u00c3O DO PRODUTO:Tinta de acabamento poliuretano acr\u00edlico alif\u00e1tico bicomponente, de altos s\u00f3lidos por volume e alto rendimento. Possui excelente reten\u00e7\u00e3o de cor e brilho, flexibilidade e dureza.USOS RECOMENDADOS:Recomendado para pintura de transformadores, radiadores, refinarias, ind\u00fastria qu\u00edmica e petroqu\u00edmica, f\u00e1brica de papel e celulose, maquinas e equipamentos industriais. Recomendado para ambientes de m\u00e9dia e alta agressividade.","breadcrumb":{"@id":"https:\/\/avenidatintas.com\/jundiai\/produto\/stardur-hb-hs-470\/#breadcrumb"},"inLanguage":"pt-BR","potentialAction":[{"@type":"ReadAction","target":["https:\/\/avenidatintas.com\/jundiai\/produto\/stardur-hb-hs-470\/"]}]},{"@type":"ImageObject","inLanguage":"pt-BR","@id":"https:\/\/avenidatintas.com\/jundiai\/produto\/stardur-hb-hs-470\/#primaryimage","url":"https:\/\/avenidatintas.com\/jundiai\/wp-content\/uploads\/2021\/06\/diluentes.jpg","contentUrl":"https:\/\/avenidatintas.com\/jundiai\/wp-content\/uploads\/2021\/06\/diluentes.jpg","width":600,"height":600},{"@type":"BreadcrumbList","@id":"https:\/\/avenidatintas.com\/jundiai\/produto\/stardur-hb-hs-470\/#breadcrumb","itemListElement":[{"@type":"ListItem","position":1,"name":"In\u00edcio","item":"https:\/\/avenidatintas.com\/jundiai\/"},{"@type":"ListItem","position":2,"name":"Produtos","item":"https:\/\/avenidatintas.com\/jundiai\/loja\/"},{"@type":"ListItem","position":3,"name":"STARDUR HB\/HS 470"}]},{"@type":"WebSite","@id":"https:\/\/avenidatintas.com\/jundiai\/#website","url":"https:\/\/avenidatintas.com\/jundiai\/","name":"Avenida Tintas em Jundia\u00ed","description":"Tintas para manuten\u00e7\u00e3o Industrial e Mar\u00edtima WEG; laborat\u00f3rio de prepara\u00e7\u00e3o de tintas","publisher":{"@id":"https:\/\/avenidatintas.com\/jundiai\/#organization"},"potentialAction":[{"@type":"SearchAction","target":{"@type":"EntryPoint","urlTemplate":"https:\/\/avenidatintas.com\/jundiai\/?s={search_term_string}"},"query-input":{"@type":"PropertyValueSpecification","valueRequired":true,"valueName":"search_term_string"}}],"inLanguage":"pt-BR"},{"@type":"Organization","@id":"https:\/\/avenidatintas.com\/jundiai\/#organization","name":"Avenida Tintas","url":"https:\/\/avenidatintas.com\/jundiai\/","logo":{"@type":"ImageObject","inLanguage":"pt-BR","@id":"https:\/\/avenidatintas.com\/jundiai\/#\/schema\/logo\/image\/","url":"https:\/\/avenidatintas.com\/jundiai\/wp-content\/uploads\/2021\/06\/logo-avenida-tintasG2.jpg","contentUrl":"https:\/\/avenidatintas.com\/jundiai\/wp-content\/uploads\/2021\/06\/logo-avenida-tintasG2.jpg","width":640,"height":105,"caption":"Avenida Tintas"},"image":{"@id":"https:\/\/avenidatintas.com\/jundiai\/#\/schema\/logo\/image\/"},"sameAs":["https:\/\/www.facebook.com\/Avenida-Distribuidora-de-Tintas-Revenda-autorizada-WEG-100369271992882","https:\/\/www.instagram.com\/wegavenida\/"]}]}},"_links":{"self":[{"href":"https:\/\/avenidatintas.com\/jundiai\/wp-json\/wp\/v2\/product\/1980","targetHints":{"allow":["GET"]}}],"collection":[{"href":"https:\/\/avenidatintas.com\/jundiai\/wp-json\/wp\/v2\/product"}],"about":[{"href":"https:\/\/avenidatintas.com\/jundiai\/wp-json\/wp\/v2\/types\/product"}],"wp:featuredmedia":[{"embeddable":true,"href":"https:\/\/avenidatintas.com\/jundiai\/wp-json\/wp\/v2\/media\/882"}],"wp:attachment":[{"href":"https:\/\/avenidatintas.com\/jundiai\/wp-json\/wp\/v2\/media?parent=1980"}],"wp:term":[{"taxonomy":"product_brand","embeddable":true,"href":"https:\/\/avenidatintas.com\/jundiai\/wp-json\/wp\/v2\/product_brand?post=1980"},{"taxonomy":"product_cat","embeddable":true,"href":"https:\/\/avenidatintas.com\/jundiai\/wp-json\/wp\/v2\/product_cat?post=1980"},{"taxonomy":"product_tag","embeddable":true,"href":"https:\/\/avenidatintas.com\/jundiai\/wp-json\/wp\/v2\/product_tag?post=1980"}],"curies":[{"name":"wp","href":"https:\/\/api.w.org\/{rel}","templated":true}]}}